{"id":389068,"date":"2024-12-11T22:14:49","date_gmt":"2024-12-11T22:14:49","guid":{"rendered":"https:\/\/staging2.lancologne.de\/?page_id=389068"},"modified":"2024-12-11T22:15:22","modified_gmt":"2024-12-11T22:15:22","slug":"compelson","status":"publish","type":"page","link":"https:\/\/lancologne.de\/da\/compelson\/","title":{"rendered":"Compelson"},"content":{"rendered":"<p>[et_pb_section fb_built=&#8220;1&#8243; fullwidth=&#8220;on&#8220; _builder_version=&#8220;4.27.2&#8243; _module_preset=&#8220;default&#8220; global_colors_info=&#8220;{}&#8220; theme_builder_area=&#8220;post_content&#8220;][et_pb_fullwidth_image src=&#8220;https:\/\/lancologne.de\/wp-content\/uploads\/2023\/07\/kv-compelson-1.jpg&#8220; title_text=&#8220;kv-compelson&#8220; _builder_version=&#8220;4.27.2&#8243; _module_preset=&#8220;default&#8220; global_colors_info=&#8220;{}&#8220; theme_builder_area=&#8220;post_content&#8220;][\/et_pb_fullwidth_image][\/et_pb_section][et_pb_section fb_built=&#8220;1&#8243; _builder_version=&#8220;4.27.2&#8243; _module_preset=&#8220;default&#8220; global_colors_info=&#8220;{}&#8220; theme_builder_area=&#8220;post_content&#8220;][et_pb_row _builder_version=&#8220;4.27.2&#8243; _module_preset=&#8220;be4a10c7-4874-4401-a0ce-d8518fdeb799&#8243; global_colors_info=&#8220;{}&#8220; theme_builder_area=&#8220;post_content&#8220;][et_pb_column type=&#8220;4_4&#8243; _builder_version=&#8220;4.27.2&#8243; _module_preset=&#8220;default&#8220; pac_dcm_carousel_specific_module_num=&#8220;0&#8243; global_colors_info=&#8220;{}&#8220; theme_builder_area=&#8220;post_content&#8220;][et_pb_text _builder_version=&#8220;4.27.2&#8243; _module_preset=&#8220;default&#8220; text_text_color=&#8220;#FFFFFF&#8220; text_font_size=&#8220;45px&#8220; header_text_align=&#8220;center&#8220; header_font_size=&#8220;50px&#8220; header_2_text_align=&#8220;center&#8220; header_2_text_color=&#8220;#000000&#8243; header_2_font_size=&#8220;36px&#8220; global_colors_info=&#8220;{}&#8220; theme_builder_area=&#8220;post_content&#8220;]<\/p>\n<h1><span class=\"gradient-text\">Compelson<br \/>\n<\/span><\/h1>\n<p>[\/et_pb_text][\/et_pb_column][\/et_pb_row][et_pb_row column_structure=&#8220;1_2,1_2&#8243; _builder_version=&#8220;4.27.2&#8243; _module_preset=&#8220;be4a10c7-4874-4401-a0ce-d8518fdeb799&#8243; background_enable_color=&#8220;off&#8220; global_colors_info=&#8220;{}&#8220; theme_builder_area=&#8220;post_content&#8220;][et_pb_column type=&#8220;1_2&#8243; _builder_version=&#8220;4.27.2&#8243; _module_preset=&#8220;default&#8220; pac_dcm_carousel_specific_module_num=&#8220;0&#8243; global_colors_info=&#8220;{}&#8220; theme_builder_area=&#8220;post_content&#8220;][et_pb_image src=&#8220;https:\/\/lancologne.de\/wp-content\/uploads\/2023\/07\/mobiledit-packs.jpg&#8220; title_text=&#8220;mobiledit-packs&#8220; _builder_version=&#8220;4.27.2&#8243; _module_preset=&#8220;default&#8220; animation_direction=&#8220;left&#8220; sticky_position=&#8220;top&#8220; sticky_limit_top=&#8220;body&#8220; sticky_limit_bottom=&#8220;row&#8220; global_colors_info=&#8220;{}&#8220; theme_builder_area=&#8220;post_content&#8220;][\/et_pb_image][\/et_pb_column][et_pb_column type=&#8220;1_2&#8243; _builder_version=&#8220;4.27.2&#8243; _module_preset=&#8220;default&#8220; pac_dcm_carousel_specific_module_num=&#8220;0&#8243; global_colors_info=&#8220;{}&#8220; theme_builder_area=&#8220;post_content&#8220;][et_pb_text _builder_version=&#8220;4.27.2&#8243; _module_preset=&#8220;default&#8220; global_colors_info=&#8220;{}&#8220; theme_builder_area=&#8220;post_content&#8220;]Compelson ist bekannt f\u00fcr innovative Produkte wie MOBILedit. Ihre Telefonforensik-Tools haben 1996 die Branche der Mobiltelefon-Inhaltsanalyse begr\u00fcndet. Sp\u00e4ter erweiterten sie ihr Angebot auf die forensische Analyse von Smartwatches.<\/p>\n<p>Heute werden ihre Tools in \u00fcber 160 L\u00e4ndern von Strafverfolgungsbeh\u00f6rden, Milit\u00e4r und Ermittlern eingesetzt. Compelson verfolgt das Ziel, leistungsstarke Anwendungen f\u00fcr alle Nutzergruppen zu entwickeln und bleibt dabei stets innovativ.[\/et_pb_text][et_pb_text _builder_version=&#8220;4.27.2&#8243; _module_preset=&#8220;default&#8220; global_colors_info=&#8220;{}&#8220; theme_builder_area=&#8220;post_content&#8220;]Compelson MOBILedit Forensic Express ist eine vielseitige Anwendung, die als Data Extractor f\u00fcr Mobiltelefone und Cloud-Konten fungiert. Zus\u00e4tzlich fungiert sie als Data Analyzer und Report Generator. Diese leistungsstarke 64-Bit-Anwendung wendet sowohl physikalische als auch logische Analysemethoden \u00e4u\u00dferst effizient an. Mit dem integrierten Application Analyzer, dem GPU-unterst\u00fctzten Passwort- und PIN-Breaker sowie der Funktion zur Wiederherstellung gel\u00f6schter Daten bietet MOBILEdit alle notwendigen Tools, um Mobiltelefone sofort und einfach auszuwerten.<\/p>\n<p>Dar\u00fcber hinaus erm\u00f6glicht die Software die Analyse von ADB (Android Data Bridge) Backups und iTunes Backups. Sie unterst\u00fctzt eine breite Palette von Mobiltelefonen, von \u00e4lteren Modellen bis hin zu aktuellen Ger\u00e4ten. Die Unterst\u00fctzung wird kontinuierlich aktualisiert und durch Live-Updates erweitert.<\/p>\n<p>Mit granular einstellbaren Reports und einer intuitiven Benutzeroberfl\u00e4che ist MOBILEdit ein wahres Multifunktions-Werkzeug. Zudem erm\u00f6glicht das Multithreading die gleichzeitige Analyse mehrerer Ger\u00e4te.<\/p>\n<p>Im Vergleich zu anderen Produkten ist Compelson Mobile Edit \u00e4u\u00dferst kosteng\u00fcnstig. Aufgrund seiner Datenkompatibilit\u00e4t mit Industriestandards kann es auch als Erg\u00e4nzung zu vorhandenen Mobile Analysis Paketen genutzt werden. Fordern Sie noch heute ein unverbindliches Angebot an. Beachten Sie auch die M\u00f6glichkeit der Integration von Camera Ballistics zur Ursprungsanalyse von Fotos.<\/p>\n<p>Ermittler sehen sich bei der forensischen Datenanalyse einer Vielzahl von Datentypen gegen\u00fcbergestellt. Erfahren Sie hier, welche Daten extrahiert, analysiert und pr\u00e4sentiert werden k\u00f6nnen. Die Menge der extrahierten Daten h\u00e4ngt jedoch vom Modell des Handys, seinem Betriebssystem und seinem Zustand ab.[\/et_pb_text][\/et_pb_column][\/et_pb_row][\/et_pb_section][et_pb_section fb_built=&#8220;1&#8243; _builder_version=&#8220;4.27.2&#8243; _module_preset=&#8220;default&#8220; custom_margin=&#8220;||||false|false&#8220; custom_padding=&#8220;||||false|false&#8220; global_colors_info=&#8220;{}&#8220; theme_builder_area=&#8220;post_content&#8220;][et_pb_row column_structure=&#8220;3_4,1_4&#8243; use_custom_gutter=&#8220;on&#8220; gutter_width=&#8220;2&#8243; make_equal=&#8220;on&#8220; _builder_version=&#8220;4.27.2&#8243; _module_preset=&#8220;be4a10c7-4874-4401-a0ce-d8518fdeb799&#8243; background_enable_color=&#8220;off&#8220; use_background_color_gradient=&#8220;on&#8220; background_color_gradient_direction=&#8220;90deg&#8220; background_color_gradient_stops=&#8220;#ffffff 0%|#ffffff 20%|rgba(237,237,237,0.6) 20%|#ededed 100%&#8220; custom_padding=&#8220;5%|2%|5%|2%|true|true&#8220; custom_css_free_form=&#8220;.selector {||  display: flex;||  align-items: center;||}&#8220; global_colors_info=&#8220;{}&#8220; theme_builder_area=&#8220;post_content&#8220;][et_pb_column type=&#8220;3_4&#8243; _builder_version=&#8220;4.27.2&#8243; _module_preset=&#8220;default&#8220; pac_dcm_carousel_specific_module_num=&#8220;0&#8243; global_colors_info=&#8220;{}&#8220; theme_builder_area=&#8220;post_content&#8220;][et_pb_video src=&#8220;https:\/\/www.youtube.com\/watch?v=uioZmpJFYTA&#8220; _builder_version=&#8220;4.27.2&#8243; _module_preset=&#8220;default&#8220; global_colors_info=&#8220;{}&#8220; theme_builder_area=&#8220;post_content&#8220;][\/et_pb_video][\/et_pb_column][et_pb_column type=&#8220;1_4&#8243; _builder_version=&#8220;4.27.2&#8243; _module_preset=&#8220;default&#8220; background_enable_color=&#8220;off&#8220; pac_dcm_carousel_specific_module_num=&#8220;0&#8243; global_colors_info=&#8220;{}&#8220; theme_builder_area=&#8220;post_content&#8220;][\/et_pb_column][\/et_pb_row][\/et_pb_section][et_pb_section fb_built=&#8220;1&#8243; _builder_version=&#8220;4.27.2&#8243; _module_preset=&#8220;default&#8220; global_colors_info=&#8220;{}&#8220; theme_builder_area=&#8220;post_content&#8220;][et_pb_row _builder_version=&#8220;4.27.2&#8243; _module_preset=&#8220;be4a10c7-4874-4401-a0ce-d8518fdeb799&#8243; global_colors_info=&#8220;{}&#8220; theme_builder_area=&#8220;post_content&#8220;][et_pb_column type=&#8220;4_4&#8243; _builder_version=&#8220;4.27.2&#8243; _module_preset=&#8220;default&#8220; pac_dcm_carousel_specific_module_num=&#8220;0&#8243; global_colors_info=&#8220;{}&#8220; theme_builder_area=&#8220;post_content&#8220;][et_pb_text _builder_version=&#8220;4.27.2&#8243; _module_preset=&#8220;default&#8220; text_orientation=&#8220;center&#8220; global_colors_info=&#8220;{}&#8220; theme_builder_area=&#8220;post_content&#8220;]<\/p>\n<h2><span class=\"gradient-text\">Im NIST-Test ungeschlagen:<\/span><\/h2>\n<p>[\/et_pb_text][et_pb_text _builder_version=&#8220;4.27.2&#8243; _module_preset=&#8220;default&#8220; text_orientation=&#8220;center&#8220; global_colors_info=&#8220;{}&#8220; theme_builder_area=&#8220;post_content&#8220;]<\/p>\n<p>Das National Institute of Standards and Technology (NIST) hat eine Methode entwickelt, um forensische Tools f\u00fcr mobile Ger\u00e4te zu testen und die Zuverl\u00e4ssigkeit der auf dem Markt verf\u00fcgbaren Produkte zu messen. In diesem Test hat Compelson Mobile Edit herausragend abgeschnitten und sich als \u00e4u\u00dferst zuverl\u00e4ssiges und leistungsf\u00e4higes Tool f\u00fcr die forensische Datenanalyse von mobilen Ger\u00e4ten\u00a0erwiesen.<\/p>\n<p>[\/et_pb_text][et_pb_image src=&#8220;https:\/\/lancologne.de\/wp-content\/uploads\/2023\/08\/nist-test.jpg&#8220; title_text=&#8220;nist-test&#8220; align=&#8220;center&#8220; _builder_version=&#8220;4.27.2&#8243; _module_preset=&#8220;default&#8220; animation_style=&#8220;fade&#8220; global_colors_info=&#8220;{}&#8220; theme_builder_area=&#8220;post_content&#8220;][\/et_pb_image][et_pb_text _builder_version=&#8220;4.27.2&#8243; _module_preset=&#8220;default&#8220; text_orientation=&#8220;center&#8220; global_colors_info=&#8220;{}&#8220; theme_builder_area=&#8220;post_content&#8220;]Der NIST-Ansatz beruht auf anerkannten Methoden f\u00fcr Konformit\u00e4ts- und Qualit\u00e4tstests. Obwohl NIST regelm\u00e4\u00dfig umfassende Qualit\u00e4tstests f\u00fcr alle bekannten Tools in der Telefon-Forensik-Branche durchf\u00fchrt, haben wir f\u00fcr diese spezielle \u00dcberpr\u00fcfung die aktuellsten Testergebnisse von konkurrierenden Tools ber\u00fccksichtigt, die f\u00fcr diesen Zeitraum verf\u00fcgbar waren.[\/et_pb_text][\/et_pb_column][\/et_pb_row][et_pb_row column_structure=&#8220;1_2,1_2&#8243; _builder_version=&#8220;4.27.2&#8243; _module_preset=&#8220;be4a10c7-4874-4401-a0ce-d8518fdeb799&#8243; global_colors_info=&#8220;{}&#8220; theme_builder_area=&#8220;post_content&#8220;][et_pb_column type=&#8220;1_2&#8243; _builder_version=&#8220;4.27.2&#8243; _module_preset=&#8220;default&#8220; pac_dcm_carousel_specific_module_num=&#8220;0&#8243; global_colors_info=&#8220;{}&#8220; theme_builder_area=&#8220;post_content&#8220;][et_pb_text _builder_version=&#8220;4.27.2&#8243; _module_preset=&#8220;default&#8220; text_font=&#8220;|600|||||||&#8220; text_font_size=&#8220;18px&#8220; global_colors_info=&#8220;{}&#8220; theme_builder_area=&#8220;post_content&#8220;]Quelle &#038; weitere Informationen unter:[\/et_pb_text][et_pb_button button_url=&#8220;https:\/\/www.mobiledit.com\/&#8220; button_text=&#8220;MOBILedit&#8220; button_alignment=&#8220;left&#8220; _builder_version=&#8220;4.27.2&#8243; _module_preset=&#8220;default&#8220; custom_button=&#8220;on&#8220; button_text_color=&#8220;#FFFFFF&#8220; button_bg_color=&#8220;#9b2242&#8243; button_border_width=&#8220;0px&#8220; button_border_radius=&#8220;0px&#8220; button_letter_spacing=&#8220;1px&#8220; button_icon=&#8220;&#x24;||divi||400&#8243; custom_margin=&#8220;40px||||false|false&#8220; custom_padding=&#8220;14px|50px|14px|30px|true|false&#8220; custom_padding_tablet=&#8220;14px|50px|14px|30px|true|false&#8220; custom_padding_phone=&#8220;10px|40px|10px|20px|true|false&#8220; custom_padding_last_edited=&#8220;on|phone&#8220; box_shadow_style=&#8220;preset3&#8243; box_shadow_color=&#8220;rgba(0,0,0,0.1)&#8220; locked=&#8220;off&#8220; global_colors_info=&#8220;{}&#8220; button_bg_color__hover_enabled=&#8220;on|desktop&#8220; button_bg_color__hover=&#8220;#000000&#8243; button_bg_enable_color__hover=&#8220;on&#8220; box_shadow_color__hover_enabled=&#8220;on|hover&#8220; box_shadow_color__hover=&#8220;rgba(0,0,0,0.3)&#8220; theme_builder_area=&#8220;post_content&#8220;][\/et_pb_button][\/et_pb_column][et_pb_column type=&#8220;1_2&#8243; _builder_version=&#8220;4.27.2&#8243; _module_preset=&#8220;default&#8220; pac_dcm_carousel_specific_module_num=&#8220;0&#8243; global_colors_info=&#8220;{}&#8220; theme_builder_area=&#8220;post_content&#8220;][et_pb_text _builder_version=&#8220;4.27.2&#8243; _module_preset=&#8220;default&#8220; text_font=&#8220;|600|||||||&#8220; text_font_size=&#8220;18px&#8220; global_colors_info=&#8220;{}&#8220; theme_builder_area=&#8220;post_content&#8220;]MOBILedit Produkte sind auch direkt in unserem Online Shop erh\u00e4ltlich:[\/et_pb_text][et_pb_button button_url=&#8220;https:\/\/shop.lancologne.de\/&#8220; button_text=&#8220;LANCOLOGNE SHOP&#8220; button_alignment=&#8220;left&#8220; _builder_version=&#8220;4.27.2&#8243; _module_preset=&#8220;default&#8220; custom_button=&#8220;on&#8220; button_text_color=&#8220;#FFFFFF&#8220; button_bg_color=&#8220;#9b2242&#8243; button_border_width=&#8220;0px&#8220; button_border_radius=&#8220;0px&#8220; button_letter_spacing=&#8220;1px&#8220; button_icon=&#8220;&#x24;||divi||400&#8243; custom_margin=&#8220;40px||||false|false&#8220; custom_padding=&#8220;14px|50px|14px|30px|true|false&#8220; custom_padding_tablet=&#8220;14px|50px|14px|30px|true|false&#8220; custom_padding_phone=&#8220;10px|40px|10px|20px|true|false&#8220; custom_padding_last_edited=&#8220;on|phone&#8220; box_shadow_style=&#8220;preset3&#8243; box_shadow_color=&#8220;rgba(0,0,0,0.1)&#8220; locked=&#8220;off&#8220; global_colors_info=&#8220;{}&#8220; button_bg_color__hover_enabled=&#8220;on|desktop&#8220; button_bg_color__hover=&#8220;#000000&#8243; button_bg_enable_color__hover=&#8220;on&#8220; box_shadow_color__hover_enabled=&#8220;on|hover&#8220; box_shadow_color__hover=&#8220;rgba(0,0,0,0.3)&#8220; theme_builder_area=&#8220;post_content&#8220;][\/et_pb_button][\/et_pb_column][\/et_pb_row][\/et_pb_section]<\/p>\n","protected":false},"excerpt":{"rendered":"<p>Compelson Compelson ist bekannt f\u00fcr innovative Produkte wie MOBILedit. Ihre Telefonforensik-Tools haben 1996 die Branche der Mobiltelefon-Inhaltsanalyse begr\u00fcndet. Sp\u00e4ter erweiterten sie ihr Angebot auf die forensische Analyse von Smartwatches. Heute werden ihre Tools in \u00fcber 160 L\u00e4ndern von Strafverfolgungsbeh\u00f6rden, Milit\u00e4r und Ermittlern eingesetzt. Compelson verfolgt das Ziel, leistungsstarke Anwendungen f\u00fcr alle Nutzergruppen zu entwickeln und [&hellip;]<\/p>\n","protected":false},"author":1,"featured_media":0,"parent":0,"menu_order":0,"comment_status":"closed","ping_status":"closed","template":"","meta":{"_et_pb_use_builder":"on","_et_pb_old_content":"","_et_gb_content_width":"","footnotes":""},"class_list":["post-389068","page","type-page","status-publish","hentry"],"_links":{"self":[{"href":"https:\/\/lancologne.de\/da\/wp-json\/wp\/v2\/pages\/389068","targetHints":{"allow":["GET"]}}],"collection":[{"href":"https:\/\/lancologne.de\/da\/wp-json\/wp\/v2\/pages"}],"about":[{"href":"https:\/\/lancologne.de\/da\/wp-json\/wp\/v2\/types\/page"}],"author":[{"embeddable":true,"href":"https:\/\/lancologne.de\/da\/wp-json\/wp\/v2\/users\/1"}],"replies":[{"embeddable":true,"href":"https:\/\/lancologne.de\/da\/wp-json\/wp\/v2\/comments?post=389068"}],"version-history":[{"count":2,"href":"https:\/\/lancologne.de\/da\/wp-json\/wp\/v2\/pages\/389068\/revisions"}],"predecessor-version":[{"id":389070,"href":"https:\/\/lancologne.de\/da\/wp-json\/wp\/v2\/pages\/389068\/revisions\/389070"}],"wp:attachment":[{"href":"https:\/\/lancologne.de\/da\/wp-json\/wp\/v2\/media?parent=389068"}],"curies":[{"name":"wp","href":"https:\/\/api.w.org\/{rel}","templated":true}]}}