{"id":389080,"date":"2024-12-11T22:18:37","date_gmt":"2024-12-11T22:18:37","guid":{"rendered":"https:\/\/staging2.lancologne.de\/?page_id=389080"},"modified":"2024-12-12T10:11:21","modified_gmt":"2024-12-12T10:11:21","slug":"detego","status":"publish","type":"page","link":"https:\/\/lancologne.de\/da\/detego\/","title":{"rendered":"DETEGO Global"},"content":{"rendered":"<p>[et_pb_section fb_built=&#8220;1&#8243; fullwidth=&#8220;on&#8220; _builder_version=&#8220;4.27.2&#8243; _module_preset=&#8220;default&#8220; global_colors_info=&#8220;{}&#8220; theme_builder_area=&#8220;post_content&#8220;][et_pb_fullwidth_image src=&#8220;https:\/\/lancologne.de\/wp-content\/uploads\/2023\/12\/kv-detego.png&#8220; title_text=&#8220;kv-detego&#8220; _builder_version=&#8220;4.27.2&#8243; _module_preset=&#8220;default&#8220; global_colors_info=&#8220;{}&#8220; theme_builder_area=&#8220;post_content&#8220;][\/et_pb_fullwidth_image][\/et_pb_section][et_pb_section fb_built=&#8220;1&#8243; _builder_version=&#8220;4.27.2&#8243; _module_preset=&#8220;default&#8220; global_colors_info=&#8220;{}&#8220; theme_builder_area=&#8220;post_content&#8220;][et_pb_row _builder_version=&#8220;4.27.2&#8243; _module_preset=&#8220;080ba240-f435-49a9-b9e5-a008e3e151ee&#8220; global_colors_info=&#8220;{}&#8220; theme_builder_area=&#8220;post_content&#8220;][et_pb_column type=&#8220;4_4&#8243; _builder_version=&#8220;4.27.2&#8243; _module_preset=&#8220;default&#8220; pac_dcm_carousel_specific_module_num=&#8220;0&#8243; global_colors_info=&#8220;{}&#8220; theme_builder_area=&#8220;post_content&#8220;][et_pb_text _builder_version=&#8220;4.27.2&#8243; _module_preset=&#8220;default&#8220; text_text_color=&#8220;#FFFFFF&#8220; text_font_size=&#8220;45px&#8220; header_text_align=&#8220;center&#8220; header_font_size=&#8220;50px&#8220; header_2_text_align=&#8220;center&#8220; header_2_text_color=&#8220;#000000&#8243; header_2_font_size=&#8220;36px&#8220; global_colors_info=&#8220;{}&#8220; theme_builder_area=&#8220;post_content&#8220;]<\/p>\n<h1><span class=\"gradient-text\">Detego Global<\/span><\/h1>\n<p>[\/et_pb_text][\/et_pb_column][\/et_pb_row][et_pb_row column_structure=&#8220;1_2,1_2&#8243; _builder_version=&#8220;4.27.2&#8243; _module_preset=&#8220;080ba240-f435-49a9-b9e5-a008e3e151ee&#8220; background_enable_color=&#8220;off&#8220; global_colors_info=&#8220;{}&#8220; theme_builder_area=&#8220;post_content&#8220;][et_pb_column type=&#8220;1_2&#8243; _builder_version=&#8220;4.27.2&#8243; _module_preset=&#8220;default&#8220; pac_dcm_carousel_specific_module_num=&#8220;0&#8243; global_colors_info=&#8220;{}&#8220; theme_builder_area=&#8220;post_content&#8220;][et_pb_image src=&#8220;https:\/\/lancologne.de\/wp-content\/uploads\/2023\/12\/detego-image.png&#8220; title_text=&#8220;detego-image&#8220; _builder_version=&#8220;4.27.2&#8243; _module_preset=&#8220;default&#8220; animation_direction=&#8220;left&#8220; sticky_position=&#8220;top&#8220; sticky_limit_top=&#8220;body&#8220; sticky_limit_bottom=&#8220;row&#8220; global_colors_info=&#8220;{}&#8220; theme_builder_area=&#8220;post_content&#8220;][\/et_pb_image][\/et_pb_column][et_pb_column type=&#8220;1_2&#8243; _builder_version=&#8220;4.27.2&#8243; _module_preset=&#8220;default&#8220; pac_dcm_carousel_specific_module_num=&#8220;0&#8243; global_colors_info=&#8220;{}&#8220; theme_builder_area=&#8220;post_content&#8220;][et_pb_text _builder_version=&#8220;4.27.2&#8243; _module_preset=&#8220;default&#8220; global_colors_info=&#8220;{}&#8220; theme_builder_area=&#8220;post_content&#8220;]Ob in der Unternehmenswelt, der Strafverfolgung oder im Milit\u00e4r, die Herausforderungen, denen sich digitale Forensiker gegen\u00fcbersehen, k\u00f6nnen allzu h\u00e4ufig sein. In der heutigen komplexen Umgebung m\u00fcssen Ermittler Daten schnell aus einer \u00fcberw\u00e4ltigenden Anzahl von digitalen Ger\u00e4ten extrahieren und analysieren, sich durch massive Datenmengen w\u00fchlen, um wichtige Beweise zu finden, und mit den Herausforderungen umgehen, die durch die begrenzte Verf\u00fcgbarkeit von Ressourcen entstehen. Selbst Organisationen mit Zugang zum richtigen Fachwissen haben Schwierigkeiten, die richtigen Werkzeuge einzusetzen \u2013 oft f\u00fchrt dies zu gr\u00f6\u00dferen R\u00fcckst\u00e4nden und Verz\u00f6gerungen. Viele Teams verlassen sich immer noch auf zeitaufw\u00e4ndige Datenextraktions- und Analyseprozesse und sind auf spezialisierte Labore angewiesen, was den Weg zu einem Erfolg schwierig gestaltet.<br \/>\nGl\u00fccklicherweise k\u00f6nnte die Bew\u00e4ltigung dieser Probleme einfacher sein, als Sie denken.[\/et_pb_text][et_pb_text _builder_version=&#8220;4.27.2&#8243; _module_preset=&#8220;default&#8220; global_colors_info=&#8220;{}&#8220; theme_builder_area=&#8220;post_content&#8220;]<\/p>\n<p><strong>Die L\u00f6sung f\u00fcr effiziente digitale Forensik Untersuchungen<\/strong><\/p>\n<p>Detego Global, das Unternehmen hinter der preisgekr\u00f6nten Unified Digital Forensics Platform, hat sein \u00d6kosystem gezielt entwickelt, um die Komplexit\u00e4ten anzugehen, denen sich Ermittler von heute stellen. In enger Zusammenarbeit mit Ermittlern im Milit\u00e4r, in der Strafverfolgung, im Unternehmenssektor und bei Nachrichtendiensten hat Detego Global einen vierstufigen Ansatz entwickelt, um Ermittlungen zu beschleunigen.<\/p>\n<p>R: Rasche Datenextraktion: Detego Global hat schnelle forensische Imaging-Tools entwickelt, um Ermittlern die sichere Sammlung von Daten zu erm\u00f6glichen \u2013 welche die Ressourcen und die Zeit, die f\u00fcr die Sammlung und Verarbeitung von Informationen ben\u00f6tigt werden, drastisch reduziert. Das Unternehmen verf\u00fcgt auch \u00fcber Patente f\u00fcr das weltweit schnellste forensische Imaging-Tool (in der Lage, 1 TB in weniger als 8 Minuten zu erfassen) und setzt seine Erfolge in diesem Bereich weiter fort.<\/p>\n<p>E: Erm\u00f6glichung von Untersuchungen vor Ort: Labore stehen nicht immer f\u00fcr schnelle digitale Forensik Untersuchungen zur Verf\u00fcgung. Detego Global Werkzeuge sind daher entwickelt worden, um sowohl laborbasierte Ermittler als auch Frontlinienteams zu unterst\u00fctzen. Die Verwendung von gef\u00fchrten Men\u00fcs und einer intuitiven Benutzeroberfl\u00e4che bedeutet, dass selbst nicht-technische Frontlinemitarbeiter diese Technologie nach einer Schulung von 30 Minuten nutzen k\u00f6nnen, um forensisch fundierte Untersuchungen durchzuf\u00fchren \u2013 dies wiederum hilft, den Druck auf spezialisierte Teams und Labore zu reduzieren.<\/p>\n<p>A: Automatisierung: Die Detego-Plattform hat Automatisierung als Kernfunktion. Fortschrittliche KI-gesteuerte Workflow-Automatisierung und maschinelles Lernen erm\u00f6glichen es den Benutzern, zeitaufw\u00e4ndige Aufgaben wie Datenbeschaffung, Triage, Analyse und Verkn\u00fcpfung automatisch durchzuf\u00fchren, sodass sich die Ermittler auf den Aufbau starker F\u00e4lle konzentrieren k\u00f6nnen.<\/p>\n<p>A: AI-gesteuerte Analyse: Bei Ermittlungen, die das Durchsuchen von massiven Datenmengen erfordern, k\u00f6nnen Detego Globals KI-gesteuerte analytische Tools den Ermittlern dabei helfen, Daten schnell zu scannen und kritische Informationen zu identifizieren, zu klassifizieren und hervorzuheben. Mit Funktionen wie OCR, Photo DNA, Hash-Matching, sofortiger Entschl\u00fcsselung von Passw\u00f6rtern und mehr sind Detego Global Werkzeuge darauf ausgelegt, den Ermittlern den schnellen Zugriff auf die ben\u00f6tigten Daten zu erleichtern.<\/p>\n<p>[\/et_pb_text][et_pb_text _builder_version=&#8220;4.27.2&#8243; _module_preset=&#8220;default&#8220; text_font=&#8220;|600|||||||&#8220; text_font_size=&#8220;18px&#8220; global_colors_info=&#8220;{}&#8220; theme_builder_area=&#8220;post_content&#8220;]EINHEITLICHE ERMITTLUNGSPLATTFORM[\/et_pb_text][et_pb_button button_url=&#8220;https:\/\/lancologne.de\/wp-content\/uploads\/2024\/01\/de-detego-quick-guide-v-9.0.pdf&#8220; button_text=&#8220;Kurzanleitung als PDF&#8220; button_alignment=&#8220;left&#8220; _builder_version=&#8220;4.27.2&#8243; _module_preset=&#8220;default&#8220; custom_button=&#8220;on&#8220; button_text_color=&#8220;#FFFFFF&#8220; button_bg_color=&#8220;#9b2242&#8243; button_border_width=&#8220;0px&#8220; button_border_radius=&#8220;0px&#8220; button_letter_spacing=&#8220;1px&#8220; button_icon=&#8220;&#x24;||divi||400&#8243; custom_margin=&#8220;40px||||false|false&#8220; custom_padding=&#8220;14px|50px|14px|30px|true|false&#8220; custom_padding_tablet=&#8220;14px|50px|14px|30px|true|false&#8220; custom_padding_phone=&#8220;10px|40px|10px|20px|true|false&#8220; custom_padding_last_edited=&#8220;on|phone&#8220; box_shadow_style=&#8220;preset3&#8243; box_shadow_color=&#8220;rgba(0,0,0,0.1)&#8220; locked=&#8220;off&#8220; global_colors_info=&#8220;{}&#8220; button_bg_color__hover_enabled=&#8220;on|desktop&#8220; button_bg_color__hover=&#8220;#000000&#8243; button_bg_enable_color__hover=&#8220;on&#8220; box_shadow_color__hover_enabled=&#8220;on|hover&#8220; box_shadow_color__hover=&#8220;rgba(0,0,0,0.3)&#8220; theme_builder_area=&#8220;post_content&#8220;][\/et_pb_button][et_pb_text _builder_version=&#8220;4.27.2&#8243; _module_preset=&#8220;default&#8220; text_text_color=&#8220;#FFFFFF&#8220; text_font_size=&#8220;45px&#8220; header_2_text_align=&#8220;left&#8220; header_2_text_color=&#8220;#000000&#8243; header_2_font_size=&#8220;36px&#8220; global_colors_info=&#8220;{}&#8220; theme_builder_area=&#8220;post_content&#8220;]<\/p>\n<h2><span class=\"gradient-text\">Warum Detego?<\/span><\/h2>\n<p>[\/et_pb_text][et_pb_blurb title=&#8220;Ballistic Imager: &#8220; use_icon=&#8220;on&#8220; font_icon=&#8220;&#xe046;||divi||400&#8243; icon_color=&#8220;#9b2242&#8243; icon_placement=&#8220;left&#8220; image_icon_width=&#8220;25px&#8220; _builder_version=&#8220;4.27.3&#8243; _module_preset=&#8220;default&#8220; header_level=&#8220;h3&#8243; header_font_size=&#8220;18px&#8220; custom_margin=&#8220;||10px||false|false&#8220; custom_padding=&#8220;||||false|false&#8220; global_colors_info=&#8220;{}&#8220; theme_builder_area=&#8220;post_content&#8220;]<\/p>\n<p>Daten von Computern, Laptops und Servern viermal schneller als der Branchendurchschnitt sicherstellen<\/p>\n<p>[\/et_pb_blurb][et_pb_blurb title=&#8220;Field Triage:&#8220; use_icon=&#8220;on&#8220; font_icon=&#8220;&#xe046;||divi||400&#8243; icon_color=&#8220;#9b2242&#8243; icon_placement=&#8220;left&#8220; image_icon_width=&#8220;25px&#8220; _builder_version=&#8220;4.27.3&#8243; _module_preset=&#8220;default&#8220; header_level=&#8220;h3&#8243; header_font_size=&#8220;18px&#8220; custom_margin=&#8220;||10px||false|false&#8220; custom_padding=&#8220;||||false|false&#8220; global_colors_info=&#8220;{}&#8220; theme_builder_area=&#8220;post_content&#8220;]<\/p>\n<p>Ideal f\u00fcr die Untersuchung von Daten auf einer Vielzahl von Ger\u00e4ten, einschlie\u00dflich Computern, Laptops und losen Medien, ist. Es verwendet ein patentiertes Rot-Gelb-Gr\u00fcn-Alarmsystem, um Daten im Zusammenhang mit Untersuchungen zu identifizieren und die Benutzer ohne umfangreiche Datenextraktions- und Analyseprozesse zu informieren.<\/p>\n<p>[\/et_pb_blurb][et_pb_blurb title=&#8220;Media Acquisition:&#8220; use_icon=&#8220;on&#8220; font_icon=&#8220;&#xe046;||divi||400&#8243; icon_color=&#8220;#9b2242&#8243; icon_placement=&#8220;left&#8220; image_icon_width=&#8220;25px&#8220; _builder_version=&#8220;4.27.3&#8243; _module_preset=&#8220;default&#8220; header_level=&#8220;h3&#8243; header_font_size=&#8220;18px&#8220; custom_margin=&#8220;||10px||false|false&#8220; custom_padding=&#8220;||||false|false&#8220; global_colors_info=&#8220;{}&#8220; theme_builder_area=&#8220;post_content&#8220;]<\/p>\n<p>Das Media Acquisition Tool vereinfacht Untersuchungen, indem es Daten von verschiedenen Wechselmedien-Ger\u00e4ten schnell und gleichzeitig analysiert, sammelt und sichert.<\/p>\n<p>[\/et_pb_blurb][et_pb_blurb title=&#8220;Detego MD:&#8220; use_icon=&#8220;on&#8220; font_icon=&#8220;&#xe046;||divi||400&#8243; icon_color=&#8220;#9b2242&#8243; icon_placement=&#8220;left&#8220; image_icon_width=&#8220;25px&#8220; _builder_version=&#8220;4.27.3&#8243; _module_preset=&#8220;default&#8220; header_level=&#8220;h3&#8243; header_font_size=&#8220;18px&#8220; custom_margin=&#8220;||10px||false|false&#8220; custom_padding=&#8220;||||false|false&#8220; global_colors_info=&#8220;{}&#8220; theme_builder_area=&#8220;post_content&#8220;]<\/p>\n<p>Benutzer k\u00f6nnen schnell und einfach Daten von Zigtausenden von Mobiltelefonmodellen sowie von verschiedenen Drohnen, Wearables, IoT-Ger\u00e4ten und mobilen Anwendungen mit Detego MD extrahieren.<\/p>\n<p>[\/et_pb_blurb][et_pb_blurb title=&#8220;Remote Acquisition:&#8220; use_icon=&#8220;on&#8220; font_icon=&#8220;&#xe046;||divi||400&#8243; icon_color=&#8220;#9b2242&#8243; icon_placement=&#8220;left&#8220; image_icon_width=&#8220;25px&#8220; _builder_version=&#8220;4.27.3&#8243; _module_preset=&#8220;default&#8220; header_level=&#8220;h3&#8243; header_font_size=&#8220;18px&#8220; custom_margin=&#8220;||10px||false|false&#8220; custom_padding=&#8220;||||false|false&#8220; global_colors_info=&#8220;{}&#8220; theme_builder_area=&#8220;post_content&#8220;]<\/p>\n<p>Dieses Tool erm\u00f6glicht die schnelle Erstellung von Abbildern und die Extraktion von Daten in vernetzten Umgebungen, mit der Option, Extraktionen schnell von abgebrochenen Punkten im Falle von Netzwerkausf\u00e4llen wieder aufzunehmen, sowie die forensische Sicherung von Daten von losen Medien, die mit vernetzten Ger\u00e4ten verbunden sind.<\/p>\n<p>[\/et_pb_blurb][et_pb_blurb title=&#8220;Detego Fusion:&#8220; use_icon=&#8220;on&#8220; font_icon=&#8220;&#xe046;||divi||400&#8243; icon_color=&#8220;#9b2242&#8243; icon_placement=&#8220;left&#8220; image_icon_width=&#8220;25px&#8220; _builder_version=&#8220;4.27.3&#8243; _module_preset=&#8220;default&#8220; header_level=&#8220;h3&#8243; header_font_size=&#8220;18px&#8220; custom_margin=&#8220;||10px||false|false&#8220; custom_padding=&#8220;||||false|false&#8220; global_colors_info=&#8220;{}&#8220; theme_builder_area=&#8220;post_content&#8220;]<\/p>\n<p>Hilft jedem Ermittler, schnell Berichte zu erstellen, mit pr\u00e4ziser Datenanalyse und KI-gesteuerten Tools, um fehlende Verbindungen zwischen Personen, Orten, Ger\u00e4ten und F\u00e4llen zu identifizieren.<\/p>\n<p>[\/et_pb_blurb][et_pb_blurb title=&#8220;Detego Analyse:&#8220; use_icon=&#8220;on&#8220; font_icon=&#8220;&#xe046;||divi||400&#8243; icon_color=&#8220;#9b2242&#8243; icon_placement=&#8220;left&#8220; image_icon_width=&#8220;25px&#8220; _builder_version=&#8220;4.27.3&#8243; _module_preset=&#8220;default&#8220; header_level=&#8220;h3&#8243; header_font_size=&#8220;18px&#8220; custom_margin=&#8220;||10px||false|false&#8220; custom_padding=&#8220;||||false|false&#8220; global_colors_info=&#8220;{}&#8220; theme_builder_area=&#8220;post_content&#8220;]<\/p>\n<p>Nutzt die Leistungsf\u00e4higkeit von KI, um digitale Informationen und Daten in einem Bruchteil der Zeit automatisch zu analysieren. Detego Analyse verwandelt unz\u00e4hlige Quellen verteilter Daten in umfassende, gerichtsverwertbare Berichte.<\/p>\n<p>[\/et_pb_blurb][et_pb_text _builder_version=&#8220;4.27.2&#8243; _module_preset=&#8220;default&#8220; text_font=&#8220;|600|||||||&#8220; text_font_size=&#8220;18px&#8220; custom_margin=&#8220;50px||||false|false&#8220; global_colors_info=&#8220;{}&#8220; theme_builder_area=&#8220;post_content&#8220;]Quelle &#038; weitere Informationen unter:[\/et_pb_text][et_pb_button button_url=&#8220;https:\/\/detegoglobal.com\/&#8220; url_new_window=&#8220;on&#8220; button_text=&#8220;Detego&#8220; button_alignment=&#8220;left&#8220; _builder_version=&#8220;4.27.2&#8243; _module_preset=&#8220;default&#8220; custom_button=&#8220;on&#8220; button_text_color=&#8220;#FFFFFF&#8220; button_bg_color=&#8220;#9b2242&#8243; button_border_width=&#8220;0px&#8220; button_border_radius=&#8220;0px&#8220; button_letter_spacing=&#8220;1px&#8220; button_icon=&#8220;&#x24;||divi||400&#8243; custom_margin=&#8220;40px||||false|false&#8220; custom_padding=&#8220;14px|50px|14px|30px|true|false&#8220; custom_padding_tablet=&#8220;14px|50px|14px|30px|true|false&#8220; custom_padding_phone=&#8220;10px|40px|10px|20px|true|false&#8220; custom_padding_last_edited=&#8220;on|phone&#8220; box_shadow_style=&#8220;preset3&#8243; box_shadow_color=&#8220;rgba(0,0,0,0.1)&#8220; locked=&#8220;off&#8220; global_colors_info=&#8220;{}&#8220; button_bg_color__hover_enabled=&#8220;on|desktop&#8220; button_bg_color__hover=&#8220;#000000&#8243; button_bg_enable_color__hover=&#8220;on&#8220; box_shadow_color__hover_enabled=&#8220;on|hover&#8220; box_shadow_color__hover=&#8220;rgba(0,0,0,0.3)&#8220; theme_builder_area=&#8220;post_content&#8220;][\/et_pb_button][\/et_pb_column][\/et_pb_row][\/et_pb_section]<\/p>\n","protected":false},"excerpt":{"rendered":"<p>Detego GlobalOb in der Unternehmenswelt, der Strafverfolgung oder im Milit\u00e4r, die Herausforderungen, denen sich digitale Forensiker gegen\u00fcbersehen, k\u00f6nnen allzu h\u00e4ufig sein. In der heutigen komplexen Umgebung m\u00fcssen Ermittler Daten schnell aus einer \u00fcberw\u00e4ltigenden Anzahl von digitalen Ger\u00e4ten extrahieren und analysieren, sich durch massive Datenmengen w\u00fchlen, um wichtige Beweise zu finden, und mit den Herausforderungen umgehen, [&hellip;]<\/p>\n","protected":false},"author":1,"featured_media":0,"parent":0,"menu_order":0,"comment_status":"closed","ping_status":"closed","template":"","meta":{"_et_pb_use_builder":"on","_et_pb_old_content":"","_et_gb_content_width":"","footnotes":""},"class_list":["post-389080","page","type-page","status-publish","hentry"],"_links":{"self":[{"href":"https:\/\/lancologne.de\/da\/wp-json\/wp\/v2\/pages\/389080","targetHints":{"allow":["GET"]}}],"collection":[{"href":"https:\/\/lancologne.de\/da\/wp-json\/wp\/v2\/pages"}],"about":[{"href":"https:\/\/lancologne.de\/da\/wp-json\/wp\/v2\/types\/page"}],"author":[{"embeddable":true,"href":"https:\/\/lancologne.de\/da\/wp-json\/wp\/v2\/users\/1"}],"replies":[{"embeddable":true,"href":"https:\/\/lancologne.de\/da\/wp-json\/wp\/v2\/comments?post=389080"}],"version-history":[{"count":2,"href":"https:\/\/lancologne.de\/da\/wp-json\/wp\/v2\/pages\/389080\/revisions"}],"predecessor-version":[{"id":389082,"href":"https:\/\/lancologne.de\/da\/wp-json\/wp\/v2\/pages\/389080\/revisions\/389082"}],"wp:attachment":[{"href":"https:\/\/lancologne.de\/da\/wp-json\/wp\/v2\/media?parent=389080"}],"curies":[{"name":"wp","href":"https:\/\/api.w.org\/{rel}","templated":true}]}}