{"id":389109,"date":"2024-12-11T22:32:29","date_gmt":"2024-12-11T22:32:29","guid":{"rendered":"https:\/\/staging2.lancologne.de\/?page_id=389109"},"modified":"2024-12-11T22:33:14","modified_gmt":"2024-12-11T22:33:14","slug":"intel","status":"publish","type":"page","link":"https:\/\/lancologne.de\/da\/intel\/","title":{"rendered":"Intel"},"content":{"rendered":"<p>[et_pb_section fb_built=&#8220;1&#8243; fullwidth=&#8220;on&#8220; _builder_version=&#8220;4.27.2&#8243; _module_preset=&#8220;default&#8220; global_colors_info=&#8220;{}&#8220; theme_builder_area=&#8220;post_content&#8220;][et_pb_fullwidth_image src=&#8220;https:\/\/lancologne.de\/wp-content\/uploads\/2018\/02\/head-partner-intel.jpg&#8220; title_text=&#8220;head-partner-intel&#8220; _builder_version=&#8220;4.27.2&#8243; _module_preset=&#8220;default&#8220; global_colors_info=&#8220;{}&#8220; theme_builder_area=&#8220;post_content&#8220;][\/et_pb_fullwidth_image][\/et_pb_section][et_pb_section fb_built=&#8220;1&#8243; _builder_version=&#8220;4.27.2&#8243; _module_preset=&#8220;default&#8220; global_colors_info=&#8220;{}&#8220; theme_builder_area=&#8220;post_content&#8220;][et_pb_row _builder_version=&#8220;4.27.2&#8243; _module_preset=&#8220;2bf67e0b-e8e6-43ad-ab54-f6ea6b5dc769&#8243; global_colors_info=&#8220;{}&#8220; theme_builder_area=&#8220;post_content&#8220;][et_pb_column type=&#8220;4_4&#8243; _builder_version=&#8220;4.27.2&#8243; _module_preset=&#8220;default&#8220; pac_dcm_carousel_specific_module_num=&#8220;0&#8243; global_colors_info=&#8220;{}&#8220; theme_builder_area=&#8220;post_content&#8220;][et_pb_text _builder_version=&#8220;4.27.2&#8243; _module_preset=&#8220;default&#8220; text_text_color=&#8220;#FFFFFF&#8220; text_font_size=&#8220;45px&#8220; header_text_align=&#8220;center&#8220; header_font_size=&#8220;50px&#8220; header_2_text_align=&#8220;center&#8220; header_2_text_color=&#8220;#000000&#8243; header_2_font_size=&#8220;36px&#8220; global_colors_info=&#8220;{}&#8220; theme_builder_area=&#8220;post_content&#8220;]<\/p>\n<h1><span class=\"gradient-text\">Intel<\/span><\/h1>\n<p>[\/et_pb_text][\/et_pb_column][\/et_pb_row][et_pb_row column_structure=&#8220;1_2,1_2&#8243; _builder_version=&#8220;4.27.2&#8243; _module_preset=&#8220;2bf67e0b-e8e6-43ad-ab54-f6ea6b5dc769&#8243; background_enable_color=&#8220;off&#8220; global_colors_info=&#8220;{}&#8220; theme_builder_area=&#8220;post_content&#8220;][et_pb_column type=&#8220;1_2&#8243; _builder_version=&#8220;4.27.2&#8243; _module_preset=&#8220;default&#8220; pac_dcm_carousel_specific_module_num=&#8220;0&#8243; global_colors_info=&#8220;{}&#8220; theme_builder_area=&#8220;post_content&#8220;][et_pb_image src=&#8220;https:\/\/lancologne.de\/wp-content\/uploads\/2018\/02\/mtc_cpu_banner_20110713.jpg&#8220; title_text=&#8220;mtc_cpu_banner_20110713&#8243; _builder_version=&#8220;4.27.2&#8243; _module_preset=&#8220;default&#8220; animation_direction=&#8220;left&#8220; sticky_position=&#8220;top&#8220; sticky_limit_top=&#8220;body&#8220; sticky_limit_bottom=&#8220;row&#8220; global_colors_info=&#8220;{}&#8220; theme_builder_area=&#8220;post_content&#8220;][\/et_pb_image][\/et_pb_column][et_pb_column type=&#8220;1_2&#8243; _builder_version=&#8220;4.27.2&#8243; _module_preset=&#8220;default&#8220; pac_dcm_carousel_specific_module_num=&#8220;0&#8243; global_colors_info=&#8220;{}&#8220; theme_builder_area=&#8220;post_content&#8220;][et_pb_text _builder_version=&#8220;4.27.2&#8243; _module_preset=&#8220;default&#8220; text_text_color=&#8220;#FFFFFF&#8220; text_font_size=&#8220;45px&#8220; header_2_text_align=&#8220;left&#8220; header_2_text_color=&#8220;#000000&#8243; header_2_font_size=&#8220;36px&#8220; global_colors_info=&#8220;{}&#8220; theme_builder_area=&#8220;post_content&#8220;]<\/p>\n<h2><span class=\"gradient-text\">Intel Qualit\u00e4t und Performance vereint mit Energieeffizienz!<\/span><\/h2>\n<p>[\/et_pb_text][et_pb_text _builder_version=&#8220;4.27.2&#8243; _module_preset=&#8220;default&#8220; global_colors_info=&#8220;{}&#8220; theme_builder_area=&#8220;post_content&#8220;]Intel als Marktf\u00fchrer auf dem Prozessormarkt liefert als technologischer Partner allen LanCologne Produkten das \u201eGehirn\u201c, um unseren Kunden die gr\u00f6\u00dft m\u00f6gliche Performance und Qualit\u00e4t zu bieten.[\/et_pb_text][et_pb_text _builder_version=&#8220;4.27.2&#8243; _module_preset=&#8220;default&#8220; global_colors_info=&#8220;{}&#8220; theme_builder_area=&#8220;post_content&#8220;]Dank der Performance der Intel Prozessoren lernen unsere virtuellen Server das fliegen und begeistern uns gleichzeitig durch die Qualit\u00e4t und Energieeffizienz sowie unsere Kunden durch die Performance und Stabilit\u00e4t.<\/p>\n<p>Das Gleiche gilt ohne Ausnahme f\u00fcr alle angebotenen Intel-Prozessoren in unseren Dedicated Servern.[\/et_pb_text][\/et_pb_column][\/et_pb_row][\/et_pb_section][et_pb_section fb_built=&#8220;1&#8243; admin_label=&#8220;DLE Hero Section 03&#8243; _builder_version=&#8220;4.16&#8243; _module_preset=&#8220;default&#8220; background_color=&#8220;#eeeeee&#8220; background_color_gradient_direction=&#8220;90deg&#8220; background_color_gradient_start=&#8220;#ffffff&#8220; background_color_gradient_end=&#8220;#eeeeee&#8220; overflow-x=&#8220;hidden&#8220; overflow-y=&#8220;hidden&#8220; global_colors_info=&#8220;{}&#8220; theme_builder_area=&#8220;post_content&#8220;][et_pb_row column_structure=&#8220;1_3,1_3,1_3&#8243; use_custom_gutter=&#8220;on&#8220; gutter_width=&#8220;1&#8243; make_equal=&#8220;on&#8220; custom_padding_last_edited=&#8220;on|phone&#8220; _builder_version=&#8220;4.16&#8243; _module_preset=&#8220;2bf67e0b-e8e6-43ad-ab54-f6ea6b5dc769&#8243; use_background_color_gradient=&#8220;on&#8220; background_color_gradient_direction=&#8220;90deg&#8220; background_color_gradient_stops=&#8220;#ffffff 60%|#eeeeee 60%&#8220; background_color_gradient_start=&#8220;#ffffff&#8220; background_color_gradient_start_position=&#8220;60%&#8220; background_color_gradient_end=&#8220;#eeeeee&#8220; background_color_gradient_end_position=&#8220;60%&#8220; custom_padding=&#8220;40px|0px|40px|60px|true|false&#8220; custom_padding_tablet=&#8220;|0px||40px|true|false&#8220; custom_padding_phone=&#8220;30px||30px|30px|true|false&#8220; custom_css_main_element=&#8220;align-items: center;&#8220; global_colors_info=&#8220;{}&#8220; theme_builder_area=&#8220;post_content&#8220;][et_pb_column type=&#8220;1_3&#8243; _builder_version=&#8220;4.16&#8243; _module_preset=&#8220;default&#8220; custom_padding_tablet=&#8220;&#8220; custom_padding_phone=&#8220;&#8220; custom_padding_last_edited=&#8220;on|tablet&#8220; pac_dcm_carousel_specific_module_num=&#8220;0&#8243; global_colors_info=&#8220;{}&#8220; theme_builder_area=&#8220;post_content&#8220;][et_pb_text _builder_version=&#8220;4.27.2&#8243; _module_preset=&#8220;default&#8220; text_text_color=&#8220;#FFFFFF&#8220; text_font_size=&#8220;45px&#8220; header_2_text_align=&#8220;left&#8220; header_2_text_color=&#8220;#000000&#8243; header_2_font_size=&#8220;36px&#8220; global_colors_info=&#8220;{}&#8220; theme_builder_area=&#8220;post_content&#8220;]<\/p>\n<h2><span class=\"gradient-text\">Kleines Format, gro\u00dfes Potenzial<\/span><\/h2>\n<p>[\/et_pb_text][et_pb_text _builder_version=&#8220;4.27.2&#8243; _module_preset=&#8220;default&#8220; global_colors_info=&#8220;{}&#8220; theme_builder_area=&#8220;post_content&#8220;]Das Intel\u00ae NUC ist ein energieeffizienter, voll funktionst\u00fcchtiger PC, der nicht nur zu Ihren Leistungsanforderungen passt, sondern auch auf Ihre Handfl\u00e4che.[\/et_pb_text][\/et_pb_column][et_pb_column type=&#8220;1_3&#8243; _builder_version=&#8220;4.16&#8243; _module_preset=&#8220;default&#8220; pac_dcm_carousel_specific_module_num=&#8220;0&#8243; global_colors_info=&#8220;{}&#8220; theme_builder_area=&#8220;post_content&#8220;][et_pb_image src=&#8220;https:\/\/lancologne.de\/wp-content\/uploads\/2018\/02\/35.jpg&#8220; alt=&#8220;Datenrettungs-Spezialist in K\u00f6ln&#8220; title_text=&#8220;35&#8243; _builder_version=&#8220;4.27.2&#8243; _module_preset=&#8220;default&#8220; positioning=&#8220;relative&#8220; position_origin_a=&#8220;center_left&#8220; position_origin_r=&#8220;top_right&#8220; horizontal_offset=&#8220;-120px&#8220; horizontal_offset_tablet=&#8220;0px&#8220; horizontal_offset_phone=&#8220;0px&#8220; horizontal_offset_last_edited=&#8220;on|tablet&#8220; custom_padding_tablet=&#8220;30px||30px||true|false&#8220; custom_padding_phone=&#8220;30px||30px||true|false&#8220; custom_padding_last_edited=&#8220;on|tablet&#8220; animation_direction=&#8220;bottom&#8220; scroll_vertical_motion_enable=&#8220;on&#8220; scroll_vertical_motion=&#8220;0|50|50|100|1|0|-1&#8243; scroll_fade_enable=&#8220;on&#8220; scroll_fade=&#8220;20|50|50|100|70%|100|100&#8243; scroll_vertical_motion_tablet=&#8220;0|50|50|100|0|0|0&#8243; scroll_vertical_motion_phone=&#8220;0|50|50|100|0|0|0&#8243; scroll_vertical_motion_last_edited=&#8220;on|phone&#8220; border_color_all=&#8220;rgba(0,0,0,0.12)&#8220; box_shadow_style=&#8220;preset3&#8243; global_colors_info=&#8220;{}&#8220; theme_builder_area=&#8220;post_content&#8220;][\/et_pb_image][\/et_pb_column][et_pb_column type=&#8220;1_3&#8243; _builder_version=&#8220;4.16&#8243; _module_preset=&#8220;default&#8220; pac_dcm_carousel_specific_module_num=&#8220;0&#8243; global_colors_info=&#8220;{}&#8220; theme_builder_area=&#8220;post_content&#8220;][et_pb_image src=&#8220;https:\/\/lancologne.de\/wp-content\/uploads\/2018\/02\/intel-nuc-5th-generation-main-large-scaled-1.jpg&#8220; title_text=&#8220;intel-nuc-5th-generation-main-large&#8220; _builder_version=&#8220;4.27.2&#8243; _module_preset=&#8220;default&#8220; positioning=&#8220;relative&#8220; position_origin_r=&#8220;top_right&#8220; horizontal_offset=&#8220;-190px&#8220; horizontal_offset_tablet=&#8220;0px&#8220; horizontal_offset_phone=&#8220;0px&#8220; horizontal_offset_last_edited=&#8220;on|phone&#8220; width=&#8220;100%&#8220; custom_padding=&#8220;60px||||false|false&#8220; custom_padding_tablet=&#8220;30px||||false|false&#8220; custom_padding_phone=&#8220;30px||||false|false&#8220; custom_padding_last_edited=&#8220;on|phone&#8220; scroll_vertical_motion=&#8220;0|50|50|100|1|0|-1&#8243; scroll_horizontal_motion_enable=&#8220;on&#8220; scroll_horizontal_motion=&#8220;0|50|50|100|-1|0|1&#8243; scroll_horizontal_motion_tablet=&#8220;0|50|50|100|0|0|0&#8243; scroll_horizontal_motion_phone=&#8220;0|50|50|100|0|0|0&#8243; scroll_horizontal_motion_last_edited=&#8220;on|tablet&#8220; border_color_all=&#8220;#FFFFFF&#8220; box_shadow_style=&#8220;preset3&#8243; global_colors_info=&#8220;{}&#8220; theme_builder_area=&#8220;post_content&#8220;][\/et_pb_image][\/et_pb_column][\/et_pb_row][\/et_pb_section][et_pb_section fb_built=&#8220;1&#8243; _builder_version=&#8220;4.27.2&#8243; _module_preset=&#8220;default&#8220; global_colors_info=&#8220;{}&#8220; theme_builder_area=&#8220;post_content&#8220;][et_pb_row _builder_version=&#8220;4.27.2&#8243; _module_preset=&#8220;2bf67e0b-e8e6-43ad-ab54-f6ea6b5dc769&#8243; global_colors_info=&#8220;{}&#8220; theme_builder_area=&#8220;post_content&#8220;][et_pb_column type=&#8220;4_4&#8243; _builder_version=&#8220;4.27.2&#8243; _module_preset=&#8220;default&#8220; pac_dcm_carousel_specific_module_num=&#8220;0&#8243; global_colors_info=&#8220;{}&#8220; theme_builder_area=&#8220;post_content&#8220;][et_pb_text _builder_version=&#8220;4.27.2&#8243; _module_preset=&#8220;default&#8220; text_text_color=&#8220;#FFFFFF&#8220; text_font_size=&#8220;45px&#8220; header_2_text_align=&#8220;left&#8220; header_2_text_color=&#8220;#000000&#8243; header_2_font_size=&#8220;36px&#8220; global_colors_info=&#8220;{}&#8220; theme_builder_area=&#8220;post_content&#8220;]<\/p>\n<h2><span class=\"gradient-text\">Die perfekte L\u00f6sung f\u00fcr fast alles<\/span><\/h2>\n<p>[\/et_pb_text][et_pb_text _builder_version=&#8220;4.27.2&#8243; _module_preset=&#8220;default&#8220; global_colors_info=&#8220;{}&#8220; theme_builder_area=&#8220;post_content&#8220;]<\/p>\n<p>Von der Set-Top-Box bis zur Video\u00fcberwachung, vom Home-Entertainment-System bis zu Digital Signage \u2013 f\u00fcr Intel\u00ae NUC muss man keine Anwendungsm\u00f6glichkeit suchen, man muss nur eine ausw\u00e4hlen.<\/p>\n<p>Von Heimkinosystemen bis zu Digital-Signage-L\u00f6sungen: Finden Sie heraus, wie andere das platzsparende Intel\u00ae NUC im privaten oder gesch\u00e4ftlichen Umfeld nutzen.<\/p>\n<p>[\/et_pb_text][\/et_pb_column][\/et_pb_row][et_pb_row column_structure=&#8220;1_2,1_2&#8243; _builder_version=&#8220;4.27.2&#8243; _module_preset=&#8220;2bf67e0b-e8e6-43ad-ab54-f6ea6b5dc769&#8243; global_colors_info=&#8220;{}&#8220; theme_builder_area=&#8220;post_content&#8220;][et_pb_column type=&#8220;1_2&#8243; _builder_version=&#8220;4.27.2&#8243; _module_preset=&#8220;default&#8220; pac_dcm_carousel_specific_module_num=&#8220;0&#8243; global_colors_info=&#8220;{}&#8220; theme_builder_area=&#8220;post_content&#8220;][et_pb_text _builder_version=&#8220;4.27.2&#8243; _module_preset=&#8220;default&#8220; text_font=&#8220;|600|||||||&#8220; text_font_size=&#8220;18px&#8220; global_colors_info=&#8220;{}&#8220; theme_builder_area=&#8220;post_content&#8220;]Quelle &#038; weitere Informationen unter:[\/et_pb_text][et_pb_button button_url=&#8220;http:\/\/www.intel.de\/content\/www\/de\/de\/nuc\/overview.html&#8220; url_new_window=&#8220;on&#8220; button_text=&#8220;Intel&#8220; button_alignment=&#8220;left&#8220; _builder_version=&#8220;4.27.2&#8243; _module_preset=&#8220;default&#8220; custom_button=&#8220;on&#8220; button_text_color=&#8220;#FFFFFF&#8220; button_bg_color=&#8220;#9b2242&#8243; button_border_width=&#8220;0px&#8220; button_border_radius=&#8220;0px&#8220; button_letter_spacing=&#8220;1px&#8220; button_icon=&#8220;&#x24;||divi||400&#8243; custom_margin=&#8220;40px||||false|false&#8220; custom_padding=&#8220;14px|50px|14px|30px|true|false&#8220; custom_padding_tablet=&#8220;14px|50px|14px|30px|true|false&#8220; custom_padding_phone=&#8220;10px|40px|10px|20px|true|false&#8220; custom_padding_last_edited=&#8220;on|phone&#8220; box_shadow_style=&#8220;preset3&#8243; box_shadow_color=&#8220;rgba(0,0,0,0.1)&#8220; locked=&#8220;off&#8220; global_colors_info=&#8220;{}&#8220; button_bg_color__hover_enabled=&#8220;on|desktop&#8220; button_bg_color__hover=&#8220;#000000&#8243; button_bg_enable_color__hover=&#8220;on&#8220; box_shadow_color__hover_enabled=&#8220;on|hover&#8220; box_shadow_color__hover=&#8220;rgba(0,0,0,0.3)&#8220; theme_builder_area=&#8220;post_content&#8220;][\/et_pb_button][\/et_pb_column][et_pb_column type=&#8220;1_2&#8243; _builder_version=&#8220;4.27.2&#8243; _module_preset=&#8220;default&#8220; pac_dcm_carousel_specific_module_num=&#8220;0&#8243; global_colors_info=&#8220;{}&#8220; theme_builder_area=&#8220;post_content&#8220;][\/et_pb_column][\/et_pb_row][\/et_pb_section]<\/p>\n","protected":false},"excerpt":{"rendered":"<p>IntelIntel Qualit\u00e4t und Performance vereint mit Energieeffizienz!Intel als Marktf\u00fchrer auf dem Prozessormarkt liefert als technologischer Partner allen LanCologne Produkten das \u201eGehirn\u201c, um unseren Kunden die gr\u00f6\u00dft m\u00f6gliche Performance und Qualit\u00e4t zu bieten.Dank der Performance der Intel Prozessoren lernen unsere virtuellen Server das fliegen und begeistern uns gleichzeitig durch die Qualit\u00e4t und Energieeffizienz sowie unsere Kunden [&hellip;]<\/p>\n","protected":false},"author":1,"featured_media":0,"parent":0,"menu_order":0,"comment_status":"closed","ping_status":"closed","template":"","meta":{"_et_pb_use_builder":"on","_et_pb_old_content":"","_et_gb_content_width":"","footnotes":""},"class_list":["post-389109","page","type-page","status-publish","hentry"],"_links":{"self":[{"href":"https:\/\/lancologne.de\/da\/wp-json\/wp\/v2\/pages\/389109","targetHints":{"allow":["GET"]}}],"collection":[{"href":"https:\/\/lancologne.de\/da\/wp-json\/wp\/v2\/pages"}],"about":[{"href":"https:\/\/lancologne.de\/da\/wp-json\/wp\/v2\/types\/page"}],"author":[{"embeddable":true,"href":"https:\/\/lancologne.de\/da\/wp-json\/wp\/v2\/users\/1"}],"replies":[{"embeddable":true,"href":"https:\/\/lancologne.de\/da\/wp-json\/wp\/v2\/comments?post=389109"}],"version-history":[{"count":2,"href":"https:\/\/lancologne.de\/da\/wp-json\/wp\/v2\/pages\/389109\/revisions"}],"predecessor-version":[{"id":389111,"href":"https:\/\/lancologne.de\/da\/wp-json\/wp\/v2\/pages\/389109\/revisions\/389111"}],"wp:attachment":[{"href":"https:\/\/lancologne.de\/da\/wp-json\/wp\/v2\/media?parent=389109"}],"curies":[{"name":"wp","href":"https:\/\/api.w.org\/{rel}","templated":true}]}}