{"id":389163,"date":"2024-12-12T08:04:33","date_gmt":"2024-12-12T08:04:33","guid":{"rendered":"https:\/\/staging2.lancologne.de\/?page_id=389163"},"modified":"2024-12-12T08:04:38","modified_gmt":"2024-12-12T08:04:38","slug":"sipgate","status":"publish","type":"page","link":"https:\/\/lancologne.de\/da\/sipgate\/","title":{"rendered":"sipgate"},"content":{"rendered":"<p>[et_pb_section fb_built=&#8220;1&#8243; fullwidth=&#8220;on&#8220; _builder_version=&#8220;4.27.2&#8243; _module_preset=&#8220;default&#8220; global_colors_info=&#8220;{}&#8220; theme_builder_area=&#8220;post_content&#8220;][et_pb_fullwidth_image src=&#8220;https:\/\/lancologne.de\/wp-content\/uploads\/2024\/05\/kv-sipgate.jpg&#8220; title_text=&#8220;kv-sipgate&#8220; _builder_version=&#8220;4.27.2&#8243; _module_preset=&#8220;default&#8220; global_colors_info=&#8220;{}&#8220; theme_builder_area=&#8220;post_content&#8220;][\/et_pb_fullwidth_image][\/et_pb_section][et_pb_section fb_built=&#8220;1&#8243; _builder_version=&#8220;4.27.2&#8243; _module_preset=&#8220;default&#8220; global_colors_info=&#8220;{}&#8220; theme_builder_area=&#8220;post_content&#8220;][et_pb_row _builder_version=&#8220;4.27.2&#8243; _module_preset=&#8220;27172a5d-39e0-460a-8ca0-553f4b88b08c&#8220; global_colors_info=&#8220;{}&#8220; theme_builder_area=&#8220;post_content&#8220;][et_pb_column type=&#8220;4_4&#8243; _builder_version=&#8220;4.27.2&#8243; _module_preset=&#8220;default&#8220; pac_dcm_carousel_specific_module_num=&#8220;0&#8243; global_colors_info=&#8220;{}&#8220; theme_builder_area=&#8220;post_content&#8220;][et_pb_text _builder_version=&#8220;4.27.2&#8243; _module_preset=&#8220;default&#8220; text_text_color=&#8220;#FFFFFF&#8220; text_font_size=&#8220;45px&#8220; header_text_align=&#8220;center&#8220; header_font_size=&#8220;50px&#8220; header_2_text_align=&#8220;center&#8220; header_2_text_color=&#8220;#000000&#8243; header_2_font_size=&#8220;36px&#8220; global_colors_info=&#8220;{}&#8220; theme_builder_area=&#8220;post_content&#8220;]<\/p>\n<h1><span class=\"gradient-text\">sipgate<\/span><\/h1>\n<p>[\/et_pb_text][\/et_pb_column][\/et_pb_row][et_pb_row column_structure=&#8220;1_2,1_2&#8243; _builder_version=&#8220;4.27.2&#8243; _module_preset=&#8220;27172a5d-39e0-460a-8ca0-553f4b88b08c&#8220; background_enable_color=&#8220;off&#8220; global_colors_info=&#8220;{}&#8220; theme_builder_area=&#8220;post_content&#8220;][et_pb_column type=&#8220;1_2&#8243; _builder_version=&#8220;4.27.2&#8243; _module_preset=&#8220;default&#8220; pac_dcm_carousel_specific_module_num=&#8220;0&#8243; global_colors_info=&#8220;{}&#8220; theme_builder_area=&#8220;post_content&#8220;][et_pb_image src=&#8220;https:\/\/lancologne.de\/wp-content\/uploads\/2024\/05\/content-sipgate1.jpg&#8220; title_text=&#8220;content-sipgate1&#8243; _builder_version=&#8220;4.27.2&#8243; _module_preset=&#8220;default&#8220; animation_direction=&#8220;left&#8220; sticky_position=&#8220;top&#8220; sticky_limit_top=&#8220;body&#8220; sticky_limit_bottom=&#8220;row&#8220; global_colors_info=&#8220;{}&#8220; theme_builder_area=&#8220;post_content&#8220;][\/et_pb_image][\/et_pb_column][et_pb_column type=&#8220;1_2&#8243; _builder_version=&#8220;4.27.2&#8243; _module_preset=&#8220;default&#8220; pac_dcm_carousel_specific_module_num=&#8220;0&#8243; global_colors_info=&#8220;{}&#8220; theme_builder_area=&#8220;post_content&#8220;][et_pb_text _builder_version=&#8220;4.27.2&#8243; _module_preset=&#8220;default&#8220; global_colors_info=&#8220;{}&#8220; theme_builder_area=&#8220;post_content&#8220;]Ihr Cloud-Telefonie-Anbieter f\u00fcr zu Hause, unterwegs und das B\u00fcro.<\/p>\n<p>sipgate gibt es seit 2004. Damals waren wir der erste Anbieter von Voice over IP in Deutschland. Die Pioniere der VoIP-Telefonie des Landes sozusagen. Seitdem ist die Schnittstelle zwischen Internet und Telefonie das Terrain, auf dem wir uns bewegen. Und wir bewegen uns schnell! M\u00fcssen wir auch: Schlie\u00dflich erwarten mehrere Hunderttausend sipgate Kund:innen innovative Festnetz- und Mobilfunk-Produkte f\u00fcr zu Hause, unterwegs und das B\u00fcro.[\/et_pb_text][et_pb_text _builder_version=&#8220;4.27.2&#8243; _module_preset=&#8220;default&#8220; text_text_color=&#8220;#FFFFFF&#8220; text_font_size=&#8220;45px&#8220; header_2_text_align=&#8220;left&#8220; header_2_text_color=&#8220;#000000&#8243; header_2_font_size=&#8220;36px&#8220; global_colors_info=&#8220;{}&#8220; theme_builder_area=&#8220;post_content&#8220;]<\/p>\n<h2><span class=\"gradient-text\">Das ist sipgate<\/span><\/h2>\n<p>[\/et_pb_text][et_pb_text _builder_version=&#8220;4.27.2&#8243; _module_preset=&#8220;default&#8220; global_colors_info=&#8220;{}&#8220; theme_builder_area=&#8220;post_content&#8220;]Unsere smarte Telefonanlage bietet Ihnen mehr als 150 Funktionen, mit denen Sie zu Hause, unterwegs und im B\u00fcro effizienter telefonieren.[\/et_pb_text][et_pb_button button_url=&#8220;https:\/\/lancologne.de\/wp-content\/uploads\/2024\/05\/sipgate_team_overview.pdf&#8220; button_text=&#8220;Weitere Informationen&#8220; button_alignment=&#8220;left&#8220; _builder_version=&#8220;4.27.2&#8243; _module_preset=&#8220;default&#8220; custom_button=&#8220;on&#8220; button_text_color=&#8220;#FFFFFF&#8220; button_bg_color=&#8220;#9b2242&#8243; button_border_width=&#8220;0px&#8220; button_border_radius=&#8220;0px&#8220; button_letter_spacing=&#8220;1px&#8220; button_icon=&#8220;&#x24;||divi||400&#8243; custom_margin=&#8220;40px||||false|false&#8220; custom_padding=&#8220;14px|50px|14px|30px|true|false&#8220; custom_padding_tablet=&#8220;14px|50px|14px|30px|true|false&#8220; custom_padding_phone=&#8220;10px|40px|10px|20px|true|false&#8220; custom_padding_last_edited=&#8220;on|phone&#8220; box_shadow_style=&#8220;preset3&#8243; box_shadow_color=&#8220;rgba(0,0,0,0.1)&#8220; locked=&#8220;off&#8220; global_colors_info=&#8220;{}&#8220; button_bg_color__hover_enabled=&#8220;on|desktop&#8220; button_bg_color__hover=&#8220;#000000&#8243; button_bg_enable_color__hover=&#8220;on&#8220; box_shadow_color__hover_enabled=&#8220;on|hover&#8220; box_shadow_color__hover=&#8220;rgba(0,0,0,0.3)&#8220; theme_builder_area=&#8220;post_content&#8220;][\/et_pb_button][\/et_pb_column][\/et_pb_row][\/et_pb_section][et_pb_section fb_built=&#8220;1&#8243; _builder_version=&#8220;4.27.2&#8243; _module_preset=&#8220;default&#8220; global_colors_info=&#8220;{}&#8220; theme_builder_area=&#8220;post_content&#8220;][et_pb_row column_structure=&#8220;1_2,1_2&#8243; _builder_version=&#8220;4.27.2&#8243; _module_preset=&#8220;27172a5d-39e0-460a-8ca0-553f4b88b08c&#8220; global_colors_info=&#8220;{}&#8220; theme_builder_area=&#8220;post_content&#8220;][et_pb_column type=&#8220;1_2&#8243; _builder_version=&#8220;4.27.2&#8243; _module_preset=&#8220;default&#8220; pac_dcm_carousel_specific_module_num=&#8220;0&#8243; global_colors_info=&#8220;{}&#8220; theme_builder_area=&#8220;post_content&#8220;][et_pb_text _builder_version=&#8220;4.27.2&#8243; _module_preset=&#8220;default&#8220; text_text_color=&#8220;#FFFFFF&#8220; text_font_size=&#8220;45px&#8220; header_2_text_align=&#8220;left&#8220; header_2_text_color=&#8220;#000000&#8243; header_2_font_size=&#8220;36px&#8220; global_colors_info=&#8220;{}&#8220; theme_builder_area=&#8220;post_content&#8220;]<\/p>\n<h2><span class=\"gradient-text\">Warum sipgate?<\/span><\/h2>\n<p>[\/et_pb_text][\/et_pb_column][et_pb_column type=&#8220;1_2&#8243; _builder_version=&#8220;4.27.2&#8243; _module_preset=&#8220;default&#8220; pac_dcm_carousel_specific_module_num=&#8220;0&#8243; global_colors_info=&#8220;{}&#8220; theme_builder_area=&#8220;post_content&#8220;][\/et_pb_column][\/et_pb_row][et_pb_row column_structure=&#8220;1_2,1_2&#8243; _builder_version=&#8220;4.27.2&#8243; _module_preset=&#8220;27172a5d-39e0-460a-8ca0-553f4b88b08c&#8220; global_colors_info=&#8220;{}&#8220; theme_builder_area=&#8220;post_content&#8220;][et_pb_column type=&#8220;1_2&#8243; _builder_version=&#8220;4.27.2&#8243; _module_preset=&#8220;default&#8220; pac_dcm_carousel_specific_module_num=&#8220;0&#8243; global_colors_info=&#8220;{}&#8220; theme_builder_area=&#8220;post_content&#8220;][et_pb_blurb title=&#8220;Jahrelange Erfahrung: &#8220; use_icon=&#8220;on&#8220; font_icon=&#8220;&#xe046;||divi||400&#8243; icon_color=&#8220;#9b2242&#8243; icon_placement=&#8220;left&#8220; image_icon_width=&#8220;25px&#8220; _builder_version=&#8220;4.27.3&#8243; _module_preset=&#8220;default&#8220; header_level=&#8220;h3&#8243; header_font_size=&#8220;18px&#8220; module_alignment=&#8220;left&#8220; custom_margin=&#8220;||10px||false|false&#8220; custom_padding=&#8220;||||false|false&#8220; global_colors_info=&#8220;{}&#8220; theme_builder_area=&#8220;post_content&#8220;]<\/p>\n<p>Bereits seit 2004 bieten wir internetbasierte Telefonie an. Damit waren wir wahnsinnig fr\u00fch dran, immerhin machte uns diese Pionierarbeit zu den Vorreitern der Voice-over-IP-Telefonie in Deutschland. Seitdem haben wir sipgate st\u00e4ndig weiterentwickelt. Unser Herzst\u00fcck: Die Cloud-Telefonanlage sipgate mit Mobilfunkintegration, eigener API und zahlreichen CRMIntegrationen f\u00fcr Salesforce, Hubspot, Zendesk und mehr. Und immer noch entwickeln wir uns weiter. Das einst neuartige Experiment ist zu einer stabilen, verl\u00e4sslichen Technologie gewachsen.<\/p>\n<p>[\/et_pb_blurb][et_pb_blurb title=&#8220;Maximale Ausfallsicherheit:&#8220; use_icon=&#8220;on&#8220; font_icon=&#8220;&#xe046;||divi||400&#8243; icon_color=&#8220;#9b2242&#8243; icon_placement=&#8220;left&#8220; image_icon_width=&#8220;25px&#8220; _builder_version=&#8220;4.27.3&#8243; _module_preset=&#8220;default&#8220; header_level=&#8220;h3&#8243; header_font_size=&#8220;18px&#8220; module_alignment=&#8220;left&#8220; custom_margin=&#8220;||10px||false|false&#8220; custom_padding=&#8220;||||false|false&#8220; global_colors_info=&#8220;{}&#8220; theme_builder_area=&#8220;post_content&#8220;]<\/p>\n<p>Safety first: Alle wichtigen Systeme sind bei uns redundant ausgelegt, also mehrfach abgesichert. Und falls das Internet einmal ausfallen sollte, telefonieren sipgate Kund:innen mit der gewohnten B\u00fcronummer und allen Telefonanlagen-Funktionen auf dem Handy weiter. Sie verpassen keinen Anruf und w\u00e4hrend des Gespr\u00e4chs unterscheidet sich nichts vom Festnetz.<\/p>\n<p>[\/et_pb_blurb][et_pb_blurb title=&#8220;24\/7 Entst\u00f6rung:&#8220; use_icon=&#8220;on&#8220; font_icon=&#8220;&#xe046;||divi||400&#8243; icon_color=&#8220;#9b2242&#8243; icon_placement=&#8220;left&#8220; image_icon_width=&#8220;25px&#8220; _builder_version=&#8220;4.27.3&#8243; _module_preset=&#8220;default&#8220; header_level=&#8220;h3&#8243; header_font_size=&#8220;18px&#8220; module_alignment=&#8220;left&#8220; custom_margin=&#8220;||10px||false|false&#8220; custom_padding=&#8220;||||false|false&#8220; global_colors_info=&#8220;{}&#8220; theme_builder_area=&#8220;post_content&#8220;]<\/p>\n<p>Wir investieren viel Zeit und Geld in Ma\u00dfnahmen, dank denen Notf\u00e4lle gar nicht erst passieren, z. B. ausgezeichnetes Monitoring. Dar\u00fcber hinaus sind unsere VoIP-Expert:innen Tag und Nacht erreichbar. Sollte es doch mal richtig ungem\u00fctlich werden, arbeiten wir mit Hochdruck an der L\u00f6sung. \u00dcber den aktuellen St\u00f6rungsstatus informieren wir Sie auf status.sipgate.de und auf twitter.<\/p>\n<p>[\/et_pb_blurb][et_pb_blurb title=&#8220;Alles made in Germany:&#8220; use_icon=&#8220;on&#8220; font_icon=&#8220;&#xe046;||divi||400&#8243; icon_color=&#8220;#9b2242&#8243; icon_placement=&#8220;left&#8220; image_icon_width=&#8220;25px&#8220; _builder_version=&#8220;4.27.3&#8243; _module_preset=&#8220;default&#8220; header_level=&#8220;h3&#8243; header_font_size=&#8220;18px&#8220; module_alignment=&#8220;left&#8220; custom_margin=&#8220;||10px||false|false&#8220; custom_padding=&#8220;||||false|false&#8220; global_colors_info=&#8220;{}&#8220; theme_builder_area=&#8220;post_content&#8220;]<\/p>\n<p>Um die Sicherheit Ihrer Daten sowie um Datenschutz brauchen Sie sich bei sipgate keine Gedanken zu machen. Das hat einfache Gr\u00fcnde: Zum einen haben wir nur einen Firmenstandort in D\u00fcsseldorf. Zum anderen stehen unsere Infrastruktur und Server ausschlie\u00dflich in Deutschland. Somit unterliegt alles der deutschen Rechtsprechung.<\/p>\n<p>[\/et_pb_blurb][\/et_pb_column][et_pb_column type=&#8220;1_2&#8243; _builder_version=&#8220;4.27.2&#8243; _module_preset=&#8220;default&#8220; pac_dcm_carousel_specific_module_num=&#8220;0&#8243; global_colors_info=&#8220;{}&#8220; theme_builder_area=&#8220;post_content&#8220;][et_pb_blurb title=&#8220;Service mit kurzem Dienstweg:&#8220; use_icon=&#8220;on&#8220; font_icon=&#8220;&#xe046;||divi||400&#8243; icon_color=&#8220;#9b2242&#8243; icon_placement=&#8220;left&#8220; image_icon_width=&#8220;25px&#8220; _builder_version=&#8220;4.27.3&#8243; _module_preset=&#8220;default&#8220; header_level=&#8220;h3&#8243; header_font_size=&#8220;18px&#8220; module_alignment=&#8220;left&#8220; custom_margin=&#8220;||10px||false|false&#8220; custom_padding=&#8220;||||false|false&#8220; global_colors_info=&#8220;{}&#8220; theme_builder_area=&#8220;post_content&#8220;]<\/p>\n<p>Infrastruktur, Software und Kundenbetreuung \u2013 bei sipgate kommt alles aus einer Hand. Dadurch k\u00f6nnen wir schnell reagieren und unser Service ist immer up-to-date. Bei Problemen k\u00f6nnen wir direkt nachhaltig helfen. Wenn Sie unsere kostenlose Support-Hotline anrufen, landen Sie bei Menschen, die sipgate in und auswendig kennen. Kundenbetreuer:innen und Entwickler:innen arbeiten dabei Hand in Hand in crossfunktionalen Teams an der L\u00f6sung Ihres Problems.<\/p>\n<p>[\/et_pb_blurb][et_pb_blurb title=&#8220;Zufriedene Kund:innen:&#8220; use_icon=&#8220;on&#8220; font_icon=&#8220;&#xe046;||divi||400&#8243; icon_color=&#8220;#9b2242&#8243; icon_placement=&#8220;left&#8220; image_icon_width=&#8220;25px&#8220; _builder_version=&#8220;4.27.3&#8243; _module_preset=&#8220;default&#8220; header_level=&#8220;h3&#8243; header_font_size=&#8220;18px&#8220; module_alignment=&#8220;left&#8220; custom_margin=&#8220;||10px||false|false&#8220; custom_padding=&#8220;||||false|false&#8220; global_colors_info=&#8220;{}&#8220; theme_builder_area=&#8220;post_content&#8220;]<\/p>\n<p>Wir freuen uns immer \u00fcber Feedback von unseren Kund:innen \u2013 denn so k\u00f6nnen wir uns und unsere Produkte verbessern. An dieser Stelle berichten wir von Unternehmen, die sipgate bereits nutzen und sich bei uns gut aufgehoben f\u00fchlen. Woher wir das wissen? Von ihnen pers\u00f6nlich: www.sipgate.de\/kundinnenstimmenWir verstehen die Beziehung zu unseren Kund:innen als Partnerschaften, in denen wir gemeinsam seit \u00fcber einem Jahrzehnt die Telefoniebranche neu gestalten. Ein weiterer Beweis: Obwohl es bei sipgate weder Vertragsbindung noch sonstige Lock-in-Mechanismen gibt, sind die branchen\u00fcblichen Anbieterwechsel die absolute Ausnahme. Wer einmal zu uns kommt bleibt dauerhaft. Hat wahrscheinlich gute Gr\u00fcnde.<\/p>\n<p>[\/et_pb_blurb][et_pb_blurb title=&#8220;Inhabergef\u00fchrt:&#8220; use_icon=&#8220;on&#8220; font_icon=&#8220;&#xe046;||divi||400&#8243; icon_color=&#8220;#9b2242&#8243; icon_placement=&#8220;left&#8220; image_icon_width=&#8220;25px&#8220; _builder_version=&#8220;4.27.3&#8243; _module_preset=&#8220;default&#8220; header_level=&#8220;h3&#8243; header_font_size=&#8220;18px&#8220; module_alignment=&#8220;left&#8220; custom_margin=&#8220;||10px||false|false&#8220; custom_padding=&#8220;||||false|false&#8220; global_colors_info=&#8220;{}&#8220; theme_builder_area=&#8220;post_content&#8220;]<\/p>\n<p>Was haben Sie davon? Na, zum Beispiel die gesamte Aufmerksamkeit des Unternehmens. Tim Mois und Thilo Salmon f\u00fchren sipgate seit dem ersten Tag. Die Firma finanzierte sich schon immer aus eigenen Mitteln, ohne externe Investor:innen. Das macht sipgate bis heute unabh\u00e4ngig und gibt uns so die Chance, uns einzig auf unsere Kundschaft und eine langfristige Perspektive zu konzentrieren.<\/p>\n<p>[\/et_pb_blurb][\/et_pb_column][\/et_pb_row][et_pb_row column_structure=&#8220;1_2,1_2&#8243; _builder_version=&#8220;4.27.2&#8243; _module_preset=&#8220;27172a5d-39e0-460a-8ca0-553f4b88b08c&#8220; global_colors_info=&#8220;{}&#8220; theme_builder_area=&#8220;post_content&#8220;][et_pb_column type=&#8220;1_2&#8243; _builder_version=&#8220;4.27.2&#8243; _module_preset=&#8220;default&#8220; pac_dcm_carousel_specific_module_num=&#8220;0&#8243; global_colors_info=&#8220;{}&#8220; theme_builder_area=&#8220;post_content&#8220;][et_pb_text _builder_version=&#8220;4.27.2&#8243; _module_preset=&#8220;default&#8220; text_font=&#8220;|600|||||||&#8220; text_font_size=&#8220;18px&#8220; custom_margin=&#8220;50px||||false|false&#8220; global_colors_info=&#8220;{}&#8220; theme_builder_area=&#8220;post_content&#8220;]Quelle &#038; weitere Informationen unter:[\/et_pb_text][et_pb_button button_url=&#8220;https:\/\/sipgate.de\/&#8220; url_new_window=&#8220;on&#8220; button_text=&#8220;sipgate&#8220; button_alignment=&#8220;left&#8220; _builder_version=&#8220;4.27.2&#8243; _module_preset=&#8220;default&#8220; custom_button=&#8220;on&#8220; button_text_color=&#8220;#FFFFFF&#8220; button_bg_color=&#8220;#9b2242&#8243; button_border_width=&#8220;0px&#8220; button_border_radius=&#8220;0px&#8220; button_letter_spacing=&#8220;1px&#8220; button_icon=&#8220;&#x24;||divi||400&#8243; custom_margin=&#8220;40px||||false|false&#8220; custom_padding=&#8220;14px|50px|14px|30px|true|false&#8220; custom_padding_tablet=&#8220;14px|50px|14px|30px|true|false&#8220; custom_padding_phone=&#8220;10px|40px|10px|20px|true|false&#8220; custom_padding_last_edited=&#8220;on|phone&#8220; box_shadow_style=&#8220;preset3&#8243; box_shadow_color=&#8220;rgba(0,0,0,0.1)&#8220; locked=&#8220;off&#8220; global_colors_info=&#8220;{}&#8220; button_bg_color__hover_enabled=&#8220;on|desktop&#8220; button_bg_color__hover=&#8220;#000000&#8243; button_bg_enable_color__hover=&#8220;on&#8220; box_shadow_color__hover_enabled=&#8220;on|hover&#8220; box_shadow_color__hover=&#8220;rgba(0,0,0,0.3)&#8220; theme_builder_area=&#8220;post_content&#8220;][\/et_pb_button][\/et_pb_column][et_pb_column type=&#8220;1_2&#8243; _builder_version=&#8220;4.27.2&#8243; _module_preset=&#8220;default&#8220; pac_dcm_carousel_specific_module_num=&#8220;0&#8243; global_colors_info=&#8220;{}&#8220; theme_builder_area=&#8220;post_content&#8220;][\/et_pb_column][\/et_pb_row][\/et_pb_section]<\/p>\n","protected":false},"excerpt":{"rendered":"<p>sipgateIhr Cloud-Telefonie-Anbieter f\u00fcr zu Hause, unterwegs und das B\u00fcro. sipgate gibt es seit 2004. Damals waren wir der erste Anbieter von Voice over IP in Deutschland. Die Pioniere der VoIP-Telefonie des Landes sozusagen. Seitdem ist die Schnittstelle zwischen Internet und Telefonie das Terrain, auf dem wir uns bewegen. Und wir bewegen uns schnell! M\u00fcssen wir [&hellip;]<\/p>\n","protected":false},"author":1,"featured_media":0,"parent":0,"menu_order":0,"comment_status":"closed","ping_status":"closed","template":"","meta":{"_et_pb_use_builder":"on","_et_pb_old_content":"","_et_gb_content_width":"","footnotes":""},"class_list":["post-389163","page","type-page","status-publish","hentry"],"_links":{"self":[{"href":"https:\/\/lancologne.de\/da\/wp-json\/wp\/v2\/pages\/389163","targetHints":{"allow":["GET"]}}],"collection":[{"href":"https:\/\/lancologne.de\/da\/wp-json\/wp\/v2\/pages"}],"about":[{"href":"https:\/\/lancologne.de\/da\/wp-json\/wp\/v2\/types\/page"}],"author":[{"embeddable":true,"href":"https:\/\/lancologne.de\/da\/wp-json\/wp\/v2\/users\/1"}],"replies":[{"embeddable":true,"href":"https:\/\/lancologne.de\/da\/wp-json\/wp\/v2\/comments?post=389163"}],"version-history":[{"count":2,"href":"https:\/\/lancologne.de\/da\/wp-json\/wp\/v2\/pages\/389163\/revisions"}],"predecessor-version":[{"id":389165,"href":"https:\/\/lancologne.de\/da\/wp-json\/wp\/v2\/pages\/389163\/revisions\/389165"}],"wp:attachment":[{"href":"https:\/\/lancologne.de\/da\/wp-json\/wp\/v2\/media?parent=389163"}],"curies":[{"name":"wp","href":"https:\/\/api.w.org\/{rel}","templated":true}]}}