{"id":389124,"date":"2024-12-11T22:39:00","date_gmt":"2024-12-11T22:39:00","guid":{"rendered":"https:\/\/staging2.lancologne.de\/?page_id=389124"},"modified":"2024-12-12T07:46:06","modified_gmt":"2024-12-12T07:46:06","slug":"lancom","status":"publish","type":"page","link":"https:\/\/lancologne.de\/en\/lancom\/","title":{"rendered":"Lancom"},"content":{"rendered":"<p>[et_pb_section fb_built=&#8220;1&#8243; fullwidth=&#8220;on&#8220; _builder_version=&#8220;4.27.2&#8243; _module_preset=&#8220;default&#8220; global_colors_info=&#8220;{}&#8220;][et_pb_fullwidth_image src=&#8220;https:\/\/lancologne.de\/wp-content\/uploads\/2018\/02\/head-partner-lancom.jpg&#8220; title_text=&#8220;head-partner-lancom&#8220; _builder_version=&#8220;4.27.2&#8243; _module_preset=&#8220;default&#8220; global_colors_info=&#8220;{}&#8220;][\/et_pb_fullwidth_image][\/et_pb_section][et_pb_section fb_built=&#8220;1&#8243; _builder_version=&#8220;4.27.2&#8243; _module_preset=&#8220;default&#8220; global_colors_info=&#8220;{}&#8220;][et_pb_row _builder_version=&#8220;4.27.2&#8243; _module_preset=&#8220;f3ca44b8-bd8a-4a2a-a974-cf0912524604&#8243; global_colors_info=&#8220;{}&#8220;][et_pb_column type=&#8220;4_4&#8243; _builder_version=&#8220;4.27.2&#8243; _module_preset=&#8220;default&#8220; pac_dcm_carousel_specific_module_num=&#8220;0&#8243; global_colors_info=&#8220;{}&#8220;][et_pb_text _builder_version=&#8220;4.27.2&#8243; _module_preset=&#8220;default&#8220; text_text_color=&#8220;#FFFFFF&#8220; text_font_size=&#8220;45px&#8220; header_text_align=&#8220;center&#8220; header_font_size=&#8220;50px&#8220; header_2_text_align=&#8220;center&#8220; header_2_text_color=&#8220;#000000&#8243; header_2_font_size=&#8220;36px&#8220; global_colors_info=&#8220;{}&#8220;]<\/p>\n<h1><span class=\"gradient-text\">Lancom<\/span><\/h1>\n<p>[\/et_pb_text][\/et_pb_column][\/et_pb_row][et_pb_row column_structure=&#8220;1_2,1_2&#8243; _builder_version=&#8220;4.27.2&#8243; _module_preset=&#8220;f3ca44b8-bd8a-4a2a-a974-cf0912524604&#8243; background_enable_color=&#8220;off&#8220; global_colors_info=&#8220;{}&#8220;][et_pb_column type=&#8220;1_2&#8243; _builder_version=&#8220;4.27.2&#8243; _module_preset=&#8220;default&#8220; pac_dcm_carousel_specific_module_num=&#8220;0&#8243; global_colors_info=&#8220;{}&#8220;][et_pb_image src=&#8220;https:\/\/lancologne.de\/wp-content\/uploads\/2018\/02\/content-partner-lancom-scaled-1.jpg&#8220; title_text=&#8220;content-partner-lancom&#8220; _builder_version=&#8220;4.27.2&#8243; _module_preset=&#8220;default&#8220; animation_direction=&#8220;left&#8220; sticky_position=&#8220;top&#8220; sticky_limit_top=&#8220;body&#8220; sticky_limit_bottom=&#8220;row&#8220; global_colors_info=&#8220;{}&#8220;][\/et_pb_image][\/et_pb_column][et_pb_column type=&#8220;1_2&#8243; _builder_version=&#8220;4.27.2&#8243; _module_preset=&#8220;default&#8220; pac_dcm_carousel_specific_module_num=&#8220;0&#8243; global_colors_info=&#8220;{}&#8220;][et_pb_text _builder_version=&#8220;4.27.2&#8243; _module_preset=&#8220;default&#8220; global_colors_info=&#8220;{}&#8220;]LANCOM Systems ist f\u00fchrender deutscher Hersteller zuverl\u00e4ssiger und innovativer Netzwerkl\u00f6sungen f\u00fcr Gesch\u00e4ftskunden und Institutionen. Als Spezialist f\u00fcr L\u00f6sungen rund um die hochsichere Standortvernetzung (VPN) von Unternehmen und Beh\u00f6rden sowie drahtlose Netzwerke (Wireless LAN) f\u00fcr \u00f6ffentliche und unternehmensinterne Anwendungen hat LANCOM Systems sich zu einem Top-Anbieter in Europa entwickelt.[\/et_pb_text][et_pb_text _builder_version=&#8220;4.27.2&#8243; _module_preset=&#8220;default&#8220; text_text_color=&#8220;#FFFFFF&#8220; text_font_size=&#8220;45px&#8220; header_2_text_align=&#8220;left&#8220; header_2_text_color=&#8220;#000000&#8243; header_2_font_size=&#8220;36px&#8220; global_colors_info=&#8220;{}&#8220;]<\/p>\n<h2><span class=\"gradient-text\">Was tut LANCOM?<\/span><\/h2>\n<p>[\/et_pb_text][et_pb_text _builder_version=&#8220;4.27.2&#8243; _module_preset=&#8220;default&#8220; global_colors_info=&#8220;{}&#8220;]Die vielfach ausgezeichneten Produkte und L\u00f6sungen von LANCOM Systems sind seit mehr als 15 Jahren erfolgreich am Markt pr\u00e4sent, \u00fcber eine Million Produkte wurden bereits im Markt installiert. In Deutschland geh\u00f6rt LANCOM Systems schon zu den TOP Anbietern im Router- und Wireless LAN Fachhandelssegment.<\/p>\n<p>Die LANCOM Systems GmbH hat ihren Sitz in W\u00fcrselen bei Aachen und unterh\u00e4lt Vertriebsb\u00fcros in M\u00fcnchen, Barcelona und Amsterdam.<\/p>\n<p>Traditionell werden sowohl Hardware als auch Software aller LANCOM Produkte in Deutschland entwickelt und getestet. Ebenso erfolgt die Fertigung bis auf wenige Ausnahmen ausschlie\u00dflich in Deutschland. Dabei finden Anregungen von Kunden genauso Eingang in die Konzeption neuer Produkte wie die Besonderheiten des deutschen und europ\u00e4ischen Marktes.<\/p>\n<p>Wie das LANCOM Systems eigene Betriebssystem LCOS sind auch die Management Systeme von LANCOM Systems selbst entwickelt und sichern eine hohe, durchg\u00e4ngige Benutzerfreundlichekeit \u2013 f\u00fcr jedermann \u2013 \u00fcber die gesamte Produktpalette hinweg. \u00dcber den kostenfreien Update-Service stellt LANCOM Systems regelm\u00e4\u00dfig neue Funktionen und aktualisierte Software zur Verf\u00fcgung, und das sogar f\u00fcr fr\u00fchere Produkte.<\/p>\n<p>Produktnachfolger werden so konzipiert, dass der Umstieg von existierenden Produkten so einfach wie m\u00f6glich erfolgen kann.<\/p>\n<p>Zusammen mit langen Produktlebenszyklen gew\u00e4hrt LANCOM Systems seinen  Kunden so einen einzigartigen Investitionsschutz f\u00fcr ihre Investments in Schulungen und insinstallierte Systeme.<\/p>\n<p>Dar\u00fcber hinaus gibt LANCOM Systems ihnen die Sicherheit, dass Anpassungen an neue Anforderungen schnell und zuverl\u00e4ssig integriert werden k\u00f6nnen und helfen ihnen, ihre Gesch\u00e4ftsprozesse flexibler und effizienter zu gestalten und somit Zeitaufwand und Kosten signifikant senken zu k\u00f6nnen.<\/p>\n<p>Jedes Unternehmen stellt individuelle Anforderungen an seine Kommunikationsinfrastruktur.<\/p>\n<p>Lancom Systems bietet professionelle Kommunikationsl\u00f6sungen f\u00fcr alle Anforderungen:<br \/>\nVom sicheren Internet-Zugang \u00fcber flexible Funknetze,  sichere Standortvernetzung und Vo-IP bis hin zu einer vollst\u00e4ndig optimierten Kommunikationslandschaft mit Elementen aus allen L\u00f6sungsbereichen.<\/p>\n<p>Sie suchen eine pers\u00f6nliche Beratung  vor Ort?<\/p>\n<p>Dann rufen Sie uns einfach an. Als Lancom Qualified Partner sind wir \u00fcber alle Produktneuheiten und alle bestehenden Produktdetails bestens Informiert.  Ebenso bieten wir f\u00fcr sie einen schnellst m\u00f6glichsten Support und das an 365 Tagen im Jahr rund um die Uhr.[\/et_pb_text][\/et_pb_column][\/et_pb_row][\/et_pb_section][et_pb_section fb_built=&#8220;1&#8243; _builder_version=&#8220;4.27.2&#8243; _module_preset=&#8220;default&#8220; global_colors_info=&#8220;{}&#8220;][et_pb_row _builder_version=&#8220;4.27.2&#8243; _module_preset=&#8220;f3ca44b8-bd8a-4a2a-a974-cf0912524604&#8243; global_colors_info=&#8220;{}&#8220;][et_pb_column type=&#8220;4_4&#8243; _builder_version=&#8220;4.27.2&#8243; _module_preset=&#8220;default&#8220; pac_dcm_carousel_specific_module_num=&#8220;0&#8243; global_colors_info=&#8220;{}&#8220;][et_pb_text _builder_version=&#8220;4.27.2&#8243; _module_preset=&#8220;default&#8220; text_font=&#8220;|600|||||||&#8220; text_font_size=&#8220;18px&#8220; global_colors_info=&#8220;{}&#8220;]Quelle &#038; weitere Informationen unter:[\/et_pb_text][et_pb_button button_url=&#8220;http:\/\/www.lancom.de\/&#8220; url_new_window=&#8220;on&#8220; button_text=&#8220;Lancom systems&#8220; button_alignment=&#8220;left&#8220; _builder_version=&#8220;4.27.2&#8243; _module_preset=&#8220;default&#8220; custom_button=&#8220;on&#8220; button_text_color=&#8220;#FFFFFF&#8220; button_bg_color=&#8220;#9b2242&#8243; button_border_width=&#8220;0px&#8220; button_border_radius=&#8220;0px&#8220; button_letter_spacing=&#8220;1px&#8220; button_icon=&#8220;&#x24;||divi||400&#8243; custom_margin=&#8220;40px||||false|false&#8220; custom_padding=&#8220;14px|50px|14px|30px|true|false&#8220; custom_padding_tablet=&#8220;14px|50px|14px|30px|true|false&#8220; custom_padding_phone=&#8220;10px|40px|10px|20px|true|false&#8220; custom_padding_last_edited=&#8220;on|phone&#8220; box_shadow_style=&#8220;preset3&#8243; box_shadow_color=&#8220;rgba(0,0,0,0.1)&#8220; locked=&#8220;off&#8220; global_colors_info=&#8220;{}&#8220; button_bg_color__hover_enabled=&#8220;on|desktop&#8220; button_bg_color__hover=&#8220;#000000&#8243; button_bg_enable_color__hover=&#8220;on&#8220; box_shadow_color__hover_enabled=&#8220;on|hover&#8220; box_shadow_color__hover=&#8220;rgba(0,0,0,0.3)&#8220;][\/et_pb_button][\/et_pb_column][\/et_pb_row][\/et_pb_section]<\/p>\n","protected":false},"excerpt":{"rendered":"<p>LancomLANCOM Systems ist f\u00fchrender deutscher Hersteller zuverl\u00e4ssiger und innovativer Netzwerkl\u00f6sungen f\u00fcr Gesch\u00e4ftskunden und Institutionen. Als Spezialist f\u00fcr L\u00f6sungen rund um die hochsichere Standortvernetzung (VPN) von Unternehmen und Beh\u00f6rden sowie drahtlose Netzwerke (Wireless LAN) f\u00fcr \u00f6ffentliche und unternehmensinterne Anwendungen hat LANCOM Systems sich zu einem Top-Anbieter in Europa entwickelt.Was tut LANCOM?Die vielfach ausgezeichneten Produkte und L\u00f6sungen [&hellip;]<\/p>\n","protected":false},"author":1,"featured_media":0,"parent":0,"menu_order":0,"comment_status":"closed","ping_status":"closed","template":"","meta":{"_et_pb_use_builder":"on","_et_pb_old_content":"","_et_gb_content_width":"","footnotes":""},"class_list":["post-389124","page","type-page","status-publish","hentry"],"_links":{"self":[{"href":"https:\/\/lancologne.de\/en\/wp-json\/wp\/v2\/pages\/389124","targetHints":{"allow":["GET"]}}],"collection":[{"href":"https:\/\/lancologne.de\/en\/wp-json\/wp\/v2\/pages"}],"about":[{"href":"https:\/\/lancologne.de\/en\/wp-json\/wp\/v2\/types\/page"}],"author":[{"embeddable":true,"href":"https:\/\/lancologne.de\/en\/wp-json\/wp\/v2\/users\/1"}],"replies":[{"embeddable":true,"href":"https:\/\/lancologne.de\/en\/wp-json\/wp\/v2\/comments?post=389124"}],"version-history":[{"count":3,"href":"https:\/\/lancologne.de\/en\/wp-json\/wp\/v2\/pages\/389124\/revisions"}],"predecessor-version":[{"id":389127,"href":"https:\/\/lancologne.de\/en\/wp-json\/wp\/v2\/pages\/389124\/revisions\/389127"}],"wp:attachment":[{"href":"https:\/\/lancologne.de\/en\/wp-json\/wp\/v2\/media?parent=389124"}],"curies":[{"name":"wp","href":"https:\/\/api.w.org\/{rel}","templated":true}]}}