{"id":389205,"date":"2024-12-12T08:22:34","date_gmt":"2024-12-12T08:22:34","guid":{"rendered":"https:\/\/staging2.lancologne.de\/?page_id=389205"},"modified":"2024-12-12T08:23:14","modified_gmt":"2024-12-12T08:23:14","slug":"zyxel","status":"publish","type":"page","link":"https:\/\/lancologne.de\/en\/zyxel\/","title":{"rendered":"Zyxel"},"content":{"rendered":"<p>[et_pb_section fb_built=&#8220;1&#8243; fullwidth=&#8220;on&#8220; _builder_version=&#8220;4.27.2&#8243; _module_preset=&#8220;default&#8220; global_colors_info=&#8220;{}&#8220; theme_builder_area=&#8220;post_content&#8220;][et_pb_fullwidth_image src=&#8220;https:\/\/lancologne.de\/wp-content\/uploads\/2018\/02\/head-partner-zyxel.jpg&#8220; title_text=&#8220;head-partner-zyxel&#8220; _builder_version=&#8220;4.27.4&#8243; _module_preset=&#8220;default&#8220; global_colors_info=&#8220;{}&#8220; theme_builder_area=&#8220;post_content&#8220;][\/et_pb_fullwidth_image][\/et_pb_section][et_pb_section fb_built=&#8220;1&#8243; _builder_version=&#8220;4.27.2&#8243; _module_preset=&#8220;default&#8220; global_colors_info=&#8220;{}&#8220; theme_builder_area=&#8220;post_content&#8220;][et_pb_row _builder_version=&#8220;4.27.2&#8243; _module_preset=&#8220;5390d5fb-ecfd-47e0-b19e-0f30b23b150a&#8220; global_colors_info=&#8220;{}&#8220; theme_builder_area=&#8220;post_content&#8220;][et_pb_column type=&#8220;4_4&#8243; _builder_version=&#8220;4.27.2&#8243; _module_preset=&#8220;default&#8220; pac_dcm_carousel_specific_module_num=&#8220;0&#8243; global_colors_info=&#8220;{}&#8220; theme_builder_area=&#8220;post_content&#8220;][et_pb_text _builder_version=&#8220;4.27.4&#8243; _module_preset=&#8220;default&#8220; text_text_color=&#8220;#FFFFFF&#8220; text_font_size=&#8220;45px&#8220; header_text_align=&#8220;center&#8220; header_font_size=&#8220;50px&#8220; header_2_text_align=&#8220;center&#8220; header_2_text_color=&#8220;#000000&#8243; header_2_font_size=&#8220;36px&#8220; global_colors_info=&#8220;{}&#8220; theme_builder_area=&#8220;post_content&#8220;]<\/p>\n<h1><span class=\"gradient-text\">ZyXEL<\/span><\/h1>\n<p>[\/et_pb_text][\/et_pb_column][\/et_pb_row][et_pb_row column_structure=&#8220;1_2,1_2&#8243; _builder_version=&#8220;4.27.2&#8243; _module_preset=&#8220;5390d5fb-ecfd-47e0-b19e-0f30b23b150a&#8220; background_enable_color=&#8220;off&#8220; global_colors_info=&#8220;{}&#8220; theme_builder_area=&#8220;post_content&#8220;][et_pb_column type=&#8220;1_2&#8243; _builder_version=&#8220;4.27.2&#8243; _module_preset=&#8220;default&#8220; pac_dcm_carousel_specific_module_num=&#8220;0&#8243; global_colors_info=&#8220;{}&#8220; theme_builder_area=&#8220;post_content&#8220;][et_pb_image src=&#8220;https:\/\/lancologne.de\/wp-content\/uploads\/2018\/02\/zyxel_wac6553d-e_4771-e1519051651433.jpg&#8220; title_text=&#8220;zyxel_wac6553d-e_4771&#8243; _builder_version=&#8220;4.27.4&#8243; _module_preset=&#8220;default&#8220; animation_direction=&#8220;left&#8220; sticky_position=&#8220;top&#8220; sticky_limit_top=&#8220;body&#8220; sticky_limit_bottom=&#8220;row&#8220; global_colors_info=&#8220;{}&#8220; theme_builder_area=&#8220;post_content&#8220;][\/et_pb_image][\/et_pb_column][et_pb_column type=&#8220;1_2&#8243; _builder_version=&#8220;4.27.2&#8243; _module_preset=&#8220;default&#8220; pac_dcm_carousel_specific_module_num=&#8220;0&#8243; global_colors_info=&#8220;{}&#8220; theme_builder_area=&#8220;post_content&#8220;][et_pb_text _builder_version=&#8220;4.27.4&#8243; _module_preset=&#8220;default&#8220; global_colors_info=&#8220;{}&#8220; theme_builder_area=&#8220;post_content&#8220;]Wenn kleine und mittlere Unternehmen mobile Konnektivit\u00e4t implementieren wollen, hat sich Wireless LAN als vorteilhafte Wahl erwiesen und inzwischen auch seine Stabilit\u00e4t unter Beweis gestellt. Aspekte des ZyXEL-Mehrwerts sind die Stabilit\u00e4t und innovative Struktur. Unternehmen erhalten somit skalierbare und multifunktionale WLAN-L\u00f6sungen.[\/et_pb_text][et_pb_text _builder_version=&#8220;4.27.4&#8243; _module_preset=&#8220;default&#8220; global_colors_info=&#8220;{}&#8220; theme_builder_area=&#8220;post_content&#8220;]Das umfangreiche Portfolio von ZyXEL mit Standalone, Unified\/Unified Pro und Controller-verwalteten Access Points erf\u00fcllt jeden Bedarf in jeder Umgebung. Die Access Points von ZyXEL f\u00fcr Deckenmontage, Aufputz-Kabelkan\u00e4le und sogar f\u00fcr den Au\u00dfenbereich bieten optimale WLAN-Erweiterung und -Abdeckung.[\/et_pb_text][\/et_pb_column][\/et_pb_row][\/et_pb_section][et_pb_section fb_built=&#8220;1&#8243; _builder_version=&#8220;4.27.2&#8243; _module_preset=&#8220;default&#8220; custom_margin=&#8220;||||false|false&#8220; custom_padding=&#8220;||||false|false&#8220; global_colors_info=&#8220;{}&#8220; theme_builder_area=&#8220;post_content&#8220;][et_pb_row column_structure=&#8220;1_2,1_2&#8243; use_custom_gutter=&#8220;on&#8220; gutter_width=&#8220;2&#8243; make_equal=&#8220;on&#8220; _builder_version=&#8220;4.27.2&#8243; _module_preset=&#8220;5390d5fb-ecfd-47e0-b19e-0f30b23b150a&#8220; background_enable_color=&#8220;off&#8220; use_background_color_gradient=&#8220;on&#8220; background_color_gradient_direction=&#8220;90deg&#8220; background_color_gradient_stops=&#8220;#ffffff 0%|#ffffff 20%|rgba(237,237,237,0.6) 20%|#ededed 100%&#8220; custom_padding=&#8220;5%|2%|5%|2%|true|true&#8220; custom_css_free_form=&#8220;.selector {||  display: flex;||  align-items: center;||}&#8220; global_colors_info=&#8220;{}&#8220; theme_builder_area=&#8220;post_content&#8220;][et_pb_column type=&#8220;1_2&#8243; _builder_version=&#8220;4.27.2&#8243; _module_preset=&#8220;default&#8220; pac_dcm_carousel_specific_module_num=&#8220;0&#8243; global_colors_info=&#8220;{}&#8220; theme_builder_area=&#8220;post_content&#8220;][et_pb_image src=&#8220;https:\/\/lancologne.de\/wp-content\/uploads\/2018\/02\/zyxel_nxc5500_4660-e1519051725317.jpg&#8220; title_text=&#8220;zyxel_nxc5500_4660&#8243; _builder_version=&#8220;4.27.4&#8243; _module_preset=&#8220;default&#8220; animation_style=&#8220;zoom&#8220; animation_direction=&#8220;bottom&#8220; animation_intensity_zoom=&#8220;10%&#8220; animation_starting_opacity=&#8220;50%&#8220; global_colors_info=&#8220;{}&#8220; theme_builder_area=&#8220;post_content&#8220;][\/et_pb_image][\/et_pb_column][et_pb_column type=&#8220;1_2&#8243; _builder_version=&#8220;4.27.2&#8243; _module_preset=&#8220;default&#8220; background_enable_color=&#8220;off&#8220; pac_dcm_carousel_specific_module_num=&#8220;0&#8243; global_colors_info=&#8220;{}&#8220; theme_builder_area=&#8220;post_content&#8220;][et_pb_text _builder_version=&#8220;4.27.4&#8243; _module_preset=&#8220;default&#8220; global_colors_info=&#8220;{}&#8220; theme_builder_area=&#8220;post_content&#8220;]Internetzugang f\u00fcr mobile Ger\u00e4te ist \u00e4u\u00dferst gefragt. Damit werden WLANs mit hoher Skalierbarkeit und zentralisiertem Management f\u00fcr die Implementierung von Wireless-Ger\u00e4ten notwendig. Der NXC5500 von ZyXEL, ein WLAN-Controller der n\u00e4chsten Generation, ist in der Lage, Netzwerke flexibel zu erweitern und verschiedene Implementierungsanforderungen mit ausgezeichneter AP-Kompatibilit\u00e4t zu erf\u00fcllen. Au\u00dferdem kann der NXC5500 das WLAN-Management zentralisieren, um Zusatzaufwand zu verringern. Der NXC5500 ist einfach in der Bedienung und skalierbar. Hotels, Bildungsinstitutionen, Warenhausketten sowie kleine und mittlere Unternehmen k\u00f6nnen Netzwerkl\u00f6sungen konfigurieren, die ihre speziellen Anforderungen erf\u00fcllen.[\/et_pb_text][et_pb_text _builder_version=&#8220;4.27.2&#8243; _module_preset=&#8220;default&#8220; text_font=&#8220;|600|||||||&#8220; text_font_size=&#8220;18px&#8220; global_colors_info=&#8220;{}&#8220; theme_builder_area=&#8220;post_content&#8220;]Quelle &#038; weitere Informationen unter:[\/et_pb_text][et_pb_button button_url=&#8220;http:\/\/www.zyxel.com\/de\/de\/products_services\/smb-wlan_aps_and_controllers.shtml?t=c&#8220; url_new_window=&#8220;on&#8220; button_text=&#8220;ZyXEL&#8220; button_alignment=&#8220;left&#8220; _builder_version=&#8220;4.27.4&#8243; _module_preset=&#8220;default&#8220; custom_button=&#8220;on&#8220; button_text_color=&#8220;#FFFFFF&#8220; button_bg_color=&#8220;#9b2242&#8243; button_border_width=&#8220;0px&#8220; button_border_radius=&#8220;0px&#8220; button_letter_spacing=&#8220;1px&#8220; button_icon=&#8220;&#x24;||divi||400&#8243; custom_margin=&#8220;40px||||false|false&#8220; custom_padding=&#8220;14px|50px|14px|30px|true|false&#8220; custom_padding_tablet=&#8220;14px|50px|14px|30px|true|false&#8220; custom_padding_phone=&#8220;10px|40px|10px|20px|true|false&#8220; custom_padding_last_edited=&#8220;on|phone&#8220; box_shadow_style=&#8220;preset3&#8243; box_shadow_color=&#8220;rgba(0,0,0,0.1)&#8220; locked=&#8220;off&#8220; global_colors_info=&#8220;{}&#8220; button_bg_color__hover_enabled=&#8220;on|desktop&#8220; button_bg_color__hover=&#8220;#000000&#8243; button_bg_enable_color__hover=&#8220;on&#8220; box_shadow_color__hover_enabled=&#8220;on|hover&#8220; box_shadow_color__hover=&#8220;rgba(0,0,0,0.3)&#8220; theme_builder_area=&#8220;post_content&#8220;][\/et_pb_button][\/et_pb_column][\/et_pb_row][\/et_pb_section]<\/p>\n","protected":false},"excerpt":{"rendered":"<p>ZyXELWenn kleine und mittlere Unternehmen mobile Konnektivit\u00e4t implementieren wollen, hat sich Wireless LAN als vorteilhafte Wahl erwiesen und inzwischen auch seine Stabilit\u00e4t unter Beweis gestellt. Aspekte des ZyXEL-Mehrwerts sind die Stabilit\u00e4t und innovative Struktur. Unternehmen erhalten somit skalierbare und multifunktionale WLAN-L\u00f6sungen.Das umfangreiche Portfolio von ZyXEL mit Standalone, Unified\/Unified Pro und Controller-verwalteten Access Points erf\u00fcllt jeden [&hellip;]<\/p>\n","protected":false},"author":1,"featured_media":0,"parent":0,"menu_order":0,"comment_status":"closed","ping_status":"closed","template":"","meta":{"_et_pb_use_builder":"on","_et_pb_old_content":"","_et_gb_content_width":"","footnotes":""},"class_list":["post-389205","page","type-page","status-publish","hentry"],"_links":{"self":[{"href":"https:\/\/lancologne.de\/en\/wp-json\/wp\/v2\/pages\/389205","targetHints":{"allow":["GET"]}}],"collection":[{"href":"https:\/\/lancologne.de\/en\/wp-json\/wp\/v2\/pages"}],"about":[{"href":"https:\/\/lancologne.de\/en\/wp-json\/wp\/v2\/types\/page"}],"author":[{"embeddable":true,"href":"https:\/\/lancologne.de\/en\/wp-json\/wp\/v2\/users\/1"}],"replies":[{"embeddable":true,"href":"https:\/\/lancologne.de\/en\/wp-json\/wp\/v2\/comments?post=389205"}],"version-history":[{"count":2,"href":"https:\/\/lancologne.de\/en\/wp-json\/wp\/v2\/pages\/389205\/revisions"}],"predecessor-version":[{"id":389207,"href":"https:\/\/lancologne.de\/en\/wp-json\/wp\/v2\/pages\/389205\/revisions\/389207"}],"wp:attachment":[{"href":"https:\/\/lancologne.de\/en\/wp-json\/wp\/v2\/media?parent=389205"}],"curies":[{"name":"wp","href":"https:\/\/api.w.org\/{rel}","templated":true}]}}