{"id":389074,"date":"2024-12-11T22:16:43","date_gmt":"2024-12-11T22:16:43","guid":{"rendered":"https:\/\/staging2.lancologne.de\/?page_id=389074"},"modified":"2024-12-24T12:37:02","modified_gmt":"2024-12-24T11:37:02","slug":"especialista-en-recuperacion-de-datos-en-colonia","status":"publish","type":"page","link":"https:\/\/lancologne.de\/es\/especialista-en-recuperacion-de-datos-en-colonia\/","title":{"rendered":"Recuperaci\u00f3n de datos"},"content":{"rendered":"<p>[et_pb_section fb_built=&#8220;1&#8243; fullwidth=&#8220;on&#8220; _builder_version=&#8220;4.27.2&#8243; _module_preset=&#8220;default&#8220; global_colors_info=&#8220;{}&#8220;][et_pb_fullwidth_image src=&#8220;https:\/\/lancologne.de\/wp-content\/uploads\/2018\/02\/head-backup.jpg&#8220; alt=&#8220;Datenrettungs-Spezialist in K\u00f6ln&#8220; title_text=&#8220;head-backup&#8220; _builder_version=&#8220;4.27.4&#8243; _module_preset=&#8220;default&#8220; custom_css_free_form=&#8220;.selector {||  display: flex;||  align-items: center;||}||||.selector img {||  margin: 0 auto;||}&#8220; global_colors_info=&#8220;{}&#8220;][\/et_pb_fullwidth_image][\/et_pb_section][et_pb_section fb_built=&#8220;1&#8243; _builder_version=&#8220;4.27.2&#8243; _module_preset=&#8220;default&#8220; background_color=&#8220;#9b2242&#8243; custom_padding=&#8220;30px||30px||true|false&#8220; global_colors_info=&#8220;{}&#8220;][et_pb_row _builder_version=&#8220;4.27.2&#8243; _module_preset=&#8220;c009be60-61be-4e33-9a66-3fea82a6290f&#8220; global_colors_info=&#8220;{}&#8220;][et_pb_column type=&#8220;4_4&#8243; _builder_version=&#8220;4.27.2&#8243; _module_preset=&#8220;default&#8220; pac_dcm_carousel_specific_module_num=&#8220;0&#8243; global_colors_info=&#8220;{}&#8220;][et_pb_text _builder_version=&#8220;4.27.2&#8243; _module_preset=&#8220;default&#8220; header_3_text_align=&#8220;center&#8220; header_3_text_color=&#8220;#FFFFFF&#8220; global_colors_info=&#8220;{}&#8220;]<\/p>\n<h3>Daten weg? Keine Panik! Wir sind unter\u00a0<a href=\"tel:004922164306610\">0221\u00a064306610<\/a>\u00a0erreichbar.<\/h3>\n<h3>Schildern Sie uns Ihr Problem!<\/h3>\n<p>[\/et_pb_text][\/et_pb_column][\/et_pb_row][\/et_pb_section][et_pb_section fb_built=&#8220;1&#8243; _builder_version=&#8220;4.27.2&#8243; _module_preset=&#8220;default&#8220; global_colors_info=&#8220;{}&#8220;][et_pb_row _builder_version=&#8220;4.27.2&#8243; _module_preset=&#8220;c009be60-61be-4e33-9a66-3fea82a6290f&#8220; global_colors_info=&#8220;{}&#8220;][et_pb_column type=&#8220;4_4&#8243; _builder_version=&#8220;4.27.2&#8243; _module_preset=&#8220;default&#8220; pac_dcm_carousel_specific_module_num=&#8220;0&#8243; global_colors_info=&#8220;{}&#8220;][et_pb_text _builder_version=&#8220;4.27.2&#8243; _module_preset=&#8220;default&#8220; text_text_color=&#8220;#FFFFFF&#8220; text_font_size=&#8220;45px&#8220; header_text_align=&#8220;center&#8220; header_font_size=&#8220;50px&#8220; header_2_text_align=&#8220;center&#8220; header_2_text_color=&#8220;#000000&#8243; header_2_font_size=&#8220;36px&#8220; global_colors_info=&#8220;{}&#8220;]<\/p>\n<h1><span class=\"gradient-text\">Datenrettung<\/span><\/h1>\n<p>[\/et_pb_text][\/et_pb_column][\/et_pb_row][et_pb_row column_structure=&#8220;1_2,1_2&#8243; _builder_version=&#8220;4.27.2&#8243; _module_preset=&#8220;c009be60-61be-4e33-9a66-3fea82a6290f&#8220; background_enable_color=&#8220;off&#8220; global_colors_info=&#8220;{}&#8220;][et_pb_column type=&#8220;1_2&#8243; _builder_version=&#8220;4.27.2&#8243; _module_preset=&#8220;default&#8220; pac_dcm_carousel_specific_module_num=&#8220;0&#8243; global_colors_info=&#8220;{}&#8220;][et_pb_image src=&#8220;https:\/\/lancologne.de\/wp-content\/uploads\/2023\/01\/content-datenrettung.jpg&#8220; title_text=&#8220;content-datenrettung&#8220; _builder_version=&#8220;4.27.2&#8243; _module_preset=&#8220;default&#8220; animation_direction=&#8220;left&#8220; sticky_position=&#8220;top&#8220; sticky_limit_top=&#8220;body&#8220; sticky_limit_bottom=&#8220;row&#8220; global_colors_info=&#8220;{}&#8220;][\/et_pb_image][\/et_pb_column][et_pb_column type=&#8220;1_2&#8243; _builder_version=&#8220;4.27.2&#8243; _module_preset=&#8220;default&#8220; pac_dcm_carousel_specific_module_num=&#8220;0&#8243; global_colors_info=&#8220;{}&#8220;][et_pb_text _builder_version=&#8220;4.27.2&#8243; _module_preset=&#8220;default&#8220; global_colors_info=&#8220;{}&#8220;]Wir als Datenrettungs-Spezialist in K\u00f6ln verstehen, dass der Verlust von wichtigen Daten f\u00fcr jeden Einzelnen oder jedes Unternehmen eine gro\u00dfe Herausforderung darstellen kann.<\/p>\n<p>Unser Team besteht aus erfahrenen Datenrettungsexperten sind darauf spezialisiert, verloren geglaubte oder besch\u00e4digte Daten schnell und zuverl\u00e4ssig wiederherzustellen.[\/et_pb_text][et_pb_text _builder_version=&#8220;4.27.2&#8243; _module_preset=&#8220;default&#8220; global_colors_info=&#8220;{}&#8220;]Unser Team besteht aus erfahrenen Datenrettungsexperten, die \u00fcber die neuesten Tools und Technologien verf\u00fcgen, um Datenverlustszenarien jeder Art zu bew\u00e4ltigen.<\/p>\n<p>Wir verwenden eine Kombination aus Festplatten-Imaging-Tools, Datenwiederherstellungs-Software, und Hardware-Tools ,um sicherzustellen, dass wir die bestm\u00f6gliche Chance auf erfolgreiche Datenrettung haben.[\/et_pb_text][et_pb_text _builder_version=&#8220;4.27.2&#8243; _module_preset=&#8220;default&#8220; global_colors_info=&#8220;{}&#8220;]<\/p>\n<p><strong>Unsere Dienstleistungen umfassen:<\/strong><\/p>\n<p>[\/et_pb_text][et_pb_blurb title=&#8220;Rettung von Daten von Festplatten, SSDs, USB-Sticks, Speicherkarten und anderen Speichermedien&#8220; use_icon=&#8220;on&#8220; font_icon=&#8220;&#xe046;||divi||400&#8243; icon_color=&#8220;#9b2242&#8243; icon_placement=&#8220;left&#8220; image_icon_width=&#8220;25px&#8220; _builder_version=&#8220;4.27.3&#8243; _module_preset=&#8220;default&#8220; header_level=&#8220;h3&#8243; header_font_size=&#8220;18px&#8220; custom_margin=&#8220;||10px||false|false&#8220; custom_padding=&#8220;||||false|false&#8220; global_colors_info=&#8220;{}&#8220;][\/et_pb_blurb][et_pb_blurb title=&#8220;Wiederherstellung von gel\u00f6schten Dateien, verlorenen Partitionen und besch\u00e4digten Dateisystemen&#8220; use_icon=&#8220;on&#8220; font_icon=&#8220;&#xe046;||divi||400&#8243; icon_color=&#8220;#9b2242&#8243; icon_placement=&#8220;left&#8220; image_icon_width=&#8220;25px&#8220; _builder_version=&#8220;4.27.3&#8243; _module_preset=&#8220;default&#8220; header_level=&#8220;h3&#8243; header_font_size=&#8220;18px&#8220; custom_margin=&#8220;||10px||false|false&#8220; global_colors_info=&#8220;{}&#8220;][\/et_pb_blurb][et_pb_blurb title=&#8220;Rettung von Daten aufgrund von Hardwarefehlern, menschlichen Fehlern oder nat\u00fcrlichen Katastrophen&#8220; use_icon=&#8220;on&#8220; font_icon=&#8220;&#xe046;||divi||400&#8243; icon_color=&#8220;#9b2242&#8243; icon_placement=&#8220;left&#8220; image_icon_width=&#8220;25px&#8220; _builder_version=&#8220;4.27.3&#8243; _module_preset=&#8220;default&#8220; header_level=&#8220;h3&#8243; header_font_size=&#8220;18px&#8220; custom_margin=&#8220;||10px||false|false&#8220; global_colors_info=&#8220;{}&#8220;][\/et_pb_blurb][et_pb_blurb title=&#8220;Forensische Analyse von Daten im Zusammenhang mit Ermittlungen oder gerichtlichen Verfahren&#8220; use_icon=&#8220;on&#8220; font_icon=&#8220;&#xe046;||divi||400&#8243; icon_color=&#8220;#9b2242&#8243; icon_placement=&#8220;left&#8220; image_icon_width=&#8220;25px&#8220; _builder_version=&#8220;4.27.3&#8243; _module_preset=&#8220;default&#8220; header_level=&#8220;h3&#8243; header_font_size=&#8220;18px&#8220; custom_margin=&#8220;||10px||false|false&#8220; global_colors_info=&#8220;{}&#8220;][\/et_pb_blurb][et_pb_text _builder_version=&#8220;4.27.2&#8243; _module_preset=&#8220;default&#8220; global_colors_info=&#8220;{}&#8220;]Wir bieten auch eine kostenlose Diagnose und Beratung, bevor Sie sich f\u00fcr eine Datenrettung entscheiden, um sicherzustellen, dass wir die beste L\u00f6sung f\u00fcr Ihre Bed\u00fcrfnisse anbieten k\u00f6nnen.<br \/>\nWenn Sie Hilfe bei der Wiederherstellung Ihrer verlorenen Daten ben\u00f6tigen, z\u00f6gern Sie bitte nicht, uns zu kontaktieren. Unser Team steht Ihnen jederzeit gerne zur Verf\u00fcgung, um Ihnen zu helfen, Ihre wichtigen Daten wiederzuerlangen.<\/p>\n<p>LANCologne \u2013 Ihr Datenrettungs-Spezialist in K\u00f6ln![\/et_pb_text][\/et_pb_column][\/et_pb_row][\/et_pb_section][et_pb_section fb_built=&#8220;1&#8243; _builder_version=&#8220;4.16&#8243; _module_preset=&#8220;default&#8220; locked=&#8220;off&#8220; global_colors_info=&#8220;{}&#8220;][et_pb_row module_class=&#8220;layout-name-download&#8220; _builder_version=&#8220;4.19.5&#8243; _module_preset=&#8220;c009be60-61be-4e33-9a66-3fea82a6290f&#8220; locked=&#8220;off&#8220; global_colors_info=&#8220;{}&#8220;][et_pb_column type=&#8220;4_4&#8243; _builder_version=&#8220;4.16&#8243; _module_preset=&#8220;default&#8220; pac_dcm_carousel_specific_module_num=&#8220;0&#8243; global_colors_info=&#8220;{}&#8220;][et_pb_text _builder_version=&#8220;4.27.3&#8243; _module_preset=&#8220;default&#8220; text_text_color=&#8220;#FFFFFF&#8220; text_font_size=&#8220;45px&#8220; header_2_text_align=&#8220;left&#8220; header_2_text_color=&#8220;#000000&#8243; header_2_font_size=&#8220;36px&#8220; global_colors_info=&#8220;{}&#8220;]<\/p>\n<h2><span class=\"gradient-text\">Das k\u00f6nnte Sie auch interessieren:<\/span><\/h2>\n<p>[\/et_pb_text][\/et_pb_column][\/et_pb_row][et_pb_row _builder_version=&#8220;4.27.4&#8243; _module_preset=&#8220;c009be60-61be-4e33-9a66-3fea82a6290f&#8220; max_width=&#8220;100%&#8220; global_colors_info=&#8220;{}&#8220;][et_pb_column type=&#8220;4_4&#8243; _builder_version=&#8220;4.27.4&#8243; _module_preset=&#8220;default&#8220; pac_dcm_is_carousel=&#8220;on&#8220; pac_dcm_carousel_row_items_vertical_allign=&#8220;top&#8220; pac_dcm_carousel_highlighted_center_module=&#8220;.slick-center&#8220; pac_dcm_carousel_row_items_margin=&#8220;|30px||30px|false|true&#8220; pac_dcm_carousel_row_items_opacity=&#8220;100%&#8220; pac_dcm_carousel_row_items_blur=&#8220;0px&#8220; pac_dcm_carousel_specific_module_num=&#8220;0&#8243; pac_dcm_carousel_navigation_arrows_background_color=&#8220;RGBA(255,255,255,0)&#8220; pac_dcm_carousel_navigation_arrows_color=&#8220;#9b2242&#8243; pac_dcm_carousel_navigation_arrows_border_rad=&#8220;on|30px|30px|30px|30px&#8220; pac_dcm_navigation_arrows_border_width_all=&#8220;2px&#8220; pac_dcm_navigation_arrows_border_color_all=&#8220;#9b2242&#8243; pac_dcm_navigation_arrows_border_style_all=&#8220;solid&#8220; pac_dcm_carousel_navigation_dots_color=&#8220;#000000&#8243; pac_dcm_carousel_active_navigation_dots_color=&#8220;#9b2242&#8243; global_colors_info=&#8220;{}&#8220; pac_dcm_carousel_row_items_tablet=&#8220;2&#8243; pac_dcm_carousel_row_items_phone=&#8220;1&#8243; pac_dcm_carousel_row_items_margin_tablet=&#8220;10px|10px|10px|10px&#8220; pac_dcm_carousel_row_items_margin_phone=&#8220;10px|10px|10px|10px&#8220; pac_dcm_carousel_spacing_phone=&#8220;10px|10px|10px|10px&#8220; pac_dcm_carousel_spacing_tablet=&#8220;10px|10px|10px|10px&#8220; pac_dcm_carousel_row_items_fixed_width_tablet=&#8220;360px&#8220; pac_dcm_carousel_row_items_fixed_width_phone=&#8220;200px&#8220;][et_pb_blurb title=&#8220;Backup&#8220; image_icon_background_color=&#8220;rgba(0,0,0,0)&#8220; alt=&#8220;Backup-Spezialist in K\u00f6ln&#8220; image_icon_width=&#8220;32px&#8220; module_class=&#8220;pa-overlay pa-underline-link&#8220; _builder_version=&#8220;4.27.4&#8243; _module_preset=&#8220;default&#8220; header_level=&#8220;h3&#8243; header_font=&#8220;|700|||||||&#8220; header_font_size=&#8220;24px&#8220; header_line_height=&#8220;1.3em&#8220; body_font=&#8220;|300|||||||&#8220; body_line_height=&#8220;1.8em&#8220; body_link_font=&#8220;|700|||||||&#8220; body_link_text_color=&#8220;#ffffff&#8220; body_link_line_height=&#8220;1.3em&#8220; use_background_color_gradient=&#8220;on&#8220; background_color_gradient_stops=&#8220;#4c5866 0%|#000000 100%&#8220; background_color_gradient_start=&#8220;#4c5866&#8243; background_color_gradient_end=&#8220;#000000&#8243; background_image=&#8220;https:\/\/lancologne.de\/wp-content\/uploads\/2023\/01\/kachel-backup2.jpg&#8220; background_blend=&#8220;overlay&#8220; image_icon_custom_padding=&#8220;25px|25px|25px|25px|false|false&#8220; text_orientation=&#8220;center&#8220; background_layout=&#8220;dark&#8220; custom_padding=&#8220;20px|30px|150px|30px|false|true&#8220; custom_padding_last_edited=&#8220;off|desktop&#8220; animation=&#8220;off&#8220; link_option_url=&#8220;https:\/\/lancologne.de\/backup\/&#8220; header_font_size_tablet=&#8220;22px&#8220; header_font_size_phone=&#8220;20px&#8220; header_font_size_last_edited=&#8220;on|phone&#8220; body_font_size_tablet=&#8220;17px&#8220; body_font_size_phone=&#8220;16px&#8220; body_font_size_last_edited=&#8220;on|tablet&#8220; body_link_font_size_tablet=&#8220;17px&#8220; body_link_font_size_phone=&#8220;16px&#8220; body_link_font_size_last_edited=&#8220;on|tablet&#8220; border_radii=&#8220;on|30px|30px|30px|30px&#8220; border_radii_image=&#8220;on|100%|100%|100%|100%&#8220; border_width_all_image=&#8220;3px&#8220; border_color_all_image=&#8220;#F57E20&#8243; icon_font_size=&#8220;32px&#8220; use_circle=&#8220;on&#8220; use_circle_border=&#8220;on&#8220; circle_border_color=&#8220;#F57E20&#8243; circle_color=&#8220;rgba(0,0,0,0)&#8220; global_colors_info=&#8220;{}&#8220; background__hover_enabled=&#8220;on|desktop&#8220; custom_padding__hover_enabled=&#8220;off|hover&#8220; custom_padding__hover=&#8220;20px||60px||false|true&#8220; background_color_gradient_end__hover=&#8220;#000000&#8243; use_background_color_gradient__hover=&#8220;on&#8220; background_color_gradient_start__hover=&#8220;#4c5866&#8243; image_icon_background_color__sticky_enabled=&#8220;#9024ff&#8220; image_icon_background_color__sticky=&#8220;#9024ff&#8220; background_color_gradient_stops__hover=&#8220;#4c5866 0%|#000000 100%&#8220;][\/et_pb_blurb][et_pb_blurb title=&#8220;IT-Forensik&#8220; image_icon_background_color=&#8220;rgba(0,0,0,0)&#8220; alt=&#8220;T\u00dcV-zertifizierter IT-Forensiker in K\u00f6ln&#8220; image_icon_width=&#8220;32px&#8220; module_class=&#8220;pa-overlay pa-underline-link&#8220; _builder_version=&#8220;4.27.4&#8243; _module_preset=&#8220;default&#8220; header_level=&#8220;h3&#8243; header_font=&#8220;|700|||||||&#8220; header_font_size=&#8220;24px&#8220; header_line_height=&#8220;1.3em&#8220; body_font=&#8220;|300|||||||&#8220; body_line_height=&#8220;1.8em&#8220; body_link_font=&#8220;|700|||||||&#8220; body_link_text_color=&#8220;#ffffff&#8220; body_link_line_height=&#8220;1.3em&#8220; use_background_color_gradient=&#8220;on&#8220; background_color_gradient_stops=&#8220;#4c5866 0%|#000000 100%&#8220; background_color_gradient_start=&#8220;#4c5866&#8243; background_color_gradient_end=&#8220;#000000&#8243; background_image=&#8220;https:\/\/lancologne.de\/wp-content\/uploads\/2023\/01\/kachel-it-forensik2.jpg&#8220; background_blend=&#8220;overlay&#8220; image_icon_custom_padding=&#8220;25px|25px|25px|25px|false|false&#8220; text_orientation=&#8220;center&#8220; background_layout=&#8220;dark&#8220; custom_padding=&#8220;20px|30px|150px|30px|false|true&#8220; custom_padding_last_edited=&#8220;off|desktop&#8220; animation=&#8220;off&#8220; link_option_url=&#8220;https:\/\/lancologne.de\/tuev-zertifizierter-it-forensiker-in-koeln\/&#8220; header_font_size_tablet=&#8220;22px&#8220; header_font_size_phone=&#8220;20px&#8220; header_font_size_last_edited=&#8220;on|phone&#8220; body_font_size_tablet=&#8220;17px&#8220; body_font_size_phone=&#8220;16px&#8220; body_font_size_last_edited=&#8220;on|tablet&#8220; body_link_font_size_tablet=&#8220;17px&#8220; body_link_font_size_phone=&#8220;16px&#8220; body_link_font_size_last_edited=&#8220;on|tablet&#8220; border_radii=&#8220;on|30px|30px|30px|30px&#8220; border_radii_image=&#8220;on|100%|100%|100%|100%&#8220; border_width_all_image=&#8220;3px&#8220; border_color_all_image=&#8220;#F57E20&#8243; icon_font_size=&#8220;32px&#8220; use_circle=&#8220;on&#8220; use_circle_border=&#8220;on&#8220; circle_border_color=&#8220;#F57E20&#8243; circle_color=&#8220;rgba(0,0,0,0)&#8220; global_colors_info=&#8220;{}&#8220; background__hover_enabled=&#8220;on|desktop&#8220; custom_padding__hover_enabled=&#8220;off|desktop&#8220; custom_padding__hover=&#8220;240px||60px||false|true&#8220; background_color_gradient_end__hover=&#8220;#000000&#8243; use_background_color_gradient__hover=&#8220;on&#8220; background_color_gradient_start__hover=&#8220;#4c5866&#8243; image_icon_background_color__sticky_enabled=&#8220;#9024ff&#8220; image_icon_background_color__sticky=&#8220;#9024ff&#8220; background_color_gradient_stops__hover=&#8220;#4c5866 0%|#000000 100%&#8220;][\/et_pb_blurb][et_pb_blurb title=&#8220;VPN&#8220; image_icon_background_color=&#8220;rgba(0,0,0,0)&#8220; alt=&#8220;Spezialist f\u00fcr VPN in K\u00f6ln&#8220; image_icon_width=&#8220;32px&#8220; module_class=&#8220;pa-overlay pa-underline-link&#8220; _builder_version=&#8220;4.27.4&#8243; _module_preset=&#8220;default&#8220; header_level=&#8220;h3&#8243; header_font=&#8220;|700|||||||&#8220; header_font_size=&#8220;24px&#8220; header_line_height=&#8220;1.3em&#8220; body_font=&#8220;|300|||||||&#8220; body_line_height=&#8220;1.8em&#8220; body_link_font=&#8220;|700|||||||&#8220; body_link_text_color=&#8220;#ffffff&#8220; body_link_line_height=&#8220;1.3em&#8220; use_background_color_gradient=&#8220;on&#8220; background_color_gradient_stops=&#8220;#4c5866 0%|#000000 100%&#8220; background_color_gradient_start=&#8220;#4c5866&#8243; background_color_gradient_end=&#8220;#000000&#8243; background_image=&#8220;https:\/\/lancologne.de\/wp-content\/uploads\/2021\/09\/kachel-vpn.jpg&#8220; background_blend=&#8220;overlay&#8220; image_icon_custom_padding=&#8220;25px|25px|25px|25px|false|false&#8220; text_orientation=&#8220;center&#8220; background_layout=&#8220;dark&#8220; custom_padding=&#8220;20px|30px|150px|30px|false|true&#8220; custom_padding_last_edited=&#8220;off|desktop&#8220; animation=&#8220;off&#8220; link_option_url=&#8220;https:\/\/lancologne.de\/p-services-und-vpn\/&#8220; header_font_size_tablet=&#8220;22px&#8220; header_font_size_phone=&#8220;20px&#8220; header_font_size_last_edited=&#8220;on|phone&#8220; body_font_size_tablet=&#8220;17px&#8220; body_font_size_phone=&#8220;16px&#8220; body_font_size_last_edited=&#8220;on|tablet&#8220; body_link_font_size_tablet=&#8220;17px&#8220; body_link_font_size_phone=&#8220;16px&#8220; body_link_font_size_last_edited=&#8220;on|tablet&#8220; border_radii=&#8220;on|30px|30px|30px|30px&#8220; border_radii_image=&#8220;on|100%|100%|100%|100%&#8220; border_width_all_image=&#8220;3px&#8220; border_color_all_image=&#8220;#F57E20&#8243; icon_font_size=&#8220;32px&#8220; use_circle=&#8220;on&#8220; use_circle_border=&#8220;on&#8220; circle_border_color=&#8220;#F57E20&#8243; circle_color=&#8220;rgba(0,0,0,0)&#8220; global_colors_info=&#8220;{}&#8220; background__hover_enabled=&#8220;on|desktop&#8220; custom_padding__hover_enabled=&#8220;off|desktop&#8220; custom_padding__hover=&#8220;240px||60px||false|true&#8220; background_color_gradient_end__hover=&#8220;#000000&#8243; use_background_color_gradient__hover=&#8220;on&#8220; background_color_gradient_start__hover=&#8220;#4c5866&#8243; image_icon_background_color__sticky_enabled=&#8220;#9024ff&#8220; image_icon_background_color__sticky=&#8220;#9024ff&#8220; background_color_gradient_stops__hover=&#8220;#4c5866 0%|#000000 100%&#8220;][\/et_pb_blurb][et_pb_blurb title=&#8220;Smart Home&#8220; image_icon_background_color=&#8220;rgba(0,0,0,0)&#8220; alt=&#8220;Spezialist f\u00fcr Smart Homes in K\u00f6ln&#8220; image_icon_width=&#8220;32px&#8220; module_class=&#8220;pa-overlay pa-underline-link&#8220; _builder_version=&#8220;4.27.4&#8243; _module_preset=&#8220;default&#8220; header_level=&#8220;h3&#8243; header_font=&#8220;|700|||||||&#8220; header_font_size=&#8220;24px&#8220; header_line_height=&#8220;1.3em&#8220; body_font=&#8220;|300|||||||&#8220; body_line_height=&#8220;1.8em&#8220; body_link_font=&#8220;|700|||||||&#8220; body_link_text_color=&#8220;#ffffff&#8220; body_link_line_height=&#8220;1.3em&#8220; use_background_color_gradient=&#8220;on&#8220; background_color_gradient_stops=&#8220;#4c5866 0%|#000000 100%&#8220; background_color_gradient_start=&#8220;#4c5866&#8243; background_color_gradient_end=&#8220;#000000&#8243; background_image=&#8220;https:\/\/lancologne.de\/wp-content\/uploads\/2023\/01\/kachel-smarthome2.jpg&#8220; background_blend=&#8220;overlay&#8220; image_icon_custom_padding=&#8220;25px|25px|25px|25px|false|false&#8220; text_orientation=&#8220;center&#8220; background_layout=&#8220;dark&#8220; custom_padding=&#8220;20px|30px|150px|30px|false|true&#8220; custom_padding_last_edited=&#8220;off|desktop&#8220; animation=&#8220;off&#8220; link_option_url=&#8220;https:\/\/lancologne.de\/smart-home\/&#8220; header_font_size_tablet=&#8220;22px&#8220; header_font_size_phone=&#8220;20px&#8220; header_font_size_last_edited=&#8220;on|phone&#8220; body_font_size_tablet=&#8220;17px&#8220; body_font_size_phone=&#8220;16px&#8220; body_font_size_last_edited=&#8220;on|tablet&#8220; body_link_font_size_tablet=&#8220;17px&#8220; body_link_font_size_phone=&#8220;16px&#8220; body_link_font_size_last_edited=&#8220;on|tablet&#8220; border_radii=&#8220;on|30px|30px|30px|30px&#8220; border_radii_image=&#8220;on|100%|100%|100%|100%&#8220; border_width_all_image=&#8220;3px&#8220; border_color_all_image=&#8220;#F57E20&#8243; icon_font_size=&#8220;32px&#8220; use_circle=&#8220;on&#8220; use_circle_border=&#8220;on&#8220; circle_border_color=&#8220;#F57E20&#8243; circle_color=&#8220;rgba(0,0,0,0)&#8220; global_colors_info=&#8220;{}&#8220; background__hover_enabled=&#8220;on|desktop&#8220; custom_padding__hover_enabled=&#8220;off|desktop&#8220; custom_padding__hover=&#8220;240px||60px||false|true&#8220; background_color_gradient_end__hover=&#8220;#000000&#8243; use_background_color_gradient__hover=&#8220;on&#8220; background_color_gradient_start__hover=&#8220;#4c5866&#8243; image_icon_background_color__sticky_enabled=&#8220;#9024ff&#8220; image_icon_background_color__sticky=&#8220;#9024ff&#8220; background_color_gradient_stops__hover=&#8220;#4c5866 0%|#000000 100%&#8220;][\/et_pb_blurb][\/et_pb_column][\/et_pb_row][\/et_pb_section]<\/p>\n","protected":false},"excerpt":{"rendered":"<p>Daten weg? Keine Panik! Wir sind unter\u00a00221\u00a064306610\u00a0erreichbar. Schildern Sie uns Ihr Problem!DatenrettungWir als Datenrettungs-Spezialist in K\u00f6ln verstehen, dass der Verlust von wichtigen Daten f\u00fcr jeden Einzelnen oder jedes Unternehmen eine gro\u00dfe Herausforderung darstellen kann. Unser Team besteht aus erfahrenen Datenrettungsexperten sind darauf spezialisiert, verloren geglaubte oder besch\u00e4digte Daten schnell und zuverl\u00e4ssig wiederherzustellen.Unser Team besteht aus [&hellip;]<\/p>\n","protected":false},"author":1,"featured_media":0,"parent":0,"menu_order":0,"comment_status":"closed","ping_status":"closed","template":"","meta":{"_et_pb_use_builder":"on","_et_pb_old_content":"","_et_gb_content_width":"","footnotes":""},"class_list":["post-389074","page","type-page","status-publish","hentry"],"_links":{"self":[{"href":"https:\/\/lancologne.de\/es\/wp-json\/wp\/v2\/pages\/389074","targetHints":{"allow":["GET"]}}],"collection":[{"href":"https:\/\/lancologne.de\/es\/wp-json\/wp\/v2\/pages"}],"about":[{"href":"https:\/\/lancologne.de\/es\/wp-json\/wp\/v2\/types\/page"}],"author":[{"embeddable":true,"href":"https:\/\/lancologne.de\/es\/wp-json\/wp\/v2\/users\/1"}],"replies":[{"embeddable":true,"href":"https:\/\/lancologne.de\/es\/wp-json\/wp\/v2\/comments?post=389074"}],"version-history":[{"count":5,"href":"https:\/\/lancologne.de\/es\/wp-json\/wp\/v2\/pages\/389074\/revisions"}],"predecessor-version":[{"id":389625,"href":"https:\/\/lancologne.de\/es\/wp-json\/wp\/v2\/pages\/389074\/revisions\/389625"}],"wp:attachment":[{"href":"https:\/\/lancologne.de\/es\/wp-json\/wp\/v2\/media?parent=389074"}],"curies":[{"name":"wp","href":"https:\/\/api.w.org\/{rel}","templated":true}]}}