{"id":389051,"date":"2024-12-11T22:09:39","date_gmt":"2024-12-11T22:09:39","guid":{"rendered":"https:\/\/staging2.lancologne.de\/?page_id=389051"},"modified":"2024-12-11T22:10:45","modified_gmt":"2024-12-11T22:10:45","slug":"authentifizierung","status":"publish","type":"page","link":"https:\/\/lancologne.de\/fi\/authentifizierung\/","title":{"rendered":"Tunnistus"},"content":{"rendered":"<p>[et_pb_section fb_built=&#8220;1&#8243; fullwidth=&#8220;on&#8220; _builder_version=&#8220;4.27.2&#8243; _module_preset=&#8220;default&#8220; global_colors_info=&#8220;{}&#8220; theme_builder_area=&#8220;post_content&#8220;][et_pb_fullwidth_image src=&#8220;https:\/\/lancologne.de\/wp-content\/uploads\/2018\/02\/head-authentifizierung.jpg&#8220; alt=&#8220;Authentifizierungs-Spezialist in K\u00f6ln&#8220; title_text=&#8220;head-authentifizierung&#8220; _builder_version=&#8220;4.27.2&#8243; _module_preset=&#8220;default&#8220; global_colors_info=&#8220;{}&#8220; theme_builder_area=&#8220;post_content&#8220;][\/et_pb_fullwidth_image][\/et_pb_section][et_pb_section fb_built=&#8220;1&#8243; _builder_version=&#8220;4.27.2&#8243; _module_preset=&#8220;default&#8220; global_colors_info=&#8220;{}&#8220; theme_builder_area=&#8220;post_content&#8220;][et_pb_row _builder_version=&#8220;4.27.2&#8243; _module_preset=&#8220;9b1dd46f-68ed-440e-bba4-c536e6b4061a&#8220; global_colors_info=&#8220;{}&#8220; theme_builder_area=&#8220;post_content&#8220;][et_pb_column type=&#8220;4_4&#8243; _builder_version=&#8220;4.27.2&#8243; _module_preset=&#8220;default&#8220; pac_dcm_carousel_specific_module_num=&#8220;0&#8243; global_colors_info=&#8220;{}&#8220; theme_builder_area=&#8220;post_content&#8220;][et_pb_text _builder_version=&#8220;4.27.2&#8243; _module_preset=&#8220;default&#8220; text_text_color=&#8220;#FFFFFF&#8220; text_font_size=&#8220;45px&#8220; header_text_align=&#8220;center&#8220; header_font_size=&#8220;50px&#8220; header_2_text_align=&#8220;center&#8220; header_2_text_color=&#8220;#000000&#8243; header_2_font_size=&#8220;36px&#8220; global_colors_info=&#8220;{}&#8220; theme_builder_area=&#8220;post_content&#8220;]<\/p>\n<h1><span class=\"gradient-text\">Authentifizierung<\/span><\/h1>\n<p>[\/et_pb_text][\/et_pb_column][\/et_pb_row][et_pb_row column_structure=&#8220;1_2,1_2&#8243; _builder_version=&#8220;4.27.2&#8243; _module_preset=&#8220;9b1dd46f-68ed-440e-bba4-c536e6b4061a&#8220; background_enable_color=&#8220;off&#8220; global_colors_info=&#8220;{}&#8220; theme_builder_area=&#8220;post_content&#8220;][et_pb_column type=&#8220;1_2&#8243; _builder_version=&#8220;4.27.2&#8243; _module_preset=&#8220;default&#8220; pac_dcm_carousel_specific_module_num=&#8220;0&#8243; global_colors_info=&#8220;{}&#8220; theme_builder_area=&#8220;post_content&#8220;][et_pb_image src=&#8220;https:\/\/lancologne.de\/wp-content\/uploads\/2018\/02\/contentbild-smarthome1.jpg&#8220; title_text=&#8220;contentbild-smarthome1&#8243; _builder_version=&#8220;4.27.2&#8243; _module_preset=&#8220;default&#8220; animation_direction=&#8220;left&#8220; sticky_position=&#8220;top&#8220; sticky_limit_top=&#8220;body&#8220; sticky_limit_bottom=&#8220;row&#8220; global_colors_info=&#8220;{}&#8220; theme_builder_area=&#8220;post_content&#8220;][\/et_pb_image][\/et_pb_column][et_pb_column type=&#8220;1_2&#8243; _builder_version=&#8220;4.27.2&#8243; _module_preset=&#8220;default&#8220; pac_dcm_carousel_specific_module_num=&#8220;0&#8243; global_colors_info=&#8220;{}&#8220; theme_builder_area=&#8220;post_content&#8220;][et_pb_text _builder_version=&#8220;4.27.2&#8243; _module_preset=&#8220;default&#8220; global_colors_info=&#8220;{}&#8220; theme_builder_area=&#8220;post_content&#8220;]Der Schutz des Datenzugriffs und die \u00dcberpr\u00fcfung der Anwenderidentit\u00e4ten, die diesen Zugriff anfordern, spielen bei jeder Sicherheitsinitiative eine zentrale Rolle. Urspr\u00fcnglich diente die Anwenderauthentifizierung haupts\u00e4chlich dazu, den Remote-Zugriff auf Unternehmensdaten zu sch\u00fctzen, doch mittlerweile gibt es noch weitere Gr\u00fcnde f\u00fcr den steigenden Bedarf an starker Authentifizierung im gesamten Unternehmen.[\/et_pb_text][et_pb_text _builder_version=&#8220;4.27.2&#8243; _module_preset=&#8220;default&#8220; global_colors_info=&#8220;{}&#8220; theme_builder_area=&#8220;post_content&#8220;]Der Zugriff auf Informationen in Echtzeit bietet Vorteile hinsichtlich neuer Gesch\u00e4ftsm\u00f6glichkeiten, Kosteneffizienz und Kundenservice. Mehr und mehr Unternehmen erkennen dies und bieten daher in immer gr\u00f6\u00dferer Zahl webbasierte Kundenportale und Gesch\u00e4ftsanwendungen, um Ihren Kunden die M\u00f6glichkeit zu geben, ihre Accounts rund um die Uhr zu verwalten. Mobile Zug\u00e4nge \u2013 insbesondere \u00fcber Smartphones \u2013 erm\u00f6glichen Kunden gleichwertigen Zugang und bieten oft sogar bessere Funktionalit\u00e4ten durch ihre kundenspezifischen Anwendungen.[\/et_pb_text][et_pb_text _builder_version=&#8220;4.27.2&#8243; _module_preset=&#8220;default&#8220; text_text_color=&#8220;#FFFFFF&#8220; text_font_size=&#8220;45px&#8220; header_2_text_align=&#8220;left&#8220; header_2_text_color=&#8220;#000000&#8243; header_2_font_size=&#8220;36px&#8220; global_colors_info=&#8220;{}&#8220; theme_builder_area=&#8220;post_content&#8220;]<\/p>\n<h2><span class=\"gradient-text\">Der Status Quo der Authentifizierung<\/span><\/h2>\n<p>[\/et_pb_text][et_pb_text _builder_version=&#8220;4.27.2&#8243; _module_preset=&#8220;default&#8220; global_colors_info=&#8220;{}&#8220; theme_builder_area=&#8220;post_content&#8220;]Trotz der Tatsache, dass eine rein passwortbasierte Authentifizierung nur unzureichende Sicherheit bietet, bleibt die Verwendung eines einzelnen Passworts das h\u00e4ufigste Verfahren zur \u00dcberpr\u00fcfung der Anwenderidentit\u00e4t. Doch diese Methode, die einst als \u201ekostenfrei\u201c betrachtet wurde, verursacht im Laufe der Zeit hohe Verwaltungs- und Supportkosten. Nach Angaben des Help Desk Institute beziehen sich etwa 30 Prozent aller Helpdesk-Anrufe auf das Zur\u00fccksetzen eines Passworts und verursachen Kosten in H\u00f6he von \u20ac25 bis \u20ac50 pro Anruf.[\/et_pb_text][\/et_pb_column][\/et_pb_row][\/et_pb_section][et_pb_section fb_built=&#8220;1&#8243; _builder_version=&#8220;4.27.2&#8243; _module_preset=&#8220;default&#8220; global_colors_info=&#8220;{}&#8220; theme_builder_area=&#8220;post_content&#8220;][et_pb_row column_structure=&#8220;1_2,1_2&#8243; _builder_version=&#8220;4.27.2&#8243; _module_preset=&#8220;9b1dd46f-68ed-440e-bba4-c536e6b4061a&#8220; background_enable_color=&#8220;off&#8220; global_colors_info=&#8220;{}&#8220; theme_builder_area=&#8220;post_content&#8220;][et_pb_column type=&#8220;1_2&#8243; _builder_version=&#8220;4.27.2&#8243; _module_preset=&#8220;default&#8220; pac_dcm_carousel_specific_module_num=&#8220;0&#8243; global_colors_info=&#8220;{}&#8220; theme_builder_area=&#8220;post_content&#8220;][et_pb_image src=&#8220;https:\/\/lancologne.de\/wp-content\/uploads\/2018\/02\/contentbild-smarthome2.jpg&#8220; title_text=&#8220;contentbild-smarthome2&#8243; _builder_version=&#8220;4.27.2&#8243; _module_preset=&#8220;default&#8220; animation_direction=&#8220;left&#8220; sticky_position=&#8220;top&#8220; sticky_limit_top=&#8220;body&#8220; sticky_limit_bottom=&#8220;row&#8220; global_colors_info=&#8220;{}&#8220; theme_builder_area=&#8220;post_content&#8220;][\/et_pb_image][\/et_pb_column][et_pb_column type=&#8220;1_2&#8243; _builder_version=&#8220;4.27.2&#8243; _module_preset=&#8220;default&#8220; pac_dcm_carousel_specific_module_num=&#8220;0&#8243; global_colors_info=&#8220;{}&#8220; theme_builder_area=&#8220;post_content&#8220;][et_pb_text _builder_version=&#8220;4.27.2&#8243; _module_preset=&#8220;default&#8220; global_colors_info=&#8220;{}&#8220; theme_builder_area=&#8220;post_content&#8220;]Da laufend neue Authentifizierungsl\u00f6sungen auf dem Markt angeboten werden, stehen Unternehmen vor einer echten Herausforderung, wenn sie eine geeignete Strategie f\u00fcr eine starke Authentifizierung w\u00e4hlen m\u00fcssen. Der Zugriff auf unternehmensinterne Ressourcen wird immer noch in erster Linie durch Hardware-Authentifizierungskomponenten gesch\u00fctzt. Doch die Mobilit\u00e4t der Mitarbeiter und die Nutzung von Smartphones und Tablet-PCs f\u00fchren zu einem steigenden Bedarf an Software-Authentifizierungskomponenten. Bei Portalen mit Kundenzugriff werden als Sicherheitsmechanismen meist die risikobasierte oder wissensbasierte Authentifizierung verwendet, da diese benutzerfreundlich und leicht f\u00fcr eine gro\u00dfe Anwenderzahl skalierbar sind.[\/et_pb_text][\/et_pb_column][\/et_pb_row][\/et_pb_section]<\/p>\n","protected":false},"excerpt":{"rendered":"<p>AuthentifizierungDer Schutz des Datenzugriffs und die \u00dcberpr\u00fcfung der Anwenderidentit\u00e4ten, die diesen Zugriff anfordern, spielen bei jeder Sicherheitsinitiative eine zentrale Rolle. Urspr\u00fcnglich diente die Anwenderauthentifizierung haupts\u00e4chlich dazu, den Remote-Zugriff auf Unternehmensdaten zu sch\u00fctzen, doch mittlerweile gibt es noch weitere Gr\u00fcnde f\u00fcr den steigenden Bedarf an starker Authentifizierung im gesamten Unternehmen.Der Zugriff auf Informationen in Echtzeit bietet [&hellip;]<\/p>\n","protected":false},"author":1,"featured_media":0,"parent":0,"menu_order":0,"comment_status":"closed","ping_status":"closed","template":"","meta":{"_et_pb_use_builder":"on","_et_pb_old_content":"","_et_gb_content_width":"","footnotes":""},"class_list":["post-389051","page","type-page","status-publish","hentry"],"_links":{"self":[{"href":"https:\/\/lancologne.de\/fi\/wp-json\/wp\/v2\/pages\/389051","targetHints":{"allow":["GET"]}}],"collection":[{"href":"https:\/\/lancologne.de\/fi\/wp-json\/wp\/v2\/pages"}],"about":[{"href":"https:\/\/lancologne.de\/fi\/wp-json\/wp\/v2\/types\/page"}],"author":[{"embeddable":true,"href":"https:\/\/lancologne.de\/fi\/wp-json\/wp\/v2\/users\/1"}],"replies":[{"embeddable":true,"href":"https:\/\/lancologne.de\/fi\/wp-json\/wp\/v2\/comments?post=389051"}],"version-history":[{"count":2,"href":"https:\/\/lancologne.de\/fi\/wp-json\/wp\/v2\/pages\/389051\/revisions"}],"predecessor-version":[{"id":389053,"href":"https:\/\/lancologne.de\/fi\/wp-json\/wp\/v2\/pages\/389051\/revisions\/389053"}],"wp:attachment":[{"href":"https:\/\/lancologne.de\/fi\/wp-json\/wp\/v2\/media?parent=389051"}],"curies":[{"name":"wp","href":"https:\/\/api.w.org\/{rel}","templated":true}]}}