{"id":389071,"date":"2024-12-11T22:15:51","date_gmt":"2024-12-11T22:15:51","guid":{"rendered":"https:\/\/staging2.lancologne.de\/?page_id=389071"},"modified":"2024-12-11T22:16:22","modified_gmt":"2024-12-11T22:16:22","slug":"datapilot","status":"publish","type":"page","link":"https:\/\/lancologne.de\/fi\/datapilot\/","title":{"rendered":"DATAPILOT"},"content":{"rendered":"<p>[et_pb_section fb_built=&#8220;1&#8243; fullwidth=&#8220;on&#8220; _builder_version=&#8220;4.27.2&#8243; _module_preset=&#8220;default&#8220; global_colors_info=&#8220;{}&#8220; theme_builder_area=&#8220;post_content&#8220;][et_pb_fullwidth_image src=&#8220;https:\/\/lancologne.de\/wp-content\/uploads\/2024\/06\/kv-datapliot.jpg&#8220; title_text=&#8220;kv-datapliot&#8220; _builder_version=&#8220;4.27.2&#8243; _module_preset=&#8220;default&#8220; global_colors_info=&#8220;{}&#8220; theme_builder_area=&#8220;post_content&#8220;][\/et_pb_fullwidth_image][\/et_pb_section][et_pb_section fb_built=&#8220;1&#8243; _builder_version=&#8220;4.27.2&#8243; _module_preset=&#8220;default&#8220; global_colors_info=&#8220;{}&#8220; theme_builder_area=&#8220;post_content&#8220;][et_pb_row _builder_version=&#8220;4.27.2&#8243; _module_preset=&#8220;bae602af-ef01-47f8-a93a-ad4ad360d344&#8243; global_colors_info=&#8220;{}&#8220; theme_builder_area=&#8220;post_content&#8220;][et_pb_column type=&#8220;4_4&#8243; _builder_version=&#8220;4.27.2&#8243; _module_preset=&#8220;default&#8220; pac_dcm_carousel_specific_module_num=&#8220;0&#8243; global_colors_info=&#8220;{}&#8220; theme_builder_area=&#8220;post_content&#8220;][et_pb_text _builder_version=&#8220;4.27.2&#8243; _module_preset=&#8220;default&#8220; text_text_color=&#8220;#FFFFFF&#8220; text_font_size=&#8220;45px&#8220; header_text_align=&#8220;center&#8220; header_font_size=&#8220;50px&#8220; header_2_text_align=&#8220;center&#8220; header_2_text_color=&#8220;#000000&#8243; header_2_font_size=&#8220;36px&#8220; global_colors_info=&#8220;{}&#8220; theme_builder_area=&#8220;post_content&#8220;]<\/p>\n<h1><span class=\"gradient-text\">Datapilot<\/span><\/h1>\n<p>[\/et_pb_text][\/et_pb_column][\/et_pb_row][et_pb_row column_structure=&#8220;1_2,1_2&#8243; _builder_version=&#8220;4.27.2&#8243; _module_preset=&#8220;bae602af-ef01-47f8-a93a-ad4ad360d344&#8243; background_enable_color=&#8220;off&#8220; global_colors_info=&#8220;{}&#8220; theme_builder_area=&#8220;post_content&#8220;][et_pb_column type=&#8220;1_2&#8243; _builder_version=&#8220;4.27.2&#8243; _module_preset=&#8220;default&#8220; pac_dcm_carousel_specific_module_num=&#8220;0&#8243; global_colors_info=&#8220;{}&#8220; theme_builder_area=&#8220;post_content&#8220;][et_pb_text _builder_version=&#8220;4.27.2&#8243; _module_preset=&#8220;default&#8220; global_colors_info=&#8220;{}&#8220; theme_builder_area=&#8220;post_content&#8220;]Datapilot ist ein f\u00fchrendes Unternehmen im Bereich der mobilen Forensik und bekannt f\u00fcr seine innovativen und leistungsstarken L\u00f6sungen zur Datenextraktion und -analyse. Mit jahrelanger Erfahrung und einer tiefen Expertise im Bereich der digitalen Forensik bietet Datapilot Werkzeuge, die weltweit von Strafverfolgungsbeh\u00f6rden, Sicherheits-Organisationen und Unternehmen genutzt werden.[\/et_pb_text][et_pb_text _builder_version=&#8220;4.27.2&#8243; _module_preset=&#8220;default&#8220; global_colors_info=&#8220;{}&#8220; theme_builder_area=&#8220;post_content&#8220;]Datapilot arbeitet mit verschiedenen Strafverfolgungs- und Sicherheitsbeh\u00f6rden zusammen, um deren Ermittlungsarbeit zu unterst\u00fctzen. Hier sind f\u00fcnf der bekanntesten Beh\u00f6rden, mit denen Datapilot kooperiert:[\/et_pb_text][et_pb_blurb title=&#8220;Federal Bureau of Investigation (FBI):&#8220; use_icon=&#8220;on&#8220; font_icon=&#8220;&#xe046;||divi||400&#8243; icon_color=&#8220;#9b2242&#8243; icon_placement=&#8220;left&#8220; image_icon_width=&#8220;25px&#8220; _builder_version=&#8220;4.27.3&#8243; _module_preset=&#8220;default&#8220; header_level=&#8220;h3&#8243; header_font_size=&#8220;18px&#8220; custom_margin=&#8220;||10px||false|false&#8220; custom_padding=&#8220;||||false|false&#8220; global_colors_info=&#8220;{}&#8220; theme_builder_area=&#8220;post_content&#8220;]<\/p>\n<p>Das FBI nutzt fortschrittliche Forensik-Tools, um in einer Vielzahl von Ermittlungen, einschlie\u00dflich Terrorismus, Cyberkriminalit\u00e4t und schwerer Straftaten, Beweise zu sammeln und zu analysieren.<\/p>\n<p>[\/et_pb_blurb][et_pb_blurb title=&#8220;United States Secret Service (USSS):&#8220; use_icon=&#8220;on&#8220; font_icon=&#8220;&#xe046;||divi||400&#8243; icon_color=&#8220;#9b2242&#8243; icon_placement=&#8220;left&#8220; image_icon_width=&#8220;25px&#8220; _builder_version=&#8220;4.27.3&#8243; _module_preset=&#8220;default&#8220; header_level=&#8220;h3&#8243; header_font_size=&#8220;18px&#8220; custom_margin=&#8220;||10px||false|false&#8220; custom_padding=&#8220;||||false|false&#8220; global_colors_info=&#8220;{}&#8220; theme_builder_area=&#8220;post_content&#8220;]<\/p>\n<p>Der Secret Service setzt Datapilot-Produkte ein, um Bedrohungen gegen Staatsoberh\u00e4upter zu untersuchen und Finanzverbrechen wie F\u00e4lschung und Kreditkartenbetrug zu bek\u00e4mpfen.<\/p>\n<p>[\/et_pb_blurb][et_pb_blurb title=&#8220;Europol:&#8220; use_icon=&#8220;on&#8220; font_icon=&#8220;&#xe046;||divi||400&#8243; icon_color=&#8220;#9b2242&#8243; icon_placement=&#8220;left&#8220; image_icon_width=&#8220;25px&#8220; _builder_version=&#8220;4.27.3&#8243; _module_preset=&#8220;default&#8220; header_level=&#8220;h3&#8243; header_font_size=&#8220;18px&#8220; custom_margin=&#8220;||10px||false|false&#8220; custom_padding=&#8220;||||false|false&#8220; global_colors_info=&#8220;{}&#8220; theme_builder_area=&#8220;post_content&#8220;]<\/p>\n<p>Die europ\u00e4ische Polizeibeh\u00f6rde Europol verwendet mobile Forensik-Tools von Datapilot, um grenz\u00fcberschreitende Verbrechen, wie Menschenhandel, Drogenhandel und Cyberkriminalit\u00e4t, zu untersuchen und zu bek\u00e4mpfen.<\/p>\n<p>[\/et_pb_blurb][et_pb_blurb title=&#8220;Scotland Yard (Metropolitan Police Service):&#8220; use_icon=&#8220;on&#8220; font_icon=&#8220;&#xe046;||divi||400&#8243; icon_color=&#8220;#9b2242&#8243; icon_placement=&#8220;left&#8220; image_icon_width=&#8220;25px&#8220; _builder_version=&#8220;4.27.3&#8243; _module_preset=&#8220;default&#8220; header_level=&#8220;h3&#8243; header_font_size=&#8220;18px&#8220; custom_margin=&#8220;||10px||false|false&#8220; custom_padding=&#8220;||||false|false&#8220; global_colors_info=&#8220;{}&#8220; theme_builder_area=&#8220;post_content&#8220;]<\/p>\n<p>Die Metropolitan Police in London nutzt Datapilot-Technologie zur Unterst\u00fctzung ihrer Ermittlungen in Bereichen wie Terrorismusbek\u00e4mpfung, schwerer Kriminalit\u00e4t und digitaler Forensik.<\/p>\n<p>[\/et_pb_blurb][et_pb_blurb title=&#8220;Interpol:&#8220; use_icon=&#8220;on&#8220; font_icon=&#8220;&#xe046;||divi||400&#8243; icon_color=&#8220;#9b2242&#8243; icon_placement=&#8220;left&#8220; image_icon_width=&#8220;25px&#8220; _builder_version=&#8220;4.27.3&#8243; _module_preset=&#8220;default&#8220; header_level=&#8220;h3&#8243; header_font_size=&#8220;18px&#8220; custom_margin=&#8220;||10px||false|false&#8220; custom_padding=&#8220;||||false|false&#8220; global_colors_info=&#8220;{}&#8220; theme_builder_area=&#8220;post_content&#8220;]<\/p>\n<p>Die Internationale Kriminalpolizeiliche Organisation Interpol setzt auf die Produkte von Datapilot, um ihre weltweiten Bem\u00fchungen zur Bek\u00e4mpfung internationaler Verbrechen, einschlie\u00dflich Menschenhandel, Drogenhandel und Terrorismus, zu unterst\u00fctzen.<\/p>\n<p>[\/et_pb_blurb][et_pb_text _builder_version=&#8220;4.27.2&#8243; _module_preset=&#8220;default&#8220; global_colors_info=&#8220;{}&#8220; theme_builder_area=&#8220;post_content&#8220;]Diese Kooperationen zeigen das Vertrauen und die Bedeutung, die Datapilot-Produkte in der globalen Strafverfolgungs-Gemeinschaft genie\u00dfen.[\/et_pb_text][\/et_pb_column][et_pb_column type=&#8220;1_2&#8243; _builder_version=&#8220;4.27.2&#8243; _module_preset=&#8220;default&#8220; pac_dcm_carousel_specific_module_num=&#8220;0&#8243; global_colors_info=&#8220;{}&#8220; theme_builder_area=&#8220;post_content&#8220;][et_pb_text _builder_version=&#8220;4.27.2&#8243; _module_preset=&#8220;default&#8220; text_text_color=&#8220;#FFFFFF&#8220; text_font_size=&#8220;45px&#8220; header_2_text_align=&#8220;left&#8220; header_2_text_color=&#8220;#000000&#8243; header_2_font_size=&#8220;36px&#8220; global_colors_info=&#8220;{}&#8220; theme_builder_area=&#8220;post_content&#8220;]<\/p>\n<h2><span class=\"gradient-text\">Warum Datapilot?<\/span><\/h2>\n<p>[\/et_pb_text][et_pb_blurb title=&#8220;H\u00f6chste Datenwiederherstellungsrate:&#8220; use_icon=&#8220;on&#8220; font_icon=&#8220;&#xe046;||divi||400&#8243; icon_color=&#8220;#9b2242&#8243; icon_placement=&#8220;left&#8220; image_icon_width=&#8220;25px&#8220; _builder_version=&#8220;4.27.3&#8243; _module_preset=&#8220;default&#8220; header_level=&#8220;h3&#8243; header_font_size=&#8220;18px&#8220; custom_margin=&#8220;||10px||false|false&#8220; global_colors_info=&#8220;{}&#8220; theme_builder_area=&#8220;post_content&#8220;]<\/p>\n<p>DPX nutzt fortschrittliche Algorithmen und Technologien, um eine beeindruckend hohe Erfolgsrate bei der Wiederherstellung gel\u00f6schter und verlorener Daten zu gew\u00e4hrleisten. Dies bedeutet, dass selbst in komplexen und anspruchsvollen F\u00e4llen wertvolle Informationen wiederhergestellt werden k\u00f6nnen.<\/p>\n<p>[\/et_pb_blurb][et_pb_blurb title=&#8220;Benutzerfreundliche Oberfl\u00e4che:&#8220; use_icon=&#8220;on&#8220; font_icon=&#8220;&#xe046;||divi||400&#8243; icon_color=&#8220;#9b2242&#8243; icon_placement=&#8220;left&#8220; image_icon_width=&#8220;25px&#8220; _builder_version=&#8220;4.27.3&#8243; _module_preset=&#8220;default&#8220; header_level=&#8220;h3&#8243; header_font_size=&#8220;18px&#8220; custom_margin=&#8220;||10px||false|false&#8220; global_colors_info=&#8220;{}&#8220; theme_builder_area=&#8220;post_content&#8220;]<\/p>\n<p>DPX bietet eine intuitive und leicht verst\u00e4ndliche Benutzeroberfl\u00e4che, die sowohl f\u00fcr Anf\u00e4nger als auch f\u00fcr erfahrene Forensiker ideal ist. Dies reduziert die Lernkurve und erm\u00f6glicht es den Anwendern, schnell produktiv zu werden und effektive Ergebnisse zu erzielen.<\/p>\n<p>[\/et_pb_blurb][et_pb_blurb title=&#8220;Umfassende Ger\u00e4teunterst\u00fctzung:&#8220; use_icon=&#8220;on&#8220; font_icon=&#8220;&#xe046;||divi||400&#8243; icon_color=&#8220;#9b2242&#8243; icon_placement=&#8220;left&#8220; image_icon_width=&#8220;25px&#8220; _builder_version=&#8220;4.27.3&#8243; _module_preset=&#8220;default&#8220; header_level=&#8220;h3&#8243; header_font_size=&#8220;18px&#8220; custom_margin=&#8220;||10px||false|false&#8220; global_colors_info=&#8220;{}&#8220; theme_builder_area=&#8220;post_content&#8220;]<\/p>\n<p>Das Produkt unterst\u00fctzt eine breite Palette von mobilen Ger\u00e4ten, einschlie\u00dflich der neuesten Modelle von Android und iOS. Diese umfassende Unterst\u00fctzung gew\u00e4hrleistet, dass Forensiker mit den unterschiedlichsten Ger\u00e4ten arbeiten k\u00f6nnen, ohne auf Kompatibilit\u00e4tsprobleme zu sto\u00dfen.<\/p>\n<p>[\/et_pb_blurb][et_pb_blurb title=&#8220;Schnelle und effiziente Analysen:&#8220; use_icon=&#8220;on&#8220; font_icon=&#8220;&#xe046;||divi||400&#8243; icon_color=&#8220;#9b2242&#8243; icon_placement=&#8220;left&#8220; image_icon_width=&#8220;25px&#8220; _builder_version=&#8220;4.27.3&#8243; _module_preset=&#8220;default&#8220; header_level=&#8220;h3&#8243; header_font_size=&#8220;18px&#8220; custom_margin=&#8220;||10px||false|false&#8220; global_colors_info=&#8220;{}&#8220; theme_builder_area=&#8220;post_content&#8220;]<\/p>\n<p>DPX ist auf Geschwindigkeit und Effizienz ausgelegt. Es bietet schnelle Scans und Analysen, sodass Forensiker in k\u00fcrzester Zeit auf wichtige Daten zugreifen und diese verarbeiten k\u00f6nnen. Dies ist besonders in zeitkritischen Situationen von unsch\u00e4tzbarem Wert.<\/p>\n<p>[\/et_pb_blurb][et_pb_blurb title=&#8220;Sicherheits- und Datenschutzstandards:&#8220; use_icon=&#8220;on&#8220; font_icon=&#8220;&#xe046;||divi||400&#8243; icon_color=&#8220;#9b2242&#8243; icon_placement=&#8220;left&#8220; image_icon_width=&#8220;25px&#8220; _builder_version=&#8220;4.27.3&#8243; _module_preset=&#8220;default&#8220; header_level=&#8220;h3&#8243; header_font_size=&#8220;18px&#8220; custom_margin=&#8220;||10px||false|false&#8220; global_colors_info=&#8220;{}&#8220; theme_builder_area=&#8220;post_content&#8220;]<\/p>\n<p>DPX erf\u00fcllt h\u00f6chste Sicherheits- und Datenschutzstandards, was f\u00fcr den Umgang mit sensiblen Daten von gr\u00f6\u00dfter Bedeutung ist. Dies gibt den Nutzern die Gewissheit, dass ihre Untersuchungen den geltenden rechtlichen und ethischen Anforderungen entsprechen.<\/p>\n<p>[\/et_pb_blurb][\/et_pb_column][\/et_pb_row][\/et_pb_section][et_pb_section fb_built=&#8220;1&#8243; _builder_version=&#8220;4.27.2&#8243; _module_preset=&#8220;default&#8220; custom_margin=&#8220;||||false|false&#8220; custom_padding=&#8220;||||false|false&#8220; global_colors_info=&#8220;{}&#8220; theme_builder_area=&#8220;post_content&#8220;][et_pb_row column_structure=&#8220;3_4,1_4&#8243; use_custom_gutter=&#8220;on&#8220; gutter_width=&#8220;2&#8243; make_equal=&#8220;on&#8220; _builder_version=&#8220;4.27.2&#8243; _module_preset=&#8220;bae602af-ef01-47f8-a93a-ad4ad360d344&#8243; background_enable_color=&#8220;off&#8220; use_background_color_gradient=&#8220;on&#8220; background_color_gradient_direction=&#8220;90deg&#8220; background_color_gradient_stops=&#8220;#ffffff 0%|#ffffff 20%|rgba(237,237,237,0.6) 20%|#ededed 100%&#8220; custom_padding=&#8220;5%|2%|5%|2%|true|true&#8220; custom_css_free_form=&#8220;.selector {||  display: flex;||  align-items: center;||}&#8220; global_colors_info=&#8220;{}&#8220; theme_builder_area=&#8220;post_content&#8220;][et_pb_column type=&#8220;3_4&#8243; _builder_version=&#8220;4.27.2&#8243; _module_preset=&#8220;default&#8220; pac_dcm_carousel_specific_module_num=&#8220;0&#8243; global_colors_info=&#8220;{}&#8220; theme_builder_area=&#8220;post_content&#8220;][et_pb_video src=&#8220;https:\/\/lancologne.de\/wp-content\/uploads\/2024\/06\/whatsapp-video-2024-06-17-um-13.07.45_3aec617f.mp4&#8243; _builder_version=&#8220;4.27.2&#8243; _module_preset=&#8220;default&#8220; global_colors_info=&#8220;{}&#8220; theme_builder_area=&#8220;post_content&#8220;][\/et_pb_video][\/et_pb_column][et_pb_column type=&#8220;1_4&#8243; _builder_version=&#8220;4.27.2&#8243; _module_preset=&#8220;default&#8220; background_enable_color=&#8220;off&#8220; pac_dcm_carousel_specific_module_num=&#8220;0&#8243; global_colors_info=&#8220;{}&#8220; theme_builder_area=&#8220;post_content&#8220;][\/et_pb_column][\/et_pb_row][\/et_pb_section][et_pb_section fb_built=&#8220;1&#8243; _builder_version=&#8220;4.27.2&#8243; _module_preset=&#8220;default&#8220; global_colors_info=&#8220;{}&#8220; theme_builder_area=&#8220;post_content&#8220;][et_pb_row column_structure=&#8220;3_5,2_5&#8243; _builder_version=&#8220;4.27.2&#8243; _module_preset=&#8220;bae602af-ef01-47f8-a93a-ad4ad360d344&#8243; global_colors_info=&#8220;{}&#8220; theme_builder_area=&#8220;post_content&#8220;][et_pb_column type=&#8220;3_5&#8243; _builder_version=&#8220;4.27.2&#8243; _module_preset=&#8220;default&#8220; pac_dcm_carousel_specific_module_num=&#8220;0&#8243; global_colors_info=&#8220;{}&#8220; theme_builder_area=&#8220;post_content&#8220;][et_pb_text _builder_version=&#8220;4.27.2&#8243; _module_preset=&#8220;default&#8220; header_2_text_align=&#8220;left&#8220; text_orientation=&#8220;center&#8220; global_colors_info=&#8220;{}&#8220; theme_builder_area=&#8220;post_content&#8220;]<\/p>\n<h2><span class=\"gradient-text\">Produkte und L\u00f6sungen<\/span><\/h2>\n<p>[\/et_pb_text][et_pb_text _builder_version=&#8220;4.27.2&#8243; _module_preset=&#8220;default&#8220; global_colors_info=&#8220;{}&#8220; theme_builder_area=&#8220;post_content&#8220;]Das Flaggschiff-Produkt von Datapilot, DPX, ist ein fortschrittliches Tool f\u00fcr die forensische Untersuchung von Mobilger\u00e4ten. DPX bietet eine beeindruckend hohe Erfolgsrate bei der Wiederherstellung gel\u00f6schter und verlorener Daten, unterst\u00fctzt eine breite Palette von Ger\u00e4ten und Betriebssystemen und ist f\u00fcr seine benutzerfreundliche Oberfl\u00e4che bekannt.[\/et_pb_text][et_pb_text _builder_version=&#8220;4.27.2&#8243; _module_preset=&#8220;default&#8220; global_colors_info=&#8220;{}&#8220; theme_builder_area=&#8220;post_content&#8220;]<\/p>\n<h3>Bedeutung in der mobilen Forensik<\/h3>\n<p>[\/et_pb_text][et_pb_text _builder_version=&#8220;4.27.2&#8243; _module_preset=&#8220;default&#8220; global_colors_info=&#8220;{}&#8220; theme_builder_area=&#8220;post_content&#8220;]<\/p>\n<ol>\n<li><strong>Hohe Erfolgsrate bei der Datenwiederherstellung:<\/strong><br \/>DPX nutzt fortschrittliche Algorithmen, um selbst in komplexen F\u00e4llen wertvolle Informationen wiederherzustellen. Diese F\u00e4higkeit ist entscheidend f\u00fcr die erfolgreiche Aufkl\u00e4rung von Verbrechen.<\/li>\n<li><strong>Umfassende Ger\u00e4teunterst\u00fctzung:<\/strong><br \/>Datapilot unterst\u00fctzt die neuesten Modelle von Android- und iOS-Ger\u00e4ten, was es Forensikern erm\u00f6glicht, eine Vielzahl von mobilen Ger\u00e4ten effektiv zu analysieren.<\/li>\n<li><strong>Benutzerfreundlichkeit:<\/strong><br \/>Die intuitive Benutzeroberfl\u00e4che von DPX reduziert die Lernkurve und erm\u00f6glicht es sowohl Anf\u00e4ngern als auch erfahrenen Forensikern, schnell produktiv zu werden.<\/li>\n<li><strong>Schnelle und effiziente Analysen:<\/strong><br \/>Datapilot-Produkte sind f\u00fcr ihre Geschwindigkeit und Effizienz bekannt. Dies ist besonders in zeitkritischen Ermittlungen von gro\u00dfem Vorteil.<\/li>\n<li><strong>Sicherheits- und Datenschutzstandards:<\/strong><br \/>Datapilot erf\u00fcllt h\u00f6chste Sicherheits- und Datenschutzstandards, was den Umgang mit sensiblen Daten sicher und rechtskonform macht.<\/li>\n<\/ol>\n<p>Datapilot ist ein unverzichtbarer Partner in der mobilen Forensik. Ihre fortschrittlichen Tools und Technologien bieten unvergleichliche Unterst\u00fctzung bei der Aufkl\u00e4rung digitaler Verbrechen und der Wiederherstellung von Daten. Durch kontinuierliche Innovation und einen starken Fokus auf die Bed\u00fcrfnisse der Anwender bleibt Datapilot an der Spitze der mobilen Forensik und unterst\u00fctzt Organisationen weltweit dabei, ihre Ermittlungen erfolgreich durchzuf\u00fchren.<\/p>\n<p>Diese Pr\u00e4sentation unterstreicht die Expertise und Bedeutung von Datapilot im Bereich der mobilen Forensik und zeigt auf, warum ihre L\u00f6sungen weltweit gesch\u00e4tzt und eingesetzt\u00a0werden.<\/p>\n<p>[\/et_pb_text][\/et_pb_column][et_pb_column type=&#8220;2_5&#8243; _builder_version=&#8220;4.27.2&#8243; _module_preset=&#8220;default&#8220; pac_dcm_carousel_specific_module_num=&#8220;0&#8243; global_colors_info=&#8220;{}&#8220; theme_builder_area=&#8220;post_content&#8220;][et_pb_text _builder_version=&#8220;4.27.2&#8243; _module_preset=&#8220;default&#8220; header_2_text_align=&#8220;left&#8220; text_orientation=&#8220;center&#8220; global_colors_info=&#8220;{}&#8220; theme_builder_area=&#8220;post_content&#8220;]<\/p>\n<h2><span class=\"gradient-text\">Anwendungsbeispiele<\/span><\/h2>\n<p>[\/et_pb_text][et_pb_text _builder_version=&#8220;4.27.2&#8243; _module_preset=&#8220;default&#8220; global_colors_info=&#8220;{}&#8220; theme_builder_area=&#8220;post_content&#8220;]<\/p>\n<p>Diese Beispiele verdeutlichen die Wirksamkeit und den Wert der Produkte von Datapilot in der modernen forensischen Untersuchung.<\/p>\n<ul>\n<li><strong>Fall von Identit\u00e4tsdiebstahl:<\/strong><br \/>In einem bekannten Fall von Identit\u00e4tsdiebstahl halfen die Forensik-Tools von Datapilot, kritische Beweise von den mobilen Ger\u00e4ten des Verd\u00e4chtigen zu extrahieren. Die gesammelten Daten f\u00fchrten zur Identifikation und Verhaftung der T\u00e4ter.<\/li>\n<li><strong>Kinderpornografie-Ermittlung:<\/strong><br \/>In einer gro\u00df angelegten Untersuchung zu Kinderpornografie wurden Datapilot-Produkte eingesetzt, um Daten von den Mobiltelefonen mehrerer Verd\u00e4chtiger wiederherzustellen. Diese Beweise waren entscheidend f\u00fcr die Anklage und Verurteilung der Straft\u00e4ter.<\/li>\n<li><strong>Drogenhandel:<\/strong><br \/>Bei der Untersuchung eines Drogenschmuggelrings nutzte die Polizei die Technologien von Datapilot, um Kommunikation und Transaktionen auf mobilen Ger\u00e4ten zu analysieren. Die gesammelten Beweise halfen, das Netzwerk zu zerschlagen und f\u00fchrten zu mehreren Verhaftungen.<\/li>\n<li><strong>Finanzbetrug:<\/strong><br \/>In einem Fall von Finanzbetrug wurden Datapilot-Produkte verwendet, um gel\u00f6schte Nachrichten und Transaktionsdaten von den Smartphones der Verd\u00e4chtigen wiederherzustellen. Diese Informationen waren entscheidend f\u00fcr die Verurteilung der Beteiligten.<\/li>\n<li><strong>Mordfall:<\/strong><br \/>In einem Mordfall halfen die Forensik-Tools von Datapilot, wichtige Beweise von den Mobiltelefonen des Opfers und des Verd\u00e4chtigen zu extrahieren. Diese Beweise spielten eine Schl\u00fcsselrolle bei der Aufkl\u00e4rung des Falls und der Verurteilung des T\u00e4ters.<\/li>\n<\/ul>\n<p>[\/et_pb_text][\/et_pb_column][\/et_pb_row][et_pb_row _builder_version=&#8220;4.27.2&#8243; _module_preset=&#8220;bae602af-ef01-47f8-a93a-ad4ad360d344&#8243; global_colors_info=&#8220;{}&#8220; theme_builder_area=&#8220;post_content&#8220;][et_pb_column type=&#8220;4_4&#8243; _builder_version=&#8220;4.27.2&#8243; _module_preset=&#8220;default&#8220; pac_dcm_carousel_specific_module_num=&#8220;0&#8243; global_colors_info=&#8220;{}&#8220; theme_builder_area=&#8220;post_content&#8220;][et_pb_text _builder_version=&#8220;4.27.2&#8243; _module_preset=&#8220;default&#8220; text_font=&#8220;|600|||||||&#8220; text_font_size=&#8220;18px&#8220; global_colors_info=&#8220;{}&#8220; theme_builder_area=&#8220;post_content&#8220;]Quelle &#038; weitere Informationen unter:[\/et_pb_text][et_pb_button button_url=&#8220;https:\/\/datapilot.com\/&#8220; button_text=&#8220;Datapilot&#8220; button_alignment=&#8220;left&#8220; _builder_version=&#8220;4.27.2&#8243; _module_preset=&#8220;default&#8220; custom_button=&#8220;on&#8220; button_text_color=&#8220;#FFFFFF&#8220; button_bg_color=&#8220;#9b2242&#8243; button_border_width=&#8220;0px&#8220; button_border_radius=&#8220;0px&#8220; button_letter_spacing=&#8220;1px&#8220; button_icon=&#8220;&#x24;||divi||400&#8243; custom_margin=&#8220;40px||||false|false&#8220; custom_padding=&#8220;14px|50px|14px|30px|true|false&#8220; custom_padding_tablet=&#8220;14px|50px|14px|30px|true|false&#8220; custom_padding_phone=&#8220;10px|40px|10px|20px|true|false&#8220; custom_padding_last_edited=&#8220;on|phone&#8220; box_shadow_style=&#8220;preset3&#8243; box_shadow_color=&#8220;rgba(0,0,0,0.1)&#8220; locked=&#8220;off&#8220; global_colors_info=&#8220;{}&#8220; button_bg_color__hover_enabled=&#8220;on|desktop&#8220; button_bg_color__hover=&#8220;#000000&#8243; button_bg_enable_color__hover=&#8220;on&#8220; box_shadow_color__hover_enabled=&#8220;on|hover&#8220; box_shadow_color__hover=&#8220;rgba(0,0,0,0.3)&#8220; theme_builder_area=&#8220;post_content&#8220;][\/et_pb_button][\/et_pb_column][\/et_pb_row][\/et_pb_section]<\/p>\n","protected":false},"excerpt":{"rendered":"<p>DatapilotDatapilot ist ein f\u00fchrendes Unternehmen im Bereich der mobilen Forensik und bekannt f\u00fcr seine innovativen und leistungsstarken L\u00f6sungen zur Datenextraktion und -analyse. Mit jahrelanger Erfahrung und einer tiefen Expertise im Bereich der digitalen Forensik bietet Datapilot Werkzeuge, die weltweit von Strafverfolgungsbeh\u00f6rden, Sicherheits-Organisationen und Unternehmen genutzt werden.Datapilot arbeitet mit verschiedenen Strafverfolgungs- und Sicherheitsbeh\u00f6rden zusammen, um deren [&hellip;]<\/p>\n","protected":false},"author":1,"featured_media":0,"parent":0,"menu_order":0,"comment_status":"closed","ping_status":"closed","template":"","meta":{"_et_pb_use_builder":"on","_et_pb_old_content":"","_et_gb_content_width":"","footnotes":""},"class_list":["post-389071","page","type-page","status-publish","hentry"],"_links":{"self":[{"href":"https:\/\/lancologne.de\/fi\/wp-json\/wp\/v2\/pages\/389071","targetHints":{"allow":["GET"]}}],"collection":[{"href":"https:\/\/lancologne.de\/fi\/wp-json\/wp\/v2\/pages"}],"about":[{"href":"https:\/\/lancologne.de\/fi\/wp-json\/wp\/v2\/types\/page"}],"author":[{"embeddable":true,"href":"https:\/\/lancologne.de\/fi\/wp-json\/wp\/v2\/users\/1"}],"replies":[{"embeddable":true,"href":"https:\/\/lancologne.de\/fi\/wp-json\/wp\/v2\/comments?post=389071"}],"version-history":[{"count":2,"href":"https:\/\/lancologne.de\/fi\/wp-json\/wp\/v2\/pages\/389071\/revisions"}],"predecessor-version":[{"id":389073,"href":"https:\/\/lancologne.de\/fi\/wp-json\/wp\/v2\/pages\/389071\/revisions\/389073"}],"wp:attachment":[{"href":"https:\/\/lancologne.de\/fi\/wp-json\/wp\/v2\/media?parent=389071"}],"curies":[{"name":"wp","href":"https:\/\/api.w.org\/{rel}","templated":true}]}}