{"id":389100,"date":"2024-12-11T22:29:11","date_gmt":"2024-12-11T22:29:11","guid":{"rendered":"https:\/\/staging2.lancologne.de\/?page_id=389100"},"modified":"2024-12-11T22:29:56","modified_gmt":"2024-12-11T22:29:56","slug":"genua","status":"publish","type":"page","link":"https:\/\/lancologne.de\/fi\/genua\/","title":{"rendered":"genua"},"content":{"rendered":"<p>[et_pb_section fb_built=&#8220;1&#8243; fullwidth=&#8220;on&#8220; _builder_version=&#8220;4.27.2&#8243; _module_preset=&#8220;default&#8220; global_colors_info=&#8220;{}&#8220; theme_builder_area=&#8220;post_content&#8220;][et_pb_fullwidth_image src=&#8220;https:\/\/lancologne.de\/wp-content\/uploads\/2024\/04\/kv-partner-genua.jpg&#8220; title_text=&#8220;kv-partner-genua&#8220; _builder_version=&#8220;4.27.2&#8243; _module_preset=&#8220;default&#8220; global_colors_info=&#8220;{}&#8220; theme_builder_area=&#8220;post_content&#8220;][\/et_pb_fullwidth_image][\/et_pb_section][et_pb_section fb_built=&#8220;1&#8243; _builder_version=&#8220;4.27.2&#8243; _module_preset=&#8220;default&#8220; global_colors_info=&#8220;{}&#8220; theme_builder_area=&#8220;post_content&#8220;][et_pb_row _builder_version=&#8220;4.27.2&#8243; _module_preset=&#8220;544f9fb6-a48e-43d9-9be2-d5c01043a57b&#8220; global_colors_info=&#8220;{}&#8220; theme_builder_area=&#8220;post_content&#8220;][et_pb_column type=&#8220;4_4&#8243; _builder_version=&#8220;4.27.2&#8243; _module_preset=&#8220;default&#8220; pac_dcm_carousel_specific_module_num=&#8220;0&#8243; global_colors_info=&#8220;{}&#8220; theme_builder_area=&#8220;post_content&#8220;][et_pb_text _builder_version=&#8220;4.27.2&#8243; _module_preset=&#8220;default&#8220; text_text_color=&#8220;#FFFFFF&#8220; text_font_size=&#8220;45px&#8220; header_text_align=&#8220;center&#8220; header_font_size=&#8220;50px&#8220; header_2_text_align=&#8220;center&#8220; header_2_text_color=&#8220;#000000&#8243; header_2_font_size=&#8220;36px&#8220; global_colors_info=&#8220;{}&#8220; theme_builder_area=&#8220;post_content&#8220;]<\/p>\n<h1><span class=\"gradient-text\">genua<\/span><\/h1>\n<p>[\/et_pb_text][\/et_pb_column][\/et_pb_row][et_pb_row column_structure=&#8220;1_2,1_2&#8243; _builder_version=&#8220;4.27.2&#8243; _module_preset=&#8220;544f9fb6-a48e-43d9-9be2-d5c01043a57b&#8220; background_enable_color=&#8220;off&#8220; global_colors_info=&#8220;{}&#8220; theme_builder_area=&#8220;post_content&#8220;][et_pb_column type=&#8220;1_2&#8243; _builder_version=&#8220;4.27.2&#8243; _module_preset=&#8220;default&#8220; pac_dcm_carousel_specific_module_num=&#8220;0&#8243; global_colors_info=&#8220;{}&#8220; theme_builder_area=&#8220;post_content&#8220;][et_pb_text _builder_version=&#8220;4.27.2&#8243; _module_preset=&#8220;default&#8220; global_colors_info=&#8220;{}&#8220; theme_builder_area=&#8220;post_content&#8220;]genua ist seit \u00fcber 30 Jahren Experte in der Entwicklung hochsicherer Netzwerktechnologien. Das Unternehmen genie\u00dft das Vertrauen f\u00fchrender Institutionen und bietet ein L\u00f6sungsportfolio, das Innovationsf\u00e4higkeit, Qualit\u00e4t und Verl\u00e4sslichkeit garantiert. Zu den bekanntesten Produkten z\u00e4hlen ihre hochsicheren Firewall- und VPN-L\u00f6sungen. Mit einem starken Fokus auf Forschung und Entwicklung bietet genua ganzheitliche Sicherheitsl\u00f6sungen f\u00fcr Regierungen, Unternehmen und kritische Infrastrukturen.[\/et_pb_text][et_pb_text _builder_version=&#8220;4.27.2&#8243; _module_preset=&#8220;default&#8220; text_text_color=&#8220;#FFFFFF&#8220; text_font_size=&#8220;45px&#8220; header_2_text_align=&#8220;left&#8220; header_2_text_color=&#8220;#000000&#8243; header_2_font_size=&#8220;36px&#8220; global_colors_info=&#8220;{}&#8220; theme_builder_area=&#8220;post_content&#8220;]<\/p>\n<h2><span class=\"gradient-text\">Unsere Partnerschaft<\/span><\/h2>\n<p>[\/et_pb_text][et_pb_text _builder_version=&#8220;4.27.2&#8243; _module_preset=&#8220;default&#8220; global_colors_info=&#8220;{}&#8220; theme_builder_area=&#8220;post_content&#8220;]<\/p>\n<p>Als Partner von genua k\u00f6nnen wir unseren Kunden Zugang zu erstklassigen Firewall-L\u00f6sungen bieten, die ihr Netzwerk effektiv vor Cyberangriffen sch\u00fctzen m\u00f6chten. Durch die Integration der innovativen Technologien von genua in unsere Dienstleistungen k\u00f6nnen wir ma\u00dfgeschneiderte Sicherheitsl\u00f6sungen entwickeln, die den individuellen Anforderungen unserer Kunden gerecht werden.<\/p>\n<p>[\/et_pb_text][et_pb_text _builder_version=&#8220;4.27.2&#8243; _module_preset=&#8220;default&#8220; text_text_color=&#8220;#FFFFFF&#8220; text_font_size=&#8220;45px&#8220; header_2_text_align=&#8220;left&#8220; header_2_text_color=&#8220;#000000&#8243; header_2_font_size=&#8220;36px&#8220; global_colors_info=&#8220;{}&#8220; theme_builder_area=&#8220;post_content&#8220;]<\/p>\n<h2><span class=\"gradient-text\">Unsere Leistungen<\/span><\/h2>\n<p>[\/et_pb_text][et_pb_text _builder_version=&#8220;4.27.2&#8243; _module_preset=&#8220;default&#8220; global_colors_info=&#8220;{}&#8220; theme_builder_area=&#8220;post_content&#8220;]<\/p>\n<ul>\n<li><strong>Bereitstellung und Implementierung von genua-Firewall-L\u00f6sungen<\/strong><\/li>\n<li><strong>Kontinuierliche \u00dcberwachung und Wartung der Sicherheitsinfrastruktur<\/strong><\/li>\n<li><strong>Beratung und Unterst\u00fctzung bei der Entwicklung von Sicherheitsstrategien<\/strong><\/li>\n<li><strong>Schulungen f\u00fcr Mitarbeiter zur Sensibilisierung f\u00fcr Sicherheitsrisiken<\/strong><\/li>\n<\/ul>\n<p>[\/et_pb_text][et_pb_text _builder_version=&#8220;4.27.2&#8243; _module_preset=&#8220;default&#8220; text_text_color=&#8220;#FFFFFF&#8220; text_font_size=&#8220;45px&#8220; header_2_text_align=&#8220;left&#8220; header_2_text_color=&#8220;#000000&#8243; header_2_font_size=&#8220;36px&#8220; global_colors_info=&#8220;{}&#8220; theme_builder_area=&#8220;post_content&#8220;]<\/p>\n<h2><span class=\"gradient-text\">Kontaktieren Sie uns<\/span><\/h2>\n<p>[\/et_pb_text][et_pb_text _builder_version=&#8220;4.27.2&#8243; _module_preset=&#8220;default&#8220; global_colors_info=&#8220;{}&#8220; theme_builder_area=&#8220;post_content&#8220;]Wenn Sie mehr \u00fcber unsere Sicherheitsl\u00f6sungen erfahren m\u00f6chten oder eine Beratung zu Ihren Netzwerksicherheitsanforderungen w\u00fcnschen, z\u00f6gern Sie nicht, uns zu kontaktieren. Unser erfahrenes Team steht Ihnen jederzeit zur Verf\u00fcgung, um Ihre Fragen zu beantworten und Ihnen dabei zu helfen, die richtige L\u00f6sung f\u00fcr Ihr Unternehmen zu finden.<\/p>\n<p>Wir freuen uns darauf, mit Ihnen zusammenzuarbeiten, um die Sicherheit Ihres Unternehmens zu st\u00e4rken und Ihre gesch\u00e4ftlichen Ziele zu erreichen.[\/et_pb_text][\/et_pb_column][et_pb_column type=&#8220;1_2&#8243; _builder_version=&#8220;4.27.2&#8243; _module_preset=&#8220;default&#8220; pac_dcm_carousel_specific_module_num=&#8220;0&#8243; global_colors_info=&#8220;{}&#8220; theme_builder_area=&#8220;post_content&#8220;][et_pb_text _builder_version=&#8220;4.27.2&#8243; _module_preset=&#8220;default&#8220; text_text_color=&#8220;#FFFFFF&#8220; text_font_size=&#8220;45px&#8220; header_2_text_align=&#8220;left&#8220; header_2_text_color=&#8220;#000000&#8243; header_2_font_size=&#8220;36px&#8220; global_colors_info=&#8220;{}&#8220; theme_builder_area=&#8220;post_content&#8220;]<\/p>\n<h2><span class=\"gradient-text\">Warum genua?<\/span><\/h2>\n<p>[\/et_pb_text][et_pb_blurb title=&#8220;Branchenf\u00fchrende Sicherheit:&#8220; use_icon=&#8220;on&#8220; font_icon=&#8220;&#xe046;||divi||400&#8243; icon_color=&#8220;#9b2242&#8243; icon_placement=&#8220;left&#8220; image_icon_width=&#8220;25px&#8220; _builder_version=&#8220;4.27.3&#8243; _module_preset=&#8220;default&#8220; header_level=&#8220;h3&#8243; header_font_size=&#8220;18px&#8220; custom_margin=&#8220;||10px||false|false&#8220; custom_padding=&#8220;||||false|false&#8220; global_colors_info=&#8220;{}&#8220; theme_builder_area=&#8220;post_content&#8220;]<\/p>\n<p>Die Firewall-L\u00f6sungen von genua gelten als eine der sichersten der Welt. Durch fortschrittliche Verschl\u00fcsselung sowie Backdoor-freie VPN-Technologie Made in Germany bieten sie einen umfassenden Schutz vor den komplexesten Bedrohungen.<\/p>\n<p>[\/et_pb_blurb][et_pb_blurb title=&#8220;Zuverl\u00e4ssigkeit und Performance:&#8220; use_icon=&#8220;on&#8220; font_icon=&#8220;&#xe046;||divi||400&#8243; icon_color=&#8220;#9b2242&#8243; icon_placement=&#8220;left&#8220; image_icon_width=&#8220;25px&#8220; _builder_version=&#8220;4.27.3&#8243; _module_preset=&#8220;default&#8220; header_level=&#8220;h3&#8243; header_font_size=&#8220;18px&#8220; custom_margin=&#8220;||10px||false|false&#8220; global_colors_info=&#8220;{}&#8220; theme_builder_area=&#8220;post_content&#8220;]<\/p>\n<p>Produkte von genua zeichnen sich durch hohe Zuverl\u00e4ssigkeit und Performance aus. Sie bieten eine stabile und skalierbare L\u00f6sung f\u00fcr Unternehmen jeder Gr\u00f6\u00dfe, ohne Kompromisse bei der Sicherheit einzugehen.<\/p>\n<p>[\/et_pb_blurb][et_pb_blurb title=&#8220;Einfache Integration und Verwaltung:&#8220; use_icon=&#8220;on&#8220; font_icon=&#8220;&#xe046;||divi||400&#8243; icon_color=&#8220;#9b2242&#8243; icon_placement=&#8220;left&#8220; image_icon_width=&#8220;25px&#8220; _builder_version=&#8220;4.27.3&#8243; _module_preset=&#8220;default&#8220; header_level=&#8220;h3&#8243; header_font_size=&#8220;18px&#8220; custom_margin=&#8220;||10px||false|false&#8220; global_colors_info=&#8220;{}&#8220; theme_builder_area=&#8220;post_content&#8220;]<\/p>\n<p>Die Produkte von genua sind einfach zu integrieren und zu verwalten, was die Implementierung und Wartung f\u00fcr Unternehmen erleichtert. Mit benutzerfreundlichen Schnittstellen und umfassenden Management-Tools k\u00f6nnen Administratoren die Sicherheit ihres Netzwerks effizient \u00fcberwachen und verwalten.<\/p>\n<p>[\/et_pb_blurb][et_pb_blurb title=&#8220;Compliance und Zertifizierungen:&#8220; use_icon=&#8220;on&#8220; font_icon=&#8220;&#xe046;||divi||400&#8243; icon_color=&#8220;#9b2242&#8243; icon_placement=&#8220;left&#8220; image_icon_width=&#8220;25px&#8220; _builder_version=&#8220;4.27.3&#8243; _module_preset=&#8220;default&#8220; header_level=&#8220;h3&#8243; header_font_size=&#8220;18px&#8220; custom_margin=&#8220;||10px||false|false&#8220; global_colors_info=&#8220;{}&#8220; theme_builder_area=&#8220;post_content&#8220;]<\/p>\n<p>L\u00f6sungen von genua erf\u00fcllen die strengsten Sicherheitsstandards und sind nach internationalen Normen zertifiziert, darunter Common Criteria und BSI-Zertifizierungen. Dies erm\u00f6glicht es Unternehmen, Compliance-Anforderungen zu erf\u00fcllen und das Vertrauen ihrer Kunden und Partner zu gewinnen.<\/p>\n<p>[\/et_pb_blurb][et_pb_blurb title=&#8220;Umfassender Support und Service:&#8220; use_icon=&#8220;on&#8220; font_icon=&#8220;&#xe046;||divi||400&#8243; icon_color=&#8220;#9b2242&#8243; icon_placement=&#8220;left&#8220; image_icon_width=&#8220;25px&#8220; _builder_version=&#8220;4.27.3&#8243; _module_preset=&#8220;default&#8220; header_level=&#8220;h3&#8243; header_font_size=&#8220;18px&#8220; custom_margin=&#8220;||10px||false|false&#8220; global_colors_info=&#8220;{}&#8220; theme_builder_area=&#8220;post_content&#8220;]<\/p>\n<p>Als Partner von genua bieten wir unseren Kunden einen umfassenden Support und Service. Von der Beratung und Planung bis hin zur Implementierung und Wartung stehen wir unseren Kunden bei jedem Schritt zur Seite, um sicherzustellen, dass ihre Netzwerke optimal gesch\u00fctzt sind.<\/p>\n<p>[\/et_pb_blurb][\/et_pb_column][\/et_pb_row][\/et_pb_section][et_pb_section fb_built=&#8220;1&#8243; _builder_version=&#8220;4.27.2&#8243; _module_preset=&#8220;default&#8220; global_colors_info=&#8220;{}&#8220; theme_builder_area=&#8220;post_content&#8220;][et_pb_row column_structure=&#8220;1_2,1_2&#8243; _builder_version=&#8220;4.27.2&#8243; _module_preset=&#8220;544f9fb6-a48e-43d9-9be2-d5c01043a57b&#8220; global_colors_info=&#8220;{}&#8220; theme_builder_area=&#8220;post_content&#8220;][et_pb_column type=&#8220;1_2&#8243; _builder_version=&#8220;4.27.2&#8243; _module_preset=&#8220;default&#8220; pac_dcm_carousel_specific_module_num=&#8220;0&#8243; global_colors_info=&#8220;{}&#8220; theme_builder_area=&#8220;post_content&#8220;][et_pb_text _builder_version=&#8220;4.27.2&#8243; _module_preset=&#8220;default&#8220; text_font=&#8220;|600|||||||&#8220; text_font_size=&#8220;18px&#8220; global_colors_info=&#8220;{}&#8220; theme_builder_area=&#8220;post_content&#8220;]Quelle &#038; weitere Informationen unter:[\/et_pb_text][et_pb_button button_url=&#8220;https:\/\/www.genua.de\/&#8220; url_new_window=&#8220;on&#8220; button_text=&#8220;genua&#8220; button_alignment=&#8220;left&#8220; _builder_version=&#8220;4.27.2&#8243; _module_preset=&#8220;default&#8220; custom_button=&#8220;on&#8220; button_text_color=&#8220;#FFFFFF&#8220; button_bg_color=&#8220;#9b2242&#8243; button_border_width=&#8220;0px&#8220; button_border_radius=&#8220;0px&#8220; button_letter_spacing=&#8220;1px&#8220; button_icon=&#8220;&#x24;||divi||400&#8243; custom_margin=&#8220;40px||||false|false&#8220; custom_padding=&#8220;14px|50px|14px|30px|true|false&#8220; custom_padding_tablet=&#8220;14px|50px|14px|30px|true|false&#8220; custom_padding_phone=&#8220;10px|40px|10px|20px|true|false&#8220; custom_padding_last_edited=&#8220;on|phone&#8220; box_shadow_style=&#8220;preset3&#8243; box_shadow_color=&#8220;rgba(0,0,0,0.1)&#8220; locked=&#8220;off&#8220; global_colors_info=&#8220;{}&#8220; button_bg_color__hover_enabled=&#8220;on|desktop&#8220; button_bg_color__hover=&#8220;#000000&#8243; button_bg_enable_color__hover=&#8220;on&#8220; box_shadow_color__hover_enabled=&#8220;on|hover&#8220; box_shadow_color__hover=&#8220;rgba(0,0,0,0.3)&#8220; theme_builder_area=&#8220;post_content&#8220;][\/et_pb_button][\/et_pb_column][et_pb_column type=&#8220;1_2&#8243; _builder_version=&#8220;4.27.2&#8243; _module_preset=&#8220;default&#8220; pac_dcm_carousel_specific_module_num=&#8220;0&#8243; global_colors_info=&#8220;{}&#8220; theme_builder_area=&#8220;post_content&#8220;][et_pb_image src=&#8220;https:\/\/lancologne.de\/wp-content\/uploads\/2024\/05\/genua_friend.png&#8220; title_text=&#8220;genua_friend&#8220; align=&#8220;center&#8220; _builder_version=&#8220;4.27.2&#8243; _module_preset=&#8220;default&#8220; global_colors_info=&#8220;{}&#8220; theme_builder_area=&#8220;post_content&#8220;][\/et_pb_image][\/et_pb_column][\/et_pb_row][\/et_pb_section]<\/p>\n","protected":false},"excerpt":{"rendered":"<p>genuagenua ist seit \u00fcber 30 Jahren Experte in der Entwicklung hochsicherer Netzwerktechnologien. Das Unternehmen genie\u00dft das Vertrauen f\u00fchrender Institutionen und bietet ein L\u00f6sungsportfolio, das Innovationsf\u00e4higkeit, Qualit\u00e4t und Verl\u00e4sslichkeit garantiert. Zu den bekanntesten Produkten z\u00e4hlen ihre hochsicheren Firewall- und VPN-L\u00f6sungen. Mit einem starken Fokus auf Forschung und Entwicklung bietet genua ganzheitliche Sicherheitsl\u00f6sungen f\u00fcr Regierungen, Unternehmen und [&hellip;]<\/p>\n","protected":false},"author":1,"featured_media":0,"parent":0,"menu_order":0,"comment_status":"closed","ping_status":"closed","template":"","meta":{"_et_pb_use_builder":"on","_et_pb_old_content":"","_et_gb_content_width":"","footnotes":""},"class_list":["post-389100","page","type-page","status-publish","hentry"],"_links":{"self":[{"href":"https:\/\/lancologne.de\/fi\/wp-json\/wp\/v2\/pages\/389100","targetHints":{"allow":["GET"]}}],"collection":[{"href":"https:\/\/lancologne.de\/fi\/wp-json\/wp\/v2\/pages"}],"about":[{"href":"https:\/\/lancologne.de\/fi\/wp-json\/wp\/v2\/types\/page"}],"author":[{"embeddable":true,"href":"https:\/\/lancologne.de\/fi\/wp-json\/wp\/v2\/users\/1"}],"replies":[{"embeddable":true,"href":"https:\/\/lancologne.de\/fi\/wp-json\/wp\/v2\/comments?post=389100"}],"version-history":[{"count":2,"href":"https:\/\/lancologne.de\/fi\/wp-json\/wp\/v2\/pages\/389100\/revisions"}],"predecessor-version":[{"id":389102,"href":"https:\/\/lancologne.de\/fi\/wp-json\/wp\/v2\/pages\/389100\/revisions\/389102"}],"wp:attachment":[{"href":"https:\/\/lancologne.de\/fi\/wp-json\/wp\/v2\/media?parent=389100"}],"curies":[{"name":"wp","href":"https:\/\/api.w.org\/{rel}","templated":true}]}}