{"id":389202,"date":"2024-12-12T08:21:45","date_gmt":"2024-12-12T08:21:45","guid":{"rendered":"https:\/\/staging2.lancologne.de\/?page_id=389202"},"modified":"2024-12-12T08:22:16","modified_gmt":"2024-12-12T08:22:16","slug":"cimperium","status":"publish","type":"page","link":"https:\/\/lancologne.de\/fi\/cimperium\/","title":{"rendered":"Zimperium"},"content":{"rendered":"<p>[et_pb_section fb_built=&#8220;1&#8243; fullwidth=&#8220;on&#8220; _builder_version=&#8220;4.27.2&#8243; _module_preset=&#8220;default&#8220; global_colors_info=&#8220;{}&#8220; theme_builder_area=&#8220;post_content&#8220;][et_pb_fullwidth_image src=&#8220;https:\/\/lancologne.de\/wp-content\/uploads\/2024\/04\/kv-zimperium.jpg&#8220; title_text=&#8220;kv-zimperium&#8220; _builder_version=&#8220;4.27.2&#8243; _module_preset=&#8220;default&#8220; global_colors_info=&#8220;{}&#8220; theme_builder_area=&#8220;post_content&#8220;][\/et_pb_fullwidth_image][\/et_pb_section][et_pb_section fb_built=&#8220;1&#8243; _builder_version=&#8220;4.27.2&#8243; _module_preset=&#8220;default&#8220; global_colors_info=&#8220;{}&#8220; theme_builder_area=&#8220;post_content&#8220;][et_pb_row _builder_version=&#8220;4.27.2&#8243; _module_preset=&#8220;0d3ff2df-bd25-4c25-8b5e-44d766823686&#8243; global_colors_info=&#8220;{}&#8220; theme_builder_area=&#8220;post_content&#8220;][et_pb_column type=&#8220;4_4&#8243; _builder_version=&#8220;4.27.2&#8243; _module_preset=&#8220;default&#8220; pac_dcm_carousel_specific_module_num=&#8220;0&#8243; global_colors_info=&#8220;{}&#8220; theme_builder_area=&#8220;post_content&#8220;][et_pb_text _builder_version=&#8220;4.27.2&#8243; _module_preset=&#8220;default&#8220; text_text_color=&#8220;#FFFFFF&#8220; text_font_size=&#8220;45px&#8220; header_text_align=&#8220;center&#8220; header_font_size=&#8220;50px&#8220; header_2_text_align=&#8220;center&#8220; header_2_text_color=&#8220;#000000&#8243; header_2_font_size=&#8220;36px&#8220; global_colors_info=&#8220;{}&#8220; theme_builder_area=&#8220;post_content&#8220;]<\/p>\n<h1><span class=\"gradient-text\">Zimperium<\/span><\/h1>\n<p>[\/et_pb_text][\/et_pb_column][\/et_pb_row][et_pb_row column_structure=&#8220;1_2,1_2&#8243; _builder_version=&#8220;4.27.2&#8243; _module_preset=&#8220;0d3ff2df-bd25-4c25-8b5e-44d766823686&#8243; background_enable_color=&#8220;off&#8220; global_colors_info=&#8220;{}&#8220; theme_builder_area=&#8220;post_content&#8220;][et_pb_column type=&#8220;1_2&#8243; _builder_version=&#8220;4.27.2&#8243; _module_preset=&#8220;default&#8220; pac_dcm_carousel_specific_module_num=&#8220;0&#8243; global_colors_info=&#8220;{}&#8220; theme_builder_area=&#8220;post_content&#8220;][et_pb_text _builder_version=&#8220;4.27.2&#8243; _module_preset=&#8220;default&#8220; global_colors_info=&#8220;{}&#8220; theme_builder_area=&#8220;post_content&#8220;]Zimperium bietet eine umfassende mobile Endpoint-Sicherheitsl\u00f6sung, die die Erkennung und Abwehr von Bedrohungen direkt auf dem Ger\u00e4t erm\u00f6glicht, ohne dass Daten an eine Cloud gesendet werden m\u00fcssen. Dieser Ansatz gew\u00e4hrleistet Datenschutz und schnelle Reaktionszeiten bei der Bedrohungserkennung und -abwehr. Besonders hervorzuheben ist das maschinenbasierte Lernen, das Zimperium einsetzt, um sowohl bekannte als auch unbekannte Bedrohungen effektiv zu bek\u00e4mpfen.[\/et_pb_text][\/et_pb_column][et_pb_column type=&#8220;1_2&#8243; _builder_version=&#8220;4.27.2&#8243; _module_preset=&#8220;default&#8220; pac_dcm_carousel_specific_module_num=&#8220;0&#8243; global_colors_info=&#8220;{}&#8220; theme_builder_area=&#8220;post_content&#8220;][et_pb_text _builder_version=&#8220;4.27.2&#8243; _module_preset=&#8220;default&#8220; global_colors_info=&#8220;{}&#8220; theme_builder_area=&#8220;post_content&#8220;]Ein weiterer entscheidender Faktor f\u00fcr die Wahl von Zimperium ist deren F\u00e4higkeit, nahtlose Integrationen mit bestehenden Unternehmenssystemen wie MDM, XDR und SIEM zu bieten. Dies erm\u00f6glicht eine umfassende Sicht auf Sicherheitsbedrohungen und verbesserte Incident-Response-F\u00e4higkeiten. Die Plattform unterst\u00fctzt Unternehmen dabei, effiziente Sicherheitsma\u00dfnahmen zu implementieren, ohne dabei die Benutzererfahrung zu beeintr\u00e4chtigen\u200b.<\/p>\n<p>Zimperiums Engagement f\u00fcr Datenschutz und Benutzerfreundlichkeit, gepaart mit deren fortgeschrittener Bedrohungserkennung und -abwehr, macht sie zu einem idealen Partner f\u00fcr ihre Sicherheit, um mobile Endpunkte umfassend zu sch\u00fctzen und gleichzeitig die Privatsph\u00e4re der Mitarbeiter zu wahren.<\/p>\n<p>Weitere Details zu den mobilen Sicherheitsl\u00f6sungen von Zimperium finden Sie direkt auf www.zimperium.com[\/et_pb_text][\/et_pb_column][\/et_pb_row][\/et_pb_section][et_pb_section fb_built=&#8220;1&#8243; _builder_version=&#8220;4.27.2&#8243; _module_preset=&#8220;default&#8220; global_colors_info=&#8220;{}&#8220; theme_builder_area=&#8220;post_content&#8220;][et_pb_row column_structure=&#8220;1_2,1_2&#8243; _builder_version=&#8220;4.27.2&#8243; _module_preset=&#8220;0d3ff2df-bd25-4c25-8b5e-44d766823686&#8243; global_colors_info=&#8220;{}&#8220; theme_builder_area=&#8220;post_content&#8220;][et_pb_column type=&#8220;1_2&#8243; _builder_version=&#8220;4.27.2&#8243; _module_preset=&#8220;default&#8220; pac_dcm_carousel_specific_module_num=&#8220;0&#8243; global_colors_info=&#8220;{}&#8220; theme_builder_area=&#8220;post_content&#8220;][et_pb_text _builder_version=&#8220;4.27.2&#8243; _module_preset=&#8220;default&#8220; text_text_color=&#8220;#FFFFFF&#8220; text_font_size=&#8220;45px&#8220; header_2_text_align=&#8220;left&#8220; header_2_text_color=&#8220;#000000&#8243; header_2_font_size=&#8220;36px&#8220; global_colors_info=&#8220;{}&#8220; theme_builder_area=&#8220;post_content&#8220;]<\/p>\n<h2><span class=\"gradient-text\">Warum Zimperium?<\/span><\/h2>\n<p>[\/et_pb_text][\/et_pb_column][et_pb_column type=&#8220;1_2&#8243; _builder_version=&#8220;4.27.2&#8243; _module_preset=&#8220;default&#8220; pac_dcm_carousel_specific_module_num=&#8220;0&#8243; global_colors_info=&#8220;{}&#8220; theme_builder_area=&#8220;post_content&#8220;][\/et_pb_column][\/et_pb_row][et_pb_row column_structure=&#8220;1_2,1_2&#8243; _builder_version=&#8220;4.27.2&#8243; _module_preset=&#8220;0d3ff2df-bd25-4c25-8b5e-44d766823686&#8243; global_colors_info=&#8220;{}&#8220; theme_builder_area=&#8220;post_content&#8220;][et_pb_column type=&#8220;1_2&#8243; _builder_version=&#8220;4.27.2&#8243; _module_preset=&#8220;default&#8220; pac_dcm_carousel_specific_module_num=&#8220;0&#8243; global_colors_info=&#8220;{}&#8220; theme_builder_area=&#8220;post_content&#8220;][et_pb_blurb title=&#8220;Umfassende On-Device-Bedrohungserkennung:&#8220; use_icon=&#8220;on&#8220; font_icon=&#8220;&#xe046;||divi||400&#8243; icon_color=&#8220;#9b2242&#8243; icon_placement=&#8220;left&#8220; image_icon_width=&#8220;25px&#8220; _builder_version=&#8220;4.27.3&#8243; _module_preset=&#8220;default&#8220; header_level=&#8220;h3&#8243; header_font_size=&#8220;18px&#8220; module_alignment=&#8220;left&#8220; custom_margin=&#8220;||10px||false|false&#8220; custom_padding=&#8220;||||false|false&#8220; global_colors_info=&#8220;{}&#8220; theme_builder_area=&#8220;post_content&#8220;]<\/p>\n<p>Zimperium nutzt maschinelles Lernen, um Bedrohungen direkt auf dem Ger\u00e4t zu erkennen, was bedeutet, dass keine sensiblen Daten zur Analyse an eine Cloud gesendet werden m\u00fcssen. Diese F\u00e4higkeit zur On-Device-Erkennung stellt sicher, dass die Privatsph\u00e4re der Benutzer gewahrt bleibt und gleichzeitig eine schnelle Reaktionszeit auf Sicherheitsbedrohungen erm\u00f6glicht wird.<\/p>\n<p>[\/et_pb_blurb][et_pb_blurb title=&#8220;Integration mit bestehenden Unternehmenssystemen:&#8220; use_icon=&#8220;on&#8220; font_icon=&#8220;&#xe046;||divi||400&#8243; icon_color=&#8220;#9b2242&#8243; icon_placement=&#8220;left&#8220; image_icon_width=&#8220;25px&#8220; _builder_version=&#8220;4.27.3&#8243; _module_preset=&#8220;default&#8220; header_level=&#8220;h3&#8243; header_font_size=&#8220;18px&#8220; module_alignment=&#8220;left&#8220; custom_margin=&#8220;||10px||false|false&#8220; custom_padding=&#8220;||||false|false&#8220; global_colors_info=&#8220;{}&#8220; theme_builder_area=&#8220;post_content&#8220;]<\/p>\n<p>Die L\u00f6sungen von Zimperium lassen sich nahtlos in bestehende Unternehmenssicherheitssysteme wie MDM, XDR und SIEM integrieren. Diese Kompatibilit\u00e4t erleichtert es Unternehmen, ihre mobile Sicherheitsarchitektur zu st\u00e4rken und zu zentralisieren, ohne neue Systeme implementieren zu m\u00fcssen.<\/p>\n<p>[\/et_pb_blurb][et_pb_blurb title=&#8220;Datenschutz und Compliance:&#8220; use_icon=&#8220;on&#8220; font_icon=&#8220;&#xe046;||divi||400&#8243; icon_color=&#8220;#9b2242&#8243; icon_placement=&#8220;left&#8220; image_icon_width=&#8220;25px&#8220; _builder_version=&#8220;4.27.3&#8243; _module_preset=&#8220;default&#8220; header_level=&#8220;h3&#8243; header_font_size=&#8220;18px&#8220; module_alignment=&#8220;left&#8220; custom_margin=&#8220;||10px||false|false&#8220; custom_padding=&#8220;||||false|false&#8220; global_colors_info=&#8220;{}&#8220; theme_builder_area=&#8220;post_content&#8220;]<\/p>\n<p>Zimperium legt gro\u00dfen Wert auf Datenschutz und unterst\u00fctzt Unternehmen dabei, strenge Datenschutzrichtlinien und Compliance-Anforderungen zu erf\u00fcllen. Der Ansatz \u201ePrivacy-by-Design\u201c sorgt daf\u00fcr, dass die Privatsph\u00e4re der Endnutzer auch bei der Nutzung von BYOD-Richtlinien (Bring Your Own Device) gesch\u00fctzt wird.<\/p>\n<p>[\/et_pb_blurb][\/et_pb_column][et_pb_column type=&#8220;1_2&#8243; _builder_version=&#8220;4.27.2&#8243; _module_preset=&#8220;default&#8220; pac_dcm_carousel_specific_module_num=&#8220;0&#8243; global_colors_info=&#8220;{}&#8220; theme_builder_area=&#8220;post_content&#8220;][et_pb_blurb title=&#8220;Erweiterte Bedrohungserkennung und Reaktionsf\u00e4higkeit:&#8220; use_icon=&#8220;on&#8220; font_icon=&#8220;&#xe046;||divi||400&#8243; icon_color=&#8220;#9b2242&#8243; icon_placement=&#8220;left&#8220; image_icon_width=&#8220;25px&#8220; _builder_version=&#8220;4.27.3&#8243; _module_preset=&#8220;default&#8220; header_level=&#8220;h3&#8243; header_font_size=&#8220;18px&#8220; module_alignment=&#8220;left&#8220; custom_margin=&#8220;||10px||false|false&#8220; custom_padding=&#8220;||||false|false&#8220; global_colors_info=&#8220;{}&#8220; theme_builder_area=&#8220;post_content&#8220;]<\/p>\n<p>Zimperium bietet nicht nur Bedrohungserkennung, sondern auch fortgeschrittene Reaktionsm\u00f6glichkeiten, um Bedrohungen effektiv zu bek\u00e4mpfen. Die Plattform erm\u00f6glicht es Sicherheitsteams, kritische Bedrohungen zu identifizieren und automatisierte Ma\u00dfnahmen zur Bedrohungsabwehr einzuleiten.<\/p>\n<p>[\/et_pb_blurb][et_pb_blurb title=&#8220;Branchenf\u00fchrende Technologie:&#8220; use_icon=&#8220;on&#8220; font_icon=&#8220;&#xe046;||divi||400&#8243; icon_color=&#8220;#9b2242&#8243; icon_placement=&#8220;left&#8220; image_icon_width=&#8220;25px&#8220; _builder_version=&#8220;4.27.3&#8243; _module_preset=&#8220;default&#8220; header_level=&#8220;h3&#8243; header_font_size=&#8220;18px&#8220; module_alignment=&#8220;left&#8220; custom_margin=&#8220;||10px||false|false&#8220; custom_padding=&#8220;||||false|false&#8220; global_colors_info=&#8220;{}&#8220; theme_builder_area=&#8220;post_content&#8220;]<\/p>\n<p>Zimperium wird als Technologief\u00fchrer in Branchenanalysen anerkannt und hat in Bewertungen wie der von Quadrant Knowledge Solutions hohe Bewertungen f\u00fcr seine technologische Exzellenz und Kundenwirkung erhalten.<\/p>\n<p>[\/et_pb_blurb][et_pb_blurb title=&#8220;Spezialisierung auf mobile Sicherheit:&#8220; use_icon=&#8220;on&#8220; font_icon=&#8220;&#xe046;||divi||400&#8243; icon_color=&#8220;#9b2242&#8243; icon_placement=&#8220;left&#8220; image_icon_width=&#8220;25px&#8220; _builder_version=&#8220;4.27.3&#8243; _module_preset=&#8220;default&#8220; header_level=&#8220;h3&#8243; header_font_size=&#8220;18px&#8220; module_alignment=&#8220;left&#8220; custom_margin=&#8220;||10px||false|false&#8220; custom_padding=&#8220;||||false|false&#8220; global_colors_info=&#8220;{}&#8220; theme_builder_area=&#8220;post_content&#8220;]<\/p>\n<p>Im Gegensatz zu anderen Sicherheitsanbietern, die m\u00f6glicherweise verschiedene IT-Sicherheitsbereiche abdecken, konzentriert sich Zimperium ausschlie\u00dflich auf mobile Sicherheit. Dieser Fokus erm\u00f6glicht eine tiefere Expertise und ma\u00dfgeschneiderte L\u00f6sungen f\u00fcr mobile Bedrohungen.<\/p>\n<p>[\/et_pb_blurb][\/et_pb_column][\/et_pb_row][et_pb_row column_structure=&#8220;1_2,1_2&#8243; _builder_version=&#8220;4.27.2&#8243; _module_preset=&#8220;0d3ff2df-bd25-4c25-8b5e-44d766823686&#8243; global_colors_info=&#8220;{}&#8220; theme_builder_area=&#8220;post_content&#8220;][et_pb_column type=&#8220;1_2&#8243; _builder_version=&#8220;4.27.2&#8243; _module_preset=&#8220;default&#8220; pac_dcm_carousel_specific_module_num=&#8220;0&#8243; global_colors_info=&#8220;{}&#8220; theme_builder_area=&#8220;post_content&#8220;][et_pb_text _builder_version=&#8220;4.27.2&#8243; _module_preset=&#8220;default&#8220; text_font=&#8220;|600|||||||&#8220; text_font_size=&#8220;18px&#8220; custom_margin=&#8220;50px||||false|false&#8220; global_colors_info=&#8220;{}&#8220; theme_builder_area=&#8220;post_content&#8220;]Quelle &#038; weitere Informationen unter:[\/et_pb_text][et_pb_button button_url=&#8220;https:\/\/www.zimperium.com\/&#8220; url_new_window=&#8220;on&#8220; button_text=&#8220;Zimperium&#8220; button_alignment=&#8220;left&#8220; _builder_version=&#8220;4.27.2&#8243; _module_preset=&#8220;default&#8220; custom_button=&#8220;on&#8220; button_text_color=&#8220;#FFFFFF&#8220; button_bg_color=&#8220;#9b2242&#8243; button_border_width=&#8220;0px&#8220; button_border_radius=&#8220;0px&#8220; button_letter_spacing=&#8220;1px&#8220; button_icon=&#8220;&#x24;||divi||400&#8243; custom_margin=&#8220;40px||||false|false&#8220; custom_padding=&#8220;14px|50px|14px|30px|true|false&#8220; custom_padding_tablet=&#8220;14px|50px|14px|30px|true|false&#8220; custom_padding_phone=&#8220;10px|40px|10px|20px|true|false&#8220; custom_padding_last_edited=&#8220;on|phone&#8220; box_shadow_style=&#8220;preset3&#8243; box_shadow_color=&#8220;rgba(0,0,0,0.1)&#8220; locked=&#8220;off&#8220; global_colors_info=&#8220;{}&#8220; button_bg_color__hover_enabled=&#8220;on|desktop&#8220; button_bg_color__hover=&#8220;#000000&#8243; button_bg_enable_color__hover=&#8220;on&#8220; box_shadow_color__hover_enabled=&#8220;on|hover&#8220; box_shadow_color__hover=&#8220;rgba(0,0,0,0.3)&#8220; theme_builder_area=&#8220;post_content&#8220;][\/et_pb_button][\/et_pb_column][et_pb_column type=&#8220;1_2&#8243; _builder_version=&#8220;4.27.2&#8243; _module_preset=&#8220;default&#8220; pac_dcm_carousel_specific_module_num=&#8220;0&#8243; global_colors_info=&#8220;{}&#8220; theme_builder_area=&#8220;post_content&#8220;][\/et_pb_column][\/et_pb_row][\/et_pb_section]<\/p>\n","protected":false},"excerpt":{"rendered":"<p>ZimperiumZimperium bietet eine umfassende mobile Endpoint-Sicherheitsl\u00f6sung, die die Erkennung und Abwehr von Bedrohungen direkt auf dem Ger\u00e4t erm\u00f6glicht, ohne dass Daten an eine Cloud gesendet werden m\u00fcssen. Dieser Ansatz gew\u00e4hrleistet Datenschutz und schnelle Reaktionszeiten bei der Bedrohungserkennung und -abwehr. Besonders hervorzuheben ist das maschinenbasierte Lernen, das Zimperium einsetzt, um sowohl bekannte als auch unbekannte Bedrohungen [&hellip;]<\/p>\n","protected":false},"author":1,"featured_media":0,"parent":0,"menu_order":0,"comment_status":"closed","ping_status":"closed","template":"","meta":{"_et_pb_use_builder":"on","_et_pb_old_content":"","_et_gb_content_width":"","footnotes":""},"class_list":["post-389202","page","type-page","status-publish","hentry"],"_links":{"self":[{"href":"https:\/\/lancologne.de\/fi\/wp-json\/wp\/v2\/pages\/389202","targetHints":{"allow":["GET"]}}],"collection":[{"href":"https:\/\/lancologne.de\/fi\/wp-json\/wp\/v2\/pages"}],"about":[{"href":"https:\/\/lancologne.de\/fi\/wp-json\/wp\/v2\/types\/page"}],"author":[{"embeddable":true,"href":"https:\/\/lancologne.de\/fi\/wp-json\/wp\/v2\/users\/1"}],"replies":[{"embeddable":true,"href":"https:\/\/lancologne.de\/fi\/wp-json\/wp\/v2\/comments?post=389202"}],"version-history":[{"count":2,"href":"https:\/\/lancologne.de\/fi\/wp-json\/wp\/v2\/pages\/389202\/revisions"}],"predecessor-version":[{"id":389204,"href":"https:\/\/lancologne.de\/fi\/wp-json\/wp\/v2\/pages\/389202\/revisions\/389204"}],"wp:attachment":[{"href":"https:\/\/lancologne.de\/fi\/wp-json\/wp\/v2\/media?parent=389202"}],"curies":[{"name":"wp","href":"https:\/\/api.w.org\/{rel}","templated":true}]}}