{"id":389084,"date":"2024-12-11T22:19:20","date_gmt":"2024-12-11T22:19:20","guid":{"rendered":"https:\/\/staging2.lancologne.de\/?page_id=389084"},"modified":"2024-12-11T22:20:01","modified_gmt":"2024-12-11T22:20:01","slug":"recuperation-numerique","status":"publish","type":"page","link":"https:\/\/lancologne.de\/fr\/recuperation-numerique\/","title":{"rendered":"DIGITAL RECOVERY"},"content":{"rendered":"<p>[et_pb_section fb_built=&#8220;1&#8243; fullwidth=&#8220;on&#8220; _builder_version=&#8220;4.27.2&#8243; _module_preset=&#8220;default&#8220; global_colors_info=&#8220;{}&#8220; theme_builder_area=&#8220;post_content&#8220;][et_pb_fullwidth_image src=&#8220;https:\/\/lancologne.de\/wp-content\/uploads\/2024\/01\/kv-digital-recovery.jpg&#8220; title_text=&#8220;kv-digital-recovery&#8220; _builder_version=&#8220;4.27.2&#8243; _module_preset=&#8220;default&#8220; global_colors_info=&#8220;{}&#8220; theme_builder_area=&#8220;post_content&#8220;][\/et_pb_fullwidth_image][\/et_pb_section][et_pb_section fb_built=&#8220;1&#8243; _builder_version=&#8220;4.27.2&#8243; _module_preset=&#8220;default&#8220; global_colors_info=&#8220;{}&#8220; theme_builder_area=&#8220;post_content&#8220;][et_pb_row _builder_version=&#8220;4.27.2&#8243; _module_preset=&#8220;91a5de44-4532-4526-95f6-e5e5b3024924&#8243; global_colors_info=&#8220;{}&#8220; theme_builder_area=&#8220;post_content&#8220;][et_pb_column type=&#8220;4_4&#8243; _builder_version=&#8220;4.27.2&#8243; _module_preset=&#8220;default&#8220; pac_dcm_carousel_specific_module_num=&#8220;0&#8243; global_colors_info=&#8220;{}&#8220; theme_builder_area=&#8220;post_content&#8220;][et_pb_text _builder_version=&#8220;4.27.2&#8243; _module_preset=&#8220;default&#8220; text_text_color=&#8220;#FFFFFF&#8220; text_font_size=&#8220;45px&#8220; header_text_align=&#8220;center&#8220; header_font_size=&#8220;50px&#8220; header_2_text_align=&#8220;center&#8220; header_2_text_color=&#8220;#000000&#8243; header_2_font_size=&#8220;36px&#8220; global_colors_info=&#8220;{}&#8220; theme_builder_area=&#8220;post_content&#8220;]<\/p>\n<h1><span class=\"gradient-text\">Digital Recovery<\/span><\/h1>\n<p>[\/et_pb_text][\/et_pb_column][\/et_pb_row][et_pb_row column_structure=&#8220;1_2,1_2&#8243; _builder_version=&#8220;4.27.2&#8243; _module_preset=&#8220;91a5de44-4532-4526-95f6-e5e5b3024924&#8243; background_enable_color=&#8220;off&#8220; global_colors_info=&#8220;{}&#8220; theme_builder_area=&#8220;post_content&#8220;][et_pb_column type=&#8220;1_2&#8243; _builder_version=&#8220;4.27.2&#8243; _module_preset=&#8220;default&#8220; pac_dcm_carousel_specific_module_num=&#8220;0&#8243; global_colors_info=&#8220;{}&#8220; theme_builder_area=&#8220;post_content&#8220;][et_pb_image src=&#8220;https:\/\/lancologne.de\/wp-content\/uploads\/2024\/01\/image1-digital-recovery.jpg&#8220; title_text=&#8220;image1-digital-recovery&#8220; _builder_version=&#8220;4.27.2&#8243; _module_preset=&#8220;default&#8220; animation_direction=&#8220;left&#8220; sticky_position=&#8220;top&#8220; sticky_limit_top=&#8220;body&#8220; sticky_limit_bottom=&#8220;row&#8220; global_colors_info=&#8220;{}&#8220; theme_builder_area=&#8220;post_content&#8220;][\/et_pb_image][\/et_pb_column][et_pb_column type=&#8220;1_2&#8243; _builder_version=&#8220;4.27.2&#8243; _module_preset=&#8220;default&#8220; pac_dcm_carousel_specific_module_num=&#8220;0&#8243; global_colors_info=&#8220;{}&#8220; theme_builder_area=&#8220;post_content&#8220;][et_pb_text _builder_version=&#8220;4.27.2&#8243; _module_preset=&#8220;default&#8220; global_colors_info=&#8220;{}&#8220; theme_builder_area=&#8220;post_content&#8220;]Digital Recovery PHD GmbH zeichnet sich als Marktf\u00fchrer im Bereich Ransomware Recovery dank ihrer einzigartigen und fortschrittlichen Technologie aus. Sie sind spezialisiert auf die Wiederherstellung von Daten nach Ransomware-Angriffen, bieten aber auch professionelle Dienste zur Datenrettung von RAIDs, Servern, Storages und Tapes. Ihr Fokus und ihre Expertise im Umgang mit komplexen Ransomware-Vorf\u00e4llen machen sie zu einem verl\u00e4sslichen Partner in kritischen Datenrettungssituationen.[\/et_pb_text][et_pb_text _builder_version=&#8220;4.27.2&#8243; _module_preset=&#8220;default&#8220; global_colors_info=&#8220;{}&#8220; theme_builder_area=&#8220;post_content&#8220;]<\/p>\n<p>Wenn Ihr Unternehmen oder Ihre Beh\u00f6rde gerade einen Ransomware-Angriff erlebt hat, stehen Sie vor einer der gr\u00f6\u00dften Herausforderungen in der heutigen digitalen Welt. Der Ausfall von Systemen, der Verlust von sensiblen Daten und die Bedrohung der Unternehmenskontinuit\u00e4t sind nur einige der gravierenden Folgen. In dieser kritischen Lage ist es entscheidend, einen zuverl\u00e4ssigen und erfahrenen Partner an Ihrer Seite zu haben. Digital Recovery ist genau dieser Partner.<\/p>\n<p>Wir bei Digital Recovery verstehen die Komplexit\u00e4t und Dringlichkeit, die ein Ransomware-Angriff mit sich bringt. Unser Team aus Experten ist spezialisiert auf die Wiederherstellung von Daten, die durch verschiedene Arten von Ransomware-Angriffen verschl\u00fcsselt wurden.<\/p>\n<p>Unser Ansatz ist ganzheitlich und individuell. Wir analysieren die spezifische Situation Ihres Unternehmens und entwickeln einen ma\u00dfgeschneiderten Plan, um Ihre Daten so schnell und sicher wie m\u00f6glich wiederherzustellen. Unser Ziel ist es, die Ausfallzeiten Ihres Unternehmens zu minimieren und Ihnen zu erm\u00f6glichen, Ihre Gesch\u00e4ftst\u00e4tigkeiten so bald wie m\u00f6glich wieder aufzunehmen.<\/p>\n<p>Vertrauen ist in solchen Krisenmomenten entscheidend. Bei Digital Recovery setzen wir auf Transparenz und klare Kommunikation mit unseren Kunden. Wir halten Sie w\u00e4hrend des gesamten Prozesses auf dem Laufenden und stellen sicher, dass Sie jede Phase der Datenwiederherstellung verstehen.<\/p>\n<p>[\/et_pb_text][\/et_pb_column][\/et_pb_row][\/et_pb_section][et_pb_section fb_built=&#8220;1&#8243; _builder_version=&#8220;4.27.2&#8243; _module_preset=&#8220;default&#8220; global_colors_info=&#8220;{}&#8220; theme_builder_area=&#8220;post_content&#8220;][et_pb_row _builder_version=&#8220;4.27.2&#8243; _module_preset=&#8220;91a5de44-4532-4526-95f6-e5e5b3024924&#8243; global_colors_info=&#8220;{}&#8220; theme_builder_area=&#8220;post_content&#8220;][et_pb_column type=&#8220;4_4&#8243; _builder_version=&#8220;4.27.2&#8243; _module_preset=&#8220;default&#8220; pac_dcm_carousel_specific_module_num=&#8220;0&#8243; global_colors_info=&#8220;{}&#8220; theme_builder_area=&#8220;post_content&#8220;][et_pb_image src=&#8220;https:\/\/lancologne.de\/wp-content\/uploads\/2024\/01\/image0-digital-recovery.jpg&#8220; title_text=&#8220;image0-digital-recovery&#8220; align=&#8220;center&#8220; _builder_version=&#8220;4.27.2&#8243; _module_preset=&#8220;default&#8220; global_colors_info=&#8220;{}&#8220; theme_builder_area=&#8220;post_content&#8220;][\/et_pb_image][\/et_pb_column][\/et_pb_row][\/et_pb_section][et_pb_section fb_built=&#8220;1&#8243; _builder_version=&#8220;4.27.2&#8243; _module_preset=&#8220;default&#8220; custom_margin=&#8220;||||false|false&#8220; custom_padding=&#8220;||||false|false&#8220; global_colors_info=&#8220;{}&#8220; theme_builder_area=&#8220;post_content&#8220;][et_pb_row column_structure=&#8220;1_2,1_2&#8243; use_custom_gutter=&#8220;on&#8220; gutter_width=&#8220;2&#8243; make_equal=&#8220;on&#8220; _builder_version=&#8220;4.27.2&#8243; _module_preset=&#8220;91a5de44-4532-4526-95f6-e5e5b3024924&#8243; background_enable_color=&#8220;off&#8220; use_background_color_gradient=&#8220;on&#8220; background_color_gradient_direction=&#8220;90deg&#8220; background_color_gradient_stops=&#8220;#ffffff 0%|#ffffff 20%|rgba(237,237,237,0.6) 20%|#ededed 100%&#8220; custom_padding=&#8220;5%|2%|5%|2%|true|true&#8220; custom_css_free_form=&#8220;.selector {||  display: flex;||  align-items: center;||}&#8220; global_colors_info=&#8220;{}&#8220; theme_builder_area=&#8220;post_content&#8220;][et_pb_column type=&#8220;1_2&#8243; _builder_version=&#8220;4.27.2&#8243; _module_preset=&#8220;default&#8220; pac_dcm_carousel_specific_module_num=&#8220;0&#8243; global_colors_info=&#8220;{}&#8220; theme_builder_area=&#8220;post_content&#8220;][et_pb_image src=&#8220;https:\/\/lancologne.de\/wp-content\/uploads\/2024\/01\/image2-digital-recovery.jpg&#8220; title_text=&#8220;image2-digital-recovery&#8220; _builder_version=&#8220;4.27.2&#8243; _module_preset=&#8220;default&#8220; animation_style=&#8220;zoom&#8220; animation_direction=&#8220;bottom&#8220; animation_intensity_zoom=&#8220;10%&#8220; animation_starting_opacity=&#8220;50%&#8220; global_colors_info=&#8220;{}&#8220; theme_builder_area=&#8220;post_content&#8220;][\/et_pb_image][\/et_pb_column][et_pb_column type=&#8220;1_2&#8243; _builder_version=&#8220;4.27.2&#8243; _module_preset=&#8220;default&#8220; background_enable_color=&#8220;off&#8220; pac_dcm_carousel_specific_module_num=&#8220;0&#8243; global_colors_info=&#8220;{}&#8220; theme_builder_area=&#8220;post_content&#8220;][et_pb_text _builder_version=&#8220;4.27.2&#8243; _module_preset=&#8220;default&#8220; text_text_color=&#8220;#FFFFFF&#8220; text_font_size=&#8220;45px&#8220; header_2_text_align=&#8220;left&#8220; header_2_text_color=&#8220;#000000&#8243; header_2_font_size=&#8220;36px&#8220; global_colors_info=&#8220;{}&#8220; theme_builder_area=&#8220;post_content&#8220;]<\/p>\n<h2><span class=\"gradient-text\">RAID | Server | Storage | Tape Recovery<\/span><\/h2>\n<p>[\/et_pb_text][et_pb_text _builder_version=&#8220;4.27.2&#8243; _module_preset=&#8220;default&#8220; global_colors_info=&#8220;{}&#8220; theme_builder_area=&#8220;post_content&#8220;]Ein Ausfall Ihres RAID-Systems, Servers, Storages oder von Tapes kann katastrophale Folgen haben, von Betriebsunterbrechungen bis hin zum Verlust kritischer Gesch\u00e4ftsdaten. Solche Zwischenf\u00e4lle k\u00f6nnen die Glaubw\u00fcrdigkeit Ihres Unternehmens beeintr\u00e4chtigen und zu erheblichen finanziellen Einbu\u00dfen f\u00fchren. Digital Recovery versteht die Bedeutung der Wiederherstellung Ihrer Systeme und Daten. Unsere Experten setzen modernste Techniken ein, um Ihre Daten effizient und sicher wiederherzustellen, sodass Sie schnellstm\u00f6glich zu Ihrem normalen Gesch\u00e4ftsbetrieb zur\u00fcckkehren k\u00f6nnen.[\/et_pb_text][et_pb_text _builder_version=&#8220;4.27.2&#8243; _module_preset=&#8220;default&#8220; text_font=&#8220;|600|||||||&#8220; text_font_size=&#8220;18px&#8220; global_colors_info=&#8220;{}&#8220; theme_builder_area=&#8220;post_content&#8220;]Quelle &#038; weitere Informationen unter:[\/et_pb_text][et_pb_button button_url=&#8220;https:\/\/digitalrecoverycenter.de\/&#8220; url_new_window=&#8220;on&#8220; button_text=&#8220;Digital Recovery&#8220; button_alignment=&#8220;left&#8220; _builder_version=&#8220;4.27.2&#8243; _module_preset=&#8220;default&#8220; custom_button=&#8220;on&#8220; button_text_color=&#8220;#FFFFFF&#8220; button_bg_color=&#8220;#9b2242&#8243; button_border_width=&#8220;0px&#8220; button_border_radius=&#8220;0px&#8220; button_letter_spacing=&#8220;1px&#8220; button_icon=&#8220;&#x24;||divi||400&#8243; custom_margin=&#8220;40px||||false|false&#8220; custom_padding=&#8220;14px|50px|14px|30px|true|false&#8220; custom_padding_tablet=&#8220;14px|50px|14px|30px|true|false&#8220; custom_padding_phone=&#8220;10px|40px|10px|20px|true|false&#8220; custom_padding_last_edited=&#8220;on|phone&#8220; box_shadow_style=&#8220;preset3&#8243; box_shadow_color=&#8220;rgba(0,0,0,0.1)&#8220; locked=&#8220;off&#8220; global_colors_info=&#8220;{}&#8220; button_bg_color__hover_enabled=&#8220;on|desktop&#8220; button_bg_color__hover=&#8220;#000000&#8243; button_bg_enable_color__hover=&#8220;on&#8220; box_shadow_color__hover_enabled=&#8220;on|hover&#8220; box_shadow_color__hover=&#8220;rgba(0,0,0,0.3)&#8220; theme_builder_area=&#8220;post_content&#8220;][\/et_pb_button][\/et_pb_column][\/et_pb_row][\/et_pb_section]<\/p>\n","protected":false},"excerpt":{"rendered":"<p>Digital RecoveryDigital Recovery PHD GmbH zeichnet sich als Marktf\u00fchrer im Bereich Ransomware Recovery dank ihrer einzigartigen und fortschrittlichen Technologie aus. Sie sind spezialisiert auf die Wiederherstellung von Daten nach Ransomware-Angriffen, bieten aber auch professionelle Dienste zur Datenrettung von RAIDs, Servern, Storages und Tapes. Ihr Fokus und ihre Expertise im Umgang mit komplexen Ransomware-Vorf\u00e4llen machen sie [&hellip;]<\/p>\n","protected":false},"author":1,"featured_media":0,"parent":0,"menu_order":0,"comment_status":"closed","ping_status":"closed","template":"","meta":{"_et_pb_use_builder":"on","_et_pb_old_content":"","_et_gb_content_width":"","footnotes":""},"class_list":["post-389084","page","type-page","status-publish","hentry"],"_links":{"self":[{"href":"https:\/\/lancologne.de\/fr\/wp-json\/wp\/v2\/pages\/389084","targetHints":{"allow":["GET"]}}],"collection":[{"href":"https:\/\/lancologne.de\/fr\/wp-json\/wp\/v2\/pages"}],"about":[{"href":"https:\/\/lancologne.de\/fr\/wp-json\/wp\/v2\/types\/page"}],"author":[{"embeddable":true,"href":"https:\/\/lancologne.de\/fr\/wp-json\/wp\/v2\/users\/1"}],"replies":[{"embeddable":true,"href":"https:\/\/lancologne.de\/fr\/wp-json\/wp\/v2\/comments?post=389084"}],"version-history":[{"count":2,"href":"https:\/\/lancologne.de\/fr\/wp-json\/wp\/v2\/pages\/389084\/revisions"}],"predecessor-version":[{"id":389086,"href":"https:\/\/lancologne.de\/fr\/wp-json\/wp\/v2\/pages\/389084\/revisions\/389086"}],"wp:attachment":[{"href":"https:\/\/lancologne.de\/fr\/wp-json\/wp\/v2\/media?parent=389084"}],"curies":[{"name":"wp","href":"https:\/\/api.w.org\/{rel}","templated":true}]}}