{"id":389391,"date":"2024-12-13T11:44:10","date_gmt":"2024-12-13T11:44:10","guid":{"rendered":"https:\/\/staging2.lancologne.de\/?page_id=389391"},"modified":"2025-08-12T09:22:15","modified_gmt":"2025-08-12T08:22:15","slug":"contact","status":"publish","type":"page","link":"https:\/\/lancologne.de\/fr\/contact\/","title":{"rendered":"Contact"},"content":{"rendered":"<p>[et_pb_section fb_built=&#8220;1&#8243; fullwidth=&#8220;on&#8220; _builder_version=&#8220;4.27.2&#8243; _module_preset=&#8220;default&#8220; global_colors_info=&#8220;{}&#8220;][et_pb_fullwidth_image src=&#8220;https:\/\/lancologne.de\/wp-content\/uploads\/2018\/01\/slide2.jpg&#8220; alt=&#8220;WLAN-Spezialist in K\u00f6ln&#8220; title_text=&#8220;slide2&#8243; _builder_version=&#8220;4.27.3&#8243; _module_preset=&#8220;default&#8220; global_colors_info=&#8220;{}&#8220;][\/et_pb_fullwidth_image][\/et_pb_section][et_pb_section fb_built=&#8220;1&#8243; _builder_version=&#8220;4.27.2&#8243; _module_preset=&#8220;default&#8220; global_colors_info=&#8220;{}&#8220;][et_pb_row _builder_version=&#8220;4.27.2&#8243; _module_preset=&#8220;965fa2a5-c3f3-4de2-b306-82c48acb76bf&#8220; global_colors_info=&#8220;{}&#8220;][et_pb_column type=&#8220;4_4&#8243; _builder_version=&#8220;4.27.2&#8243; _module_preset=&#8220;default&#8220; pac_dcm_carousel_specific_module_num=&#8220;0&#8243; global_colors_info=&#8220;{}&#8220;][et_pb_text _builder_version=&#8220;4.27.4&#8243; _module_preset=&#8220;default&#8220; text_text_color=&#8220;#FFFFFF&#8220; text_font_size=&#8220;45px&#8220; header_text_align=&#8220;center&#8220; header_font_size=&#8220;50px&#8220; header_2_text_align=&#8220;center&#8220; header_2_text_color=&#8220;#000000&#8243; header_2_font_size=&#8220;36px&#8220; global_colors_info=&#8220;{}&#8220;]<\/p>\n<h1><span class=\"gradient-text\">Kontakt<\/span><\/h1>\n<p>[\/et_pb_text][\/et_pb_column][\/et_pb_row][\/et_pb_section][et_pb_section fb_built=&#8220;1&#8243; fullwidth=&#8220;on&#8220; admin_label=&#8220;Map Header&#8220; _builder_version=&#8220;4.16&#8243; global_colors_info=&#8220;{}&#8220;][et_pb_fullwidth_code _builder_version=&#8220;4.27.4&#8243; _module_preset=&#8220;default&#8220; global_colors_info=&#8220;{}&#8220;] <\/p>\n<div class=\"brlbs-cmpnt-container brlbs-cmpnt-content-blocker brlbs-cmpnt-with-individual-styles\" data-borlabs-cookie-content-blocker-id=\"default\" data-borlabs-cookie-content=\"PGlmcmFtZSBzcmM9Imh0dHBzOi8vd3d3Lmdvb2dsZS5jb20vbWFwcy9lbWJlZD9wYj0hMW0xOCExbTEyITFtMyExZDI1MTMuOTgyNzIzNDU4MjkwNCEyZDYuOTM3NTU2NDc2MDkxNTM5ITNkNTAuOTQyNTMyNTUxODExOTEhMm0zITFmMCEyZjAhM2YwITNtMiExaTEwMjQhMmk3NjghNGYxMy4xITNtMyExbTIhMXMweDQ3YmYyNTA4OTg5MmEyNjUlM0EweDgxZjg0ZjkxMWUxZGNiN2IhMnNIb2hlbnN0YXVmZW5yaW5nJTIwNjIlMkMlMjA1MDY3NCUyMEslQzMlQjZsbiUyQyUyMEdlcm1hbnkhNWUwITNtMiExc2VuITJzbWshNHYxNzM0MzY5OTMxMDUyITVtMiExc2VuITJzbWsiIHdpZHRoPSIxOTIwIiBoZWlnaHQ9IjUwMCIgc3R5bGU9ImJvcmRlcjowOyIgYWxsb3dmdWxsc2NyZWVuPSIiIGxvYWRpbmc9ImxhenkiIHJlZmVycmVycG9saWN5PSJuby1yZWZlcnJlci13aGVuLWRvd25ncmFkZSI+PC9pZnJhbWU+\">\n<div class=\"brlbs-cmpnt-cb-preset-a\">\n<p class=\"brlbs-cmpnt-cb-description\">Vous \u00eates actuellement en train de consulter le contenu d&#8217;un espace r\u00e9serv\u00e9 de <strong>Par d\u00e9faut<\/strong>. Pour acc\u00e9der au contenu r\u00e9el, cliquez sur le bouton ci-dessous. Veuillez noter que ce faisant, des donn\u00e9es seront partag\u00e9es avec des providers tiers.<\/p>\n<div class=\"brlbs-cmpnt-cb-buttons\"> <a class=\"brlbs-cmpnt-cb-btn\" href=\"#\" data-borlabs-cookie-unblock role=\"button\">D\u00e9bloquer le contenu<\/a> <a class=\"brlbs-cmpnt-cb-btn\" href=\"#\" data-borlabs-cookie-accept-service role=\"button\" style=\"display: none\">Accepter le service requis et d\u00e9bloquer les contenus<\/a> <\/div>\n<p> <a class=\"brlbs-cmpnt-cb-provider-toggle\" href=\"#\" data-borlabs-cookie-show-provider-information role=\"button\">Plus d&#8217;informations<\/a> <\/div>\n<\/div>\n<p>[\/et_pb_fullwidth_code][\/et_pb_section][et_pb_section fb_built=&#8220;1&#8243; specialty=&#8220;on&#8220; admin_label=&#8220;Contact&#8220; _builder_version=&#8220;4.27.4&#8243; background_color=&#8220;rgba(0,0,0,0)&#8220; z_index=&#8220;50&#8243; custom_margin=&#8220;|||&#8220; custom_padding=&#8220;0px|0px|54px|0px&#8220; global_colors_info=&#8220;{}&#8220;][et_pb_column type=&#8220;1_2&#8243; specialty_columns=&#8220;2&#8243; _builder_version=&#8220;4.16&#8243; custom_padding=&#8220;|||&#8220; pac_dcm_carousel_specific_module_num=&#8220;0&#8243; global_colors_info=&#8220;{}&#8220; custom_padding__hover=&#8220;|||&#8220;][et_pb_row_inner custom_padding_last_edited=&#8220;on|desktop&#8220; disabled_on=&#8220;on|on|on&#8220; _builder_version=&#8220;4.27.4&#8243; background_color=&#8220;#ffffff&#8220; custom_margin=&#8220;-200px||80px|&#8220; custom_padding=&#8220;60px|60px|60px|60px&#8220; custom_padding_tablet=&#8220;&#8220; custom_padding_phone=&#8220;|40px||40px&#8220; box_shadow_style=&#8220;preset3&#8243; box_shadow_vertical=&#8220;15px&#8220; box_shadow_blur=&#8220;80px&#8220; disabled=&#8220;on&#8220; global_colors_info=&#8220;{}&#8220;][et_pb_column_inner saved_specialty_column_type=&#8220;1_2&#8243; _builder_version=&#8220;4.16&#8243; custom_padding=&#8220;|||&#8220; pac_dcm_carousel_specific_module_num=&#8220;0&#8243; global_colors_info=&#8220;{}&#8220; custom_padding__hover=&#8220;|||&#8220;][et_pb_contact_form captcha=&#8220;off&#8220; submit_button_text=&#8220;Absenden&#8220; disabled_on=&#8220;off|off|off&#8220; module_id=&#8220;kontakt_page_form&#8220; _builder_version=&#8220;4.27.4&#8243; form_field_background_color=&#8220;#ffffff&#8220; form_field_text_color=&#8220;rgba(0,0,0,0.7)&#8220; title_level=&#8220;h2&#8243; title_font=&#8220;|&#8211;et_global_heading_font_weight||on|||||&#8220; title_text_align=&#8220;center&#8220; title_font_size=&#8220;38px&#8220; title_line_height=&#8220;1.4em&#8220; form_field_font=&#8220;|&#8211;et_global_heading_font_weight||on|||||&#8220; form_field_font_size=&#8220;12px&#8220; form_field_letter_spacing=&#8220;2px&#8220; custom_button=&#8220;on&#8220; button_text_color=&#8220;#ffffff&#8220; button_bg_color=&#8220;#9b2242&#8243; button_border_width=&#8220;0px&#8220; button_border_radius=&#8220;0px&#8220; button_letter_spacing=&#8220;1px&#8220; button_font=&#8220;|&#8211;et_global_heading_font_weight||on|||||&#8220; button_icon=&#8220;&#x24;||divi||400&#8243; custom_margin=&#8220;|||&#8220; custom_padding=&#8220;|||&#8220; border_color_all=&#8220;#dfdfe3&#8243; border_width_bottom=&#8220;1px&#8220; form_background_color=&#8220;#ffffff&#8220; locked=&#8220;off&#8220; global_colors_info=&#8220;{}&#8220;][et_pb_contact_field field_id=&#8220;Name&#8220; field_title=&#8220;Name&#8220; fullwidth_field=&#8220;on&#8220; _builder_version=&#8220;4.16&#8243; form_field_font=&#8220;||||||||&#8220; custom_margin=&#8220;||20px|&#8220; custom_padding=&#8220;|||&#8220; global_colors_info=&#8220;{}&#8220; button_text_size__hover_enabled=&#8220;off&#8220; button_one_text_size__hover_enabled=&#8220;off&#8220; button_two_text_size__hover_enabled=&#8220;off&#8220; button_text_color__hover_enabled=&#8220;off&#8220; button_one_text_color__hover_enabled=&#8220;off&#8220; button_two_text_color__hover_enabled=&#8220;off&#8220; button_border_width__hover_enabled=&#8220;off&#8220; button_one_border_width__hover_enabled=&#8220;off&#8220; button_two_border_width__hover_enabled=&#8220;off&#8220; button_border_color__hover_enabled=&#8220;off&#8220; button_one_border_color__hover_enabled=&#8220;off&#8220; button_two_border_color__hover_enabled=&#8220;off&#8220; button_border_radius__hover_enabled=&#8220;off&#8220; button_one_border_radius__hover_enabled=&#8220;off&#8220; button_two_border_radius__hover_enabled=&#8220;off&#8220; button_letter_spacing__hover_enabled=&#8220;off&#8220; button_one_letter_spacing__hover_enabled=&#8220;off&#8220; button_two_letter_spacing__hover_enabled=&#8220;off&#8220; button_bg_color__hover_enabled=&#8220;off&#8220; button_one_bg_color__hover_enabled=&#8220;off&#8220; button_two_bg_color__hover_enabled=&#8220;off&#8220;][\/et_pb_contact_field][et_pb_contact_field field_id=&#8220;Email&#8220; field_title=&#8220;Ihre E-Mail-Adresse&#8220; fullwidth_field=&#8220;on&#8220; _builder_version=&#8220;4.27.4&#8243; form_field_font=&#8220;||||||||&#8220; custom_margin=&#8220;||20px|&#8220; global_colors_info=&#8220;{}&#8220; button_text_size__hover_enabled=&#8220;off&#8220; button_one_text_size__hover_enabled=&#8220;off&#8220; button_two_text_size__hover_enabled=&#8220;off&#8220; button_text_color__hover_enabled=&#8220;off&#8220; button_one_text_color__hover_enabled=&#8220;off&#8220; button_two_text_color__hover_enabled=&#8220;off&#8220; button_border_width__hover_enabled=&#8220;off&#8220; button_one_border_width__hover_enabled=&#8220;off&#8220; button_two_border_width__hover_enabled=&#8220;off&#8220; button_border_color__hover_enabled=&#8220;off&#8220; button_one_border_color__hover_enabled=&#8220;off&#8220; button_two_border_color__hover_enabled=&#8220;off&#8220; button_border_radius__hover_enabled=&#8220;off&#8220; button_one_border_radius__hover_enabled=&#8220;off&#8220; button_two_border_radius__hover_enabled=&#8220;off&#8220; button_letter_spacing__hover_enabled=&#8220;off&#8220; button_one_letter_spacing__hover_enabled=&#8220;off&#8220; button_two_letter_spacing__hover_enabled=&#8220;off&#8220; button_bg_color__hover_enabled=&#8220;off&#8220; button_one_bg_color__hover_enabled=&#8220;off&#8220; button_two_bg_color__hover_enabled=&#8220;off&#8220;][\/et_pb_contact_field][et_pb_contact_field field_id=&#8220;Message&#8220; field_title=&#8220;Ihre Nachricht an uns &#8230;&#8220; field_type=&#8220;text&#8220; fullwidth_field=&#8220;on&#8220; _builder_version=&#8220;4.27.4&#8243; form_field_background_color=&#8220;rgba(12,12,12,0.02)&#8220; form_field_font=&#8220;||||||||&#8220; custom_margin=&#8220;40px||20px|&#8220; border_width_all=&#8220;1px&#8220; field_background_color=&#8220;rgba(12,12,12,0.02)&#8220; global_colors_info=&#8220;{}&#8220; button_text_size__hover_enabled=&#8220;off&#8220; button_one_text_size__hover_enabled=&#8220;off&#8220; button_two_text_size__hover_enabled=&#8220;off&#8220; button_text_color__hover_enabled=&#8220;off&#8220; button_one_text_color__hover_enabled=&#8220;off&#8220; button_two_text_color__hover_enabled=&#8220;off&#8220; button_border_width__hover_enabled=&#8220;off&#8220; button_one_border_width__hover_enabled=&#8220;off&#8220; button_two_border_width__hover_enabled=&#8220;off&#8220; button_border_color__hover_enabled=&#8220;off&#8220; button_one_border_color__hover_enabled=&#8220;off&#8220; button_two_border_color__hover_enabled=&#8220;off&#8220; button_border_radius__hover_enabled=&#8220;off&#8220; button_one_border_radius__hover_enabled=&#8220;off&#8220; button_two_border_radius__hover_enabled=&#8220;off&#8220; button_letter_spacing__hover_enabled=&#8220;off&#8220; button_one_letter_spacing__hover_enabled=&#8220;off&#8220; button_two_letter_spacing__hover_enabled=&#8220;off&#8220; button_bg_color__hover_enabled=&#8220;off&#8220; button_one_bg_color__hover_enabled=&#8220;off&#8220; button_two_bg_color__hover_enabled=&#8220;off&#8220;][\/et_pb_contact_field][\/et_pb_contact_form][et_pb_text disabled_on=&#8220;off|off|off&#8220; _builder_version=&#8220;4.27.4&#8243; _module_preset=&#8220;default&#8220; global_colors_info=&#8220;{}&#8220;]<\/p>\n<p>Weitere Informationen finden Sie in unserer <a href=\"https:\/\/lancologne.de\/datenschutz\/\">Datenschutzerkl\u00e4rung<\/a>, die mit * gekennzeichneten Felder sind Pflichtfelder.<\/p>\n<p>[\/et_pb_text][\/et_pb_column_inner][\/et_pb_row_inner][\/et_pb_column][et_pb_column type=&#8220;1_2&#8243; _builder_version=&#8220;4.16&#8243; custom_padding=&#8220;|||&#8220; pac_dcm_carousel_specific_module_num=&#8220;0&#8243; global_colors_info=&#8220;{}&#8220; custom_padding__hover=&#8220;|||&#8220;][et_pb_blurb use_icon=&#8220;on&#8220; font_icon=&#8220;&#xe0ef;||divi||400&#8243; icon_color=&#8220;#ffffff&#8220; image_icon_background_color=&#8220;#9b2242&#8243; icon_placement=&#8220;left&#8220; image_icon_width=&#8220;24px&#8220; _builder_version=&#8220;4.27.4&#8243; header_level=&#8220;h3&#8243; header_font=&#8220;|&#8211;et_global_heading_font_weight||on|||||&#8220; header_text_color=&#8220;rgba(0,0,0,0.4)&#8220; header_font_size=&#8220;12px&#8220; header_letter_spacing=&#8220;1px&#8220; body_font=&#8220;|&#8211;et_global_body_font_weight|||||||&#8220; body_text_color=&#8220;#000000&#8243; body_font_size=&#8220;14px&#8220; body_letter_spacing=&#8220;1px&#8220; body_line_height=&#8220;1.8em&#8220; image_icon_custom_padding=&#8220;8px|8px|8px|8px|false|false&#8220; text_orientation=&#8220;center&#8220; custom_margin=&#8220;||40px|&#8220; animation_style=&#8220;zoom&#8220; animation_intensity_zoom=&#8220;30%&#8220; animation=&#8220;off&#8220; border_style_all=&#8220;dashed&#8220; border_radii_image=&#8220;on|100%|100%|100%|100%&#8220; icon_font_size=&#8220;24px&#8220; use_circle=&#8220;on&#8220; circle_color=&#8220;#edbb5f&#8220; locked=&#8220;off&#8220; global_colors_info=&#8220;{}&#8220; image_icon_background_color__sticky_enabled=&#8220;#e2234f&#8220; image_icon_background_color__sticky=&#8220;#e2234f&#8220;]<\/p>\n<p>LanCologne UG (haftungsbeschr\u00e4nkt)<\/p>\n<p>[\/et_pb_blurb][et_pb_blurb use_icon=&#8220;on&#8220; font_icon=&#8220;&#xe074;||divi||400&#8243; icon_color=&#8220;#ffffff&#8220; image_icon_background_color=&#8220;#9b2242&#8243; icon_placement=&#8220;left&#8220; image_icon_width=&#8220;24px&#8220; _builder_version=&#8220;4.27.4&#8243; header_level=&#8220;h3&#8243; header_font=&#8220;|&#8211;et_global_heading_font_weight||on|||||&#8220; header_text_color=&#8220;rgba(0,0,0,0.4)&#8220; header_font_size=&#8220;12px&#8220; header_letter_spacing=&#8220;1px&#8220; body_font=&#8220;|&#8211;et_global_body_font_weight|||||||&#8220; body_text_color=&#8220;#000000&#8243; body_font_size=&#8220;14px&#8220; body_letter_spacing=&#8220;1px&#8220; body_line_height=&#8220;1.8em&#8220; image_icon_custom_padding=&#8220;8px|8px|8px|8px|false|false&#8220; text_orientation=&#8220;center&#8220; custom_margin=&#8220;||40px|&#8220; animation_style=&#8220;zoom&#8220; animation_intensity_zoom=&#8220;30%&#8220; animation=&#8220;off&#8220; hover_enabled=&#8220;0&#8243; border_style_all=&#8220;dashed&#8220; border_radii_image=&#8220;on|100%|100%|100%|100%&#8220; icon_font_size=&#8220;24px&#8220; use_circle=&#8220;on&#8220; circle_color=&#8220;#edbb5f&#8220; locked=&#8220;off&#8220; global_colors_info=&#8220;{}&#8220; image_icon_background_color__sticky_enabled=&#8220;#e2234f&#8220; image_icon_background_color__sticky=&#8220;#e2234f&#8220; sticky_enabled=&#8220;0&#8243;]Horbeller Str. 19, 50858 K\u00f6ln[\/et_pb_blurb][et_pb_blurb use_icon=&#8220;on&#8220; font_icon=&#8220;&#xe090;||divi||400&#8243; icon_color=&#8220;#ffffff&#8220; image_icon_background_color=&#8220;#9b2242&#8243; icon_placement=&#8220;left&#8220; image_icon_width=&#8220;24px&#8220; _builder_version=&#8220;4.27.4&#8243; header_level=&#8220;h3&#8243; header_font=&#8220;|&#8211;et_global_heading_font_weight||on|||||&#8220; header_text_color=&#8220;rgba(0,0,0,0.4)&#8220; header_font_size=&#8220;12px&#8220; header_letter_spacing=&#8220;1px&#8220; body_font=&#8220;|&#8211;et_global_body_font_weight|||||||&#8220; body_text_color=&#8220;#000000&#8243; body_font_size=&#8220;14px&#8220; body_letter_spacing=&#8220;1px&#8220; body_line_height=&#8220;1.8em&#8220; body_link_text_color=&#8220;#000000&#8243; image_icon_custom_padding=&#8220;8px|8px|8px|8px|false|false&#8220; text_orientation=&#8220;center&#8220; custom_margin=&#8220;||40px|&#8220; animation_style=&#8220;zoom&#8220; animation_intensity_zoom=&#8220;30%&#8220; animation=&#8220;off&#8220; border_style_all=&#8220;dashed&#8220; border_radii_image=&#8220;on|100%|100%|100%|100%&#8220; icon_font_size=&#8220;24px&#8220; use_circle=&#8220;on&#8220; circle_color=&#8220;#edbb5f&#8220; locked=&#8220;off&#8220; global_colors_info=&#8220;{}&#8220; image_icon_background_color__sticky_enabled=&#8220;#e2234f&#8220; image_icon_background_color__sticky=&#8220;#e2234f&#8220;]<\/p>\n<p><a href=\"tel:+49%20(0)221 64306610\">+49 (0)221 64306610<\/a><\/p>\n<p>[\/et_pb_blurb][et_pb_blurb use_icon=&#8220;on&#8220; font_icon=&#8220;&#xe0fa;||divi||400&#8243; icon_color=&#8220;#ffffff&#8220; image_icon_background_color=&#8220;#9b2242&#8243; icon_placement=&#8220;left&#8220; image_icon_width=&#8220;24px&#8220; _builder_version=&#8220;4.27.4&#8243; header_level=&#8220;h3&#8243; header_font=&#8220;|&#8211;et_global_heading_font_weight||on|||||&#8220; header_text_color=&#8220;rgba(0,0,0,0.4)&#8220; header_font_size=&#8220;12px&#8220; header_letter_spacing=&#8220;1px&#8220; body_font=&#8220;|&#8211;et_global_body_font_weight|||||||&#8220; body_text_color=&#8220;#000000&#8243; body_font_size=&#8220;14px&#8220; body_letter_spacing=&#8220;1px&#8220; body_line_height=&#8220;1.8em&#8220; body_link_text_color=&#8220;#000000&#8243; image_icon_custom_padding=&#8220;8px|8px|8px|8px|false|false&#8220; text_orientation=&#8220;center&#8220; custom_margin=&#8220;||40px|&#8220; animation_style=&#8220;zoom&#8220; animation_intensity_zoom=&#8220;30%&#8220; animation=&#8220;off&#8220; border_style_all=&#8220;dashed&#8220; border_radii_image=&#8220;on|100%|100%|100%|100%&#8220; icon_font_size=&#8220;24px&#8220; use_circle=&#8220;on&#8220; circle_color=&#8220;#edbb5f&#8220; locked=&#8220;off&#8220; global_colors_info=&#8220;{}&#8220; image_icon_background_color__sticky_enabled=&#8220;#e2234f&#8220; image_icon_background_color__sticky=&#8220;#e2234f&#8220;]+49 (0)221 64306611[\/et_pb_blurb][et_pb_blurb use_icon=&#8220;on&#8220; font_icon=&#8220;&#xe076;||divi||400&#8243; icon_color=&#8220;#ffffff&#8220; image_icon_background_color=&#8220;#9b2242&#8243; icon_placement=&#8220;left&#8220; image_icon_width=&#8220;24px&#8220; _builder_version=&#8220;4.27.4&#8243; header_level=&#8220;h3&#8243; header_font=&#8220;|&#8211;et_global_heading_font_weight||on|||||&#8220; header_text_color=&#8220;rgba(0,0,0,0.4)&#8220; header_font_size=&#8220;12px&#8220; header_letter_spacing=&#8220;1px&#8220; body_font=&#8220;|&#8211;et_global_body_font_weight|||||||&#8220; body_text_color=&#8220;#000000&#8243; body_font_size=&#8220;14px&#8220; body_letter_spacing=&#8220;1px&#8220; body_line_height=&#8220;1.8em&#8220; body_link_text_color=&#8220;#000000&#8243; image_icon_custom_padding=&#8220;8px|8px|8px|8px|false|false&#8220; text_orientation=&#8220;center&#8220; custom_margin=&#8220;||40px|&#8220; animation_style=&#8220;zoom&#8220; animation_intensity_zoom=&#8220;30%&#8220; animation=&#8220;off&#8220; border_style_all=&#8220;dashed&#8220; border_radii_image=&#8220;on|100%|100%|100%|100%&#8220; icon_font_size=&#8220;24px&#8220; use_circle=&#8220;on&#8220; circle_color=&#8220;#edbb5f&#8220; locked=&#8220;off&#8220; global_colors_info=&#8220;{}&#8220; image_icon_background_color__sticky_enabled=&#8220;#e2234f&#8220; image_icon_background_color__sticky=&#8220;#e2234f&#8220;]<a href=\"mailto:info@lancologne.de\">info@lancologne.de<\/a>[\/et_pb_blurb][\/et_pb_column][\/et_pb_section][et_pb_section fb_built=&#8220;1&#8243; admin_label=&#8220;Free Consult&#8220; _builder_version=&#8220;4.27.4&#8243; background_color=&#8220;rgba(0,0,0,0.72)&#8220; background_image=&#8220;https:\/\/lancologne.de\/wp-content\/uploads\/2024\/10\/Night_View_Of_Koeln_original_1842904.jpg&#8220; custom_margin=&#8220;|||&#8220; custom_padding=&#8220;100px|0px|100px|0px&#8220; global_colors_info=&#8220;{}&#8220;][et_pb_row column_structure=&#8220;1_2,1_2&#8243; _builder_version=&#8220;4.16&#8243; custom_padding=&#8220;|||&#8220; animation_style=&#8220;slide&#8220; animation_direction=&#8220;left&#8220; animation_intensity_slide=&#8220;10%&#8220; animation_starting_opacity=&#8220;100%&#8220; global_colors_info=&#8220;{}&#8220;][et_pb_column type=&#8220;1_2&#8243; _builder_version=&#8220;4.16&#8243; custom_padding=&#8220;|||&#8220; pac_dcm_carousel_specific_module_num=&#8220;0&#8243; global_colors_info=&#8220;{}&#8220; custom_padding__hover=&#8220;|||&#8220;][\/et_pb_column][et_pb_column type=&#8220;1_2&#8243; _builder_version=&#8220;4.16&#8243; background_color=&#8220;#ffffff&#8220; custom_padding=&#8220;4%|5%|4%|5%&#8220; pac_dcm_carousel_specific_module_num=&#8220;0&#8243; global_colors_info=&#8220;{}&#8220; custom_padding__hover=&#8220;|||&#8220;][et_pb_text _builder_version=&#8220;4.27.4&#8243; _module_preset=&#8220;default&#8220; text_text_color=&#8220;#FFFFFF&#8220; text_font_size=&#8220;45px&#8220; header_2_text_align=&#8220;left&#8220; header_2_text_color=&#8220;#000000&#8243; header_2_font_size=&#8220;36px&#8220; global_colors_info=&#8220;{}&#8220;]<\/p>\n<h2><span class=\"gradient-text\">\u00d6ffnungszeiten<\/span><\/h2>\n<p>[\/et_pb_text][et_pb_text _builder_version=&#8220;4.27.4&#8243; _module_preset=&#8220;default&#8220; global_colors_info=&#8220;{}&#8220;]<\/p>\n<p><strong>Montags bis Freitag:<\/strong><\/p>\n<p>08:00 Uhr bis 18:00 Uhr<\/p>\n<p>Bei Bedarf sind wir 365 Tage,<\/p>\n<p>rund um die Uhr f\u00fcr Sie da!<\/p>\n<p>[\/et_pb_text][\/et_pb_column][\/et_pb_row][\/et_pb_section]<\/p>\n","protected":false},"excerpt":{"rendered":"<p>KontaktWeitere Informationen finden Sie in unserer Datenschutzerkl\u00e4rung, die mit * gekennzeichneten Felder sind Pflichtfelder.LanCologne UG (haftungsbeschr\u00e4nkt)Horbeller Str. 19, 50858 K\u00f6ln+49 (0)221 64306610+49 (0)221 64306611info@lancologne.de\u00d6ffnungszeitenMontags bis Freitag: 08:00 Uhr bis 18:00 Uhr Bei Bedarf sind wir 365 Tage, rund um die Uhr f\u00fcr Sie da!<\/p>","protected":false},"author":1,"featured_media":0,"parent":0,"menu_order":0,"comment_status":"closed","ping_status":"closed","template":"","meta":{"_et_pb_use_builder":"on","_et_pb_old_content":"","_et_gb_content_width":"","footnotes":""},"class_list":["post-389391","page","type-page","status-publish","hentry"],"_links":{"self":[{"href":"https:\/\/lancologne.de\/fr\/wp-json\/wp\/v2\/pages\/389391","targetHints":{"allow":["GET"]}}],"collection":[{"href":"https:\/\/lancologne.de\/fr\/wp-json\/wp\/v2\/pages"}],"about":[{"href":"https:\/\/lancologne.de\/fr\/wp-json\/wp\/v2\/types\/page"}],"author":[{"embeddable":true,"href":"https:\/\/lancologne.de\/fr\/wp-json\/wp\/v2\/users\/1"}],"replies":[{"embeddable":true,"href":"https:\/\/lancologne.de\/fr\/wp-json\/wp\/v2\/comments?post=389391"}],"version-history":[{"count":5,"href":"https:\/\/lancologne.de\/fr\/wp-json\/wp\/v2\/pages\/389391\/revisions"}],"predecessor-version":[{"id":389789,"href":"https:\/\/lancologne.de\/fr\/wp-json\/wp\/v2\/pages\/389391\/revisions\/389789"}],"wp:attachment":[{"href":"https:\/\/lancologne.de\/fr\/wp-json\/wp\/v2\/media?parent=389391"}],"curies":[{"name":"wp","href":"https:\/\/api.w.org\/{rel}","templated":true}]}}