{"id":389137,"date":"2024-12-12T07:50:39","date_gmt":"2024-12-12T07:50:39","guid":{"rendered":"https:\/\/staging2.lancologne.de\/?page_id=389137"},"modified":"2025-03-26T15:34:33","modified_gmt":"2025-03-26T14:34:33","slug":"mtrix","status":"publish","type":"page","link":"https:\/\/lancologne.de\/nl\/mtrix\/","title":{"rendered":"MTRIX"},"content":{"rendered":"<p>[et_pb_section fb_built=&#8220;1&#8243; fullwidth=&#8220;on&#8220; _builder_version=&#8220;4.27.2&#8243; _module_preset=&#8220;default&#8220; global_colors_info=&#8220;{}&#8220; theme_builder_area=&#8220;post_content&#8220;][et_pb_fullwidth_image src=&#8220;https:\/\/lancologne.de\/wp-content\/uploads\/2018\/02\/head-partner-mtix.jpg&#8220; title_text=&#8220;head-partner-mtix&#8220; _builder_version=&#8220;4.27.2&#8243; _module_preset=&#8220;default&#8220; global_colors_info=&#8220;{}&#8220; theme_builder_area=&#8220;post_content&#8220;][\/et_pb_fullwidth_image][\/et_pb_section][et_pb_section fb_built=&#8220;1&#8243; _builder_version=&#8220;4.27.2&#8243; _module_preset=&#8220;default&#8220; global_colors_info=&#8220;{}&#8220; theme_builder_area=&#8220;post_content&#8220;][et_pb_row _builder_version=&#8220;4.27.2&#8243; _module_preset=&#8220;3bc87bbc-bd54-40e0-9f1a-4559b53dace2&#8243; global_colors_info=&#8220;{}&#8220; theme_builder_area=&#8220;post_content&#8220;][et_pb_column type=&#8220;4_4&#8243; _builder_version=&#8220;4.27.2&#8243; _module_preset=&#8220;default&#8220; pac_dcm_carousel_specific_module_num=&#8220;0&#8243; global_colors_info=&#8220;{}&#8220; theme_builder_area=&#8220;post_content&#8220;][et_pb_text _builder_version=&#8220;4.27.2&#8243; _module_preset=&#8220;default&#8220; text_text_color=&#8220;#FFFFFF&#8220; text_font_size=&#8220;45px&#8220; header_text_align=&#8220;center&#8220; header_font_size=&#8220;50px&#8220; header_2_text_align=&#8220;center&#8220; header_2_text_color=&#8220;#000000&#8243; header_2_font_size=&#8220;36px&#8220; global_colors_info=&#8220;{}&#8220; theme_builder_area=&#8220;post_content&#8220;]<\/p>\n<h1><span class=\"gradient-text\">MTRIX<\/span><\/h1>\n<p>[\/et_pb_text][\/et_pb_column][\/et_pb_row][et_pb_row column_structure=&#8220;1_2,1_2&#8243; _builder_version=&#8220;4.27.2&#8243; _module_preset=&#8220;3bc87bbc-bd54-40e0-9f1a-4559b53dace2&#8243; background_enable_color=&#8220;off&#8220; global_colors_info=&#8220;{}&#8220; theme_builder_area=&#8220;post_content&#8220;][et_pb_column type=&#8220;1_2&#8243; _builder_version=&#8220;4.27.2&#8243; _module_preset=&#8220;default&#8220; pac_dcm_carousel_specific_module_num=&#8220;0&#8243; global_colors_info=&#8220;{}&#8220; theme_builder_area=&#8220;post_content&#8220;][et_pb_image src=&#8220;https:\/\/lancologne.de\/wp-content\/uploads\/2018\/02\/61p1ow666el._sl1500_.jpg&#8220; title_text=&#8220;61p1ow666el._sl1500_&#8220; _builder_version=&#8220;4.27.2&#8243; _module_preset=&#8220;default&#8220; animation_direction=&#8220;left&#8220; sticky_position=&#8220;top&#8220; sticky_limit_top=&#8220;body&#8220; sticky_limit_bottom=&#8220;row&#8220; global_colors_info=&#8220;{}&#8220; theme_builder_area=&#8220;post_content&#8220;][\/et_pb_image][\/et_pb_column][et_pb_column type=&#8220;1_2&#8243; _builder_version=&#8220;4.27.2&#8243; _module_preset=&#8220;default&#8220; pac_dcm_carousel_specific_module_num=&#8220;0&#8243; global_colors_info=&#8220;{}&#8220; theme_builder_area=&#8220;post_content&#8220;][et_pb_text _builder_version=&#8220;4.27.2&#8243; _module_preset=&#8220;default&#8220; global_colors_info=&#8220;{}&#8220; theme_builder_area=&#8220;post_content&#8220;]MTRIX ist f\u00fchrender Value Added Distributor f\u00fcr Authentisierungsl\u00f6sungen in Deutschland. Als Bindeglied unterst\u00fctzt MTRIX internationale Hersteller und Partner auf dem deutschsprachigen Markt. Zu den Kunden und Lieferanten z\u00e4hlen namhafte Konzerne, Organisationen und Dienstleister aus der IT- und Telekommunikationsbranche sowie zahlreiche mittelst\u00e4ndische Endkunden, H\u00e4ndler und Systemintegratoren. Das 2006 gegr\u00fcndete Unternehmen hat seinen Sitz in L\u00fcneburg bei Hamburg.[\/et_pb_text][et_pb_text _builder_version=&#8220;4.27.2&#8243; _module_preset=&#8220;default&#8220; global_colors_info=&#8220;{}&#8220; theme_builder_area=&#8220;post_content&#8220;]Yubico ist der f\u00fchrende Anbieter von einfachem Online-Identit\u00e4tsschutz und Hersteller des YubiKey\u00ae. Der YubiKey verbindet auf einzigartige Weise treiberlose USB-und NFC-Authentifizierungshardware mit Open-Source-Software. Mehr als eine Millionen Anwender in 100 L\u00e4ndern verlassen sich bei der Sicherung des Netzzugangs, von Computern und Online-Diensten auf den YubiKey.<\/p>\n<p>Yubico hat Niederlassungen in den USA, Schweden und Gro\u00dfbritannien. Regionale Vertretung f\u00fcr Deutschland ist die MTRIX GmbH, ein etablierter IT-Security-Distributor mit dem Fokus auf Authentifizierungsl\u00f6sungen und enger Partner von LanCologne.[\/et_pb_text][\/et_pb_column][\/et_pb_row][\/et_pb_section][et_pb_section fb_built=&#8220;1&#8243; admin_label=&#8220;DLE Hero Section 03&#8243; _builder_version=&#8220;4.16&#8243; _module_preset=&#8220;default&#8220; background_color=&#8220;#eeeeee&#8220; background_color_gradient_direction=&#8220;90deg&#8220; background_color_gradient_start=&#8220;#ffffff&#8220; background_color_gradient_end=&#8220;#eeeeee&#8220; overflow-x=&#8220;hidden&#8220; overflow-y=&#8220;hidden&#8220; global_colors_info=&#8220;{}&#8220; theme_builder_area=&#8220;post_content&#8220;][et_pb_row column_structure=&#8220;1_3,1_3,1_3&#8243; use_custom_gutter=&#8220;on&#8220; gutter_width=&#8220;1&#8243; make_equal=&#8220;on&#8220; custom_padding_last_edited=&#8220;on|phone&#8220; _builder_version=&#8220;4.16&#8243; _module_preset=&#8220;3bc87bbc-bd54-40e0-9f1a-4559b53dace2&#8243; use_background_color_gradient=&#8220;on&#8220; background_color_gradient_direction=&#8220;90deg&#8220; background_color_gradient_stops=&#8220;#ffffff 60%|#eeeeee 60%&#8220; background_color_gradient_start=&#8220;#ffffff&#8220; background_color_gradient_start_position=&#8220;60%&#8220; background_color_gradient_end=&#8220;#eeeeee&#8220; background_color_gradient_end_position=&#8220;60%&#8220; custom_padding=&#8220;40px|0px|40px|60px|true|false&#8220; custom_padding_tablet=&#8220;|0px||40px|true|false&#8220; custom_padding_phone=&#8220;30px||30px|30px|true|false&#8220; custom_css_main_element=&#8220;align-items: center;&#8220; global_colors_info=&#8220;{}&#8220; theme_builder_area=&#8220;post_content&#8220;][et_pb_column type=&#8220;1_3&#8243; _builder_version=&#8220;4.16&#8243; _module_preset=&#8220;default&#8220; custom_padding_tablet=&#8220;&#8220; custom_padding_phone=&#8220;&#8220; custom_padding_last_edited=&#8220;on|tablet&#8220; pac_dcm_carousel_specific_module_num=&#8220;0&#8243; global_colors_info=&#8220;{}&#8220; theme_builder_area=&#8220;post_content&#8220;][et_pb_text _builder_version=&#8220;4.27.2&#8243; _module_preset=&#8220;default&#8220; global_colors_info=&#8220;{}&#8220; theme_builder_area=&#8220;post_content&#8220;]Die Zugangskontrolle erfolgt in der Regel durch eine Passworteingabe. Alternativ zur Eingabe eines Passworts bei der Anmeldung kann ein Yubikey verwendet werden. Ein Yubikey ist ein kleiner Chip mit USB-Anschluss, wiegt etwa 3 Gramm und liefert bei Ber\u00fchrung mit dem Finger einen \u201eZugangscode\u201c. Der Yubikey kann mit Windows-, Apple Mac- und Linux-Systemen verwendet werden. Lassen Sie sich \u00fcber die vielf\u00e4ltigen M\u00f6glichkeiten einer professionellen Authentifizierung durch LanCologne beraten.[\/et_pb_text][\/et_pb_column][et_pb_column type=&#8220;1_3&#8243; _builder_version=&#8220;4.16&#8243; _module_preset=&#8220;default&#8220; pac_dcm_carousel_specific_module_num=&#8220;0&#8243; global_colors_info=&#8220;{}&#8220; theme_builder_area=&#8220;post_content&#8220;][et_pb_image src=&#8220;https:\/\/lancologne.de\/wp-content\/uploads\/2018\/02\/2015-09-wordcamp-koeln-yubikey-neo.jpg&#8220; alt=&#8220;Datenrettungs-Spezialist in K\u00f6ln&#8220; title_text=&#8220;2015-09-wordcamp-koeln-yubikey-neo&#8220; _builder_version=&#8220;4.27.2&#8243; _module_preset=&#8220;default&#8220; positioning=&#8220;relative&#8220; position_origin_a=&#8220;center_left&#8220; position_origin_r=&#8220;top_right&#8220; horizontal_offset=&#8220;-120px&#8220; horizontal_offset_tablet=&#8220;0px&#8220; horizontal_offset_phone=&#8220;0px&#8220; horizontal_offset_last_edited=&#8220;on|tablet&#8220; custom_padding_tablet=&#8220;30px||30px||true|false&#8220; custom_padding_phone=&#8220;30px||30px||true|false&#8220; custom_padding_last_edited=&#8220;on|tablet&#8220; animation_direction=&#8220;bottom&#8220; scroll_vertical_motion_enable=&#8220;on&#8220; scroll_vertical_motion=&#8220;0|50|50|100|1|0|-1&#8243; scroll_fade_enable=&#8220;on&#8220; scroll_fade=&#8220;20|50|50|100|70%|100|100&#8243; scroll_vertical_motion_tablet=&#8220;0|50|50|100|0|0|0&#8243; scroll_vertical_motion_phone=&#8220;0|50|50|100|0|0|0&#8243; scroll_vertical_motion_last_edited=&#8220;on|phone&#8220; border_color_all=&#8220;rgba(0,0,0,0.12)&#8220; box_shadow_style=&#8220;preset3&#8243; global_colors_info=&#8220;{}&#8220; theme_builder_area=&#8220;post_content&#8220;][\/et_pb_image][\/et_pb_column][et_pb_column type=&#8220;1_3&#8243; _builder_version=&#8220;4.16&#8243; _module_preset=&#8220;default&#8220; pac_dcm_carousel_specific_module_num=&#8220;0&#8243; global_colors_info=&#8220;{}&#8220; theme_builder_area=&#8220;post_content&#8220;][et_pb_image src=&#8220;https:\/\/lancologne.de\/wp-content\/uploads\/2018\/02\/yubikey_neo_and_nano-e1519049540392-scaled-1.jpg&#8220; title_text=&#8220;yubikey_neo_and_nano&#8220; _builder_version=&#8220;4.27.2&#8243; _module_preset=&#8220;default&#8220; positioning=&#8220;relative&#8220; position_origin_r=&#8220;top_right&#8220; horizontal_offset=&#8220;-190px&#8220; horizontal_offset_tablet=&#8220;0px&#8220; horizontal_offset_phone=&#8220;0px&#8220; horizontal_offset_last_edited=&#8220;on|phone&#8220; width=&#8220;100%&#8220; custom_padding=&#8220;60px||||false|false&#8220; custom_padding_tablet=&#8220;30px||||false|false&#8220; custom_padding_phone=&#8220;30px||||false|false&#8220; custom_padding_last_edited=&#8220;on|phone&#8220; scroll_vertical_motion=&#8220;0|50|50|100|1|0|-1&#8243; scroll_horizontal_motion_enable=&#8220;on&#8220; scroll_horizontal_motion=&#8220;0|50|50|100|-1|0|1&#8243; scroll_horizontal_motion_tablet=&#8220;0|50|50|100|0|0|0&#8243; scroll_horizontal_motion_phone=&#8220;0|50|50|100|0|0|0&#8243; scroll_horizontal_motion_last_edited=&#8220;on|tablet&#8220; border_color_all=&#8220;#FFFFFF&#8220; box_shadow_style=&#8220;preset3&#8243; global_colors_info=&#8220;{}&#8220; theme_builder_area=&#8220;post_content&#8220;][\/et_pb_image][\/et_pb_column][\/et_pb_row][\/et_pb_section][et_pb_section fb_built=&#8220;1&#8243; _builder_version=&#8220;4.27.2&#8243; _module_preset=&#8220;default&#8220; global_colors_info=&#8220;{}&#8220; theme_builder_area=&#8220;post_content&#8220;][et_pb_row column_structure=&#8220;1_2,1_2&#8243; _builder_version=&#8220;4.27.2&#8243; _module_preset=&#8220;3bc87bbc-bd54-40e0-9f1a-4559b53dace2&#8243; global_colors_info=&#8220;{}&#8220; theme_builder_area=&#8220;post_content&#8220;][et_pb_column type=&#8220;1_2&#8243; _builder_version=&#8220;4.27.2&#8243; _module_preset=&#8220;default&#8220; pac_dcm_carousel_specific_module_num=&#8220;0&#8243; global_colors_info=&#8220;{}&#8220; theme_builder_area=&#8220;post_content&#8220;][et_pb_text _builder_version=&#8220;4.27.2&#8243; _module_preset=&#8220;default&#8220; text_font=&#8220;|600|||||||&#8220; text_font_size=&#8220;18px&#8220; global_colors_info=&#8220;{}&#8220; theme_builder_area=&#8220;post_content&#8220;]Quelle &#038; weitere Informationen unter:[\/et_pb_text][et_pb_button button_url=&#8220;https:\/\/www.mtrix.de\/&#8220; url_new_window=&#8220;on&#8220; button_text=&#8220;MTRIX&#8220; button_alignment=&#8220;left&#8220; _builder_version=&#8220;4.27.2&#8243; _module_preset=&#8220;default&#8220; custom_button=&#8220;on&#8220; button_text_color=&#8220;#FFFFFF&#8220; button_bg_color=&#8220;#9b2242&#8243; button_border_width=&#8220;0px&#8220; button_border_radius=&#8220;0px&#8220; button_letter_spacing=&#8220;1px&#8220; button_icon=&#8220;&#x24;||divi||400&#8243; custom_margin=&#8220;40px||||false|false&#8220; custom_padding=&#8220;14px|50px|14px|30px|true|false&#8220; custom_padding_tablet=&#8220;14px|50px|14px|30px|true|false&#8220; custom_padding_phone=&#8220;10px|40px|10px|20px|true|false&#8220; custom_padding_last_edited=&#8220;on|phone&#8220; box_shadow_style=&#8220;preset3&#8243; box_shadow_color=&#8220;rgba(0,0,0,0.1)&#8220; locked=&#8220;off&#8220; global_colors_info=&#8220;{}&#8220; button_bg_color__hover_enabled=&#8220;on|desktop&#8220; button_bg_color__hover=&#8220;#000000&#8243; button_bg_enable_color__hover=&#8220;on&#8220; box_shadow_color__hover_enabled=&#8220;on|hover&#8220; box_shadow_color__hover=&#8220;rgba(0,0,0,0.3)&#8220; theme_builder_area=&#8220;post_content&#8220;][\/et_pb_button][\/et_pb_column][et_pb_column type=&#8220;1_2&#8243; _builder_version=&#8220;4.27.2&#8243; _module_preset=&#8220;default&#8220; pac_dcm_carousel_specific_module_num=&#8220;0&#8243; global_colors_info=&#8220;{}&#8220; theme_builder_area=&#8220;post_content&#8220;][\/et_pb_column][\/et_pb_row][\/et_pb_section]<\/p>\n","protected":false},"excerpt":{"rendered":"<p>MTRIXMTRIX ist f\u00fchrender Value Added Distributor f\u00fcr Authentisierungsl\u00f6sungen in Deutschland. Als Bindeglied unterst\u00fctzt MTRIX internationale Hersteller und Partner auf dem deutschsprachigen Markt. Zu den Kunden und Lieferanten z\u00e4hlen namhafte Konzerne, Organisationen und Dienstleister aus der IT- und Telekommunikationsbranche sowie zahlreiche mittelst\u00e4ndische Endkunden, H\u00e4ndler und Systemintegratoren. Das 2006 gegr\u00fcndete Unternehmen hat seinen Sitz in L\u00fcneburg bei [&hellip;]<\/p>\n","protected":false},"author":1,"featured_media":0,"parent":0,"menu_order":0,"comment_status":"closed","ping_status":"closed","template":"","meta":{"_et_pb_use_builder":"on","_et_pb_old_content":"","_et_gb_content_width":"","footnotes":""},"class_list":["post-389137","page","type-page","status-publish","hentry"],"_links":{"self":[{"href":"https:\/\/lancologne.de\/nl\/wp-json\/wp\/v2\/pages\/389137","targetHints":{"allow":["GET"]}}],"collection":[{"href":"https:\/\/lancologne.de\/nl\/wp-json\/wp\/v2\/pages"}],"about":[{"href":"https:\/\/lancologne.de\/nl\/wp-json\/wp\/v2\/types\/page"}],"author":[{"embeddable":true,"href":"https:\/\/lancologne.de\/nl\/wp-json\/wp\/v2\/users\/1"}],"replies":[{"embeddable":true,"href":"https:\/\/lancologne.de\/nl\/wp-json\/wp\/v2\/comments?post=389137"}],"version-history":[{"count":4,"href":"https:\/\/lancologne.de\/nl\/wp-json\/wp\/v2\/pages\/389137\/revisions"}],"predecessor-version":[{"id":389746,"href":"https:\/\/lancologne.de\/nl\/wp-json\/wp\/v2\/pages\/389137\/revisions\/389746"}],"wp:attachment":[{"href":"https:\/\/lancologne.de\/nl\/wp-json\/wp\/v2\/media?parent=389137"}],"curies":[{"name":"wp","href":"https:\/\/api.w.org\/{rel}","templated":true}]}}