{"id":389166,"date":"2024-12-12T08:05:28","date_gmt":"2024-12-12T08:05:28","guid":{"rendered":"https:\/\/staging2.lancologne.de\/?page_id=389166"},"modified":"2024-12-12T08:08:05","modified_gmt":"2024-12-12T08:08:05","slug":"smart-home","status":"publish","type":"page","link":"https:\/\/lancologne.de\/nl\/smart-home\/","title":{"rendered":"Slim Thuis"},"content":{"rendered":"<p>[et_pb_section fb_built=&#8220;1&#8243; fullwidth=&#8220;on&#8220; _builder_version=&#8220;4.27.2&#8243; _module_preset=&#8220;default&#8220; global_colors_info=&#8220;{}&#8220; theme_builder_area=&#8220;post_content&#8220;][et_pb_fullwidth_image src=&#8220;https:\/\/lancologne.de\/wp-content\/uploads\/2018\/02\/head-smarthome.jpg&#8220; title_text=&#8220;head-smarthome&#8220; _builder_version=&#8220;4.27.2&#8243; _module_preset=&#8220;default&#8220; global_colors_info=&#8220;{}&#8220; theme_builder_area=&#8220;post_content&#8220;][\/et_pb_fullwidth_image][\/et_pb_section][et_pb_section fb_built=&#8220;1&#8243; _builder_version=&#8220;4.27.2&#8243; _module_preset=&#8220;default&#8220; global_colors_info=&#8220;{}&#8220; theme_builder_area=&#8220;post_content&#8220;][et_pb_row _builder_version=&#8220;4.27.2&#8243; _module_preset=&#8220;e6ff4f40-36e6-489a-b5be-f36e9d9aabda&#8220; global_colors_info=&#8220;{}&#8220; theme_builder_area=&#8220;post_content&#8220;][et_pb_column type=&#8220;4_4&#8243; _builder_version=&#8220;4.27.2&#8243; _module_preset=&#8220;default&#8220; pac_dcm_carousel_specific_module_num=&#8220;0&#8243; global_colors_info=&#8220;{}&#8220; theme_builder_area=&#8220;post_content&#8220;][et_pb_text _builder_version=&#8220;4.27.2&#8243; _module_preset=&#8220;default&#8220; text_text_color=&#8220;#FFFFFF&#8220; text_font_size=&#8220;45px&#8220; header_text_align=&#8220;center&#8220; header_font_size=&#8220;50px&#8220; header_2_text_align=&#8220;center&#8220; header_2_text_color=&#8220;#000000&#8243; header_2_font_size=&#8220;36px&#8220; global_colors_info=&#8220;{}&#8220; theme_builder_area=&#8220;post_content&#8220;]<\/p>\n<h1><span class=\"gradient-text\">Smart Home<\/span><\/h1>\n<p>[\/et_pb_text][\/et_pb_column][\/et_pb_row][et_pb_row column_structure=&#8220;1_2,1_2&#8243; _builder_version=&#8220;4.27.2&#8243; _module_preset=&#8220;e6ff4f40-36e6-489a-b5be-f36e9d9aabda&#8220; background_enable_color=&#8220;off&#8220; global_colors_info=&#8220;{}&#8220; theme_builder_area=&#8220;post_content&#8220;][et_pb_column type=&#8220;1_2&#8243; _builder_version=&#8220;4.27.2&#8243; _module_preset=&#8220;default&#8220; pac_dcm_carousel_specific_module_num=&#8220;0&#8243; global_colors_info=&#8220;{}&#8220; theme_builder_area=&#8220;post_content&#8220;][et_pb_image src=&#8220;https:\/\/lancologne.de\/wp-content\/uploads\/2018\/02\/contentbild-smarthome1.jpg&#8220; title_text=&#8220;contentbild-smarthome1&#8243; _builder_version=&#8220;4.27.2&#8243; _module_preset=&#8220;default&#8220; animation_direction=&#8220;left&#8220; sticky_position=&#8220;top&#8220; sticky_limit_top=&#8220;body&#8220; sticky_limit_bottom=&#8220;row&#8220; global_colors_info=&#8220;{}&#8220; theme_builder_area=&#8220;post_content&#8220;][\/et_pb_image][\/et_pb_column][et_pb_column type=&#8220;1_2&#8243; _builder_version=&#8220;4.27.2&#8243; _module_preset=&#8220;default&#8220; pac_dcm_carousel_specific_module_num=&#8220;0&#8243; global_colors_info=&#8220;{}&#8220; theme_builder_area=&#8220;post_content&#8220;][et_pb_text _builder_version=&#8220;4.27.2&#8243; _module_preset=&#8220;default&#8220; global_colors_info=&#8220;{}&#8220; theme_builder_area=&#8220;post_content&#8220;]Welche M\u00f6glichkeiten der Automatisierung und Steuerung gibt es in einem Geb\u00e4ude? Hier gibt es eine einfache Antwort \u2013 Unendlich viele! Bei der Planung einer Haus- \/ Geb\u00e4udesteuerung haben viel Kunden diverse Anforderungen und W\u00fcnsche im Hinterkopf. Was davon sp\u00e4ter umgesetzt werden soll stellt oftmals die Gretchenfrage dar und LanCologne m\u00f6chte Ihnen hier nur einige wenige Beispiele vorstellen.[\/et_pb_text][et_pb_text _builder_version=&#8220;4.27.2&#8243; _module_preset=&#8220;default&#8220; text_text_color=&#8220;#FFFFFF&#8220; text_font_size=&#8220;45px&#8220; header_2_text_align=&#8220;left&#8220; header_2_text_color=&#8220;#000000&#8243; header_2_font_size=&#8220;36px&#8220; global_colors_info=&#8220;{}&#8220; theme_builder_area=&#8220;post_content&#8220;]<\/p>\n<h2><span class=\"gradient-text\">Beispiele und M\u00f6glichkeiten der Hausautomation<\/span><\/h2>\n<p>[\/et_pb_text][et_pb_blurb title=&#8220;Steuerung der Rolll\u00e4den und Jalousien \u00fcber Aktoren\/Sensoren: Schalten, Phasenweise vor Sonneneinstrahlung sch\u00fctzen, Gruppensteuerung von mehreren Jalousien, Zeitgesteuert schalten&#8220; use_icon=&#8220;on&#8220; font_icon=&#8220;&#xe046;||divi||400&#8243; icon_color=&#8220;#9b2242&#8243; icon_placement=&#8220;left&#8220; image_icon_width=&#8220;25px&#8220; _builder_version=&#8220;4.27.3&#8243; _module_preset=&#8220;default&#8220; header_level=&#8220;h3&#8243; header_font_size=&#8220;18px&#8220; custom_margin=&#8220;||10px||false|false&#8220; custom_padding=&#8220;||||false|false&#8220; global_colors_info=&#8220;{}&#8220; theme_builder_area=&#8220;post_content&#8220;][\/et_pb_blurb][et_pb_blurb title=&#8220;Lichtsteuerung: Schalten, Bewegungsmelder, Dimmen, Zeitgesteuert schalten&#8220; use_icon=&#8220;on&#8220; font_icon=&#8220;&#xe046;||divi||400&#8243; icon_color=&#8220;#9b2242&#8243; icon_placement=&#8220;left&#8220; image_icon_width=&#8220;25px&#8220; _builder_version=&#8220;4.27.3&#8243; _module_preset=&#8220;default&#8220; header_level=&#8220;h3&#8243; header_font_size=&#8220;18px&#8220; custom_margin=&#8220;||10px||false|false&#8220; custom_padding=&#8220;||||false|false&#8220; global_colors_info=&#8220;{}&#8220; theme_builder_area=&#8220;post_content&#8220;][\/et_pb_blurb][et_pb_blurb title=&#8220;Heizungssteuerung: Schalten, Temperieren, Zeitgesteuert heizen&#8220; use_icon=&#8220;on&#8220; font_icon=&#8220;&#xe046;||divi||400&#8243; icon_color=&#8220;#9b2242&#8243; icon_placement=&#8220;left&#8220; image_icon_width=&#8220;25px&#8220; _builder_version=&#8220;4.27.3&#8243; _module_preset=&#8220;default&#8220; header_level=&#8220;h3&#8243; header_font_size=&#8220;18px&#8220; custom_margin=&#8220;||10px||false|false&#8220; custom_padding=&#8220;||||false|false&#8220; global_colors_info=&#8220;{}&#8220; theme_builder_area=&#8220;post_content&#8220;][\/et_pb_blurb][et_pb_blurb title=&#8220;Steckdosen schalten und zeitgesteuert schalten&#8220; use_icon=&#8220;on&#8220; font_icon=&#8220;&#xe046;||divi||400&#8243; icon_color=&#8220;#9b2242&#8243; icon_placement=&#8220;left&#8220; image_icon_width=&#8220;25px&#8220; _builder_version=&#8220;4.27.3&#8243; _module_preset=&#8220;default&#8220; header_level=&#8220;h3&#8243; header_font_size=&#8220;18px&#8220; custom_margin=&#8220;||10px||false|false&#8220; custom_padding=&#8220;||||false|false&#8220; global_colors_info=&#8220;{}&#8220; theme_builder_area=&#8220;post_content&#8220;][\/et_pb_blurb][et_pb_blurb title=&#8220;Garagentorsteuerung \u00fcber Aktoren\/Sensoren&#8220; use_icon=&#8220;on&#8220; font_icon=&#8220;&#xe046;||divi||400&#8243; icon_color=&#8220;#9b2242&#8243; icon_placement=&#8220;left&#8220; image_icon_width=&#8220;25px&#8220; _builder_version=&#8220;4.27.3&#8243; _module_preset=&#8220;default&#8220; header_level=&#8220;h3&#8243; header_font_size=&#8220;18px&#8220; custom_margin=&#8220;||10px||false|false&#8220; custom_padding=&#8220;||||false|false&#8220; global_colors_info=&#8220;{}&#8220; theme_builder_area=&#8220;post_content&#8220;][\/et_pb_blurb][et_pb_text _builder_version=&#8220;4.27.2&#8243; _module_preset=&#8220;default&#8220; global_colors_info=&#8220;{}&#8220; theme_builder_area=&#8220;post_content&#8220;]Die Automation w\u00e4re jedoch nichts ohne eine zuverl\u00e4ssige und sichere Zentralstation die Zugriff auf Funktionen und Einstellungen erm\u00f6glicht.[\/et_pb_text][\/et_pb_column][\/et_pb_row][\/et_pb_section][et_pb_section fb_built=&#8220;1&#8243; _builder_version=&#8220;4.27.2&#8243; _module_preset=&#8220;default&#8220; global_colors_info=&#8220;{}&#8220; theme_builder_area=&#8220;post_content&#8220;][et_pb_row column_structure=&#8220;1_2,1_2&#8243; _builder_version=&#8220;4.27.2&#8243; _module_preset=&#8220;e6ff4f40-36e6-489a-b5be-f36e9d9aabda&#8220; background_enable_color=&#8220;off&#8220; global_colors_info=&#8220;{}&#8220; theme_builder_area=&#8220;post_content&#8220;][et_pb_column type=&#8220;1_2&#8243; _builder_version=&#8220;4.27.2&#8243; _module_preset=&#8220;default&#8220; pac_dcm_carousel_specific_module_num=&#8220;0&#8243; global_colors_info=&#8220;{}&#8220; theme_builder_area=&#8220;post_content&#8220;][et_pb_image src=&#8220;https:\/\/lancologne.de\/wp-content\/uploads\/2018\/02\/contentbild-smarthome2.jpg&#8220; title_text=&#8220;contentbild-smarthome2&#8243; _builder_version=&#8220;4.27.2&#8243; _module_preset=&#8220;default&#8220; animation_direction=&#8220;left&#8220; sticky_position=&#8220;top&#8220; sticky_limit_top=&#8220;body&#8220; sticky_limit_bottom=&#8220;row&#8220; global_colors_info=&#8220;{}&#8220; theme_builder_area=&#8220;post_content&#8220;][\/et_pb_image][\/et_pb_column][et_pb_column type=&#8220;1_2&#8243; _builder_version=&#8220;4.27.2&#8243; _module_preset=&#8220;default&#8220; pac_dcm_carousel_specific_module_num=&#8220;0&#8243; global_colors_info=&#8220;{}&#8220; theme_builder_area=&#8220;post_content&#8220;][et_pb_text _builder_version=&#8220;4.27.2&#8243; _module_preset=&#8220;default&#8220; text_text_color=&#8220;#FFFFFF&#8220; text_font_size=&#8220;45px&#8220; header_2_text_align=&#8220;left&#8220; header_2_text_color=&#8220;#000000&#8243; header_2_font_size=&#8220;36px&#8220; global_colors_info=&#8220;{}&#8220; theme_builder_area=&#8220;post_content&#8220;]<\/p>\n<h2><span class=\"gradient-text\">Anforderungen und Funktionen der Zentralstation<\/span><\/h2>\n<p>[\/et_pb_text][et_pb_blurb title=&#8220;Abruf und Status\u00e4nderung per SMS und Mobiltelefon oder eMail sowie Fernsteuerung von unterwegs per Internet, PC, Mobile App&#8220; use_icon=&#8220;on&#8220; font_icon=&#8220;&#xe046;||divi||400&#8243; icon_color=&#8220;#9b2242&#8243; icon_placement=&#8220;left&#8220; image_icon_width=&#8220;25px&#8220; _builder_version=&#8220;4.27.3&#8243; _module_preset=&#8220;default&#8220; header_level=&#8220;h3&#8243; header_font_size=&#8220;18px&#8220; custom_margin=&#8220;||10px||false|false&#8220; custom_padding=&#8220;||||false|false&#8220; global_colors_info=&#8220;{}&#8220; theme_builder_area=&#8220;post_content&#8220;][\/et_pb_blurb][et_pb_blurb title=&#8220;Abruf des aktuellen Energieverbrauchs&#8220; use_icon=&#8220;on&#8220; font_icon=&#8220;&#xe046;||divi||400&#8243; icon_color=&#8220;#9b2242&#8243; icon_placement=&#8220;left&#8220; image_icon_width=&#8220;25px&#8220; _builder_version=&#8220;4.27.3&#8243; _module_preset=&#8220;default&#8220; header_level=&#8220;h3&#8243; header_font_size=&#8220;18px&#8220; custom_margin=&#8220;||10px||false|false&#8220; custom_padding=&#8220;||||false|false&#8220; global_colors_info=&#8220;{}&#8220; theme_builder_area=&#8220;post_content&#8220;][\/et_pb_blurb][et_pb_blurb title=&#8220;Bildschirmschoner mit eigenen Bildern&#8220; use_icon=&#8220;on&#8220; font_icon=&#8220;&#xe046;||divi||400&#8243; icon_color=&#8220;#9b2242&#8243; icon_placement=&#8220;left&#8220; image_icon_width=&#8220;25px&#8220; _builder_version=&#8220;4.27.3&#8243; _module_preset=&#8220;default&#8220; header_level=&#8220;h3&#8243; header_font_size=&#8220;18px&#8220; custom_margin=&#8220;||10px||false|false&#8220; custom_padding=&#8220;||||false|false&#8220; global_colors_info=&#8220;{}&#8220; theme_builder_area=&#8220;post_content&#8220;][\/et_pb_blurb][et_pb_blurb title=&#8220;RSS-Feed Reader, Wetteranzeige, etc.&#8220; use_icon=&#8220;on&#8220; font_icon=&#8220;&#xe046;||divi||400&#8243; icon_color=&#8220;#9b2242&#8243; icon_placement=&#8220;left&#8220; image_icon_width=&#8220;25px&#8220; _builder_version=&#8220;4.27.3&#8243; _module_preset=&#8220;default&#8220; header_level=&#8220;h3&#8243; header_font_size=&#8220;18px&#8220; custom_margin=&#8220;||10px||false|false&#8220; custom_padding=&#8220;||||false|false&#8220; global_colors_info=&#8220;{}&#8220; theme_builder_area=&#8220;post_content&#8220;][\/et_pb_blurb][et_pb_blurb title=&#8220;Notizblockfunktion&#8220; use_icon=&#8220;on&#8220; font_icon=&#8220;&#xe046;||divi||400&#8243; icon_color=&#8220;#9b2242&#8243; icon_placement=&#8220;left&#8220; image_icon_width=&#8220;25px&#8220; _builder_version=&#8220;4.27.3&#8243; _module_preset=&#8220;default&#8220; header_level=&#8220;h3&#8243; header_font_size=&#8220;18px&#8220; custom_margin=&#8220;||10px||false|false&#8220; custom_padding=&#8220;||||false|false&#8220; global_colors_info=&#8220;{}&#8220; theme_builder_area=&#8220;post_content&#8220;][\/et_pb_blurb][et_pb_blurb title=&#8220;Einbindung einer Alarmanlage&#8220; use_icon=&#8220;on&#8220; font_icon=&#8220;&#xe046;||divi||400&#8243; icon_color=&#8220;#9b2242&#8243; icon_placement=&#8220;left&#8220; image_icon_width=&#8220;25px&#8220; _builder_version=&#8220;4.27.3&#8243; _module_preset=&#8220;default&#8220; header_level=&#8220;h3&#8243; header_font_size=&#8220;18px&#8220; custom_margin=&#8220;||10px||false|false&#8220; custom_padding=&#8220;||||false|false&#8220; global_colors_info=&#8220;{}&#8220; theme_builder_area=&#8220;post_content&#8220;][\/et_pb_blurb][et_pb_blurb title=&#8220;Kamerafunktion (zur \u00dcberwachung des Eigenheimes)&#8220; use_icon=&#8220;on&#8220; font_icon=&#8220;&#xe046;||divi||400&#8243; icon_color=&#8220;#9b2242&#8243; icon_placement=&#8220;left&#8220; image_icon_width=&#8220;25px&#8220; _builder_version=&#8220;4.27.3&#8243; _module_preset=&#8220;default&#8220; header_level=&#8220;h3&#8243; header_font_size=&#8220;18px&#8220; custom_margin=&#8220;||10px||false|false&#8220; custom_padding=&#8220;||||false|false&#8220; global_colors_info=&#8220;{}&#8220; theme_builder_area=&#8220;post_content&#8220;][\/et_pb_blurb][et_pb_blurb title=&#8220;uPnP-Funktion (DLNA)&#8220; use_icon=&#8220;on&#8220; font_icon=&#8220;&#xe046;||divi||400&#8243; icon_color=&#8220;#9b2242&#8243; icon_placement=&#8220;left&#8220; image_icon_width=&#8220;25px&#8220; _builder_version=&#8220;4.27.3&#8243; _module_preset=&#8220;default&#8220; header_level=&#8220;h3&#8243; header_font_size=&#8220;18px&#8220; custom_margin=&#8220;||10px||false|false&#8220; custom_padding=&#8220;||||false|false&#8220; global_colors_info=&#8220;{}&#8220; theme_builder_area=&#8220;post_content&#8220;][\/et_pb_blurb][et_pb_blurb title=&#8220;Nutzung als Babyphon im Kinderzimmer&#8220; use_icon=&#8220;on&#8220; font_icon=&#8220;&#xe046;||divi||400&#8243; icon_color=&#8220;#9b2242&#8243; icon_placement=&#8220;left&#8220; image_icon_width=&#8220;25px&#8220; _builder_version=&#8220;4.27.3&#8243; _module_preset=&#8220;default&#8220; header_level=&#8220;h3&#8243; header_font_size=&#8220;18px&#8220; custom_margin=&#8220;||10px||false|false&#8220; custom_padding=&#8220;||||false|false&#8220; global_colors_info=&#8220;{}&#8220; theme_builder_area=&#8220;post_content&#8220;][\/et_pb_blurb][et_pb_blurb title=&#8220;Steuerung der Musikanlage welche mit Ihnen intelligent das Zimmer wechselt&#8220; use_icon=&#8220;on&#8220; font_icon=&#8220;&#xe046;||divi||400&#8243; icon_color=&#8220;#9b2242&#8243; icon_placement=&#8220;left&#8220; image_icon_width=&#8220;25px&#8220; _builder_version=&#8220;4.27.3&#8243; _module_preset=&#8220;default&#8220; header_level=&#8220;h3&#8243; header_font_size=&#8220;18px&#8220; custom_margin=&#8220;||10px||false|false&#8220; custom_padding=&#8220;||||false|false&#8220; global_colors_info=&#8220;{}&#8220; theme_builder_area=&#8220;post_content&#8220;][\/et_pb_blurb][et_pb_text _builder_version=&#8220;4.27.2&#8243; _module_preset=&#8220;default&#8220; global_colors_info=&#8220;{}&#8220; theme_builder_area=&#8220;post_content&#8220;]Anhand dieser Beispiele lassen sich schier unendliche M\u00f6glichkeiten f\u00fcr das komfortable Wohnen\/Arbeiten erstellen. Die gedimmte Schaltung des Lichts \u00fcber Bewegungsmelder im Flur um den n\u00e4chtlichen Gang auf die Toilette zu finden ist dabei noch fast gar nichts. Sind die Roll\u00e4den am Wochenende auf 08:15 Uhr zum hochfahren eingestellt ? Auch die Steuerung der Heizungsanlage \u00fcber mobile Apps ist heutzutage bereits l\u00e4ngst aus den Kinderschuhen heraus gewachsen und viele Geb\u00e4ude lassen sich oftmals kosteng\u00fcnstiger nachr\u00fcsten als angenommen. Hier m\u00f6chte LanCologne sie mit seinem KnowHow begleiten und unterst\u00fctzen\u2026..z\u00f6gern Sie nicht sich von LanCologne fachkundig beraten zu lassen.[\/et_pb_text][\/et_pb_column][\/et_pb_row][\/et_pb_section]<\/p>\n","protected":false},"excerpt":{"rendered":"<p>Smart HomeWelche M\u00f6glichkeiten der Automatisierung und Steuerung gibt es in einem Geb\u00e4ude? Hier gibt es eine einfache Antwort \u2013 Unendlich viele! Bei der Planung einer Haus- \/ Geb\u00e4udesteuerung haben viel Kunden diverse Anforderungen und W\u00fcnsche im Hinterkopf. Was davon sp\u00e4ter umgesetzt werden soll stellt oftmals die Gretchenfrage dar und LanCologne m\u00f6chte Ihnen hier nur einige [&hellip;]<\/p>\n","protected":false},"author":1,"featured_media":0,"parent":0,"menu_order":0,"comment_status":"closed","ping_status":"closed","template":"","meta":{"_et_pb_use_builder":"on","_et_pb_old_content":"","_et_gb_content_width":"","footnotes":""},"class_list":["post-389166","page","type-page","status-publish","hentry"],"_links":{"self":[{"href":"https:\/\/lancologne.de\/nl\/wp-json\/wp\/v2\/pages\/389166","targetHints":{"allow":["GET"]}}],"collection":[{"href":"https:\/\/lancologne.de\/nl\/wp-json\/wp\/v2\/pages"}],"about":[{"href":"https:\/\/lancologne.de\/nl\/wp-json\/wp\/v2\/types\/page"}],"author":[{"embeddable":true,"href":"https:\/\/lancologne.de\/nl\/wp-json\/wp\/v2\/users\/1"}],"replies":[{"embeddable":true,"href":"https:\/\/lancologne.de\/nl\/wp-json\/wp\/v2\/comments?post=389166"}],"version-history":[{"count":2,"href":"https:\/\/lancologne.de\/nl\/wp-json\/wp\/v2\/pages\/389166\/revisions"}],"predecessor-version":[{"id":389169,"href":"https:\/\/lancologne.de\/nl\/wp-json\/wp\/v2\/pages\/389166\/revisions\/389169"}],"wp:attachment":[{"href":"https:\/\/lancologne.de\/nl\/wp-json\/wp\/v2\/media?parent=389166"}],"curies":[{"name":"wp","href":"https:\/\/api.w.org\/{rel}","templated":true}]}}