{"id":389048,"date":"2024-12-11T22:08:29","date_gmt":"2024-12-11T22:08:29","guid":{"rendered":"https:\/\/staging2.lancologne.de\/?page_id=389048"},"modified":"2024-12-12T10:07:24","modified_gmt":"2024-12-12T10:07:24","slug":"aruba-networks","status":"publish","type":"page","link":"https:\/\/lancologne.de\/pl\/aruba-networks\/","title":{"rendered":"aruba"},"content":{"rendered":"<p>[et_pb_section fb_built=&#8220;1&#8243; fullwidth=&#8220;on&#8220; _builder_version=&#8220;4.27.2&#8243; _module_preset=&#8220;default&#8220; global_colors_info=&#8220;{}&#8220; theme_builder_area=&#8220;post_content&#8220;][et_pb_fullwidth_image src=&#8220;https:\/\/lancologne.de\/wp-content\/uploads\/2018\/02\/head-partner-aruba.jpg&#8220; title_text=&#8220;head-partner-aruba&#8220; _builder_version=&#8220;4.27.2&#8243; _module_preset=&#8220;default&#8220; global_colors_info=&#8220;{}&#8220; theme_builder_area=&#8220;post_content&#8220;][\/et_pb_fullwidth_image][\/et_pb_section][et_pb_section fb_built=&#8220;1&#8243; _builder_version=&#8220;4.27.2&#8243; _module_preset=&#8220;default&#8220; global_colors_info=&#8220;{}&#8220; theme_builder_area=&#8220;post_content&#8220;][et_pb_row _builder_version=&#8220;4.27.2&#8243; _module_preset=&#8220;29f3ddc1-5443-408e-823b-9e024e63196c&#8220; global_colors_info=&#8220;{}&#8220; theme_builder_area=&#8220;post_content&#8220;][et_pb_column type=&#8220;4_4&#8243; _builder_version=&#8220;4.27.2&#8243; _module_preset=&#8220;default&#8220; pac_dcm_carousel_specific_module_num=&#8220;0&#8243; global_colors_info=&#8220;{}&#8220; theme_builder_area=&#8220;post_content&#8220;][et_pb_text _builder_version=&#8220;4.27.2&#8243; _module_preset=&#8220;default&#8220; text_text_color=&#8220;#FFFFFF&#8220; text_font_size=&#8220;45px&#8220; header_text_align=&#8220;center&#8220; header_font_size=&#8220;50px&#8220; header_2_text_align=&#8220;center&#8220; header_2_text_color=&#8220;#000000&#8243; header_2_font_size=&#8220;36px&#8220; global_colors_info=&#8220;{}&#8220; theme_builder_area=&#8220;post_content&#8220;]<\/p>\n<h1><span class=\"gradient-text\">Aruba Networks<\/span><\/h1>\n<p>[\/et_pb_text][\/et_pb_column][\/et_pb_row][et_pb_row column_structure=&#8220;1_2,1_2&#8243; _builder_version=&#8220;4.27.2&#8243; _module_preset=&#8220;29f3ddc1-5443-408e-823b-9e024e63196c&#8220; background_enable_color=&#8220;off&#8220; global_colors_info=&#8220;{}&#8220; theme_builder_area=&#8220;post_content&#8220;][et_pb_column type=&#8220;1_2&#8243; _builder_version=&#8220;4.27.2&#8243; _module_preset=&#8220;default&#8220; pac_dcm_carousel_specific_module_num=&#8220;0&#8243; global_colors_info=&#8220;{}&#8220; theme_builder_area=&#8220;post_content&#8220;][et_pb_image src=&#8220;https:\/\/lancologne.de\/wp-content\/uploads\/2018\/02\/access-point-product-family.jpg&#8220; title_text=&#8220;access-point-product-family&#8220; _builder_version=&#8220;4.27.2&#8243; _module_preset=&#8220;default&#8220; animation_direction=&#8220;left&#8220; sticky_position=&#8220;top&#8220; sticky_limit_top=&#8220;body&#8220; sticky_limit_bottom=&#8220;row&#8220; global_colors_info=&#8220;{}&#8220; theme_builder_area=&#8220;post_content&#8220;][\/et_pb_image][\/et_pb_column][et_pb_column type=&#8220;1_2&#8243; _builder_version=&#8220;4.27.2&#8243; _module_preset=&#8220;default&#8220; pac_dcm_carousel_specific_module_num=&#8220;0&#8243; global_colors_info=&#8220;{}&#8220; theme_builder_area=&#8220;post_content&#8220;][et_pb_text _builder_version=&#8220;4.27.2&#8243; _module_preset=&#8220;default&#8220; global_colors_info=&#8220;{}&#8220; theme_builder_area=&#8220;post_content&#8220;]Aruba Networks unterst\u00fctzt mit seinen L\u00f6sungen allen voran die Integration von 802.11ac \u2013 Der neue WLAN-Standard erm\u00f6glicht Unternehmen, ihre Prozesse in Gigabit-Geschwindigkeit durchzuf\u00fchren. Zudem l\u00e4sst sich die Bandbreite effektiver verteilen; St\u00f6rungen oder l\u00e4hmende Web-Applikationen geh\u00f6ren somit zur Vergangenheit.<\/p>\n<p>Neben einer gesteigerten Performance durch zahlreiche Managementfunktionen erh\u00f6hen die Aruba-L\u00f6sungen auch die Sicherheit im Drahtlosnetzwerk. Durch die Nutzung kontextbezogener Daten wie Benutzeridentit\u00e4t, Ger\u00e4tetyp, Anwendungsauslastung, Standort und Uhrzeit lassen sich Sicherheits- und Quality of Service (QoS)-Richtlinien im Unternehmen einf\u00fchren. Diese k\u00f6nnen im Netzwerk auf einzelne Ger\u00e4te und Anwendungen durchgesetzt werden.[\/et_pb_text][\/et_pb_column][\/et_pb_row][\/et_pb_section][et_pb_section fb_built=&#8220;1&#8243; _builder_version=&#8220;4.27.2&#8243; _module_preset=&#8220;default&#8220; custom_margin=&#8220;||||false|false&#8220; custom_padding=&#8220;||||false|false&#8220; global_colors_info=&#8220;{}&#8220; theme_builder_area=&#8220;post_content&#8220;][et_pb_row column_structure=&#8220;1_2,1_2&#8243; use_custom_gutter=&#8220;on&#8220; gutter_width=&#8220;2&#8243; make_equal=&#8220;on&#8220; _builder_version=&#8220;4.27.2&#8243; _module_preset=&#8220;29f3ddc1-5443-408e-823b-9e024e63196c&#8220; background_enable_color=&#8220;off&#8220; use_background_color_gradient=&#8220;on&#8220; background_color_gradient_direction=&#8220;90deg&#8220; background_color_gradient_stops=&#8220;#ffffff 0%|#ffffff 20%|rgba(237,237,237,0.6) 20%|#ededed 100%&#8220; custom_padding=&#8220;5%|2%|5%|2%|true|true&#8220; custom_css_free_form=&#8220;.selector {||  display: flex;||  align-items: center;||}&#8220; global_colors_info=&#8220;{}&#8220; theme_builder_area=&#8220;post_content&#8220;][et_pb_column type=&#8220;1_2&#8243; _builder_version=&#8220;4.27.2&#8243; _module_preset=&#8220;default&#8220; pac_dcm_carousel_specific_module_num=&#8220;0&#8243; global_colors_info=&#8220;{}&#8220; theme_builder_area=&#8220;post_content&#8220;][et_pb_image src=&#8220;https:\/\/lancologne.de\/wp-content\/uploads\/2018\/02\/aruba_networks_7000_family-scaled-1.jpg&#8220; title_text=&#8220;aruba_networks_7000_family&#8220; _builder_version=&#8220;4.27.2&#8243; _module_preset=&#8220;default&#8220; animation_style=&#8220;zoom&#8220; animation_direction=&#8220;bottom&#8220; animation_intensity_zoom=&#8220;10%&#8220; animation_starting_opacity=&#8220;50%&#8220; global_colors_info=&#8220;{}&#8220; theme_builder_area=&#8220;post_content&#8220;][\/et_pb_image][\/et_pb_column][et_pb_column type=&#8220;1_2&#8243; _builder_version=&#8220;4.27.2&#8243; _module_preset=&#8220;default&#8220; background_enable_color=&#8220;off&#8220; pac_dcm_carousel_specific_module_num=&#8220;0&#8243; global_colors_info=&#8220;{}&#8220; theme_builder_area=&#8220;post_content&#8220;][et_pb_text _builder_version=&#8220;4.27.2&#8243; _module_preset=&#8220;default&#8220; global_colors_info=&#8220;{}&#8220; theme_builder_area=&#8220;post_content&#8220;]Ein vollst\u00e4ndig kabelloser Arbeitsplatz erm\u00f6glicht eine ortsunabh\u00e4ngige Kommunikation und die mobile Bereitstellung von Gesch\u00e4ftsanwendungen. Zudem werden BYOD-Initiativen sicher und zuverl\u00e4ssig unterst\u00fctzt und dank der Automatisierung und Zentralisierung profitiert die IT-Abteilung von einem geringeren Arbeitsaufwand.<\/p>\n<p>Anstatt immer mehr Geld f\u00fcr Kabelnetzwerke auszugeben, haben viele unserer Kunden in einen vollst\u00e4ndig kabellosen Arbeitsplatz investiert und dabei erhebliche Einsparungen erzielt. Diesen Weg hat auch Aruba eingeschlagen \u2013 und die Ergebnisse sind hervorragend.[\/et_pb_text][et_pb_text _builder_version=&#8220;4.27.2&#8243; _module_preset=&#8220;default&#8220; text_font=&#8220;|600|||||||&#8220; text_font_size=&#8220;18px&#8220; global_colors_info=&#8220;{}&#8220; theme_builder_area=&#8220;post_content&#8220;]Quelle &amp; weitere Informationen unter:[\/et_pb_text][et_pb_button button_url=&#8220;http:\/\/www.arubanetworks.com\/de\/&#8220; button_text=&#8220;Aruba Networks&#8220; button_alignment=&#8220;left&#8220; _builder_version=&#8220;4.27.2&#8243; _module_preset=&#8220;default&#8220; custom_button=&#8220;on&#8220; button_text_color=&#8220;#FFFFFF&#8220; button_bg_color=&#8220;#9b2242&#8243; button_border_width=&#8220;0px&#8220; button_border_radius=&#8220;0px&#8220; button_letter_spacing=&#8220;1px&#8220; button_icon=&#8220;&#x24;||divi||400&#8243; custom_margin=&#8220;40px||||false|false&#8220; custom_padding=&#8220;14px|50px|14px|30px|true|false&#8220; custom_padding_tablet=&#8220;14px|50px|14px|30px|true|false&#8220; custom_padding_phone=&#8220;10px|40px|10px|20px|true|false&#8220; custom_padding_last_edited=&#8220;on|phone&#8220; box_shadow_style=&#8220;preset3&#8243; box_shadow_color=&#8220;rgba(0,0,0,0.1)&#8220; locked=&#8220;off&#8220; global_colors_info=&#8220;{}&#8220; button_bg_color__hover_enabled=&#8220;on|desktop&#8220; button_bg_color__hover=&#8220;#000000&#8243; button_bg_enable_color__hover=&#8220;on&#8220; box_shadow_color__hover_enabled=&#8220;on|hover&#8220; box_shadow_color__hover=&#8220;rgba(0,0,0,0.3)&#8220; theme_builder_area=&#8220;post_content&#8220;][\/et_pb_button][\/et_pb_column][\/et_pb_row][\/et_pb_section]<\/p>\n","protected":false},"excerpt":{"rendered":"<p>Aruba NetworksAruba Networks unterst\u00fctzt mit seinen L\u00f6sungen allen voran die Integration von 802.11ac \u2013 Der neue WLAN-Standard erm\u00f6glicht Unternehmen, ihre Prozesse in Gigabit-Geschwindigkeit durchzuf\u00fchren. Zudem l\u00e4sst sich die Bandbreite effektiver verteilen; St\u00f6rungen oder l\u00e4hmende Web-Applikationen geh\u00f6ren somit zur Vergangenheit. Neben einer gesteigerten Performance durch zahlreiche Managementfunktionen erh\u00f6hen die Aruba-L\u00f6sungen auch die Sicherheit im Drahtlosnetzwerk. Durch [&hellip;]<\/p>\n","protected":false},"author":1,"featured_media":0,"parent":0,"menu_order":0,"comment_status":"closed","ping_status":"closed","template":"","meta":{"_et_pb_use_builder":"on","_et_pb_old_content":"","_et_gb_content_width":"","footnotes":""},"class_list":["post-389048","page","type-page","status-publish","hentry"],"_links":{"self":[{"href":"https:\/\/lancologne.de\/pl\/wp-json\/wp\/v2\/pages\/389048","targetHints":{"allow":["GET"]}}],"collection":[{"href":"https:\/\/lancologne.de\/pl\/wp-json\/wp\/v2\/pages"}],"about":[{"href":"https:\/\/lancologne.de\/pl\/wp-json\/wp\/v2\/types\/page"}],"author":[{"embeddable":true,"href":"https:\/\/lancologne.de\/pl\/wp-json\/wp\/v2\/users\/1"}],"replies":[{"embeddable":true,"href":"https:\/\/lancologne.de\/pl\/wp-json\/wp\/v2\/comments?post=389048"}],"version-history":[{"count":2,"href":"https:\/\/lancologne.de\/pl\/wp-json\/wp\/v2\/pages\/389048\/revisions"}],"predecessor-version":[{"id":389050,"href":"https:\/\/lancologne.de\/pl\/wp-json\/wp\/v2\/pages\/389048\/revisions\/389050"}],"wp:attachment":[{"href":"https:\/\/lancologne.de\/pl\/wp-json\/wp\/v2\/media?parent=389048"}],"curies":[{"name":"wp","href":"https:\/\/api.w.org\/{rel}","templated":true}]}}