{"id":389112,"date":"2024-12-11T22:33:41","date_gmt":"2024-12-11T22:33:41","guid":{"rendered":"https:\/\/staging2.lancologne.de\/?page_id=389112"},"modified":"2024-12-12T10:17:58","modified_gmt":"2024-12-12T10:17:58","slug":"uslugi-ip-i-vpn","status":"publish","type":"page","link":"https:\/\/lancologne.de\/pl\/uslugi-ip-i-vpn\/","title":{"rendered":"Us\u0142ugi IP i VPN"},"content":{"rendered":"<p>[et_pb_section fb_built=&#8220;1&#8243; fullwidth=&#8220;on&#8220; _builder_version=&#8220;4.27.2&#8243; _module_preset=&#8220;default&#8220; global_colors_info=&#8220;{}&#8220; theme_builder_area=&#8220;post_content&#8220;][et_pb_fullwidth_image src=&#8220;https:\/\/lancologne.de\/wp-content\/uploads\/2018\/02\/head-vpn.jpg&#8220; title_text=&#8220;head-vpn&#8220; _builder_version=&#8220;4.27.2&#8243; _module_preset=&#8220;default&#8220; global_colors_info=&#8220;{}&#8220; theme_builder_area=&#8220;post_content&#8220;][\/et_pb_fullwidth_image][\/et_pb_section][et_pb_section fb_built=&#8220;1&#8243; _builder_version=&#8220;4.27.2&#8243; _module_preset=&#8220;default&#8220; global_colors_info=&#8220;{}&#8220; theme_builder_area=&#8220;post_content&#8220;][et_pb_row _builder_version=&#8220;4.27.2&#8243; _module_preset=&#8220;679d8cd1-210c-4d1f-998c-c35d1518e38a&#8220; global_colors_info=&#8220;{}&#8220; theme_builder_area=&#8220;post_content&#8220;][et_pb_column type=&#8220;4_4&#8243; _builder_version=&#8220;4.27.2&#8243; _module_preset=&#8220;default&#8220; pac_dcm_carousel_specific_module_num=&#8220;0&#8243; global_colors_info=&#8220;{}&#8220; theme_builder_area=&#8220;post_content&#8220;][et_pb_text _builder_version=&#8220;4.27.2&#8243; _module_preset=&#8220;default&#8220; text_text_color=&#8220;#FFFFFF&#8220; text_font_size=&#8220;45px&#8220; header_text_align=&#8220;center&#8220; header_font_size=&#8220;50px&#8220; header_2_text_align=&#8220;center&#8220; header_2_text_color=&#8220;#000000&#8243; header_2_font_size=&#8220;36px&#8220; global_colors_info=&#8220;{}&#8220; theme_builder_area=&#8220;post_content&#8220;]<\/p>\n<h1><span class=\"gradient-text\">VPN<\/span><\/h1>\n<p>[\/et_pb_text][\/et_pb_column][\/et_pb_row][et_pb_row column_structure=&#8220;1_2,1_2&#8243; _builder_version=&#8220;4.27.2&#8243; _module_preset=&#8220;679d8cd1-210c-4d1f-998c-c35d1518e38a&#8220; background_enable_color=&#8220;off&#8220; global_colors_info=&#8220;{}&#8220; theme_builder_area=&#8220;post_content&#8220;][et_pb_column type=&#8220;1_2&#8243; _builder_version=&#8220;4.27.2&#8243; _module_preset=&#8220;default&#8220; pac_dcm_carousel_specific_module_num=&#8220;0&#8243; global_colors_info=&#8220;{}&#8220; theme_builder_area=&#8220;post_content&#8220;][et_pb_image src=&#8220;https:\/\/lancologne.de\/wp-content\/uploads\/2018\/02\/contentbild-vpn.jpg&#8220; title_text=&#8220;contentbild-vpn&#8220; _builder_version=&#8220;4.27.2&#8243; _module_preset=&#8220;default&#8220; animation_direction=&#8220;left&#8220; sticky_position=&#8220;top&#8220; sticky_limit_top=&#8220;body&#8220; sticky_limit_bottom=&#8220;row&#8220; global_colors_info=&#8220;{}&#8220; theme_builder_area=&#8220;post_content&#8220;][\/et_pb_image][\/et_pb_column][et_pb_column type=&#8220;1_2&#8243; _builder_version=&#8220;4.27.2&#8243; _module_preset=&#8220;default&#8220; pac_dcm_carousel_specific_module_num=&#8220;0&#8243; global_colors_info=&#8220;{}&#8220; theme_builder_area=&#8220;post_content&#8220;][et_pb_text _builder_version=&#8220;4.27.2&#8243; _module_preset=&#8220;default&#8220; global_colors_info=&#8220;{}&#8220; theme_builder_area=&#8220;post_content&#8220;]F\u00fcr sichere Kommunikation und vertraulichen Datenaustausch der Router in Netzwerken werden Unternehmensstandorte \u00fcber \u201eeinen sicheren Datenkanal\u201c (virtuelle private Netzwerke; Abk. VPN) miteinander verbunden. Hierbei wird das \u00f6ffentliche Internet genutzt und um den Sicherheitsaspekt erweitert. Resultate sind h\u00f6chste r\u00e4umliche Flexibilit\u00e4t und kostenoptimierte Prozesse.[\/et_pb_text][et_pb_text _builder_version=&#8220;4.27.2&#8243; _module_preset=&#8220;default&#8220; global_colors_info=&#8220;{}&#8220; theme_builder_area=&#8220;post_content&#8220;]VPN ist f\u00fcr alle Unternehmensgr\u00f6\u00dfen geeignet und erm\u00f6glicht die sichere Anbindung von Filialen, Heimarbeitspl\u00e4tzen und mobilen Mitarbeitern \u00fcber eine gesicherte Verbindung.<\/p>\n<p>VPN Router sind die Grundlage f\u00fcr eine sichere Standortvernetzung \u00fcber VPN. Dabei gibt es VDSL Router, ADSL Router, Router mit Gigabit Ethernet sowie 4G (LTE) und 3G Wireless Router.<\/p>\n<p>F\u00fcr die Vernetzung einer gr\u00f6\u00dferen Anzahl an Standorten sind Central Site VPN Gateways mit bis zu 1.000 simultanen VPN-Verbindungen ideal geeignet.[\/et_pb_text][\/et_pb_column][\/et_pb_row][\/et_pb_section]<\/p>\n","protected":false},"excerpt":{"rendered":"<p>VPNF\u00fcr sichere Kommunikation und vertraulichen Datenaustausch der Router in Netzwerken werden Unternehmensstandorte \u00fcber \u201eeinen sicheren Datenkanal\u201c (virtuelle private Netzwerke; Abk. VPN) miteinander verbunden. Hierbei wird das \u00f6ffentliche Internet genutzt und um den Sicherheitsaspekt erweitert. Resultate sind h\u00f6chste r\u00e4umliche Flexibilit\u00e4t und kostenoptimierte Prozesse.VPN ist f\u00fcr alle Unternehmensgr\u00f6\u00dfen geeignet und erm\u00f6glicht die sichere Anbindung von Filialen, Heimarbeitspl\u00e4tzen [&hellip;]<\/p>\n","protected":false},"author":1,"featured_media":0,"parent":0,"menu_order":0,"comment_status":"closed","ping_status":"closed","template":"","meta":{"_et_pb_use_builder":"on","_et_pb_old_content":"","_et_gb_content_width":"","footnotes":""},"class_list":["post-389112","page","type-page","status-publish","hentry"],"_links":{"self":[{"href":"https:\/\/lancologne.de\/pl\/wp-json\/wp\/v2\/pages\/389112","targetHints":{"allow":["GET"]}}],"collection":[{"href":"https:\/\/lancologne.de\/pl\/wp-json\/wp\/v2\/pages"}],"about":[{"href":"https:\/\/lancologne.de\/pl\/wp-json\/wp\/v2\/types\/page"}],"author":[{"embeddable":true,"href":"https:\/\/lancologne.de\/pl\/wp-json\/wp\/v2\/users\/1"}],"replies":[{"embeddable":true,"href":"https:\/\/lancologne.de\/pl\/wp-json\/wp\/v2\/comments?post=389112"}],"version-history":[{"count":2,"href":"https:\/\/lancologne.de\/pl\/wp-json\/wp\/v2\/pages\/389112\/revisions"}],"predecessor-version":[{"id":389114,"href":"https:\/\/lancologne.de\/pl\/wp-json\/wp\/v2\/pages\/389112\/revisions\/389114"}],"wp:attachment":[{"href":"https:\/\/lancologne.de\/pl\/wp-json\/wp\/v2\/media?parent=389112"}],"curies":[{"name":"wp","href":"https:\/\/api.w.org\/{rel}","templated":true}]}}