{"id":389159,"date":"2024-12-12T08:01:52","date_gmt":"2024-12-12T08:01:52","guid":{"rendered":"https:\/\/staging2.lancologne.de\/?page_id=389159"},"modified":"2024-12-12T08:03:23","modified_gmt":"2024-12-12T08:03:23","slug":"siklu","status":"publish","type":"page","link":"https:\/\/lancologne.de\/pl\/siklu\/","title":{"rendered":"Siklu"},"content":{"rendered":"<p>[et_pb_section fb_built=&#8220;1&#8243; fullwidth=&#8220;on&#8220; _builder_version=&#8220;4.27.2&#8243; _module_preset=&#8220;default&#8220; global_colors_info=&#8220;{}&#8220;][et_pb_fullwidth_image src=&#8220;https:\/\/lancologne.de\/wp-content\/uploads\/2018\/02\/head-partner-siklu.jpg&#8220; title_text=&#8220;head-partner-siklu&#8220; _builder_version=&#8220;4.27.4&#8243; _module_preset=&#8220;default&#8220; global_colors_info=&#8220;{}&#8220;][\/et_pb_fullwidth_image][\/et_pb_section][et_pb_section fb_built=&#8220;1&#8243; _builder_version=&#8220;4.27.2&#8243; _module_preset=&#8220;default&#8220; global_colors_info=&#8220;{}&#8220;][et_pb_row _builder_version=&#8220;4.27.2&#8243; _module_preset=&#8220;91f1211b-1d59-4da4-9093-73db86142b43&#8243; global_colors_info=&#8220;{}&#8220;][et_pb_column type=&#8220;4_4&#8243; _builder_version=&#8220;4.27.2&#8243; _module_preset=&#8220;default&#8220; pac_dcm_carousel_specific_module_num=&#8220;0&#8243; global_colors_info=&#8220;{}&#8220;][et_pb_text _builder_version=&#8220;4.27.4&#8243; _module_preset=&#8220;default&#8220; text_text_color=&#8220;#FFFFFF&#8220; text_font_size=&#8220;45px&#8220; header_text_align=&#8220;center&#8220; header_font_size=&#8220;50px&#8220; header_2_text_align=&#8220;center&#8220; header_2_text_color=&#8220;#000000&#8243; header_2_font_size=&#8220;36px&#8220; global_colors_info=&#8220;{}&#8220;]<\/p>\n<h1><span class=\"gradient-text\">Siklu<\/span><\/h1>\n<p>[\/et_pb_text][\/et_pb_column][\/et_pb_row][et_pb_row column_structure=&#8220;1_2,1_2&#8243; _builder_version=&#8220;4.27.2&#8243; _module_preset=&#8220;91f1211b-1d59-4da4-9093-73db86142b43&#8243; background_enable_color=&#8220;off&#8220; global_colors_info=&#8220;{}&#8220;][et_pb_column type=&#8220;1_2&#8243; _builder_version=&#8220;4.27.2&#8243; _module_preset=&#8220;default&#8220; pac_dcm_carousel_specific_module_num=&#8220;0&#8243; global_colors_info=&#8220;{}&#8220;][et_pb_image src=&#8220;https:\/\/lancologne.de\/wp-content\/uploads\/2018\/02\/siklu3.jpg&#8220; title_text=&#8220;siklu3&#8243; _builder_version=&#8220;4.27.4&#8243; _module_preset=&#8220;default&#8220; animation_direction=&#8220;left&#8220; sticky_position=&#8220;top&#8220; sticky_limit_top=&#8220;body&#8220; sticky_limit_bottom=&#8220;row&#8220; global_colors_info=&#8220;{}&#8220;][\/et_pb_image][\/et_pb_column][et_pb_column type=&#8220;1_2&#8243; _builder_version=&#8220;4.27.2&#8243; _module_preset=&#8220;default&#8220; pac_dcm_carousel_specific_module_num=&#8220;0&#8243; global_colors_info=&#8220;{}&#8220;][et_pb_text _builder_version=&#8220;4.27.4&#8243; _module_preset=&#8220;default&#8220; text_text_color=&#8220;#FFFFFF&#8220; text_font_size=&#8220;45px&#8220; header_2_text_align=&#8220;left&#8220; header_2_text_color=&#8220;#000000&#8243; header_2_font_size=&#8220;36px&#8220; global_colors_info=&#8220;{}&#8220;]<\/p>\n<h2><span class=\"gradient-text\">Der Richtfunkspezialist f\u00fcr EtherHaul E-Band &#038; V-Band Radios<\/span><\/h2>\n<p>[\/et_pb_text][et_pb_text _builder_version=&#8220;4.27.4&#8243; _module_preset=&#8220;default&#8220; global_colors_info=&#8220;{}&#8220;]Immer h\u00f6here Anforderungen an die zu \u00fcbertragenden Datenmengen, getrieben durch die ungebremst fortschreitende Entwicklung beim mobilen Mediennutzungsverhalten, erfordern neue L\u00f6sungsans\u00e4tze f\u00fcr die kabellose Kommunikation mit extrem hohen \u00dcbertragungsgeschwindigkeiten.[\/et_pb_text][et_pb_text _builder_version=&#8220;4.27.4&#8243; _module_preset=&#8220;default&#8220; global_colors_info=&#8220;{}&#8220;]Durch die hohen verf\u00fcgbaren Bandbreiten eignen sich Frequenzen im sogenannten E-Band zwischen 71 und 76 Gigahertz (GHz) sowie zwischen 81 und 86 GHz f\u00fcr terrestrische Anwendungen mit hohen Bitraten besonders gut.<\/p>\n<p>Dar\u00fcber hinaus l\u00e4sst die vergleichsweise geringe D\u00e4mpfung der elektromagnetischen Wellen durch atmosph\u00e4rische Einfl\u00fcsse in diesem Frequenzbereich hohe \u00dcbertragungsdistanzen zu.<\/p>\n<p>Die Gigabit Richtfunkl\u00f6sungen von Siklu arbeiten im lizenzfreien 60 GHz Band sowie dem lizenzpflichtigen 70\/80 GHz Band und bieten Vollduplex Bandbreiten von bis zu 2 Gigabit pro Sekunde. Die Siklu Outdoorl\u00f6sung ist f\u00fcr Distanzen von mehreren Kilometern entworfen und erlaubt durch die kleine Abmessung von 30-60 cm und integrierte Antennen eine \u00e4u\u00dferst unauff\u00e4llige Installation. Als komplette Outdoor Richtfunkl\u00f6sung mit integrierter PoE Stromversorgung, sowie die Installation durch unsere routinierten Systemtechniker, ist die schnelle und einfache Inbetriebnahme bei Ihnen vor Ort gew\u00e4hrleistet.[\/et_pb_text][\/et_pb_column][\/et_pb_row][\/et_pb_section][et_pb_section fb_built=&#8220;1&#8243; admin_label=&#8220;DLE Hero Section 03&#8243; _builder_version=&#8220;4.16&#8243; _module_preset=&#8220;default&#8220; background_color=&#8220;#eeeeee&#8220; background_color_gradient_direction=&#8220;90deg&#8220; background_color_gradient_start=&#8220;#ffffff&#8220; background_color_gradient_end=&#8220;#eeeeee&#8220; overflow-x=&#8220;hidden&#8220; overflow-y=&#8220;hidden&#8220; global_colors_info=&#8220;{}&#8220;][et_pb_row column_structure=&#8220;1_3,1_3,1_3&#8243; use_custom_gutter=&#8220;on&#8220; gutter_width=&#8220;1&#8243; make_equal=&#8220;on&#8220; custom_padding_last_edited=&#8220;on|phone&#8220; _builder_version=&#8220;4.16&#8243; _module_preset=&#8220;91f1211b-1d59-4da4-9093-73db86142b43&#8243; use_background_color_gradient=&#8220;on&#8220; background_color_gradient_direction=&#8220;90deg&#8220; background_color_gradient_stops=&#8220;#ffffff 60%|#eeeeee 60%&#8220; background_color_gradient_start=&#8220;#ffffff&#8220; background_color_gradient_start_position=&#8220;60%&#8220; background_color_gradient_end=&#8220;#eeeeee&#8220; background_color_gradient_end_position=&#8220;60%&#8220; custom_padding=&#8220;40px|0px|40px|60px|true|false&#8220; custom_padding_tablet=&#8220;|0px||40px|true|false&#8220; custom_padding_phone=&#8220;30px||30px|30px|true|false&#8220; custom_css_main_element=&#8220;align-items: center;&#8220; global_colors_info=&#8220;{}&#8220;][et_pb_column type=&#8220;1_3&#8243; _builder_version=&#8220;4.16&#8243; _module_preset=&#8220;default&#8220; custom_padding_tablet=&#8220;&#8220; custom_padding_phone=&#8220;&#8220; custom_padding_last_edited=&#8220;on|tablet&#8220; pac_dcm_carousel_specific_module_num=&#8220;0&#8243; global_colors_info=&#8220;{}&#8220;][et_pb_text _builder_version=&#8220;4.27.4&#8243; _module_preset=&#8220;default&#8220; global_colors_info=&#8220;{}&#8220;]Siklu\u00b4s EhterHaul ist ein Carrier Class Hochleistungs-E-Band Richtfunksystem, welches die Kosten f\u00fcr Wireless Backhaul drastisch senkt und gleichzeitig den Durchsatz erh\u00f6ht. Das System basiert auf einem All-Silizium-Design, welches aus wenigen Bauteilen besteht und durch mehr Zuverl\u00e4ssigkeit und enormer Kostenersparnis \u00fcberzeugt. Der geringe Stromverbrauch sowie das kosteng\u00fcnstig lizenzierte E-Band 80 GHz Spektrum tragen ebenfalls zu Verringerung der Gesamtkosten bei.[\/et_pb_text][\/et_pb_column][et_pb_column type=&#8220;1_3&#8243; _builder_version=&#8220;4.16&#8243; _module_preset=&#8220;default&#8220; pac_dcm_carousel_specific_module_num=&#8220;0&#8243; global_colors_info=&#8220;{}&#8220;][et_pb_image src=&#8220;https:\/\/lancologne.de\/wp-content\/uploads\/2018\/02\/siklu4.jpeg&#8220; alt=&#8220;Datenrettungs-Spezialist in K\u00f6ln&#8220; title_text=&#8220;siklu4&#8243; _builder_version=&#8220;4.27.4&#8243; _module_preset=&#8220;default&#8220; positioning=&#8220;relative&#8220; position_origin_a=&#8220;center_left&#8220; position_origin_r=&#8220;top_right&#8220; horizontal_offset=&#8220;-120px&#8220; horizontal_offset_tablet=&#8220;0px&#8220; horizontal_offset_phone=&#8220;0px&#8220; horizontal_offset_last_edited=&#8220;on|tablet&#8220; custom_padding_tablet=&#8220;30px||30px||true|false&#8220; custom_padding_phone=&#8220;30px||30px||true|false&#8220; custom_padding_last_edited=&#8220;on|tablet&#8220; animation_direction=&#8220;bottom&#8220; scroll_vertical_motion_enable=&#8220;on&#8220; scroll_vertical_motion=&#8220;0|50|50|100|1|0|-1&#8243; scroll_fade_enable=&#8220;on&#8220; scroll_fade=&#8220;20|50|50|100|70%|100|100&#8243; scroll_vertical_motion_tablet=&#8220;0|50|50|100|0|0|0&#8243; scroll_vertical_motion_phone=&#8220;0|50|50|100|0|0|0&#8243; scroll_vertical_motion_last_edited=&#8220;on|phone&#8220; border_color_all=&#8220;rgba(0,0,0,0.12)&#8220; box_shadow_style=&#8220;preset3&#8243; global_colors_info=&#8220;{}&#8220;][\/et_pb_image][\/et_pb_column][et_pb_column type=&#8220;1_3&#8243; _builder_version=&#8220;4.16&#8243; _module_preset=&#8220;default&#8220; pac_dcm_carousel_specific_module_num=&#8220;0&#8243; global_colors_info=&#8220;{}&#8220;][et_pb_image src=&#8220;https:\/\/lancologne.de\/wp-content\/uploads\/2018\/02\/siklu5-scaled-1.jpeg&#8220; title_text=&#8220;Siklu Communication &#8211; multigigabit radios&#8220; _builder_version=&#8220;4.27.4&#8243; _module_preset=&#8220;default&#8220; positioning=&#8220;relative&#8220; position_origin_r=&#8220;top_right&#8220; horizontal_offset=&#8220;-190px&#8220; horizontal_offset_tablet=&#8220;0px&#8220; horizontal_offset_phone=&#8220;0px&#8220; horizontal_offset_last_edited=&#8220;on|phone&#8220; width=&#8220;100%&#8220; custom_padding=&#8220;60px||||false|false&#8220; custom_padding_tablet=&#8220;30px||||false|false&#8220; custom_padding_phone=&#8220;30px||||false|false&#8220; custom_padding_last_edited=&#8220;on|phone&#8220; scroll_vertical_motion=&#8220;0|50|50|100|1|0|-1&#8243; scroll_horizontal_motion_enable=&#8220;on&#8220; scroll_horizontal_motion=&#8220;0|50|50|100|-1|0|1&#8243; scroll_horizontal_motion_tablet=&#8220;0|50|50|100|0|0|0&#8243; scroll_horizontal_motion_phone=&#8220;0|50|50|100|0|0|0&#8243; scroll_horizontal_motion_last_edited=&#8220;on|tablet&#8220; border_color_all=&#8220;#FFFFFF&#8220; box_shadow_style=&#8220;preset3&#8243; global_colors_info=&#8220;{}&#8220;][\/et_pb_image][\/et_pb_column][\/et_pb_row][\/et_pb_section][et_pb_section fb_built=&#8220;1&#8243; _builder_version=&#8220;4.27.2&#8243; _module_preset=&#8220;default&#8220; global_colors_info=&#8220;{}&#8220;][et_pb_row _builder_version=&#8220;4.27.2&#8243; _module_preset=&#8220;91f1211b-1d59-4da4-9093-73db86142b43&#8243; global_colors_info=&#8220;{}&#8220;][et_pb_column type=&#8220;4_4&#8243; _builder_version=&#8220;4.27.2&#8243; _module_preset=&#8220;default&#8220; pac_dcm_carousel_specific_module_num=&#8220;0&#8243; global_colors_info=&#8220;{}&#8220;][et_pb_text _builder_version=&#8220;4.27.4&#8243; _module_preset=&#8220;default&#8220; text_text_color=&#8220;#FFFFFF&#8220; text_font_size=&#8220;45px&#8220; header_2_text_align=&#8220;left&#8220; header_2_text_color=&#8220;#000000&#8243; header_2_font_size=&#8220;36px&#8220; global_colors_info=&#8220;{}&#8220;]<\/p>\n<h2><span class=\"gradient-text\">Highlights:<\/span><\/h2>\n<p>[\/et_pb_text][et_pb_text _builder_version=&#8220;4.27.4&#8243; _module_preset=&#8220;default&#8220; global_colors_info=&#8220;{}&#8220;]<\/p>\n<ul>\n<li><strong>2 Gbps Durchsatz<\/strong><\/li>\n<li><strong>Die meist eingesetzten Millimeter Wave Radios im Jahr 2012. Ausgew\u00e4hlt f\u00fcr Wireless Backhaul Tier1 Betreiber weltweit.<\/strong><\/li>\n<li><strong>Arbeitet in einem lizenzierten, zuverl\u00e4ssigen und konsteng\u00fcnstigen 80 GHz E-Band-Spektrum<\/strong><\/li>\n<li><strong>Revolution\u00e4res All-Silizium-Design bietet den branchenweit g\u00fcnstigesten Preis<\/strong><\/li>\n<li><strong>Hohe Zuverl\u00e4ssigkeit mit fortschrittlicher St\u00f6rungsfreiheit \/ fehlerfreie adaptive Bandbreite, Codierung und Modulation (ABCM)<\/strong><\/li>\n<li><strong>Erweitertes Timing-overPacket-Handling (SyncE, 1588) erlaubt die Migration zu paketbasiertem Backhaul<\/strong><\/li>\n<li><strong>Carrier-Class-Verf\u00fcgbarkeit und Ausfallsicherheit mit erweitertem Ring, Mesh und Link Aggregation (1+1,2+0)<\/strong><\/li>\n<li><strong>Standardbasiert f\u00fcr nahtlose Integration in bestehende Netzwerke und Multi-Vendor Interoperabilit\u00e4t<\/strong><br \/>\n<strong>Green Design \u2013 extrem niedriger Stromverbrauch, Zero-Footprint, All-Outdoor, extrem leichtes Gewicht<\/strong><\/li>\n<li><strong>Schnelle und einfach Installation erfordert nur minimale Vorbereitung des Standorts<\/strong><\/li>\n<li><strong>Gewinner des \u201eFrost &amp; Sullivan 2011 European Gigabit-Ethernet-Radios New Product Innovation Award\u201c.<\/strong><\/li>\n<\/ul>\n<p>[\/et_pb_text][\/et_pb_column][\/et_pb_row][\/et_pb_section][et_pb_section fb_built=&#8220;1&#8243; admin_label=&#8220;DLE Hero Section 03&#8243; _builder_version=&#8220;4.16&#8243; _module_preset=&#8220;default&#8220; background_color=&#8220;#eeeeee&#8220; background_color_gradient_direction=&#8220;90deg&#8220; background_color_gradient_start=&#8220;#ffffff&#8220; background_color_gradient_end=&#8220;#eeeeee&#8220; overflow-x=&#8220;hidden&#8220; overflow-y=&#8220;hidden&#8220; global_colors_info=&#8220;{}&#8220;][et_pb_row column_structure=&#8220;1_3,1_3,1_3&#8243; use_custom_gutter=&#8220;on&#8220; gutter_width=&#8220;1&#8243; make_equal=&#8220;on&#8220; custom_padding_last_edited=&#8220;on|phone&#8220; _builder_version=&#8220;4.16&#8243; _module_preset=&#8220;91f1211b-1d59-4da4-9093-73db86142b43&#8243; use_background_color_gradient=&#8220;on&#8220; background_color_gradient_direction=&#8220;90deg&#8220; background_color_gradient_stops=&#8220;#ffffff 60%|#eeeeee 60%&#8220; background_color_gradient_start=&#8220;#ffffff&#8220; background_color_gradient_start_position=&#8220;60%&#8220; background_color_gradient_end=&#8220;#eeeeee&#8220; background_color_gradient_end_position=&#8220;60%&#8220; custom_padding=&#8220;40px|0px|40px|60px|true|false&#8220; custom_padding_tablet=&#8220;|0px||40px|true|false&#8220; custom_padding_phone=&#8220;30px||30px|30px|true|false&#8220; custom_css_main_element=&#8220;align-items: center;&#8220; global_colors_info=&#8220;{}&#8220;][et_pb_column type=&#8220;1_3&#8243; _builder_version=&#8220;4.16&#8243; _module_preset=&#8220;default&#8220; custom_padding_tablet=&#8220;&#8220; custom_padding_phone=&#8220;&#8220; custom_padding_last_edited=&#8220;on|tablet&#8220; pac_dcm_carousel_specific_module_num=&#8220;0&#8243; global_colors_info=&#8220;{}&#8220;][et_pb_text _builder_version=&#8220;4.27.4&#8243; _module_preset=&#8220;default&#8220; global_colors_info=&#8220;{}&#8220;]Mit den 60 und 70\/80 GHz-L\u00f6sungen von Siklu haben unsere Kunden sowohl kaufm\u00e4nnisch als auch technisch viele Vorteile: Kaufm\u00e4nnisch reden wir hier \u00fcber ein unschlagbares Preis-Leistungsverh\u00e4ltnis bei den Systemen, technisch entwickelt und produziert Siklu die Systeme selbst und kann durch die neue \u201eAll-Silicium-Technologie\u201c mit dem besten Richtfunkergebnis im Markt aufwarten.[\/et_pb_text][\/et_pb_column][et_pb_column type=&#8220;1_3&#8243; _builder_version=&#8220;4.16&#8243; _module_preset=&#8220;default&#8220; pac_dcm_carousel_specific_module_num=&#8220;0&#8243; global_colors_info=&#8220;{}&#8220;][et_pb_image src=&#8220;https:\/\/lancologne.de\/wp-content\/uploads\/2018\/02\/siklu-links-01.jpg&#8220; alt=&#8220;Datenrettungs-Spezialist in K\u00f6ln&#8220; title_text=&#8220;siklu-links-01&#8243; _builder_version=&#8220;4.27.4&#8243; _module_preset=&#8220;default&#8220; positioning=&#8220;relative&#8220; position_origin_a=&#8220;center_left&#8220; position_origin_r=&#8220;top_right&#8220; horizontal_offset=&#8220;-120px&#8220; horizontal_offset_tablet=&#8220;0px&#8220; horizontal_offset_phone=&#8220;0px&#8220; horizontal_offset_last_edited=&#8220;on|tablet&#8220; custom_padding_tablet=&#8220;30px||30px||true|false&#8220; custom_padding_phone=&#8220;30px||30px||true|false&#8220; custom_padding_last_edited=&#8220;on|tablet&#8220; animation_direction=&#8220;bottom&#8220; scroll_vertical_motion_enable=&#8220;on&#8220; scroll_vertical_motion=&#8220;0|50|50|100|1|0|-1&#8243; scroll_fade_enable=&#8220;on&#8220; scroll_fade=&#8220;20|50|50|100|70%|100|100&#8243; scroll_vertical_motion_tablet=&#8220;0|50|50|100|0|0|0&#8243; scroll_vertical_motion_phone=&#8220;0|50|50|100|0|0|0&#8243; scroll_vertical_motion_last_edited=&#8220;on|phone&#8220; border_color_all=&#8220;rgba(0,0,0,0.12)&#8220; box_shadow_style=&#8220;preset3&#8243; global_colors_info=&#8220;{}&#8220;][\/et_pb_image][\/et_pb_column][et_pb_column type=&#8220;1_3&#8243; _builder_version=&#8220;4.16&#8243; _module_preset=&#8220;default&#8220; pac_dcm_carousel_specific_module_num=&#8220;0&#8243; global_colors_info=&#8220;{}&#8220;][et_pb_image src=&#8220;https:\/\/lancologne.de\/wp-content\/uploads\/2018\/02\/siklubanner.jpg&#8220; title_text=&#8220;siklubanner&#8220; _builder_version=&#8220;4.27.4&#8243; _module_preset=&#8220;default&#8220; positioning=&#8220;relative&#8220; position_origin_r=&#8220;top_right&#8220; horizontal_offset=&#8220;-190px&#8220; horizontal_offset_tablet=&#8220;0px&#8220; horizontal_offset_phone=&#8220;0px&#8220; horizontal_offset_last_edited=&#8220;on|phone&#8220; width=&#8220;100%&#8220; custom_padding=&#8220;60px||||false|false&#8220; custom_padding_tablet=&#8220;30px||||false|false&#8220; custom_padding_phone=&#8220;30px||||false|false&#8220; custom_padding_last_edited=&#8220;on|phone&#8220; scroll_vertical_motion=&#8220;0|50|50|100|1|0|-1&#8243; scroll_horizontal_motion_enable=&#8220;on&#8220; scroll_horizontal_motion=&#8220;0|50|50|100|-1|0|1&#8243; scroll_horizontal_motion_tablet=&#8220;0|50|50|100|0|0|0&#8243; scroll_horizontal_motion_phone=&#8220;0|50|50|100|0|0|0&#8243; scroll_horizontal_motion_last_edited=&#8220;on|tablet&#8220; border_color_all=&#8220;#FFFFFF&#8220; box_shadow_style=&#8220;preset3&#8243; global_colors_info=&#8220;{}&#8220;][\/et_pb_image][\/et_pb_column][\/et_pb_row][\/et_pb_section][et_pb_section fb_built=&#8220;1&#8243; _builder_version=&#8220;4.27.2&#8243; _module_preset=&#8220;default&#8220; global_colors_info=&#8220;{}&#8220;][et_pb_row column_structure=&#8220;1_2,1_2&#8243; _builder_version=&#8220;4.27.2&#8243; _module_preset=&#8220;91f1211b-1d59-4da4-9093-73db86142b43&#8243; global_colors_info=&#8220;{}&#8220;][et_pb_column type=&#8220;1_2&#8243; _builder_version=&#8220;4.27.2&#8243; _module_preset=&#8220;default&#8220; pac_dcm_carousel_specific_module_num=&#8220;0&#8243; global_colors_info=&#8220;{}&#8220;][et_pb_text _builder_version=&#8220;4.27.4&#8243; _module_preset=&#8220;default&#8220; global_colors_info=&#8220;{}&#8220;]Interferenzen, also St\u00f6rungen im Funksignal, kommen immer mehr in urbanen Gebieten vor, wo bisher lizenzfreie 5 GHz-Anbindungen die erste Wahl waren. Die Zeiten haben sich aber sehr ge\u00e4ndert, da das 5 GHz-Funkspektrum nicht beliebig oft belegt werden kann. Wenn also alle Kan\u00e4le voll sind mit 5-GHz-Anwendungen, dann kommt es zu sehr gro\u00dfen Interferenzen \u2013 und das hat Auswirkungen auf die Bandbreite und die Verf\u00fcgbarkeit. Ganz anders im 60 und 70\/80 GHz-Band: Speziell die 60 und 70\/80 GHz-L\u00f6sungen von Siklu stellen viel mehr Spektrumsbandbreite zur Verf\u00fcgung als alle 5 GHz oder 6 bis 42 GHz-Frequenzb\u00e4nder zusammen.[\/et_pb_text][\/et_pb_column][et_pb_column type=&#8220;1_2&#8243; _builder_version=&#8220;4.27.2&#8243; _module_preset=&#8220;default&#8220; pac_dcm_carousel_specific_module_num=&#8220;0&#8243; global_colors_info=&#8220;{}&#8220;][et_pb_text _builder_version=&#8220;4.27.4&#8243; _module_preset=&#8220;default&#8220; global_colors_info=&#8220;{}&#8220;]Auch der sehr kleine \u00d6ffnungswinkel der Antennen bietet einen weiteren Vorteil, da wir sehr viele Systeme auf kleinem Raum \u2013 etwa einem Funkturm \u2013 aneinander stellen k\u00f6nnen. Ein weiterer Vorteil sind die Bandbreiten, die im 60 und 70\/80 GHz-Band \u00fcbertragen werden k\u00f6nnen. Aktuell sehen wir bei den meisten Projekten eine Mindestbandbreite von 500 MBit\/s bis hoch auf 2 GBit\/s Fullduplex-\u00dcbertragungsbandbreite. Somit sind wir bei LanCologne f\u00fcr einen st\u00f6rungsfreien Betrieb und hohe Bandbreiten f\u00fcr die Anforderungen von heute und morgen bestens vorbereitet.[\/et_pb_text][\/et_pb_column][\/et_pb_row][et_pb_row column_structure=&#8220;1_2,1_2&#8243; _builder_version=&#8220;4.27.2&#8243; _module_preset=&#8220;91f1211b-1d59-4da4-9093-73db86142b43&#8243; global_colors_info=&#8220;{}&#8220;][et_pb_column type=&#8220;1_2&#8243; _builder_version=&#8220;4.27.2&#8243; _module_preset=&#8220;default&#8220; pac_dcm_carousel_specific_module_num=&#8220;0&#8243; global_colors_info=&#8220;{}&#8220;][et_pb_text _builder_version=&#8220;4.27.2&#8243; _module_preset=&#8220;default&#8220; text_font=&#8220;|600|||||||&#8220; text_font_size=&#8220;18px&#8220; global_colors_info=&#8220;{}&#8220;]Quelle &#038; weitere Informationen unter:[\/et_pb_text][et_pb_button button_url=&#8220;http:\/\/www.siklu.com\/&#8220; url_new_window=&#8220;on&#8220; button_text=&#8220;Siklu&#8220; button_alignment=&#8220;left&#8220; _builder_version=&#8220;4.27.4&#8243; _module_preset=&#8220;default&#8220; custom_button=&#8220;on&#8220; button_text_color=&#8220;#FFFFFF&#8220; button_bg_color=&#8220;#9b2242&#8243; button_border_width=&#8220;0px&#8220; button_border_radius=&#8220;0px&#8220; button_letter_spacing=&#8220;1px&#8220; button_icon=&#8220;&#x24;||divi||400&#8243; custom_margin=&#8220;40px||||false|false&#8220; custom_padding=&#8220;14px|50px|14px|30px|true|false&#8220; custom_padding_tablet=&#8220;14px|50px|14px|30px|true|false&#8220; custom_padding_phone=&#8220;10px|40px|10px|20px|true|false&#8220; custom_padding_last_edited=&#8220;on|phone&#8220; box_shadow_style=&#8220;preset3&#8243; box_shadow_color=&#8220;rgba(0,0,0,0.1)&#8220; locked=&#8220;off&#8220; global_colors_info=&#8220;{}&#8220; button_bg_color__hover_enabled=&#8220;on|desktop&#8220; button_bg_color__hover=&#8220;#000000&#8243; button_bg_enable_color__hover=&#8220;on&#8220; box_shadow_color__hover_enabled=&#8220;on|hover&#8220; box_shadow_color__hover=&#8220;rgba(0,0,0,0.3)&#8220;][\/et_pb_button][\/et_pb_column][et_pb_column type=&#8220;1_2&#8243; _builder_version=&#8220;4.27.2&#8243; _module_preset=&#8220;default&#8220; pac_dcm_carousel_specific_module_num=&#8220;0&#8243; global_colors_info=&#8220;{}&#8220;][\/et_pb_column][\/et_pb_row][\/et_pb_section]<\/p>\n","protected":false},"excerpt":{"rendered":"<p>SikluDer Richtfunkspezialist f\u00fcr EtherHaul E-Band &#038; V-Band RadiosImmer h\u00f6here Anforderungen an die zu \u00fcbertragenden Datenmengen, getrieben durch die ungebremst fortschreitende Entwicklung beim mobilen Mediennutzungsverhalten, erfordern neue L\u00f6sungsans\u00e4tze f\u00fcr die kabellose Kommunikation mit extrem hohen \u00dcbertragungsgeschwindigkeiten.Durch die hohen verf\u00fcgbaren Bandbreiten eignen sich Frequenzen im sogenannten E-Band zwischen 71 und 76 Gigahertz (GHz) sowie zwischen 81 und [&hellip;]<\/p>\n","protected":false},"author":1,"featured_media":0,"parent":0,"menu_order":0,"comment_status":"closed","ping_status":"closed","template":"","meta":{"_et_pb_use_builder":"on","_et_pb_old_content":"","_et_gb_content_width":"","footnotes":""},"class_list":["post-389159","page","type-page","status-publish","hentry"],"_links":{"self":[{"href":"https:\/\/lancologne.de\/pl\/wp-json\/wp\/v2\/pages\/389159","targetHints":{"allow":["GET"]}}],"collection":[{"href":"https:\/\/lancologne.de\/pl\/wp-json\/wp\/v2\/pages"}],"about":[{"href":"https:\/\/lancologne.de\/pl\/wp-json\/wp\/v2\/types\/page"}],"author":[{"embeddable":true,"href":"https:\/\/lancologne.de\/pl\/wp-json\/wp\/v2\/users\/1"}],"replies":[{"embeddable":true,"href":"https:\/\/lancologne.de\/pl\/wp-json\/wp\/v2\/comments?post=389159"}],"version-history":[{"count":3,"href":"https:\/\/lancologne.de\/pl\/wp-json\/wp\/v2\/pages\/389159\/revisions"}],"predecessor-version":[{"id":389162,"href":"https:\/\/lancologne.de\/pl\/wp-json\/wp\/v2\/pages\/389159\/revisions\/389162"}],"wp:attachment":[{"href":"https:\/\/lancologne.de\/pl\/wp-json\/wp\/v2\/media?parent=389159"}],"curies":[{"name":"wp","href":"https:\/\/api.w.org\/{rel}","templated":true}]}}