{"id":389131,"date":"2024-12-12T07:48:12","date_gmt":"2024-12-12T07:48:12","guid":{"rendered":"https:\/\/staging2.lancologne.de\/?page_id=389131"},"modified":"2025-03-26T15:20:46","modified_gmt":"2025-03-26T14:20:46","slug":"analise-forense-movel","status":"publish","type":"page","link":"https:\/\/lancologne.de\/pt\/analise-forense-movel\/","title":{"rendered":"An\u00e1lise forense de telem\u00f3veis"},"content":{"rendered":"<p>[et_pb_section fb_built=&#8220;1&#8243; fullwidth=&#8220;on&#8220; _builder_version=&#8220;4.27.2&#8243; _module_preset=&#8220;default&#8220; global_colors_info=&#8220;{}&#8220;][et_pb_fullwidth_image src=&#8220;https:\/\/lancologne.de\/wp-content\/uploads\/2024\/12\/Digital_Tablet_With_Security_Codes_On_Screen_original.jpg&#8220; alt=&#8220;T\u00dcV-zertifizierter IT-Forensiker in K\u00f6ln&#8220; title_text=&#8220;Digital_Tablet_With_Security_Codes_On_Screen_original&#8220; _builder_version=&#8220;4.27.4&#8243; _module_preset=&#8220;default&#8220; custom_css_free_form=&#8220;.selector {||  display: flex;||  align-items: center;||}||||.selector img {||  margin: 0 auto;||}&#8220; global_colors_info=&#8220;{}&#8220;][\/et_pb_fullwidth_image][\/et_pb_section][et_pb_section fb_built=&#8220;1&#8243; _builder_version=&#8220;4.27.2&#8243; _module_preset=&#8220;default&#8220; background_color=&#8220;#9b2242&#8243; custom_padding=&#8220;30px||30px||true|false&#8220; global_colors_info=&#8220;{}&#8220;][et_pb_row _builder_version=&#8220;4.27.2&#8243; _module_preset=&#8220;7e63ef34-de52-4eb0-be90-ca338f5d34dd&#8220; global_colors_info=&#8220;{}&#8220;][et_pb_column type=&#8220;4_4&#8243; _builder_version=&#8220;4.27.2&#8243; _module_preset=&#8220;default&#8220; pac_dcm_carousel_specific_module_num=&#8220;0&#8243; global_colors_info=&#8220;{}&#8220;][et_pb_text _builder_version=&#8220;4.27.4&#8243; _module_preset=&#8220;default&#8220; header_3_text_align=&#8220;center&#8220; header_3_text_color=&#8220;#FFFFFF&#8220; hover_enabled=&#8220;0&#8243; global_colors_info=&#8220;{}&#8220; sticky_enabled=&#8220;0&#8243;]<\/p>\n<h3>Unser Forensik -Team ist unter\u00a0<a href=\"tel:004922164306610\">0221\u00a064306610<\/a>\u00a0erreichbar.<\/h3>\n<h3>Schildern Sie uns Ihr Problem!<\/h3>\n<p>[\/et_pb_text][\/et_pb_column][\/et_pb_row][\/et_pb_section][et_pb_section fb_built=&#8220;1&#8243; _builder_version=&#8220;4.27.2&#8243; _module_preset=&#8220;default&#8220; global_colors_info=&#8220;{}&#8220;][et_pb_row _builder_version=&#8220;4.27.2&#8243; _module_preset=&#8220;7e63ef34-de52-4eb0-be90-ca338f5d34dd&#8220; global_colors_info=&#8220;{}&#8220;][et_pb_column type=&#8220;4_4&#8243; _builder_version=&#8220;4.27.2&#8243; _module_preset=&#8220;default&#8220; pac_dcm_carousel_specific_module_num=&#8220;0&#8243; global_colors_info=&#8220;{}&#8220;][et_pb_text _builder_version=&#8220;4.27.2&#8243; _module_preset=&#8220;default&#8220; text_text_color=&#8220;#FFFFFF&#8220; text_font_size=&#8220;45px&#8220; header_text_align=&#8220;center&#8220; header_font_size=&#8220;50px&#8220; header_2_text_align=&#8220;center&#8220; header_2_text_color=&#8220;#000000&#8243; header_2_font_size=&#8220;36px&#8220; global_colors_info=&#8220;{}&#8220;]<\/p>\n<h1><span class=\"gradient-text\">Mobile Forensik<\/span><\/h1>\n<p>[\/et_pb_text][\/et_pb_column][\/et_pb_row][et_pb_row column_structure=&#8220;1_2,1_2&#8243; _builder_version=&#8220;4.27.2&#8243; _module_preset=&#8220;7e63ef34-de52-4eb0-be90-ca338f5d34dd&#8220; background_enable_color=&#8220;off&#8220; global_colors_info=&#8220;{}&#8220;][et_pb_column type=&#8220;1_2&#8243; _builder_version=&#8220;4.27.2&#8243; _module_preset=&#8220;default&#8220; pac_dcm_carousel_specific_module_num=&#8220;0&#8243; global_colors_info=&#8220;{}&#8220;][et_pb_image src=&#8220;https:\/\/lancologne.de\/wp-content\/uploads\/2025\/03\/tuev-with-qr-code.jpg&#8220; title_text=&#8220;tuev-with-qr-code&#8220; _builder_version=&#8220;4.27.4&#8243; _module_preset=&#8220;default&#8220; animation_direction=&#8220;left&#8220; sticky_position=&#8220;top&#8220; sticky_limit_top=&#8220;body&#8220; sticky_limit_bottom=&#8220;row&#8220; hover_enabled=&#8220;0&#8243; global_colors_info=&#8220;{}&#8220; sticky_enabled=&#8220;0&#8243;][\/et_pb_image][\/et_pb_column][et_pb_column type=&#8220;1_2&#8243; _builder_version=&#8220;4.27.2&#8243; _module_preset=&#8220;default&#8220; pac_dcm_carousel_specific_module_num=&#8220;0&#8243; global_colors_info=&#8220;{}&#8220;][et_pb_text _builder_version=&#8220;4.27.2&#8243; _module_preset=&#8220;default&#8220; global_colors_info=&#8220;{}&#8220;]Mobile Ger\u00e4te wie Smartphones und Tablets gewinnen zunehmend an Bedeutung und nehmen eine immer gr\u00f6\u00dfere Rolle im Privat- und Berufsleben ein. Infolgedessen gewinnt auch die forensische Untersuchung mobiler Ger\u00e4te, insbesondere im Rahmen der Strafverfolgung, immer mehr an Relevanz.<\/p>\n<p>Wir verf\u00fcgen \u00fcber ein spezialisiertes Team f\u00fcr Mobilforensik, das sich ausschlie\u00dflich auf die Sicherung, Aufbereitung und Visualisierung von Daten auf mobilen Ger\u00e4ten konzentriert.[\/et_pb_text][et_pb_text _builder_version=&#8220;4.27.2&#8243; _module_preset=&#8220;default&#8220; global_colors_info=&#8220;{}&#8220;]Unser Team besteht aus hochqualifizierten Experten f\u00fcr Smartphone-Forensik, die \u00fcber umfassendes Fachwissen verf\u00fcgen. Wir setzen modernste Hardware und Software ein, um Ger\u00e4te zu entsperren und Daten zu entschl\u00fcsseln.<\/p>\n<p>Dar\u00fcber hinaus sind wir in der Lage, mobile Ger\u00e4te vor Ort forensisch zu sichern. Dies bedeutet, dass wir die erforderlichen Ma\u00dfnahmen ergreifen, um eine sichere und zuverl\u00e4ssige Erfassung der Daten direkt am Einsatzort zu gew\u00e4hrleisten.[\/et_pb_text][et_pb_text _builder_version=&#8220;4.27.2&#8243; _module_preset=&#8220;default&#8220; global_colors_info=&#8220;{}&#8220;]Wir sind spezialisiert auf zuverl\u00e4ssige Sicherung, Aufbereitung und Visualisierung von Daten im forensischen Bereich. Unser Fachgebiet umfasst die umfassende Analyse von Kommunikationsdaten, wie beispielsweise die Suche nach bestimmten Dokumenten, die Auswertung von WhatsApp-Chats, Facebook-Daten, E-Mail-Verkehr und vielem mehr.<br \/>\nDank diverser Kooperationen mit f\u00fchrenden Unternehmen auf dem Gebiet der Mobil-Forensik sind wir in der Lage, komplexe Sperrmechanismen von Mobilger\u00e4ten zu umgehen. Ob es sich um Muster- oder Codesperren handelt, wir k\u00f6nnen oftmals den Zugriff auf alle Daten erlangen.<\/p>\n<p>Unsere Datenrettungsspezialisten sind in der Lage, gel\u00f6schte Daten innerhalb der technischen M\u00f6glichkeiten wiederherzustellen, insbesondere in Datenbanken wie .plist oder SQLite. Zudem k\u00f6nnen wir oft auf verschl\u00fcsselte Daten zugreifen, indem wir modernste Entschl\u00fcsselungsmethoden anwenden.<\/p>\n<p>Wir verf\u00fcgen \u00fcber umfassendes Know-how und arbeiten eng mit namhaften Technologiepartnern zusammen, um besch\u00e4digte Mobilfunkger\u00e4te zu reparieren. Dadurch wird eine forensische Datenauswertung oftmals wieder m\u00f6glich.[\/et_pb_text][et_pb_text _builder_version=&#8220;4.27.2&#8243; _module_preset=&#8220;default&#8220; text_text_color=&#8220;#FFFFFF&#8220; text_font_size=&#8220;45px&#8220; header_2_text_align=&#8220;left&#8220; header_2_text_color=&#8220;#000000&#8243; header_2_font_size=&#8220;36px&#8220; global_colors_info=&#8220;{}&#8220;]<\/p>\n<h2><span class=\"gradient-text\">Wir sind stets auf dem neuesten Stand<\/span><\/h2>\n<p>[\/et_pb_text][et_pb_text _builder_version=&#8220;4.27.2&#8243; _module_preset=&#8220;default&#8220; global_colors_info=&#8220;{}&#8220;]In einer sich st\u00e4ndig weiterentwickelnden Welt mit einer Vielzahl von Ger\u00e4temodellen und Betriebssystemversionen ist es unerl\u00e4sslich, immer auf dem neuesten Stand zu sein. Unsere Smartphone-Forensik-Experten verf\u00fcgen \u00fcber fundiertes Fachwissen und halten sich kontinuierlich \u00fcber die neuesten Entwicklungen auf dem Laufenden. T\u00e4glich erscheinende App-Versionen und komplexe Verschl\u00fcsselungstechnologien geh\u00f6ren zu ihrem t\u00e4glichen Arbeitsbereich. Dar\u00fcber hinaus verwenden wir stets modernste Hardware und komplexe Analysesoftware.[\/et_pb_text][\/et_pb_column][\/et_pb_row][\/et_pb_section][et_pb_section fb_built=&#8220;1&#8243; _builder_version=&#8220;4.27.2&#8243; _module_preset=&#8220;default&#8220; custom_margin=&#8220;||||false|false&#8220; custom_padding=&#8220;||||false|false&#8220; global_colors_info=&#8220;{}&#8220;][et_pb_row column_structure=&#8220;1_2,1_2&#8243; use_custom_gutter=&#8220;on&#8220; gutter_width=&#8220;2&#8243; make_equal=&#8220;on&#8220; _builder_version=&#8220;4.27.2&#8243; _module_preset=&#8220;7e63ef34-de52-4eb0-be90-ca338f5d34dd&#8220; background_enable_color=&#8220;off&#8220; use_background_color_gradient=&#8220;on&#8220; background_color_gradient_direction=&#8220;90deg&#8220; background_color_gradient_stops=&#8220;#ffffff 0%|#ffffff 20%|rgba(237,237,237,0.6) 20%|#ededed 100%&#8220; custom_padding=&#8220;5%|2%|5%|2%|true|true&#8220; custom_css_free_form=&#8220;.selector {||  display: flex;||  align-items: center;||}&#8220; global_colors_info=&#8220;{}&#8220;][et_pb_column type=&#8220;1_2&#8243; _builder_version=&#8220;4.27.2&#8243; _module_preset=&#8220;default&#8220; pac_dcm_carousel_specific_module_num=&#8220;0&#8243; global_colors_info=&#8220;{}&#8220;][et_pb_image src=&#8220;https:\/\/lancologne.de\/wp-content\/uploads\/2023\/05\/content-mobileforensik.jpg&#8220; title_text=&#8220;content-mobileforensik&#8220; _builder_version=&#8220;4.27.2&#8243; _module_preset=&#8220;default&#8220; animation_style=&#8220;zoom&#8220; animation_direction=&#8220;bottom&#8220; animation_intensity_zoom=&#8220;10%&#8220; animation_starting_opacity=&#8220;50%&#8220; global_colors_info=&#8220;{}&#8220;][\/et_pb_image][\/et_pb_column][et_pb_column type=&#8220;1_2&#8243; _builder_version=&#8220;4.27.2&#8243; _module_preset=&#8220;default&#8220; background_enable_color=&#8220;off&#8220; pac_dcm_carousel_specific_module_num=&#8220;0&#8243; global_colors_info=&#8220;{}&#8220;][et_pb_text _builder_version=&#8220;4.27.2&#8243; _module_preset=&#8220;default&#8220; text_text_color=&#8220;#FFFFFF&#8220; text_font_size=&#8220;45px&#8220; header_2_text_align=&#8220;left&#8220; header_2_text_color=&#8220;#000000&#8243; header_2_font_size=&#8220;36px&#8220; global_colors_info=&#8220;{}&#8220;]<\/p>\n<h2><span class=\"gradient-text\">Entschl\u00fcsselte physikalische Extraktion f\u00fcr viele Ger\u00e4te m\u00f6glich<\/span><\/h2>\n<p>[\/et_pb_text][et_pb_text _builder_version=&#8220;4.27.2&#8243; _module_preset=&#8220;default&#8220; global_colors_info=&#8220;{}&#8220;]Dank unserer Zusammenarbeit mit ausgew\u00e4hlten Technologiepartnern bieten wir die Option der \u201eentschl\u00fcsselten physikalischen Extraktion\u201c f\u00fcr eine Vielzahl von mobilen Ger\u00e4ten an. Da sich die Liste der unterst\u00fctzten Ger\u00e4te regelm\u00e4\u00dfig \u00e4ndert, informieren wir Sie gerne auf Anfrage \u00fcber den aktuellen Stand.[\/et_pb_text][et_pb_text _builder_version=&#8220;4.27.2&#8243; _module_preset=&#8220;default&#8220; global_colors_info=&#8220;{}&#8220;]<\/p>\n<h3>Leistungspaket 1: Extraktion und Interpretation<\/h3>\n<p>Mit unserem Verfahren extrahieren wir die Daten und interpretieren sie, um sie dem Auftraggeber in einem optimierten Format f\u00fcr weitere Analysen zur Verf\u00fcgung zu stellen.<\/p>\n<h3>Leistungspaket 2: Extraktion und Auswertung<\/h3>\n<p>Wir extrahieren die Daten und \u00fcbernehmen die gesamte IT-forensische Analyse, einschlie\u00dflich der Aufbereitung und Visualisierung von Kommunikationsdaten sowie der Erstellung von Gutachten.[\/et_pb_text][\/et_pb_column][\/et_pb_row][\/et_pb_section][et_pb_section fb_built=&#8220;1&#8243; _builder_version=&#8220;4.16&#8243; _module_preset=&#8220;default&#8220; locked=&#8220;off&#8220; global_colors_info=&#8220;{}&#8220;][et_pb_row module_class=&#8220;layout-name-download&#8220; _builder_version=&#8220;4.19.5&#8243; _module_preset=&#8220;7e63ef34-de52-4eb0-be90-ca338f5d34dd&#8220; locked=&#8220;off&#8220; global_colors_info=&#8220;{}&#8220;][et_pb_column type=&#8220;4_4&#8243; _builder_version=&#8220;4.16&#8243; _module_preset=&#8220;default&#8220; pac_dcm_carousel_specific_module_num=&#8220;0&#8243; global_colors_info=&#8220;{}&#8220;][et_pb_text _builder_version=&#8220;4.27.4&#8243; _module_preset=&#8220;default&#8220; text_text_color=&#8220;#FFFFFF&#8220; text_font_size=&#8220;45px&#8220; header_2_text_align=&#8220;left&#8220; header_2_text_color=&#8220;#000000&#8243; header_2_font_size=&#8220;36px&#8220; global_colors_info=&#8220;{}&#8220;]<\/p>\n<h2><span class=\"gradient-text\">Das k\u00f6nnte Sie auch interessieren:<\/span><\/h2>\n<p>[\/et_pb_text][\/et_pb_column][\/et_pb_row][et_pb_row _builder_version=&#8220;4.27.4&#8243; _module_preset=&#8220;7e63ef34-de52-4eb0-be90-ca338f5d34dd&#8220; max_width=&#8220;100%&#8220; global_colors_info=&#8220;{}&#8220;][et_pb_column type=&#8220;4_4&#8243; _builder_version=&#8220;4.27.4&#8243; _module_preset=&#8220;default&#8220; pac_dcm_is_carousel=&#8220;on&#8220; pac_dcm_carousel_row_items_vertical_allign=&#8220;top&#8220; pac_dcm_carousel_highlighted_center_module=&#8220;.slick-center&#8220; pac_dcm_carousel_row_items_margin=&#8220;|30px||30px|false|true&#8220; pac_dcm_carousel_row_items_opacity=&#8220;100%&#8220; pac_dcm_carousel_row_items_blur=&#8220;0px&#8220; pac_dcm_carousel_specific_module_num=&#8220;0&#8243; pac_dcm_carousel_navigation_arrows_background_color=&#8220;RGBA(255,255,255,0)&#8220; pac_dcm_carousel_navigation_arrows_color=&#8220;#9b2242&#8243; pac_dcm_carousel_navigation_arrows_border_rad=&#8220;on|30px|30px|30px|30px&#8220; pac_dcm_navigation_arrows_border_width_all=&#8220;2px&#8220; pac_dcm_navigation_arrows_border_color_all=&#8220;#9b2242&#8243; pac_dcm_navigation_arrows_border_style_all=&#8220;solid&#8220; pac_dcm_carousel_navigation_dots_color=&#8220;#000000&#8243; pac_dcm_carousel_active_navigation_dots_color=&#8220;#9b2242&#8243; global_colors_info=&#8220;{}&#8220; pac_dcm_carousel_row_items_tablet=&#8220;2&#8243; pac_dcm_carousel_row_items_phone=&#8220;1&#8243; pac_dcm_carousel_row_items_margin_tablet=&#8220;10px|10px|10px|10px&#8220; pac_dcm_carousel_row_items_margin_phone=&#8220;10px|10px|10px|10px&#8220; pac_dcm_carousel_spacing_phone=&#8220;10px|10px|10px|10px&#8220; pac_dcm_carousel_spacing_tablet=&#8220;10px|10px|10px|10px&#8220; pac_dcm_carousel_row_items_fixed_width_tablet=&#8220;360px&#8220; pac_dcm_carousel_row_items_fixed_width_phone=&#8220;200px&#8220;][et_pb_blurb title=&#8220;IT-Forensik&#8220; image_icon_background_color=&#8220;rgba(0,0,0,0)&#8220; alt=&#8220;T\u00dcV-zertifizierter IT-Forensiker in K\u00f6ln&#8220; image_icon_width=&#8220;32px&#8220; module_class=&#8220;pa-overlay pa-underline-link&#8220; _builder_version=&#8220;4.27.4&#8243; _module_preset=&#8220;default&#8220; header_level=&#8220;h3&#8243; header_font=&#8220;|700|||||||&#8220; header_font_size=&#8220;24px&#8220; header_line_height=&#8220;1.3em&#8220; body_font=&#8220;|300|||||||&#8220; body_line_height=&#8220;1.8em&#8220; body_link_font=&#8220;|700|||||||&#8220; body_link_text_color=&#8220;#ffffff&#8220; body_link_line_height=&#8220;1.3em&#8220; use_background_color_gradient=&#8220;on&#8220; background_color_gradient_stops=&#8220;#4c5866 0%|#000000 100%&#8220; background_color_gradient_start=&#8220;#4c5866&#8243; background_color_gradient_end=&#8220;#000000&#8243; background_image=&#8220;https:\/\/lancologne.de\/wp-content\/uploads\/2023\/01\/kachel-it-forensik2.jpg&#8220; background_blend=&#8220;overlay&#8220; image_icon_custom_padding=&#8220;25px|25px|25px|25px|false|false&#8220; text_orientation=&#8220;center&#8220; background_layout=&#8220;dark&#8220; custom_padding=&#8220;20px|30px|150px|30px|false|true&#8220; custom_padding_last_edited=&#8220;off|desktop&#8220; animation=&#8220;off&#8220; link_option_url=&#8220;https:\/\/lancologne.de\/tuev-zertifizierter-it-forensiker-in-koeln\/&#8220; header_font_size_tablet=&#8220;22px&#8220; header_font_size_phone=&#8220;20px&#8220; header_font_size_last_edited=&#8220;on|phone&#8220; body_font_size_tablet=&#8220;17px&#8220; body_font_size_phone=&#8220;16px&#8220; body_font_size_last_edited=&#8220;on|tablet&#8220; body_link_font_size_tablet=&#8220;17px&#8220; body_link_font_size_phone=&#8220;16px&#8220; body_link_font_size_last_edited=&#8220;on|tablet&#8220; border_radii=&#8220;on|30px|30px|30px|30px&#8220; border_radii_image=&#8220;on|100%|100%|100%|100%&#8220; border_width_all_image=&#8220;3px&#8220; border_color_all_image=&#8220;#F57E20&#8243; icon_font_size=&#8220;32px&#8220; use_circle=&#8220;on&#8220; use_circle_border=&#8220;on&#8220; circle_border_color=&#8220;#F57E20&#8243; circle_color=&#8220;rgba(0,0,0,0)&#8220; global_colors_info=&#8220;{}&#8220; background__hover_enabled=&#8220;on|desktop&#8220; custom_padding__hover_enabled=&#8220;off|hover&#8220; custom_padding__hover=&#8220;20px||60px||false|true&#8220; background_color_gradient_end__hover=&#8220;#000000&#8243; use_background_color_gradient__hover=&#8220;on&#8220; background_color_gradient_start__hover=&#8220;#4c5866&#8243; image_icon_background_color__sticky_enabled=&#8220;#9024ff&#8220; image_icon_background_color__sticky=&#8220;#9024ff&#8220; background_color_gradient_stops__hover=&#8220;#4c5866 0%|#000000 100%&#8220;][\/et_pb_blurb][et_pb_blurb title=&#8220;Datenrettung&#8220; image_icon_background_color=&#8220;rgba(0,0,0,0)&#8220; alt=&#8220;Spezialist f\u00fcr Smart Homes in K\u00f6ln&#8220; image_icon_width=&#8220;32px&#8220; module_class=&#8220;pa-overlay pa-underline-link&#8220; _builder_version=&#8220;4.27.4&#8243; _module_preset=&#8220;default&#8220; header_level=&#8220;h3&#8243; header_font=&#8220;|700|||||||&#8220; header_font_size=&#8220;24px&#8220; header_line_height=&#8220;1.3em&#8220; body_font=&#8220;|300|||||||&#8220; body_line_height=&#8220;1.8em&#8220; body_link_font=&#8220;|700|||||||&#8220; body_link_text_color=&#8220;#ffffff&#8220; body_link_line_height=&#8220;1.3em&#8220; use_background_color_gradient=&#8220;on&#8220; background_color_gradient_stops=&#8220;#4c5866 0%|#000000 100%&#8220; background_color_gradient_start=&#8220;#4c5866&#8243; background_color_gradient_end=&#8220;#000000&#8243; background_image=&#8220;https:\/\/lancologne.de\/wp-content\/uploads\/2024\/10\/Computer_Software_At_Office_original_796254.jpg&#8220; background_blend=&#8220;overlay&#8220; image_icon_custom_padding=&#8220;25px|25px|25px|25px|false|false&#8220; text_orientation=&#8220;center&#8220; background_layout=&#8220;dark&#8220; custom_padding=&#8220;20px|30px|150px|30px|false|true&#8220; custom_padding_last_edited=&#8220;off|desktop&#8220; animation=&#8220;off&#8220; link_option_url=&#8220;https:\/\/lancologne.de\/datenrettungs-spezialist-in-koeln\/&#8220; header_font_size_tablet=&#8220;22px&#8220; header_font_size_phone=&#8220;20px&#8220; header_font_size_last_edited=&#8220;on|phone&#8220; body_font_size_tablet=&#8220;17px&#8220; body_font_size_phone=&#8220;16px&#8220; body_font_size_last_edited=&#8220;on|tablet&#8220; body_link_font_size_tablet=&#8220;17px&#8220; body_link_font_size_phone=&#8220;16px&#8220; body_link_font_size_last_edited=&#8220;on|tablet&#8220; border_radii=&#8220;on|30px|30px|30px|30px&#8220; border_radii_image=&#8220;on|100%|100%|100%|100%&#8220; border_width_all_image=&#8220;3px&#8220; border_color_all_image=&#8220;#F57E20&#8243; icon_font_size=&#8220;32px&#8220; use_circle=&#8220;on&#8220; use_circle_border=&#8220;on&#8220; circle_border_color=&#8220;#F57E20&#8243; circle_color=&#8220;rgba(0,0,0,0)&#8220; global_colors_info=&#8220;{}&#8220; background__hover_enabled=&#8220;on|desktop&#8220; custom_padding__hover_enabled=&#8220;off|desktop&#8220; custom_padding__hover=&#8220;240px||60px||false|true&#8220; background_color_gradient_end__hover=&#8220;#000000&#8243; use_background_color_gradient__hover=&#8220;on&#8220; background_color_gradient_start__hover=&#8220;#4c5866&#8243; image_icon_background_color__sticky_enabled=&#8220;#9024ff&#8220; image_icon_background_color__sticky=&#8220;#9024ff&#8220; background_color_gradient_stops__hover=&#8220;#4c5866 0%|#000000 100%&#8220;][\/et_pb_blurb][et_pb_blurb title=&#8220;Backup&#8220; image_icon_background_color=&#8220;rgba(0,0,0,0)&#8220; alt=&#8220;Backup-Spezialist in K\u00f6ln&#8220; image_icon_width=&#8220;32px&#8220; module_class=&#8220;pa-overlay pa-underline-link&#8220; _builder_version=&#8220;4.27.4&#8243; _module_preset=&#8220;default&#8220; header_level=&#8220;h3&#8243; header_font=&#8220;|700|||||||&#8220; header_font_size=&#8220;24px&#8220; header_line_height=&#8220;1.3em&#8220; body_font=&#8220;|300|||||||&#8220; body_line_height=&#8220;1.8em&#8220; body_link_font=&#8220;|700|||||||&#8220; body_link_text_color=&#8220;#ffffff&#8220; body_link_line_height=&#8220;1.3em&#8220; use_background_color_gradient=&#8220;on&#8220; background_color_gradient_stops=&#8220;#4c5866 0%|#000000 100%&#8220; background_color_gradient_start=&#8220;#4c5866&#8243; background_color_gradient_end=&#8220;#000000&#8243; background_image=&#8220;https:\/\/lancologne.de\/wp-content\/uploads\/2023\/01\/kachel-backup2.jpg&#8220; background_blend=&#8220;overlay&#8220; image_icon_custom_padding=&#8220;25px|25px|25px|25px|false|false&#8220; text_orientation=&#8220;center&#8220; background_layout=&#8220;dark&#8220; custom_padding=&#8220;20px|30px|150px|30px|false|true&#8220; custom_padding_last_edited=&#8220;off|desktop&#8220; animation=&#8220;off&#8220; link_option_url=&#8220;https:\/\/lancologne.de\/backup\/&#8220; header_font_size_tablet=&#8220;22px&#8220; header_font_size_phone=&#8220;20px&#8220; header_font_size_last_edited=&#8220;on|phone&#8220; body_font_size_tablet=&#8220;17px&#8220; body_font_size_phone=&#8220;16px&#8220; body_font_size_last_edited=&#8220;on|tablet&#8220; body_link_font_size_tablet=&#8220;17px&#8220; body_link_font_size_phone=&#8220;16px&#8220; body_link_font_size_last_edited=&#8220;on|tablet&#8220; border_radii=&#8220;on|30px|30px|30px|30px&#8220; border_radii_image=&#8220;on|100%|100%|100%|100%&#8220; border_width_all_image=&#8220;3px&#8220; border_color_all_image=&#8220;#F57E20&#8243; icon_font_size=&#8220;32px&#8220; use_circle=&#8220;on&#8220; use_circle_border=&#8220;on&#8220; circle_border_color=&#8220;#F57E20&#8243; circle_color=&#8220;rgba(0,0,0,0)&#8220; global_colors_info=&#8220;{}&#8220; background__hover_enabled=&#8220;on|desktop&#8220; custom_padding__hover_enabled=&#8220;off|desktop&#8220; custom_padding__hover=&#8220;240px||60px||false|true&#8220; background_color_gradient_end__hover=&#8220;#000000&#8243; use_background_color_gradient__hover=&#8220;on&#8220; background_color_gradient_start__hover=&#8220;#4c5866&#8243; image_icon_background_color__sticky_enabled=&#8220;#9024ff&#8220; image_icon_background_color__sticky=&#8220;#9024ff&#8220; background_color_gradient_stops__hover=&#8220;#4c5866 0%|#000000 100%&#8220;][\/et_pb_blurb][et_pb_blurb title=&#8220;VPN&#8220; image_icon_background_color=&#8220;rgba(0,0,0,0)&#8220; alt=&#8220;Spezialist f\u00fcr VPN in K\u00f6ln&#8220; image_icon_width=&#8220;32px&#8220; module_class=&#8220;pa-overlay pa-underline-link&#8220; _builder_version=&#8220;4.27.4&#8243; _module_preset=&#8220;default&#8220; header_level=&#8220;h3&#8243; header_font=&#8220;|700|||||||&#8220; header_font_size=&#8220;24px&#8220; header_line_height=&#8220;1.3em&#8220; body_font=&#8220;|300|||||||&#8220; body_line_height=&#8220;1.8em&#8220; body_link_font=&#8220;|700|||||||&#8220; body_link_text_color=&#8220;#ffffff&#8220; body_link_line_height=&#8220;1.3em&#8220; use_background_color_gradient=&#8220;on&#8220; background_color_gradient_stops=&#8220;#4c5866 0%|#000000 100%&#8220; background_color_gradient_start=&#8220;#4c5866&#8243; background_color_gradient_end=&#8220;#000000&#8243; background_image=&#8220;https:\/\/lancologne.de\/wp-content\/uploads\/2021\/09\/kachel-vpn.jpg&#8220; background_blend=&#8220;overlay&#8220; image_icon_custom_padding=&#8220;25px|25px|25px|25px|false|false&#8220; text_orientation=&#8220;center&#8220; background_layout=&#8220;dark&#8220; custom_padding=&#8220;20px|30px|150px|30px|false|true&#8220; custom_padding_last_edited=&#8220;off|desktop&#8220; animation=&#8220;off&#8220; link_option_url=&#8220;https:\/\/lancologne.de\/ip-services-und-vpn\/&#8220; header_font_size_tablet=&#8220;22px&#8220; header_font_size_phone=&#8220;20px&#8220; header_font_size_last_edited=&#8220;on|phone&#8220; body_font_size_tablet=&#8220;17px&#8220; body_font_size_phone=&#8220;16px&#8220; body_font_size_last_edited=&#8220;on|tablet&#8220; body_link_font_size_tablet=&#8220;17px&#8220; body_link_font_size_phone=&#8220;16px&#8220; body_link_font_size_last_edited=&#8220;on|tablet&#8220; border_radii=&#8220;on|30px|30px|30px|30px&#8220; border_radii_image=&#8220;on|100%|100%|100%|100%&#8220; border_width_all_image=&#8220;3px&#8220; border_color_all_image=&#8220;#F57E20&#8243; icon_font_size=&#8220;32px&#8220; use_circle=&#8220;on&#8220; use_circle_border=&#8220;on&#8220; circle_border_color=&#8220;#F57E20&#8243; circle_color=&#8220;rgba(0,0,0,0)&#8220; global_colors_info=&#8220;{}&#8220; background__hover_enabled=&#8220;on|desktop&#8220; custom_padding__hover_enabled=&#8220;off|desktop&#8220; custom_padding__hover=&#8220;240px||60px||false|true&#8220; background_color_gradient_end__hover=&#8220;#000000&#8243; use_background_color_gradient__hover=&#8220;on&#8220; background_color_gradient_start__hover=&#8220;#4c5866&#8243; image_icon_background_color__sticky_enabled=&#8220;#9024ff&#8220; image_icon_background_color__sticky=&#8220;#9024ff&#8220; background_color_gradient_stops__hover=&#8220;#4c5866 0%|#000000 100%&#8220;][\/et_pb_blurb][\/et_pb_column][\/et_pb_row][\/et_pb_section]<\/p>\n","protected":false},"excerpt":{"rendered":"<p>Unser Forensik -Team ist unter\u00a00221\u00a064306610\u00a0erreichbar. Schildern Sie uns Ihr Problem!Mobile ForensikMobile Ger\u00e4te wie Smartphones und Tablets gewinnen zunehmend an Bedeutung und nehmen eine immer gr\u00f6\u00dfere Rolle im Privat- und Berufsleben ein. Infolgedessen gewinnt auch die forensische Untersuchung mobiler Ger\u00e4te, insbesondere im Rahmen der Strafverfolgung, immer mehr an Relevanz. Wir verf\u00fcgen \u00fcber ein spezialisiertes Team f\u00fcr [&hellip;]<\/p>\n","protected":false},"author":1,"featured_media":0,"parent":0,"menu_order":0,"comment_status":"closed","ping_status":"closed","template":"","meta":{"_et_pb_use_builder":"on","_et_pb_old_content":"","_et_gb_content_width":"","footnotes":""},"class_list":["post-389131","page","type-page","status-publish","hentry"],"_links":{"self":[{"href":"https:\/\/lancologne.de\/pt\/wp-json\/wp\/v2\/pages\/389131","targetHints":{"allow":["GET"]}}],"collection":[{"href":"https:\/\/lancologne.de\/pt\/wp-json\/wp\/v2\/pages"}],"about":[{"href":"https:\/\/lancologne.de\/pt\/wp-json\/wp\/v2\/types\/page"}],"author":[{"embeddable":true,"href":"https:\/\/lancologne.de\/pt\/wp-json\/wp\/v2\/users\/1"}],"replies":[{"embeddable":true,"href":"https:\/\/lancologne.de\/pt\/wp-json\/wp\/v2\/comments?post=389131"}],"version-history":[{"count":5,"href":"https:\/\/lancologne.de\/pt\/wp-json\/wp\/v2\/pages\/389131\/revisions"}],"predecessor-version":[{"id":389735,"href":"https:\/\/lancologne.de\/pt\/wp-json\/wp\/v2\/pages\/389131\/revisions\/389735"}],"wp:attachment":[{"href":"https:\/\/lancologne.de\/pt\/wp-json\/wp\/v2\/media?parent=389131"}],"curies":[{"name":"wp","href":"https:\/\/api.w.org\/{rel}","templated":true}]}}