{"id":389134,"date":"2024-12-12T07:49:28","date_gmt":"2024-12-12T07:49:28","guid":{"rendered":"https:\/\/staging2.lancologne.de\/?page_id=389134"},"modified":"2024-12-12T07:50:08","modified_gmt":"2024-12-12T07:50:08","slug":"controlo","status":"publish","type":"page","link":"https:\/\/lancologne.de\/pt\/controlo\/","title":{"rendered":"Controlo"},"content":{"rendered":"<p>[et_pb_section fb_built=&#8220;1&#8243; fullwidth=&#8220;on&#8220; _builder_version=&#8220;4.27.2&#8243; _module_preset=&#8220;default&#8220; global_colors_info=&#8220;{}&#8220; theme_builder_area=&#8220;post_content&#8220;][et_pb_fullwidth_image src=&#8220;https:\/\/lancologne.de\/wp-content\/uploads\/2018\/02\/head-monitoring.jpg&#8220; alt=&#8220;Monitoring-Spezialist in K\u00f6ln&#8220; title_text=&#8220;head-monitoring&#8220; _builder_version=&#8220;4.27.2&#8243; _module_preset=&#8220;default&#8220; global_colors_info=&#8220;{}&#8220; theme_builder_area=&#8220;post_content&#8220;][\/et_pb_fullwidth_image][\/et_pb_section][et_pb_section fb_built=&#8220;1&#8243; _builder_version=&#8220;4.27.2&#8243; _module_preset=&#8220;default&#8220; global_colors_info=&#8220;{}&#8220; theme_builder_area=&#8220;post_content&#8220;][et_pb_row _builder_version=&#8220;4.27.2&#8243; _module_preset=&#8220;b2c4e1d6-cc52-4af9-b2ed-51b318bcd63d&#8220; global_colors_info=&#8220;{}&#8220; theme_builder_area=&#8220;post_content&#8220;][et_pb_column type=&#8220;4_4&#8243; _builder_version=&#8220;4.27.2&#8243; _module_preset=&#8220;default&#8220; pac_dcm_carousel_specific_module_num=&#8220;0&#8243; global_colors_info=&#8220;{}&#8220; theme_builder_area=&#8220;post_content&#8220;][et_pb_text _builder_version=&#8220;4.27.2&#8243; _module_preset=&#8220;default&#8220; text_text_color=&#8220;#FFFFFF&#8220; text_font_size=&#8220;45px&#8220; header_text_align=&#8220;center&#8220; header_font_size=&#8220;50px&#8220; header_2_text_align=&#8220;center&#8220; header_2_text_color=&#8220;#000000&#8243; header_2_font_size=&#8220;36px&#8220; global_colors_info=&#8220;{}&#8220; theme_builder_area=&#8220;post_content&#8220;]<\/p>\n<h1><span class=\"gradient-text\">Monitoring<\/span><\/h1>\n<p>[\/et_pb_text][\/et_pb_column][\/et_pb_row][et_pb_row column_structure=&#8220;1_2,1_2&#8243; _builder_version=&#8220;4.27.2&#8243; _module_preset=&#8220;b2c4e1d6-cc52-4af9-b2ed-51b318bcd63d&#8220; background_enable_color=&#8220;off&#8220; global_colors_info=&#8220;{}&#8220; theme_builder_area=&#8220;post_content&#8220;][et_pb_column type=&#8220;1_2&#8243; _builder_version=&#8220;4.27.2&#8243; _module_preset=&#8220;default&#8220; pac_dcm_carousel_specific_module_num=&#8220;0&#8243; global_colors_info=&#8220;{}&#8220; theme_builder_area=&#8220;post_content&#8220;][et_pb_image src=&#8220;https:\/\/lancologne.de\/wp-content\/uploads\/2018\/02\/content-monitoring2.jpg&#8220; title_text=&#8220;content-monitoring2&#8243; _builder_version=&#8220;4.27.2&#8243; _module_preset=&#8220;default&#8220; animation_direction=&#8220;left&#8220; sticky_position=&#8220;top&#8220; sticky_limit_top=&#8220;body&#8220; sticky_limit_bottom=&#8220;row&#8220; global_colors_info=&#8220;{}&#8220; theme_builder_area=&#8220;post_content&#8220;][\/et_pb_image][\/et_pb_column][et_pb_column type=&#8220;1_2&#8243; _builder_version=&#8220;4.27.2&#8243; _module_preset=&#8220;default&#8220; pac_dcm_carousel_specific_module_num=&#8220;0&#8243; global_colors_info=&#8220;{}&#8220; theme_builder_area=&#8220;post_content&#8220;][et_pb_text _builder_version=&#8220;4.27.2&#8243; _module_preset=&#8220;default&#8220; global_colors_info=&#8220;{}&#8220; theme_builder_area=&#8220;post_content&#8220;]Als Kunde von LanCologne haben Sie direkten Zugriff auf umfangreiches Wissen. Egal ob Sie Kunde im LanCologne Datacenter sind oder Ihre eigenen Server betreuen lassen m\u00f6chten \u2013 LanCologne identifiziert den Bedarf an IT- Ressourcen im Sinne Ihres Unternehmens und k\u00fcmmert sich um alles andere.<\/p>\n<p>Dabei geht LanCologne einen Schritt weiter, als die meisten anderen Anbieter: Neben dem Betrieb der Hardware werden auch die im Einsatz befindlichen Betriebssysteme und die Middleware gewartet und \u00fcberwacht.[\/et_pb_text][et_pb_text _builder_version=&#8220;4.27.2&#8243; _module_preset=&#8220;default&#8220; global_colors_info=&#8220;{}&#8220; theme_builder_area=&#8220;post_content&#8220;]LanCologne ist in der Lage s\u00e4mtliche g\u00e4ngigen Dienste, die auf Ihren Servern ausgef\u00fchrt werden, zu \u00fcberwachen und bei Abweichungen von den als normal definierten Zust\u00e4nden entsprechende Ma\u00dfnahmen zu ergreifen. Je nach vereinbartem Servicelevel werden Mitarbeiter von LanCologne \u00fcber solche Status\u00e4nderungen informiert und k\u00f6nnen innerhalb der definierten Reaktionszeiten mit der Analyse des m\u00f6glicherweise vorliegenden Problems beginnen.[\/et_pb_text][et_pb_text _builder_version=&#8220;4.27.2&#8243; _module_preset=&#8220;default&#8220; text_text_color=&#8220;#FFFFFF&#8220; text_font_size=&#8220;45px&#8220; header_2_text_align=&#8220;left&#8220; header_2_text_color=&#8220;#000000&#8243; header_2_font_size=&#8220;36px&#8220; global_colors_info=&#8220;{}&#8220; theme_builder_area=&#8220;post_content&#8220;]<\/p>\n<h2><span class=\"gradient-text\">Remote Management<\/span><\/h2>\n<p>[\/et_pb_text][et_pb_text _builder_version=&#8220;4.27.2&#8243; _module_preset=&#8220;default&#8220; global_colors_info=&#8220;{}&#8220; theme_builder_area=&#8220;post_content&#8220;]Moderne Servertechnik ist so ausgelegt, dass deren Wartung nicht zwingend vor Ort erledigt werden muss. Der L\u00f6wenanteil aller Management-Aufgaben kann aus der Ferne \u00fcber sichere Datenverbindungen realisiert werden. LanCologne verf\u00fcgt durch den Betrieb seines eigenen Datacenters \u00fcber die n\u00f6tige Erfahrung komplexe Hosting-L\u00f6sungen zu \u00fcberwachen und zu warten.[\/et_pb_text][\/et_pb_column][\/et_pb_row][\/et_pb_section]<\/p>\n","protected":false},"excerpt":{"rendered":"<p>MonitoringAls Kunde von LanCologne haben Sie direkten Zugriff auf umfangreiches Wissen. Egal ob Sie Kunde im LanCologne Datacenter sind oder Ihre eigenen Server betreuen lassen m\u00f6chten \u2013 LanCologne identifiziert den Bedarf an IT- Ressourcen im Sinne Ihres Unternehmens und k\u00fcmmert sich um alles andere. Dabei geht LanCologne einen Schritt weiter, als die meisten anderen Anbieter: [&hellip;]<\/p>\n","protected":false},"author":1,"featured_media":0,"parent":0,"menu_order":0,"comment_status":"closed","ping_status":"closed","template":"","meta":{"_et_pb_use_builder":"on","_et_pb_old_content":"","_et_gb_content_width":"","footnotes":""},"class_list":["post-389134","page","type-page","status-publish","hentry"],"_links":{"self":[{"href":"https:\/\/lancologne.de\/pt\/wp-json\/wp\/v2\/pages\/389134","targetHints":{"allow":["GET"]}}],"collection":[{"href":"https:\/\/lancologne.de\/pt\/wp-json\/wp\/v2\/pages"}],"about":[{"href":"https:\/\/lancologne.de\/pt\/wp-json\/wp\/v2\/types\/page"}],"author":[{"embeddable":true,"href":"https:\/\/lancologne.de\/pt\/wp-json\/wp\/v2\/users\/1"}],"replies":[{"embeddable":true,"href":"https:\/\/lancologne.de\/pt\/wp-json\/wp\/v2\/comments?post=389134"}],"version-history":[{"count":2,"href":"https:\/\/lancologne.de\/pt\/wp-json\/wp\/v2\/pages\/389134\/revisions"}],"predecessor-version":[{"id":389136,"href":"https:\/\/lancologne.de\/pt\/wp-json\/wp\/v2\/pages\/389134\/revisions\/389136"}],"wp:attachment":[{"href":"https:\/\/lancologne.de\/pt\/wp-json\/wp\/v2\/media?parent=389134"}],"curies":[{"name":"wp","href":"https:\/\/api.w.org\/{rel}","templated":true}]}}