{"id":389093,"date":"2024-12-11T22:22:47","date_gmt":"2024-12-11T22:22:47","guid":{"rendered":"https:\/\/staging2.lancologne.de\/?page_id=389093"},"modified":"2024-12-11T22:23:25","modified_gmt":"2024-12-11T22:23:25","slug":"faw","status":"publish","type":"page","link":"https:\/\/lancologne.de\/sl\/faw\/","title":{"rendered":"FAW"},"content":{"rendered":"<p>[et_pb_section fb_built=&#8220;1&#8243; fullwidth=&#8220;on&#8220; _builder_version=&#8220;4.27.2&#8243; _module_preset=&#8220;default&#8220; global_colors_info=&#8220;{}&#8220; theme_builder_area=&#8220;post_content&#8220;][et_pb_fullwidth_image src=&#8220;https:\/\/lancologne.de\/wp-content\/uploads\/2024\/01\/kv-afw.png&#8220; title_text=&#8220;kv-afw&#8220; _builder_version=&#8220;4.27.2&#8243; _module_preset=&#8220;default&#8220; global_colors_info=&#8220;{}&#8220; theme_builder_area=&#8220;post_content&#8220;][\/et_pb_fullwidth_image][\/et_pb_section][et_pb_section fb_built=&#8220;1&#8243; _builder_version=&#8220;4.27.2&#8243; _module_preset=&#8220;default&#8220; global_colors_info=&#8220;{}&#8220; theme_builder_area=&#8220;post_content&#8220;][et_pb_row _builder_version=&#8220;4.27.2&#8243; _module_preset=&#8220;f5ac17de-b728-4733-9ffc-0470eb36e5b7&#8243; global_colors_info=&#8220;{}&#8220; theme_builder_area=&#8220;post_content&#8220;][et_pb_column type=&#8220;4_4&#8243; _builder_version=&#8220;4.27.2&#8243; _module_preset=&#8220;default&#8220; pac_dcm_carousel_specific_module_num=&#8220;0&#8243; global_colors_info=&#8220;{}&#8220; theme_builder_area=&#8220;post_content&#8220;][et_pb_text _builder_version=&#8220;4.27.2&#8243; _module_preset=&#8220;default&#8220; text_text_color=&#8220;#FFFFFF&#8220; text_font_size=&#8220;45px&#8220; header_text_align=&#8220;center&#8220; header_font_size=&#8220;50px&#8220; header_2_text_align=&#8220;center&#8220; header_2_text_color=&#8220;#000000&#8243; header_2_font_size=&#8220;36px&#8220; global_colors_info=&#8220;{}&#8220; theme_builder_area=&#8220;post_content&#8220;]<\/p>\n<h1><span class=\"gradient-text\">FAW<\/span><\/h1>\n<p>[\/et_pb_text][\/et_pb_column][\/et_pb_row][et_pb_row column_structure=&#8220;1_2,1_2&#8243; _builder_version=&#8220;4.27.2&#8243; _module_preset=&#8220;f5ac17de-b728-4733-9ffc-0470eb36e5b7&#8243; background_enable_color=&#8220;off&#8220; global_colors_info=&#8220;{}&#8220; theme_builder_area=&#8220;post_content&#8220;][et_pb_column type=&#8220;1_2&#8243; _builder_version=&#8220;4.27.2&#8243; _module_preset=&#8220;default&#8220; pac_dcm_carousel_specific_module_num=&#8220;0&#8243; global_colors_info=&#8220;{}&#8220; theme_builder_area=&#8220;post_content&#8220;][et_pb_text _builder_version=&#8220;4.27.2&#8243; _module_preset=&#8220;default&#8220; global_colors_info=&#8220;{}&#8220; theme_builder_area=&#8220;post_content&#8220;]FAW ist der erste, der bekannteste und meistgenutzte forensische Browser weltweit. Er wurde 2011 entwickelt und ist ein Bezugspunkt in der Branche und wird von technischen Beratern, Anw\u00e4lten und Kontrollbeh\u00f6rden verwendet.<\/p>\n<p>FAW ist der einzige forensische Browser der Welt, der die Authentizit\u00e4t, Konformit\u00e4t und Unver\u00e4nderbarkeit der erfassten Webseiten garantiert. Die gesamte Software wurde in \u00dcbereinstimmung mit der nationalen und internationalen Gesetzgebung, wissenschaftlichen Artikeln und den besten Praktiken der digitalen Forensik entwickelt.[\/et_pb_text][et_pb_text _builder_version=&#8220;4.27.2&#8243; _module_preset=&#8220;default&#8220; global_colors_info=&#8220;{}&#8220; theme_builder_area=&#8220;post_content&#8220;]<\/p>\n<p><strong>Alle mit FAW erfassten Daten haben rechtlichen Wert und k\u00f6nnen vor Gericht verwendet werden<\/strong><\/p>\n<p>FAW ist eine Software, die eine Reihe von Werkzeugen enth\u00e4lt, um jede Art von Webseite zu erfassen: statisch und dynamisch, CMS, Mobile, E-Commerce, Soziales Netzwerk, Dark Web, Intranet, etc.<\/p>\n<p>FAW macht den Prozess der Inhaltserfassung einfach, indem es ihn f\u00fcr Sie erledigt. Der gesamte Erfassungsprozess wird vollst\u00e4ndig Software verwaltet, um das Risiko menschlicher Fehler zu vermeiden, das f\u00fcr manuelle Verfahren typisch ist, und garantiert die unbestreitbare G\u00fcltigkeit der gesammelten Daten.<\/p>\n<p>[\/et_pb_text][et_pb_image src=&#8220;https:\/\/lancologne.de\/wp-content\/uploads\/2024\/01\/faw-image1.png&#8220; title_text=&#8220;faw-image1&#8243; _builder_version=&#8220;4.27.2&#8243; _module_preset=&#8220;default&#8220; global_colors_info=&#8220;{}&#8220; theme_builder_area=&#8220;post_content&#8220;][\/et_pb_image][\/et_pb_column][et_pb_column type=&#8220;1_2&#8243; _builder_version=&#8220;4.27.2&#8243; _module_preset=&#8220;default&#8220; pac_dcm_carousel_specific_module_num=&#8220;0&#8243; global_colors_info=&#8220;{}&#8220; theme_builder_area=&#8220;post_content&#8220;][et_pb_text _builder_version=&#8220;4.27.2&#8243; _module_preset=&#8220;default&#8220; text_text_color=&#8220;#FFFFFF&#8220; text_font_size=&#8220;45px&#8220; header_2_text_align=&#8220;left&#8220; header_2_text_color=&#8220;#000000&#8243; header_2_font_size=&#8220;36px&#8220; global_colors_info=&#8220;{}&#8220; theme_builder_area=&#8220;post_content&#8220;]<\/p>\n<h2><span class=\"gradient-text\">Warum FAW<\/span><\/h2>\n<p>[\/et_pb_text][et_pb_blurb title=&#8220;Einfach zu bedienen&#8220; use_icon=&#8220;on&#8220; font_icon=&#8220;&#xe046;||divi||400&#8243; icon_color=&#8220;#9b2242&#8243; icon_placement=&#8220;left&#8220; image_icon_width=&#8220;25px&#8220; _builder_version=&#8220;4.27.3&#8243; _module_preset=&#8220;default&#8220; header_level=&#8220;h3&#8243; header_font_size=&#8220;18px&#8220; custom_margin=&#8220;||10px||false|false&#8220; custom_padding=&#8220;||||false|false&#8220; global_colors_info=&#8220;{}&#8220; theme_builder_area=&#8220;post_content&#8220;]<\/p>\n<p>Es funktioniert wie ein Webbrowser. Jeder, auch Nutzer ohne jegliche IT-Kenntnisse, kann digitale Beweise selbst\u00e4ndig sammeln.<\/p>\n<p>[\/et_pb_blurb][et_pb_blurb title=&#8220;Sichere Speicherung&#8220; use_icon=&#8220;on&#8220; font_icon=&#8220;&#xe046;||divi||400&#8243; icon_color=&#8220;#9b2242&#8243; icon_placement=&#8220;left&#8220; image_icon_width=&#8220;25px&#8220; _builder_version=&#8220;4.27.3&#8243; _module_preset=&#8220;default&#8220; header_level=&#8220;h3&#8243; header_font_size=&#8220;18px&#8220; custom_margin=&#8220;||10px||false|false&#8220; global_colors_info=&#8220;{}&#8220; theme_builder_area=&#8220;post_content&#8220;]<\/p>\n<p>Alle Dateien werden auf Ihrem Computer gespeichert Computer gespeichert und k\u00f6nnen offline abgerufen werden, wann immer Sie wollen.<\/p>\n<p>[\/et_pb_blurb][et_pb_blurb title=&#8220;Bestimmtes Datum&#8220; use_icon=&#8220;on&#8220; font_icon=&#8220;&#xe046;||divi||400&#8243; icon_color=&#8220;#9b2242&#8243; icon_placement=&#8220;left&#8220; image_icon_width=&#8220;25px&#8220; _builder_version=&#8220;4.27.3&#8243; _module_preset=&#8220;default&#8220; header_level=&#8220;h3&#8243; header_font_size=&#8220;18px&#8220; custom_margin=&#8220;||10px||false|false&#8220; global_colors_info=&#8220;{}&#8220; theme_builder_area=&#8220;post_content&#8220;]<\/p>\n<p>Jedes Dokument, das Sie herunterladen, hat ein bestimmtes und zertifiziertes Datum.<\/p>\n<p>[\/et_pb_blurb][et_pb_blurb title=&#8220;Rechtliche G\u00fcltigkeit&#8220; use_icon=&#8220;on&#8220; font_icon=&#8220;&#xe046;||divi||400&#8243; icon_color=&#8220;#9b2242&#8243; icon_placement=&#8220;left&#8220; image_icon_width=&#8220;25px&#8220; _builder_version=&#8220;4.27.3&#8243; _module_preset=&#8220;default&#8220; header_level=&#8220;h3&#8243; header_font_size=&#8220;18px&#8220; custom_margin=&#8220;||10px||false|false&#8220; global_colors_info=&#8220;{}&#8220; theme_builder_area=&#8220;post_content&#8220;]<\/p>\n<p>Anerkannt von der computerforensischen Gemeinschaft als Standard. Alle heruntergeladenen Dokumente mit FAW heruntergeladen werden, sind rechtsg\u00fcltig.<\/p>\n<p>[\/et_pb_blurb][et_pb_blurb title=&#8220;Unbegrenzt Akquisitionen&#8220; use_icon=&#8220;on&#8220; font_icon=&#8220;&#xe046;||divi||400&#8243; icon_color=&#8220;#9b2242&#8243; icon_placement=&#8220;left&#8220; image_icon_width=&#8220;25px&#8220; _builder_version=&#8220;4.27.3&#8243; _module_preset=&#8220;default&#8220; header_level=&#8220;h3&#8243; header_font_size=&#8220;18px&#8220; custom_margin=&#8220;||10px||false|false&#8220; global_colors_info=&#8220;{}&#8220; theme_builder_area=&#8220;post_content&#8220;]<\/p>\n<p>Sie k\u00f6nnen die Akquisitionen so oft wiederholen, wie Sie m\u00f6chten. Sobald die Lizenz erworben wurde, gibt es gibt es keinerlei Nutzungsbeschr\u00e4nkungen.<\/p>\n<p>[\/et_pb_blurb][et_pb_blurb title=&#8220;Von Strafverfolgungsbeh\u00f6rden verwendet&#8220; use_icon=&#8220;on&#8220; font_icon=&#8220;&#xe046;||divi||400&#8243; icon_color=&#8220;#9b2242&#8243; icon_placement=&#8220;left&#8220; image_icon_width=&#8220;25px&#8220; _builder_version=&#8220;4.27.3&#8243; _module_preset=&#8220;default&#8220; header_level=&#8220;h3&#8243; header_font_size=&#8220;18px&#8220; custom_margin=&#8220;||10px||false|false&#8220; global_colors_info=&#8220;{}&#8220; theme_builder_area=&#8220;post_content&#8220;]<\/p>\n<p>Die meisten Strafverfolgungsbeh\u00f6rden der Welt vertrauen auf die Version f\u00fcr Strafverfolgungsbeh\u00f6rden, um Daten auf den Servern der Staatsanwaltschaft zu speichern.<\/p>\n<p>[\/et_pb_blurb][\/et_pb_column][\/et_pb_row][\/et_pb_section][et_pb_section fb_built=&#8220;1&#8243; _builder_version=&#8220;4.27.2&#8243; _module_preset=&#8220;default&#8220; global_colors_info=&#8220;{}&#8220; theme_builder_area=&#8220;post_content&#8220;][et_pb_row _builder_version=&#8220;4.27.2&#8243; _module_preset=&#8220;f5ac17de-b728-4733-9ffc-0470eb36e5b7&#8243; global_colors_info=&#8220;{}&#8220; theme_builder_area=&#8220;post_content&#8220;][et_pb_column type=&#8220;4_4&#8243; _builder_version=&#8220;4.27.2&#8243; _module_preset=&#8220;default&#8220; pac_dcm_carousel_specific_module_num=&#8220;0&#8243; global_colors_info=&#8220;{}&#8220; theme_builder_area=&#8220;post_content&#8220;][et_pb_text _builder_version=&#8220;4.27.2&#8243; _module_preset=&#8220;default&#8220; text_font=&#8220;|600|||||||&#8220; text_font_size=&#8220;18px&#8220; global_colors_info=&#8220;{}&#8220; theme_builder_area=&#8220;post_content&#8220;]Quelle &#038; weitere Informationen unter:[\/et_pb_text][et_pb_button button_url=&#8220;https:\/\/en.fawproject.com\/&#8220; url_new_window=&#8220;on&#8220; button_text=&#8220;FAW&#8220; button_alignment=&#8220;left&#8220; _builder_version=&#8220;4.27.2&#8243; _module_preset=&#8220;default&#8220; custom_button=&#8220;on&#8220; button_text_color=&#8220;#FFFFFF&#8220; button_bg_color=&#8220;#9b2242&#8243; button_border_width=&#8220;0px&#8220; button_border_radius=&#8220;0px&#8220; button_letter_spacing=&#8220;1px&#8220; button_icon=&#8220;&#x24;||divi||400&#8243; custom_margin=&#8220;40px||||false|false&#8220; custom_padding=&#8220;14px|50px|14px|30px|true|false&#8220; custom_padding_tablet=&#8220;14px|50px|14px|30px|true|false&#8220; custom_padding_phone=&#8220;10px|40px|10px|20px|true|false&#8220; custom_padding_last_edited=&#8220;on|phone&#8220; box_shadow_style=&#8220;preset3&#8243; box_shadow_color=&#8220;rgba(0,0,0,0.1)&#8220; locked=&#8220;off&#8220; global_colors_info=&#8220;{}&#8220; button_bg_color__hover_enabled=&#8220;on|desktop&#8220; button_bg_color__hover=&#8220;#000000&#8243; button_bg_enable_color__hover=&#8220;on&#8220; box_shadow_color__hover_enabled=&#8220;on|hover&#8220; box_shadow_color__hover=&#8220;rgba(0,0,0,0.3)&#8220; theme_builder_area=&#8220;post_content&#8220;][\/et_pb_button][\/et_pb_column][\/et_pb_row][\/et_pb_section]<\/p>\n","protected":false},"excerpt":{"rendered":"<p>FAWFAW ist der erste, der bekannteste und meistgenutzte forensische Browser weltweit. Er wurde 2011 entwickelt und ist ein Bezugspunkt in der Branche und wird von technischen Beratern, Anw\u00e4lten und Kontrollbeh\u00f6rden verwendet. FAW ist der einzige forensische Browser der Welt, der die Authentizit\u00e4t, Konformit\u00e4t und Unver\u00e4nderbarkeit der erfassten Webseiten garantiert. Die gesamte Software wurde in \u00dcbereinstimmung [&hellip;]<\/p>\n","protected":false},"author":1,"featured_media":0,"parent":0,"menu_order":0,"comment_status":"closed","ping_status":"closed","template":"","meta":{"_et_pb_use_builder":"on","_et_pb_old_content":"","_et_gb_content_width":"","footnotes":""},"class_list":["post-389093","page","type-page","status-publish","hentry"],"_links":{"self":[{"href":"https:\/\/lancologne.de\/sl\/wp-json\/wp\/v2\/pages\/389093","targetHints":{"allow":["GET"]}}],"collection":[{"href":"https:\/\/lancologne.de\/sl\/wp-json\/wp\/v2\/pages"}],"about":[{"href":"https:\/\/lancologne.de\/sl\/wp-json\/wp\/v2\/types\/page"}],"author":[{"embeddable":true,"href":"https:\/\/lancologne.de\/sl\/wp-json\/wp\/v2\/users\/1"}],"replies":[{"embeddable":true,"href":"https:\/\/lancologne.de\/sl\/wp-json\/wp\/v2\/comments?post=389093"}],"version-history":[{"count":2,"href":"https:\/\/lancologne.de\/sl\/wp-json\/wp\/v2\/pages\/389093\/revisions"}],"predecessor-version":[{"id":389095,"href":"https:\/\/lancologne.de\/sl\/wp-json\/wp\/v2\/pages\/389093\/revisions\/389095"}],"wp:attachment":[{"href":"https:\/\/lancologne.de\/sl\/wp-json\/wp\/v2\/media?parent=389093"}],"curies":[{"name":"wp","href":"https:\/\/api.w.org\/{rel}","templated":true}]}}