{"id":389106,"date":"2025-02-17T13:14:02","date_gmt":"2025-02-17T13:14:02","guid":{"rendered":"https:\/\/staging2.lancologne.de\/?page_id=389106"},"modified":"2026-03-05T12:08:46","modified_gmt":"2026-03-05T11:08:46","slug":"odtis","status":"publish","type":"page","link":"https:\/\/lancologne.de\/sl\/odtis\/","title":{"rendered":"Odtis"},"content":{"rendered":"<p>[et_pb_section fb_built=&#8220;1&#8243; _builder_version=&#8220;4.27.2&#8243; _module_preset=&#8220;default&#8220; global_colors_info=&#8220;{}&#8220;][et_pb_row _builder_version=&#8220;4.27.2&#8243; _module_preset=&#8220;5c759d87-54f2-49b5-b975-b50924f9964a&#8220; global_colors_info=&#8220;{}&#8220;][et_pb_column type=&#8220;4_4&#8243; _builder_version=&#8220;4.27.2&#8243; _module_preset=&#8220;default&#8220; pac_dcm_carousel_specific_module_num=&#8220;0&#8243; global_colors_info=&#8220;{}&#8220;][et_pb_heading title=&#8220;Impressum&#8220; _builder_version=&#8220;4.27.2&#8243; _module_preset=&#8220;default&#8220; title_text_align=&#8220;center&#8220; global_colors_info=&#8220;{}&#8220;][\/et_pb_heading][et_pb_text _builder_version=&#8220;4.27.4&#8243; _module_preset=&#8220;default&#8220; hover_enabled=&#8220;0&#8243; sticky_enabled=&#8220;0&#8243;]<\/p>\n<p><strong>LanCologne UG (haftungsbeschr\u00e4nkt)<\/strong><\/p>\n<p>Horbeller Str. 19<br \/>50858 K\u00f6ln<br \/>Deutschland<\/p>\n<p>Tel.: +49 (0)221 64306610<br \/>Fax: +49 (0)221 64306611<br \/>E-Mail: info@lancologne.de<\/p>\n<p>Registergericht: Amtsgericht K\u00f6ln<br \/>Registernummer: HRB 86519<\/p>\n<p>Gesch\u00e4ftsf\u00fchrer: Risto Popovski<\/p>\n<p>Umsatzsteuer-Identifikationsnummer: DE303972038<\/p>\n<p>Plattform der EU-Kommission zur Online-Streitbeilegung: https:\/\/ec.europa.eu\/odr<\/p>\n<p>Wir sind zur Teilnahme an einem Streitbeilegungsverfahren vor einer Verbraucherschlichtungsstelle weder verpflichtet noch bereit.<\/p>\n<p>[\/et_pb_text][\/et_pb_column][\/et_pb_row][\/et_pb_section]<\/p>\n","protected":false},"excerpt":{"rendered":"<p>LanCologne UG (haftungsbeschr\u00e4nkt) Horbeller Str. 1950858 K\u00f6lnDeutschland Tel.: +49 (0)221 64306610Fax: +49 (0)221 64306611E-Mail: info@lancologne.de Registergericht: Amtsgericht K\u00f6lnRegisternummer: HRB 86519 Gesch\u00e4ftsf\u00fchrer: Risto Popovski Umsatzsteuer-Identifikationsnummer: DE303972038 Plattform der EU-Kommission zur Online-Streitbeilegung: https:\/\/ec.europa.eu\/odr Wir sind zur Teilnahme an einem Streitbeilegungsverfahren vor einer Verbraucherschlichtungsstelle weder verpflichtet noch bereit.<\/p>","protected":false},"author":1,"featured_media":0,"parent":0,"menu_order":0,"comment_status":"closed","ping_status":"closed","template":"","meta":{"_et_pb_use_builder":"on","_et_pb_old_content":"","_et_gb_content_width":"","footnotes":""},"class_list":["post-389106","page","type-page","status-publish","hentry"],"_links":{"self":[{"href":"https:\/\/lancologne.de\/sl\/wp-json\/wp\/v2\/pages\/389106","targetHints":{"allow":["GET"]}}],"collection":[{"href":"https:\/\/lancologne.de\/sl\/wp-json\/wp\/v2\/pages"}],"about":[{"href":"https:\/\/lancologne.de\/sl\/wp-json\/wp\/v2\/types\/page"}],"author":[{"embeddable":true,"href":"https:\/\/lancologne.de\/sl\/wp-json\/wp\/v2\/users\/1"}],"replies":[{"embeddable":true,"href":"https:\/\/lancologne.de\/sl\/wp-json\/wp\/v2\/comments?post=389106"}],"version-history":[{"count":6,"href":"https:\/\/lancologne.de\/sl\/wp-json\/wp\/v2\/pages\/389106\/revisions"}],"predecessor-version":[{"id":389994,"href":"https:\/\/lancologne.de\/sl\/wp-json\/wp\/v2\/pages\/389106\/revisions\/389994"}],"wp:attachment":[{"href":"https:\/\/lancologne.de\/sl\/wp-json\/wp\/v2\/media?parent=389106"}],"curies":[{"name":"wp","href":"https:\/\/api.w.org\/{rel}","templated":true}]}}