{"id":389198,"date":"2024-12-12T08:21:10","date_gmt":"2024-12-12T08:21:10","guid":{"rendered":"https:\/\/staging2.lancologne.de\/?page_id=389198"},"modified":"2024-12-12T12:24:23","modified_gmt":"2024-12-12T12:24:23","slug":"wifi","status":"publish","type":"page","link":"https:\/\/lancologne.de\/sv\/wifi\/","title":{"rendered":"WLAN"},"content":{"rendered":"<p>[et_pb_section fb_built=&#8220;1&#8243; fullwidth=&#8220;on&#8220; _builder_version=&#8220;4.27.2&#8243; _module_preset=&#8220;default&#8220; global_colors_info=&#8220;{}&#8220;][et_pb_fullwidth_image src=&#8220;https:\/\/lancologne.de\/wp-content\/uploads\/2018\/01\/slide2.jpg&#8220; alt=&#8220;WLAN-Spezialist in K\u00f6ln&#8220; title_text=&#8220;slide2&#8243; _builder_version=&#8220;4.27.3&#8243; _module_preset=&#8220;default&#8220; global_colors_info=&#8220;{}&#8220;][\/et_pb_fullwidth_image][\/et_pb_section][et_pb_section fb_built=&#8220;1&#8243; _builder_version=&#8220;4.27.2&#8243; _module_preset=&#8220;default&#8220; global_colors_info=&#8220;{}&#8220;][et_pb_row _builder_version=&#8220;4.27.2&#8243; _module_preset=&#8220;299bd3b9-c20f-45bc-a623-6ff2b5d07cc2&#8243; global_colors_info=&#8220;{}&#8220;][et_pb_column type=&#8220;4_4&#8243; _builder_version=&#8220;4.27.2&#8243; _module_preset=&#8220;default&#8220; pac_dcm_carousel_specific_module_num=&#8220;0&#8243; global_colors_info=&#8220;{}&#8220;][et_pb_text _builder_version=&#8220;4.27.2&#8243; _module_preset=&#8220;default&#8220; text_text_color=&#8220;#FFFFFF&#8220; text_font_size=&#8220;45px&#8220; header_text_align=&#8220;center&#8220; header_font_size=&#8220;50px&#8220; header_2_text_align=&#8220;center&#8220; header_2_text_color=&#8220;#000000&#8243; header_2_font_size=&#8220;36px&#8220; global_colors_info=&#8220;{}&#8220;]<\/p>\n<h1><span class=\"gradient-text\">WLAN<\/span><\/h1>\n<p>[\/et_pb_text][\/et_pb_column][\/et_pb_row][et_pb_row column_structure=&#8220;1_2,1_2&#8243; _builder_version=&#8220;4.27.2&#8243; _module_preset=&#8220;299bd3b9-c20f-45bc-a623-6ff2b5d07cc2&#8243; background_enable_color=&#8220;off&#8220; global_colors_info=&#8220;{}&#8220;][et_pb_column type=&#8220;1_2&#8243; _builder_version=&#8220;4.27.2&#8243; _module_preset=&#8220;default&#8220; pac_dcm_carousel_specific_module_num=&#8220;0&#8243; global_colors_info=&#8220;{}&#8220;][et_pb_text _builder_version=&#8220;4.27.2&#8243; _module_preset=&#8220;default&#8220; global_colors_info=&#8220;{}&#8220;]Moderne Funknetzwerke (WLAN) bilden die sinnvolle Alternative oder Erg\u00e4nzung zur klassischen, kabelgebundenen LAN-Verbindung.<\/p>\n<p>Vor allem in Sachen Sicherheit, Zuverl\u00e4ssigkeit und Datenrate hat die Entwicklung des WLAN in den letzten Jahren ungeheuren Fortschritt erlangt. Wir als Ihr WLAN-Spezialist in K\u00f6ln beraten Sie gerne![\/et_pb_text][et_pb_text _builder_version=&#8220;4.27.2&#8243; _module_preset=&#8220;default&#8220; global_colors_info=&#8220;{}&#8220;]Ob VoIP oder G\u00e4stezug\u00e4nge mit gesteuerter Ticketvergabe \u2013 die Anwendungsm\u00f6glichkeiten der skalierbaren WLAN-Netze sind enorm. Das A und O eines optimalen Funknetzwerks ist die gr\u00fcndliche Planung. Unsere zertifizierten WLAN-Spezialisten simulieren mit Hilfe modernster Computersoftware anhand Ihrer Geb\u00e4udegrundrisse das gew\u00fcnschte Funknetz. Auf diesem Wege erlangen wir h\u00f6chste Planungsgenauigkeit; bereits im Vorfeld k\u00f6nnen wir Ihnen sagen, welche und vor allem wie viele Bauteile f\u00fcr Ihr WLAN Netz ben\u00f6tigt werden.<\/p>\n<p>Sogar die idealen Montagepositionen der ben\u00f6tigten WLAN-Komponenten werden f\u00fcr uns bereits in der Planungsphase ersichtlich. Unsere unabh\u00e4ngigen Experten beraten Sie zuverl\u00e4ssig in Bezug auf die f\u00fcr Ihr pers\u00f6nliches Netzwerk passenden Hardwaremodule. Dabei spielt es keine Rolle, ob Sie an einer Kleinstl\u00f6sung mit nur einem bis zwei Accesspoints interessiert sind, oder ob Sie stockwerke\u00fcbergreifende WLAN Enterprise-Netzwerke ben\u00f6tigen.[\/et_pb_text][\/et_pb_column][et_pb_column type=&#8220;1_2&#8243; _builder_version=&#8220;4.27.2&#8243; _module_preset=&#8220;default&#8220; pac_dcm_carousel_specific_module_num=&#8220;0&#8243; global_colors_info=&#8220;{}&#8220;][et_pb_text _builder_version=&#8220;4.27.2&#8243; _module_preset=&#8220;default&#8220; text_text_color=&#8220;#FFFFFF&#8220; text_font_size=&#8220;45px&#8220; header_2_text_align=&#8220;left&#8220; header_2_text_color=&#8220;#000000&#8243; header_2_font_size=&#8220;36px&#8220; global_colors_info=&#8220;{}&#8220;]<\/p>\n<h2><span class=\"gradient-text\">WLAN-Ausleuchtung<\/span><\/h2>\n<p>[\/et_pb_text][et_pb_text _builder_version=&#8220;4.27.2&#8243; _module_preset=&#8220;default&#8220; global_colors_info=&#8220;{}&#8220;]F\u00fcr ein optimales Funkfeld (mit maximaler Abdeckung bei minimaler Strahlung) m\u00fcssen unbedingt die Gegebenheiten vor Ort ber\u00fccksichtigt werden. Unsere Experten f\u00fchren deshalb unter Zuhilfenahme von Spezialsoftware und bestimmten Acesspoints exakte Vermessungen am gew\u00fcnschten Standort durch. Dabei werden unter anderem die D\u00e4mmungseigenschaften der verschiedenen Bausstoffe und des Inventars ber\u00fccksichtigt. Nach Aufbereitung der gemessenen Daten ermitteln wir mit Hilfe unserer Simulationssoftware die optimale Positionierung und Anzahl der ben\u00f6tigten WLAN-Sender. So k\u00f6nnen wir Ihnen bereits im Vorfeld die zu erwartende Abdeckung des WLAN \u2013 Netzes demonstrieren.[\/et_pb_text][et_pb_text _builder_version=&#8220;4.27.2&#8243; _module_preset=&#8220;default&#8220; text_text_color=&#8220;#FFFFFF&#8220; text_font_size=&#8220;45px&#8220; header_2_text_align=&#8220;left&#8220; header_2_text_color=&#8220;#000000&#8243; header_2_font_size=&#8220;36px&#8220; global_colors_info=&#8220;{}&#8220;]<\/p>\n<h2><span class=\"gradient-text\">Professionelles WLAN f\u00fcr Ihr Unternehmen<\/span><\/h2>\n<p>[\/et_pb_text][et_pb_text _builder_version=&#8220;4.27.2&#8243; _module_preset=&#8220;default&#8220; global_colors_info=&#8220;{}&#8220;]LanCologne ist ein Spezialistenteam in der Errichtung und Betreuung gro\u00dfer und komplexer WLAN-Systeme. Immer dann, wenn garantierte Abdeckungen und Servicequalit\u00e4ten gefordert sind, reicht das einfache Aufstellen von gew\u00f6hnlichen Accesspoints nicht mehr aus. Hier m\u00fc\u00dfen L\u00f6sungen f\u00fcr die Fragen der Infrastruktur, der notwendigen Netzwerktechnik, der Diebstahlsicherungen, der Ausleuchtung, des Managements, der \u00dcberwachung und der Wartung professionell beantwortet werden.[\/et_pb_text][\/et_pb_column][\/et_pb_row][\/et_pb_section][et_pb_section fb_built=&#8220;1&#8243; _builder_version=&#8220;4.27.2&#8243; _module_preset=&#8220;default&#8220; global_colors_info=&#8220;{}&#8220;][et_pb_row _builder_version=&#8220;4.27.2&#8243; _module_preset=&#8220;299bd3b9-c20f-45bc-a623-6ff2b5d07cc2&#8243; global_colors_info=&#8220;{}&#8220;][et_pb_column type=&#8220;4_4&#8243; _builder_version=&#8220;4.27.2&#8243; _module_preset=&#8220;default&#8220; pac_dcm_carousel_specific_module_num=&#8220;0&#8243; global_colors_info=&#8220;{}&#8220;][et_pb_text _builder_version=&#8220;4.27.2&#8243; _module_preset=&#8220;default&#8220; text_text_color=&#8220;#FFFFFF&#8220; text_font_size=&#8220;45px&#8220; header_2_text_align=&#8220;left&#8220; header_2_text_color=&#8220;#000000&#8243; header_2_font_size=&#8220;36px&#8220; global_colors_info=&#8220;{}&#8220;]<\/p>\n<h2><span class=\"gradient-text\">LanCologne Leistungen:<\/span><\/h2>\n<p>[\/et_pb_text][\/et_pb_column][\/et_pb_row][et_pb_row column_structure=&#8220;1_2,1_2&#8243; _builder_version=&#8220;4.27.2&#8243; _module_preset=&#8220;299bd3b9-c20f-45bc-a623-6ff2b5d07cc2&#8243; global_colors_info=&#8220;{}&#8220;][et_pb_column type=&#8220;1_2&#8243; _builder_version=&#8220;4.27.2&#8243; _module_preset=&#8220;default&#8220; pac_dcm_carousel_specific_module_num=&#8220;0&#8243; global_colors_info=&#8220;{}&#8220;][et_pb_blurb title=&#8220;Bestandsaufnahme und Beratung vorab&#8220; use_icon=&#8220;on&#8220; font_icon=&#8220;&#xe046;||divi||400&#8243; icon_color=&#8220;#9b2242&#8243; icon_placement=&#8220;left&#8220; image_icon_width=&#8220;25px&#8220; _builder_version=&#8220;4.27.3&#8243; _module_preset=&#8220;default&#8220; header_level=&#8220;h3&#8243; header_font_size=&#8220;18px&#8220; custom_margin=&#8220;||10px||false|false&#8220; custom_padding=&#8220;||||false|false&#8220; global_colors_info=&#8220;{}&#8220;][\/et_pb_blurb][et_pb_blurb title=&#8220;Konzeption der erforderlichen Infrastruktur sowie Hardware&#8220; use_icon=&#8220;on&#8220; font_icon=&#8220;&#xe046;||divi||400&#8243; icon_color=&#8220;#9b2242&#8243; icon_placement=&#8220;left&#8220; image_icon_width=&#8220;25px&#8220; _builder_version=&#8220;4.27.3&#8243; _module_preset=&#8220;default&#8220; header_level=&#8220;h3&#8243; header_font_size=&#8220;18px&#8220; custom_margin=&#8220;||10px||false|false&#8220; custom_padding=&#8220;||||false|false&#8220; global_colors_info=&#8220;{}&#8220;][\/et_pb_blurb][et_pb_blurb title=&#8220;Pr\u00fcfmessungen vor Installation zur Sicherung der Signalqualit\u00e4t&#8220; use_icon=&#8220;on&#8220; font_icon=&#8220;&#xe046;||divi||400&#8243; icon_color=&#8220;#9b2242&#8243; icon_placement=&#8220;left&#8220; image_icon_width=&#8220;25px&#8220; _builder_version=&#8220;4.27.3&#8243; _module_preset=&#8220;default&#8220; header_level=&#8220;h3&#8243; header_font_size=&#8220;18px&#8220; custom_margin=&#8220;||10px||false|false&#8220; custom_padding=&#8220;||||false|false&#8220; global_colors_info=&#8220;{}&#8220;][\/et_pb_blurb][et_pb_blurb title=&#8220;Installation des WLAN-Netzwerkes mit allen erforderlichen Komponenten&#8220; use_icon=&#8220;on&#8220; font_icon=&#8220;&#xe046;||divi||400&#8243; icon_color=&#8220;#9b2242&#8243; icon_placement=&#8220;left&#8220; image_icon_width=&#8220;25px&#8220; _builder_version=&#8220;4.27.3&#8243; _module_preset=&#8220;default&#8220; header_level=&#8220;h3&#8243; header_font_size=&#8220;18px&#8220; custom_margin=&#8220;||10px||false|false&#8220; custom_padding=&#8220;||||false|false&#8220; global_colors_info=&#8220;{}&#8220;][\/et_pb_blurb][\/et_pb_column][et_pb_column type=&#8220;1_2&#8243; _builder_version=&#8220;4.27.2&#8243; _module_preset=&#8220;default&#8220; pac_dcm_carousel_specific_module_num=&#8220;0&#8243; global_colors_info=&#8220;{}&#8220;][et_pb_blurb title=&#8220;Einmessung der Signalqualit\u00e4ten nach Installation&#8220; use_icon=&#8220;on&#8220; font_icon=&#8220;&#xe046;||divi||400&#8243; icon_color=&#8220;#9b2242&#8243; icon_placement=&#8220;left&#8220; image_icon_width=&#8220;25px&#8220; _builder_version=&#8220;4.27.3&#8243; _module_preset=&#8220;default&#8220; header_level=&#8220;h3&#8243; header_font_size=&#8220;18px&#8220; custom_margin=&#8220;||10px||false|false&#8220; custom_padding=&#8220;||||false|false&#8220; global_colors_info=&#8220;{}&#8220;][\/et_pb_blurb][et_pb_blurb title=&#8220;Dauerhafte \u00dcberwachung \u00fcber Monitoring&#8220; use_icon=&#8220;on&#8220; font_icon=&#8220;&#xe046;||divi||400&#8243; icon_color=&#8220;#9b2242&#8243; icon_placement=&#8220;left&#8220; image_icon_width=&#8220;25px&#8220; _builder_version=&#8220;4.27.3&#8243; _module_preset=&#8220;default&#8220; header_level=&#8220;h3&#8243; header_font_size=&#8220;18px&#8220; custom_margin=&#8220;||10px||false|false&#8220; custom_padding=&#8220;||||false|false&#8220; global_colors_info=&#8220;{}&#8220;][\/et_pb_blurb][et_pb_blurb title=&#8220;Betreuung und Wartung durch unser Support-Team und unsere Techniker&#8220; use_icon=&#8220;on&#8220; font_icon=&#8220;&#xe046;||divi||400&#8243; icon_color=&#8220;#9b2242&#8243; icon_placement=&#8220;left&#8220; image_icon_width=&#8220;25px&#8220; _builder_version=&#8220;4.27.3&#8243; _module_preset=&#8220;default&#8220; header_level=&#8220;h3&#8243; header_font_size=&#8220;18px&#8220; custom_margin=&#8220;||10px||false|false&#8220; custom_padding=&#8220;||||false|false&#8220; global_colors_info=&#8220;{}&#8220;][\/et_pb_blurb][\/et_pb_column][\/et_pb_row][\/et_pb_section]<\/p>\n","protected":false},"excerpt":{"rendered":"<p>WLANModerne Funknetzwerke (WLAN) bilden die sinnvolle Alternative oder Erg\u00e4nzung zur klassischen, kabelgebundenen LAN-Verbindung. Vor allem in Sachen Sicherheit, Zuverl\u00e4ssigkeit und Datenrate hat die Entwicklung des WLAN in den letzten Jahren ungeheuren Fortschritt erlangt. Wir als Ihr WLAN-Spezialist in K\u00f6ln beraten Sie gerne!Ob VoIP oder G\u00e4stezug\u00e4nge mit gesteuerter Ticketvergabe \u2013 die Anwendungsm\u00f6glichkeiten der skalierbaren WLAN-Netze sind [&hellip;]<\/p>\n","protected":false},"author":1,"featured_media":0,"parent":0,"menu_order":0,"comment_status":"closed","ping_status":"closed","template":"","meta":{"_et_pb_use_builder":"on","_et_pb_old_content":"","_et_gb_content_width":"","footnotes":""},"class_list":["post-389198","page","type-page","status-publish","hentry"],"_links":{"self":[{"href":"https:\/\/lancologne.de\/sv\/wp-json\/wp\/v2\/pages\/389198","targetHints":{"allow":["GET"]}}],"collection":[{"href":"https:\/\/lancologne.de\/sv\/wp-json\/wp\/v2\/pages"}],"about":[{"href":"https:\/\/lancologne.de\/sv\/wp-json\/wp\/v2\/types\/page"}],"author":[{"embeddable":true,"href":"https:\/\/lancologne.de\/sv\/wp-json\/wp\/v2\/users\/1"}],"replies":[{"embeddable":true,"href":"https:\/\/lancologne.de\/sv\/wp-json\/wp\/v2\/comments?post=389198"}],"version-history":[{"count":4,"href":"https:\/\/lancologne.de\/sv\/wp-json\/wp\/v2\/pages\/389198\/revisions"}],"predecessor-version":[{"id":389222,"href":"https:\/\/lancologne.de\/sv\/wp-json\/wp\/v2\/pages\/389198\/revisions\/389222"}],"wp:attachment":[{"href":"https:\/\/lancologne.de\/sv\/wp-json\/wp\/v2\/media?parent=389198"}],"curies":[{"name":"wp","href":"https:\/\/api.w.org\/{rel}","templated":true}]}}